{"id":116,"date":"2017-04-22T14:46:46","date_gmt":"2017-04-22T14:46:46","guid":{"rendered":"http:\/\/www.madigital.lt\/baidariuuostas\/?page_id=116"},"modified":"2021-07-18T12:10:20","modified_gmt":"2021-07-18T12:10:20","slug":"home","status":"publish","type":"page","link":"https:\/\/baidariuuostas.lt\/en\/","title":{"rendered":"Home"},"content":{"rendered":"<p><img loading=\"lazy\" decoding=\"async\" class=\"wp-image-4380 alignleft\" src=\"https:\/\/baidariuuostas.lt\/wp-content\/uploads\/2020\/06\/IMG_20200627_153500-1240x930.jpg\" alt=\"Plaukimas baidar\u0117mis Kiaunos upe\" width=\"523\" height=\"392\" srcset=\"https:\/\/baidariuuostas.lt\/wp-content\/uploads\/2020\/06\/IMG_20200627_153500-1240x930.jpg 1240w, https:\/\/baidariuuostas.lt\/wp-content\/uploads\/2020\/06\/IMG_20200627_153500-1920x1440.jpg 1920w, https:\/\/baidariuuostas.lt\/wp-content\/uploads\/2020\/06\/IMG_20200627_153500-350x263.jpg 350w, https:\/\/baidariuuostas.lt\/wp-content\/uploads\/2020\/06\/IMG_20200627_153500-768x576.jpg 768w, https:\/\/baidariuuostas.lt\/wp-content\/uploads\/2020\/06\/IMG_20200627_153500-1536x1152.jpg 1536w, https:\/\/baidariuuostas.lt\/wp-content\/uploads\/2020\/06\/IMG_20200627_153500-2048x1536.jpg 2048w\" sizes=\"auto, (max-width: 523px) 100vw, 523px\" \/><\/p>\n<h2>About Baidariuuostas.lt<\/h2>\n<p>Baidariuuostas.lt is an experienced kayak, canoe, and other water tourism gear rental business in Lithuania. We rent kayaks, canoes, boats and paddleboards with possibility to book an accommodate in rural tourism summerhouse on a private shore of Lake Asalnyk\u0161tis.<\/p>\n<p>If you want to stay even closer to the beautiful Lithuanian nature, we can offer a private campsite by Lake Almajas. It is perfect for one of the most popular kayaking routes B\u016bka \u2013 Ginu\u010diai. The first-day route fishies right at the campsite.<\/p>\n<p>If you want to make a surprise to your friends &#8211; we offer mobile saunas, which could be delivered anywhere you want.<\/p>\n<p>With years of experience, we can offer the most beautiful routes in the region to experience the true potential of Lithuanian nature. If you not sure which route to take or which type of transport to rent, feel free to contact us and we will help you to choose. For our clients, we can also offer summerhouse, campsite or sauna for rent.<\/p>","protected":false},"excerpt":{"rendered":"<p>About Baidariuuostas.lt Baidariuuostas.lt is an experienced kayak, canoe, and other water tourism gear rental business in Lithuania. We rent kayaks, canoes, boats and paddleboards with possibility to book an accommodate in rural tourism summerhouse on a private shore of Lake Asalnyk\u0161tis. If you want to stay even closer to the beautiful Lithuanian nature, we can<br \/><a class=\"moretag\" href=\"https:\/\/baidariuuostas.lt\/en\/\">+ Read More<\/a><\/p>\n","protected":false},"author":1,"featured_media":4413,"parent":0,"menu_order":0,"comment_status":"closed","ping_status":"closed","template":"","meta":{"footnotes":""},"categories":[],"class_list":["post-116","page","type-page","status-publish","has-post-thumbnail","hentry"],"acf":[],"yoast_head":"<!-- This site is optimized with the Yoast SEO plugin v24.2 - https:\/\/yoast.com\/wordpress\/plugins\/seo\/ -->\n<title>Kayak &amp; Canoe Rent with Accommodation in Lithuania, Baltic States!<\/title>\n<meta name=\"description\" content=\"We rent Kayaks in Lithuania for kayaking or canoeing with accommondation in Aukstaitija. Famous for its nature, beautiful lakes &amp; rivers.\" \/>\n<meta name=\"robots\" content=\"index, follow, max-snippet:-1, max-image-preview:large, max-video-preview:-1\" \/>\n<link rel=\"canonical\" href=\"https:\/\/baidariuuostas.lt\/\" \/>\n<meta property=\"og:locale\" content=\"en_US\" \/>\n<meta property=\"og:type\" content=\"article\" \/>\n<meta property=\"og:title\" content=\"Baidari\u0173 nuoma Auk\u0161taitijoje - \u017deimena, B\u016bka, Lakaja, Kiauna ir kt. up\u0117s.\" \/>\n<meta property=\"og:description\" content=\"Nuomojame baidares Auk\u0161taitijoje - \u017deimena, Kiauna, B\u016bka, Lakaja ir kt. up\u0117mis. Kanoj\u0173, val\u010di\u0173 ir baidari\u0173 nuoma. Pirties ir kaimo turizmo sodybos nuoma.\" \/>\n<meta property=\"og:url\" content=\"https:\/\/baidariuuostas.lt\/\" \/>\n<meta property=\"og:site_name\" content=\"Baidariuuostas.lt\" \/>\n<meta property=\"article:modified_time\" content=\"2021-07-18T12:10:20+00:00\" \/>\n<meta property=\"og:image\" content=\"https:\/\/baidariuuostas.lt\/wp-content\/uploads\/2017\/04\/water-386977.jpg\" \/>\n\t<meta property=\"og:image:width\" content=\"2048\" \/>\n\t<meta property=\"og:image:height\" content=\"1365\" \/>\n\t<meta property=\"og:image:type\" content=\"image\/jpeg\" \/>\n<meta name=\"twitter:card\" content=\"summary_large_image\" \/>\n<meta name=\"twitter:label1\" content=\"Est. reading time\" \/>\n\t<meta name=\"twitter:data1\" content=\"1 minute\" \/>\n<script type=\"application\/ld+json\" class=\"yoast-schema-graph\">{\"@context\":\"https:\/\/schema.org\",\"@graph\":[{\"@type\":\"WebPage\",\"@id\":\"https:\/\/baidariuuostas.lt\/\",\"url\":\"https:\/\/baidariuuostas.lt\/\",\"name\":\"[:lt]Baidari\u0173 Nuoma su Sodyba Auk\u0161taitijoje - Atsigauk Lietuvos Gamtoje![:en]Kayak & Canoe Rent with Accommodation in Lithuania, Baltic States![:]\",\"isPartOf\":{\"@id\":\"https:\/\/baidariuuostas.lt\/en\/#website\"},\"primaryImageOfPage\":{\"@id\":\"https:\/\/baidariuuostas.lt\/#primaryimage\"},\"image\":{\"@id\":\"https:\/\/baidariuuostas.lt\/#primaryimage\"},\"thumbnailUrl\":\"https:\/\/baidariuuostas.lt\/wp-content\/uploads\/2021\/07\/baidariu-nuoma-ausktaitija-lietuva-1.jpg\",\"datePublished\":\"2017-04-22T14:46:46+00:00\",\"dateModified\":\"2021-07-18T12:10:20+00:00\",\"description\":\"[:lt]U\u017esiimame baidari\u0173 nuoma su sodyba Auk\u0161taitijoje. Pamatykite gra\u017eiausius Auk\u0161taitijos e\u017eerus bei upes - \u017deimena, Kiauna, Buka, Lakaja.[:en]We rent Kayaks in Lithuania for kayaking or canoeing with accommondation in Aukstaitija. Famous for its nature, beautiful lakes & rivers.[:]\",\"breadcrumb\":{\"@id\":\"https:\/\/baidariuuostas.lt\/#breadcrumb\"},\"inLanguage\":\"en-US\",\"potentialAction\":[{\"@type\":\"ReadAction\",\"target\":[\"https:\/\/baidariuuostas.lt\/\"]}]},{\"@type\":\"ImageObject\",\"inLanguage\":\"en-US\",\"@id\":\"https:\/\/baidariuuostas.lt\/#primaryimage\",\"url\":\"https:\/\/baidariuuostas.lt\/wp-content\/uploads\/2021\/07\/baidariu-nuoma-ausktaitija-lietuva-1.jpg\",\"contentUrl\":\"https:\/\/baidariuuostas.lt\/wp-content\/uploads\/2021\/07\/baidariu-nuoma-ausktaitija-lietuva-1.jpg\",\"width\":2500,\"height\":1324,\"caption\":\"baidari\u0173 nuoma Auk\u0161taitijoje\"},{\"@type\":\"BreadcrumbList\",\"@id\":\"https:\/\/baidariuuostas.lt\/#breadcrumb\",\"itemListElement\":[{\"@type\":\"ListItem\",\"position\":1,\"name\":\"Home\",\"item\":\"https:\/\/baidariuuostas.lt\/\"},{\"@type\":\"ListItem\",\"position\":2,\"name\":\"Namai\"}]},{\"@type\":\"WebSite\",\"@id\":\"https:\/\/baidariuuostas.lt\/en\/#website\",\"url\":\"https:\/\/baidariuuostas.lt\/en\/\",\"name\":\"Baidariuuostas.lt\",\"description\":\"Kayak rental in Auk\u0161taitija, Lithuania \u017deimena, Kiauna, B\u016bka, Lakaja and other rivers.\",\"publisher\":{\"@id\":\"https:\/\/baidariuuostas.lt\/en\/#organization\"},\"potentialAction\":[{\"@type\":\"SearchAction\",\"target\":{\"@type\":\"EntryPoint\",\"urlTemplate\":\"https:\/\/baidariuuostas.lt\/en\/?s={search_term_string}\"},\"query-input\":{\"@type\":\"PropertyValueSpecification\",\"valueRequired\":true,\"valueName\":\"search_term_string\"}}],\"inLanguage\":\"en-US\"},{\"@type\":\"Organization\",\"@id\":\"https:\/\/baidariuuostas.lt\/en\/#organization\",\"name\":\"Baidariu nuoma - baidariuuostas.lt\",\"url\":\"https:\/\/baidariuuostas.lt\/en\/\",\"logo\":{\"@type\":\"ImageObject\",\"inLanguage\":\"en-US\",\"@id\":\"https:\/\/baidariuuostas.lt\/en\/#\/schema\/logo\/image\/\",\"url\":\"https:\/\/baidariuuostas.lt\/wp-content\/uploads\/2019\/05\/BU-logo.png\",\"contentUrl\":\"https:\/\/baidariuuostas.lt\/wp-content\/uploads\/2019\/05\/BU-logo.png\",\"width\":800,\"height\":600,\"caption\":\"Baidariu nuoma - baidariuuostas.lt\"},\"image\":{\"@id\":\"https:\/\/baidariuuostas.lt\/en\/#\/schema\/logo\/image\/\"}}]}<\/script>\n<!-- \/ Yoast SEO plugin. -->","yoast_head_json":{"title":"Kayak & Canoe Rent with Accommodation in Lithuania, Baltic States!","description":"We rent Kayaks in Lithuania for kayaking or canoeing with accommondation in Aukstaitija. Famous for its nature, beautiful lakes & rivers.","robots":{"index":"index","follow":"follow","max-snippet":"max-snippet:-1","max-image-preview":"max-image-preview:large","max-video-preview":"max-video-preview:-1"},"canonical":"https:\/\/baidariuuostas.lt\/","og_locale":"en_US","og_type":"article","og_title":"Baidari\u0173 nuoma Auk\u0161taitijoje - \u017deimena, B\u016bka, Lakaja, Kiauna ir kt. up\u0117s.","og_description":"Nuomojame baidares Auk\u0161taitijoje - \u017deimena, Kiauna, B\u016bka, Lakaja ir kt. up\u0117mis. Kanoj\u0173, val\u010di\u0173 ir baidari\u0173 nuoma. Pirties ir kaimo turizmo sodybos nuoma.","og_url":"https:\/\/baidariuuostas.lt\/","og_site_name":"Baidariuuostas.lt","article_modified_time":"2021-07-18T12:10:20+00:00","og_image":[{"width":2048,"height":1365,"url":"https:\/\/baidariuuostas.lt\/wp-content\/uploads\/2017\/04\/water-386977.jpg","type":"image\/jpeg"}],"twitter_card":"summary_large_image","twitter_misc":{"Est. reading time":"1 minute"},"schema":{"@context":"https:\/\/schema.org","@graph":[{"@type":"WebPage","@id":"https:\/\/baidariuuostas.lt\/","url":"https:\/\/baidariuuostas.lt\/","name":"[:lt]Baidari\u0173 Nuoma su Sodyba Auk\u0161taitijoje - Atsigauk Lietuvos Gamtoje![:en]Kayak & Canoe Rent with Accommodation in Lithuania, Baltic States![:]","isPartOf":{"@id":"https:\/\/baidariuuostas.lt\/en\/#website"},"primaryImageOfPage":{"@id":"https:\/\/baidariuuostas.lt\/#primaryimage"},"image":{"@id":"https:\/\/baidariuuostas.lt\/#primaryimage"},"thumbnailUrl":"https:\/\/baidariuuostas.lt\/wp-content\/uploads\/2021\/07\/baidariu-nuoma-ausktaitija-lietuva-1.jpg","datePublished":"2017-04-22T14:46:46+00:00","dateModified":"2021-07-18T12:10:20+00:00","description":"[:lt]U\u017esiimame baidari\u0173 nuoma su sodyba Auk\u0161taitijoje. Pamatykite gra\u017eiausius Auk\u0161taitijos e\u017eerus bei upes - \u017deimena, Kiauna, Buka, Lakaja.[:en]We rent Kayaks in Lithuania for kayaking or canoeing with accommondation in Aukstaitija. Famous for its nature, beautiful lakes & rivers.[:]","breadcrumb":{"@id":"https:\/\/baidariuuostas.lt\/#breadcrumb"},"inLanguage":"en-US","potentialAction":[{"@type":"ReadAction","target":["https:\/\/baidariuuostas.lt\/"]}]},{"@type":"ImageObject","inLanguage":"en-US","@id":"https:\/\/baidariuuostas.lt\/#primaryimage","url":"https:\/\/baidariuuostas.lt\/wp-content\/uploads\/2021\/07\/baidariu-nuoma-ausktaitija-lietuva-1.jpg","contentUrl":"https:\/\/baidariuuostas.lt\/wp-content\/uploads\/2021\/07\/baidariu-nuoma-ausktaitija-lietuva-1.jpg","width":2500,"height":1324,"caption":"baidari\u0173 nuoma Auk\u0161taitijoje"},{"@type":"BreadcrumbList","@id":"https:\/\/baidariuuostas.lt\/#breadcrumb","itemListElement":[{"@type":"ListItem","position":1,"name":"Home","item":"https:\/\/baidariuuostas.lt\/"},{"@type":"ListItem","position":2,"name":"Namai"}]},{"@type":"WebSite","@id":"https:\/\/baidariuuostas.lt\/en\/#website","url":"https:\/\/baidariuuostas.lt\/en\/","name":"Baidariuuostas.lt","description":"Kayak rental in Auk\u0161taitija, Lithuania \u017deimena, Kiauna, B\u016bka, Lakaja and other rivers.","publisher":{"@id":"https:\/\/baidariuuostas.lt\/en\/#organization"},"potentialAction":[{"@type":"SearchAction","target":{"@type":"EntryPoint","urlTemplate":"https:\/\/baidariuuostas.lt\/en\/?s={search_term_string}"},"query-input":{"@type":"PropertyValueSpecification","valueRequired":true,"valueName":"search_term_string"}}],"inLanguage":"en-US"},{"@type":"Organization","@id":"https:\/\/baidariuuostas.lt\/en\/#organization","name":"Baidariu nuoma - baidariuuostas.lt","url":"https:\/\/baidariuuostas.lt\/en\/","logo":{"@type":"ImageObject","inLanguage":"en-US","@id":"https:\/\/baidariuuostas.lt\/en\/#\/schema\/logo\/image\/","url":"https:\/\/baidariuuostas.lt\/wp-content\/uploads\/2019\/05\/BU-logo.png","contentUrl":"https:\/\/baidariuuostas.lt\/wp-content\/uploads\/2019\/05\/BU-logo.png","width":800,"height":600,"caption":"Baidariu nuoma - baidariuuostas.lt"},"image":{"@id":"https:\/\/baidariuuostas.lt\/en\/#\/schema\/logo\/image\/"}}]}},"amp_enabled":true,"_links":{"self":[{"href":"https:\/\/baidariuuostas.lt\/en\/wp-json\/wp\/v2\/pages\/116","targetHints":{"allow":["GET"]}}],"collection":[{"href":"https:\/\/baidariuuostas.lt\/en\/wp-json\/wp\/v2\/pages"}],"about":[{"href":"https:\/\/baidariuuostas.lt\/en\/wp-json\/wp\/v2\/types\/page"}],"author":[{"embeddable":true,"href":"https:\/\/baidariuuostas.lt\/en\/wp-json\/wp\/v2\/users\/1"}],"replies":[{"embeddable":true,"href":"https:\/\/baidariuuostas.lt\/en\/wp-json\/wp\/v2\/comments?post=116"}],"version-history":[{"count":8,"href":"https:\/\/baidariuuostas.lt\/en\/wp-json\/wp\/v2\/pages\/116\/revisions"}],"predecessor-version":[{"id":4439,"href":"https:\/\/baidariuuostas.lt\/en\/wp-json\/wp\/v2\/pages\/116\/revisions\/4439"}],"wp:featuredmedia":[{"embeddable":true,"href":"https:\/\/baidariuuostas.lt\/en\/wp-json\/wp\/v2\/media\/4413"}],"wp:attachment":[{"href":"https:\/\/baidariuuostas.lt\/en\/wp-json\/wp\/v2\/media?parent=116"}],"wp:term":[{"taxonomy":"category","embeddable":true,"href":"https:\/\/baidariuuostas.lt\/en\/wp-json\/wp\/v2\/categories?post=116"}],"curies":[{"name":"wp","href":"https:\/\/api.w.org\/{rel}","templated":true}]}}