{"id":170,"date":"2017-05-01T10:57:37","date_gmt":"2017-05-01T10:57:37","guid":{"rendered":"http:\/\/www.madigital.lt\/baidariuuostas\/?page_id=170"},"modified":"2021-06-14T17:45:40","modified_gmt":"2021-06-14T17:45:40","slug":"buka-ginuciai-paluse","status":"publish","type":"page","link":"https:\/\/baidariuuostas.lt\/en\/marsrutai\/dvieju-dienu\/buka-ginuciai-paluse\/","title":{"rendered":"B\u016bka &#8211; Ginu\u010diai &#8211; Pal\u016b\u0161\u0117"},"content":{"rendered":"<p><\/p>\n<h2>Two days route Buka &#8211; Ginu\u010diai 1 day description<\/h2>\n<p>Route goes through a forest where you can find 2-3 obstacles(fallen trees). You&#8217;ll need to lift your kayaks through it. After half of the route you&#8217;ll see Vaisnoriske village summerhouses. As you pass a wooden bridge there will be 3.5 km left to a concrete bridge, after that an extra 1.5 km will bring you to Baluosas lake. Swim through it to another side of it, you should see a white bridge and Vaizdiuske village. A swim through lake should take around 20 minutes.<\/p>\n<p>When you enter Baluosas lake on the left you&#8217;ll see ethnographic Suminai village, in which &#8220;Tadas Blinda&#8221; movie was filmed. There are 7 islands in the lake, in one of them &#8211; Ilgasale you can find a small lake with a stream. This island is nearby Trainiskis village. If you want to visit this island your route will take an extra 3 km.<\/p>\n<p>You need to swim 200 m in a short stream after crossing a white concrete bridge until you enter Baluoskystis lake. At the end of the lake on the left you&#8217;ll see Skrezda stream flowing out, it&#8217;s length only 1 km before entering Srovinaitis lake. In that lake keep on the right until you see Ginuciai village with watermill. You&#8217;ll need to carry your kayaks across the road, it is recommended to visit XIX century mill&#8217;s museum. There is a shop, cafe and a place to bathe with below a\u00a0waterfall.<\/p>\n<p>You&#8217;ll continue your journey downstream a Srov\u0117 river\u00a0until on your right you&#8217;ll see Almaja river, you need to swim through it to Alamajas lake. After 400 m you&#8217;ll see a paid 1.2 km long campsite.<\/p>\n<h2>Two days route Buka &#8211; Ginu\u010diai 2\u00a0day description<\/h2>\n<p>Gr\u012f\u0161ite atgal Almajo e\u017eeru iki Almajos up\u0117s i\u0161tak\u0173. Plauksite Almajos upe iki Srov\u0117s up\u0117s ir pasuksite \u012f de\u0161in\u0119. Get back to Alamaja river through Almajas lake. After reaching Srov\u0117 river\u00a0continue your journey downstream for a 2.5 km until you get to As\u0117kas lake. There is a lot of fish in this lake. Keep \u00a0your right and after 800 m \u00a0you should see Dumblis river outflow. Careful, this river is deep, but only 800 m length. After you enter Linkmenas lake you&#8217;ll see Ladakalnis just in front of you. the sight from the hill is very beautiful, you can see 6 different lakes: As\u0117kasm Linkmenas, Alksnaitis, Alksnas, Pakasas and Ukojas.<\/p>\n<p>When you enter Linkmenas keep your left and after 700 m you&#8217;ll enter second section of Dumblis river where you&#8217;ll cross a wooden bridge. After 600 m \u00a0you&#8217;ll reach Asalnykstis lake, keep your left between a shore and Gim\u017ei\u0161k\u0117 island(one of the highest islands in Lithuania). \u00a0After a 400 m \u00a0you&#8217;ll enter a channel connecting Asalnyk\u0161tis with Asalnas lake. On the left you&#8217;ll see Puzin\u0161kis village, we recommend to visit Puzin\u0161kis Oak. After that swim through Asalnas lake on it&#8217;s right, +2.5 km and you&#8217;ll enter 1 km length strait, which connects Asalnas and L\u016b\u0161iai lakes. On the left Meironiai village, on yout right Pabir\u017e\u0117 peninsula. After entering L\u016b\u0161iai lake on the left you&#8217;ll see Pal\u016b\u0161\u0117 village, row for a 1.5 km until you reach our boat base, where you finish your journey. If you want some extra fun we can rent paddle baords or boats to swim in Lu\u0161iai lake.<\/p>\n<h2>About Buka river<\/h2>\n<p>Probably the most beautiful stream in the Aukstaitija Regional Park. It starts to flow from Utenykstis lake. Only 8 km in length, a river flows calmly, untill Vaisnoriske village it is a relatively wide stream, but very shallow, after that river\u00a0narrows and swift flow even chews Buka shores. River ends after flowing in to Baluosas lake.<\/p>","protected":false},"excerpt":{"rendered":"<p>Two days route Buka &#8211; Ginu\u010diai 1 day description Route goes through a forest where you can find 2-3 obstacles(fallen trees). You&#8217;ll need to lift your kayaks through it. After half of the route you&#8217;ll see Vaisnoriske village summerhouses. As you pass a wooden bridge there will be 3.5 km left to a concrete bridge,<br \/><a class=\"moretag\" href=\"https:\/\/baidariuuostas.lt\/en\/marsrutai\/dvieju-dienu\/buka-ginuciai-paluse\/\">+ Read More<\/a><\/p>\n","protected":false},"author":1,"featured_media":639,"parent":59,"menu_order":0,"comment_status":"closed","ping_status":"closed","template":"route-single.php","meta":{"footnotes":""},"categories":[],"class_list":["post-170","page","type-page","status-publish","has-post-thumbnail","hentry"],"acf":[],"yoast_head":"<!-- This site is optimized with the Yoast SEO plugin v24.2 - https:\/\/yoast.com\/wordpress\/plugins\/seo\/ -->\n<title>Two day route Buka - Ginuciai - Paluse kayaking in Aukstaitija, Lithuania<\/title>\n<meta name=\"description\" content=\"Two day route starts in beautiful Buka which slowly flows to Ginuciai campsite. Next day you&#039;ll reach Paluse by beautiful lakes of Lithuania.\" \/>\n<meta name=\"robots\" content=\"index, follow, max-snippet:-1, max-image-preview:large, max-video-preview:-1\" \/>\n<link rel=\"canonical\" href=\"https:\/\/baidariuuostas.lt\/en\/marsrutai\/dvieju-dienu\/buka-ginuciai-paluse\/\" \/>\n<meta property=\"og:locale\" content=\"en_US\" \/>\n<meta property=\"og:type\" content=\"article\" \/>\n<meta property=\"og:title\" content=\"Two day route Buka - Ginuciai - Paluse kayaking in Aukstaitija, Lithuania\" \/>\n<meta property=\"og:description\" content=\"Two day route starts in beautiful Buka which slowly flows to Ginuciai campsite. Next day you&#039;ll reach Paluse by beautiful lakes of Lithuania.\" \/>\n<meta property=\"og:url\" content=\"https:\/\/baidariuuostas.lt\/en\/marsrutai\/dvieju-dienu\/buka-ginuciai-paluse\/\" \/>\n<meta property=\"og:site_name\" content=\"Baidariuuostas.lt\" \/>\n<meta property=\"article:modified_time\" content=\"2021-06-14T17:45:40+00:00\" \/>\n<meta property=\"og:image\" content=\"https:\/\/baidariuuostas.lt\/wp-content\/uploads\/2019\/04\/IMG_20180526_122054.jpg\" \/>\n\t<meta property=\"og:image:width\" content=\"3648\" \/>\n\t<meta property=\"og:image:height\" content=\"2736\" \/>\n\t<meta property=\"og:image:type\" content=\"image\/jpeg\" \/>\n<meta name=\"twitter:card\" content=\"summary_large_image\" \/>\n<meta name=\"twitter:label1\" content=\"Est. reading time\" \/>\n\t<meta name=\"twitter:data1\" content=\"6 minutes\" \/>\n<script type=\"application\/ld+json\" class=\"yoast-schema-graph\">{\"@context\":\"https:\/\/schema.org\",\"@graph\":[{\"@type\":\"WebPage\",\"@id\":\"https:\/\/baidariuuostas.lt\/en\/marsrutai\/dvieju-dienu\/buka-ginuciai-paluse\/\",\"url\":\"https:\/\/baidariuuostas.lt\/en\/marsrutai\/dvieju-dienu\/buka-ginuciai-paluse\/\",\"name\":\"Two day route Buka - Ginuciai - Paluse kayaking in Aukstaitija, Lithuania\",\"isPartOf\":{\"@id\":\"https:\/\/baidariuuostas.lt\/en\/#website\"},\"primaryImageOfPage\":{\"@id\":\"https:\/\/baidariuuostas.lt\/en\/marsrutai\/dvieju-dienu\/buka-ginuciai-paluse\/#primaryimage\"},\"image\":{\"@id\":\"https:\/\/baidariuuostas.lt\/en\/marsrutai\/dvieju-dienu\/buka-ginuciai-paluse\/#primaryimage\"},\"thumbnailUrl\":\"https:\/\/baidariuuostas.lt\/wp-content\/uploads\/2019\/04\/IMG_20180526_122054.jpg\",\"datePublished\":\"2017-05-01T10:57:37+00:00\",\"dateModified\":\"2021-06-14T17:45:40+00:00\",\"description\":\"Two day route starts in beautiful Buka which slowly flows to Ginuciai campsite. Next day you'll reach Paluse by beautiful lakes of Lithuania.\",\"breadcrumb\":{\"@id\":\"https:\/\/baidariuuostas.lt\/en\/marsrutai\/dvieju-dienu\/buka-ginuciai-paluse\/#breadcrumb\"},\"inLanguage\":\"en-US\",\"potentialAction\":[{\"@type\":\"ReadAction\",\"target\":[\"https:\/\/baidariuuostas.lt\/en\/marsrutai\/dvieju-dienu\/buka-ginuciai-paluse\/\"]}]},{\"@type\":\"ImageObject\",\"inLanguage\":\"en-US\",\"@id\":\"https:\/\/baidariuuostas.lt\/en\/marsrutai\/dvieju-dienu\/buka-ginuciai-paluse\/#primaryimage\",\"url\":\"https:\/\/baidariuuostas.lt\/wp-content\/uploads\/2019\/04\/IMG_20180526_122054.jpg\",\"contentUrl\":\"https:\/\/baidariuuostas.lt\/wp-content\/uploads\/2019\/04\/IMG_20180526_122054.jpg\",\"width\":3648,\"height\":2736,\"caption\":\"Dviej\u0173 dien\u0173 mar\u0161rutas B\u016bka - Ginu\u010diai Pal\u016b\u0161\u0117 baidariuuostas.lt\"},{\"@type\":\"BreadcrumbList\",\"@id\":\"https:\/\/baidariuuostas.lt\/en\/marsrutai\/dvieju-dienu\/buka-ginuciai-paluse\/#breadcrumb\",\"itemListElement\":[{\"@type\":\"ListItem\",\"position\":1,\"name\":\"Home\",\"item\":\"https:\/\/baidariuuostas.lt\/\"},{\"@type\":\"ListItem\",\"position\":2,\"name\":\"Routes\",\"item\":\"https:\/\/baidariuuostas.lt\/en\/marsrutai\/\"},{\"@type\":\"ListItem\",\"position\":3,\"name\":\"Kayaking for Two days\",\"item\":\"https:\/\/baidariuuostas.lt\/en\/marsrutai\/dvieju-dienu\/\"},{\"@type\":\"ListItem\",\"position\":4,\"name\":\"B\u016bka &#8211; Ginu\u010diai &#8211; Pal\u016b\u0161\u0117\"}]},{\"@type\":\"WebSite\",\"@id\":\"https:\/\/baidariuuostas.lt\/en\/#website\",\"url\":\"https:\/\/baidariuuostas.lt\/en\/\",\"name\":\"Baidariuuostas.lt\",\"description\":\"Kayak rental in Auk\u0161taitija, Lithuania \u017deimena, Kiauna, B\u016bka, Lakaja and other rivers.\",\"publisher\":{\"@id\":\"https:\/\/baidariuuostas.lt\/en\/#organization\"},\"potentialAction\":[{\"@type\":\"SearchAction\",\"target\":{\"@type\":\"EntryPoint\",\"urlTemplate\":\"https:\/\/baidariuuostas.lt\/en\/?s={search_term_string}\"},\"query-input\":{\"@type\":\"PropertyValueSpecification\",\"valueRequired\":true,\"valueName\":\"search_term_string\"}}],\"inLanguage\":\"en-US\"},{\"@type\":\"Organization\",\"@id\":\"https:\/\/baidariuuostas.lt\/en\/#organization\",\"name\":\"Baidariu nuoma - baidariuuostas.lt\",\"url\":\"https:\/\/baidariuuostas.lt\/en\/\",\"logo\":{\"@type\":\"ImageObject\",\"inLanguage\":\"en-US\",\"@id\":\"https:\/\/baidariuuostas.lt\/en\/#\/schema\/logo\/image\/\",\"url\":\"https:\/\/baidariuuostas.lt\/wp-content\/uploads\/2019\/05\/BU-logo.png\",\"contentUrl\":\"https:\/\/baidariuuostas.lt\/wp-content\/uploads\/2019\/05\/BU-logo.png\",\"width\":800,\"height\":600,\"caption\":\"Baidariu nuoma - baidariuuostas.lt\"},\"image\":{\"@id\":\"https:\/\/baidariuuostas.lt\/en\/#\/schema\/logo\/image\/\"}}]}<\/script>\n<!-- \/ Yoast SEO plugin. -->","yoast_head_json":{"title":"Two day route Buka - Ginuciai - Paluse kayaking in Aukstaitija, Lithuania","description":"Two day route starts in beautiful Buka which slowly flows to Ginuciai campsite. Next day you'll reach Paluse by beautiful lakes of Lithuania.","robots":{"index":"index","follow":"follow","max-snippet":"max-snippet:-1","max-image-preview":"max-image-preview:large","max-video-preview":"max-video-preview:-1"},"canonical":"https:\/\/baidariuuostas.lt\/en\/marsrutai\/dvieju-dienu\/buka-ginuciai-paluse\/","og_locale":"en_US","og_type":"article","og_title":"Two day route Buka - Ginuciai - Paluse kayaking in Aukstaitija, Lithuania","og_description":"Two day route starts in beautiful Buka which slowly flows to Ginuciai campsite. Next day you'll reach Paluse by beautiful lakes of Lithuania.","og_url":"https:\/\/baidariuuostas.lt\/en\/marsrutai\/dvieju-dienu\/buka-ginuciai-paluse\/","og_site_name":"Baidariuuostas.lt","article_modified_time":"2021-06-14T17:45:40+00:00","og_image":[{"width":3648,"height":2736,"url":"https:\/\/baidariuuostas.lt\/wp-content\/uploads\/2019\/04\/IMG_20180526_122054.jpg","type":"image\/jpeg"}],"twitter_card":"summary_large_image","twitter_misc":{"Est. reading time":"6 minutes"},"schema":{"@context":"https:\/\/schema.org","@graph":[{"@type":"WebPage","@id":"https:\/\/baidariuuostas.lt\/en\/marsrutai\/dvieju-dienu\/buka-ginuciai-paluse\/","url":"https:\/\/baidariuuostas.lt\/en\/marsrutai\/dvieju-dienu\/buka-ginuciai-paluse\/","name":"Two day route Buka - Ginuciai - Paluse kayaking in Aukstaitija, Lithuania","isPartOf":{"@id":"https:\/\/baidariuuostas.lt\/en\/#website"},"primaryImageOfPage":{"@id":"https:\/\/baidariuuostas.lt\/en\/marsrutai\/dvieju-dienu\/buka-ginuciai-paluse\/#primaryimage"},"image":{"@id":"https:\/\/baidariuuostas.lt\/en\/marsrutai\/dvieju-dienu\/buka-ginuciai-paluse\/#primaryimage"},"thumbnailUrl":"https:\/\/baidariuuostas.lt\/wp-content\/uploads\/2019\/04\/IMG_20180526_122054.jpg","datePublished":"2017-05-01T10:57:37+00:00","dateModified":"2021-06-14T17:45:40+00:00","description":"Two day route starts in beautiful Buka which slowly flows to Ginuciai campsite. Next day you'll reach Paluse by beautiful lakes of Lithuania.","breadcrumb":{"@id":"https:\/\/baidariuuostas.lt\/en\/marsrutai\/dvieju-dienu\/buka-ginuciai-paluse\/#breadcrumb"},"inLanguage":"en-US","potentialAction":[{"@type":"ReadAction","target":["https:\/\/baidariuuostas.lt\/en\/marsrutai\/dvieju-dienu\/buka-ginuciai-paluse\/"]}]},{"@type":"ImageObject","inLanguage":"en-US","@id":"https:\/\/baidariuuostas.lt\/en\/marsrutai\/dvieju-dienu\/buka-ginuciai-paluse\/#primaryimage","url":"https:\/\/baidariuuostas.lt\/wp-content\/uploads\/2019\/04\/IMG_20180526_122054.jpg","contentUrl":"https:\/\/baidariuuostas.lt\/wp-content\/uploads\/2019\/04\/IMG_20180526_122054.jpg","width":3648,"height":2736,"caption":"Dviej\u0173 dien\u0173 mar\u0161rutas B\u016bka - Ginu\u010diai Pal\u016b\u0161\u0117 baidariuuostas.lt"},{"@type":"BreadcrumbList","@id":"https:\/\/baidariuuostas.lt\/en\/marsrutai\/dvieju-dienu\/buka-ginuciai-paluse\/#breadcrumb","itemListElement":[{"@type":"ListItem","position":1,"name":"Home","item":"https:\/\/baidariuuostas.lt\/"},{"@type":"ListItem","position":2,"name":"Routes","item":"https:\/\/baidariuuostas.lt\/en\/marsrutai\/"},{"@type":"ListItem","position":3,"name":"Kayaking for Two days","item":"https:\/\/baidariuuostas.lt\/en\/marsrutai\/dvieju-dienu\/"},{"@type":"ListItem","position":4,"name":"B\u016bka &#8211; Ginu\u010diai &#8211; Pal\u016b\u0161\u0117"}]},{"@type":"WebSite","@id":"https:\/\/baidariuuostas.lt\/en\/#website","url":"https:\/\/baidariuuostas.lt\/en\/","name":"Baidariuuostas.lt","description":"Kayak rental in Auk\u0161taitija, Lithuania \u017deimena, Kiauna, B\u016bka, Lakaja and other rivers.","publisher":{"@id":"https:\/\/baidariuuostas.lt\/en\/#organization"},"potentialAction":[{"@type":"SearchAction","target":{"@type":"EntryPoint","urlTemplate":"https:\/\/baidariuuostas.lt\/en\/?s={search_term_string}"},"query-input":{"@type":"PropertyValueSpecification","valueRequired":true,"valueName":"search_term_string"}}],"inLanguage":"en-US"},{"@type":"Organization","@id":"https:\/\/baidariuuostas.lt\/en\/#organization","name":"Baidariu nuoma - baidariuuostas.lt","url":"https:\/\/baidariuuostas.lt\/en\/","logo":{"@type":"ImageObject","inLanguage":"en-US","@id":"https:\/\/baidariuuostas.lt\/en\/#\/schema\/logo\/image\/","url":"https:\/\/baidariuuostas.lt\/wp-content\/uploads\/2019\/05\/BU-logo.png","contentUrl":"https:\/\/baidariuuostas.lt\/wp-content\/uploads\/2019\/05\/BU-logo.png","width":800,"height":600,"caption":"Baidariu nuoma - baidariuuostas.lt"},"image":{"@id":"https:\/\/baidariuuostas.lt\/en\/#\/schema\/logo\/image\/"}}]}},"amp_enabled":true,"_links":{"self":[{"href":"https:\/\/baidariuuostas.lt\/en\/wp-json\/wp\/v2\/pages\/170","targetHints":{"allow":["GET"]}}],"collection":[{"href":"https:\/\/baidariuuostas.lt\/en\/wp-json\/wp\/v2\/pages"}],"about":[{"href":"https:\/\/baidariuuostas.lt\/en\/wp-json\/wp\/v2\/types\/page"}],"author":[{"embeddable":true,"href":"https:\/\/baidariuuostas.lt\/en\/wp-json\/wp\/v2\/users\/1"}],"replies":[{"embeddable":true,"href":"https:\/\/baidariuuostas.lt\/en\/wp-json\/wp\/v2\/comments?post=170"}],"version-history":[{"count":1,"href":"https:\/\/baidariuuostas.lt\/en\/wp-json\/wp\/v2\/pages\/170\/revisions"}],"predecessor-version":[{"id":4399,"href":"https:\/\/baidariuuostas.lt\/en\/wp-json\/wp\/v2\/pages\/170\/revisions\/4399"}],"up":[{"embeddable":true,"href":"https:\/\/baidariuuostas.lt\/en\/wp-json\/wp\/v2\/pages\/59"}],"wp:featuredmedia":[{"embeddable":true,"href":"https:\/\/baidariuuostas.lt\/en\/wp-json\/wp\/v2\/media\/639"}],"wp:attachment":[{"href":"https:\/\/baidariuuostas.lt\/en\/wp-json\/wp\/v2\/media?parent=170"}],"wp:term":[{"taxonomy":"category","embeddable":true,"href":"https:\/\/baidariuuostas.lt\/en\/wp-json\/wp\/v2\/categories?post=170"}],"curies":[{"name":"wp","href":"https:\/\/api.w.org\/{rel}","templated":true}]}}