{"id":172,"date":"2017-05-01T10:57:58","date_gmt":"2017-05-01T10:57:58","guid":{"rendered":"http:\/\/www.madigital.lt\/baidariuuostas\/?page_id=172"},"modified":"2021-06-14T17:45:46","modified_gmt":"2021-06-14T17:45:46","slug":"lakaja","status":"publish","type":"page","link":"https:\/\/baidariuuostas.lt\/en\/marsrutai\/dvieju-dienu\/lakaja\/","title":{"rendered":"Lakaja"},"content":{"rendered":"<p><\/p>\n<h2>Two day route Lakaja description, day 1<\/h2>\n<p>Just after first 200 m in the lake, on your right you&#8217;ll see a mouth of Lakaja. After first 2.5 km in the river you&#8217;ll arrive to Lakaja village and bridge connecting Labanoras, Joni\u0161kis and Inturk\u0117. Next villages with added distance: +2.5 km &#8211; village Fedari\u0161kiai, +2 km &#8211; village Basakavas, +1.5 km village Iruli\u0161kis and after another 1 km you&#8217;ll enter lake Aldikis. You&#8217;ll need to cross 1 km on it until you see a connection to a next lake &#8211; Lakajas. Connection length is around 1 km. After you enter Lakajas lake you need to swin to cape on the other side of the lake. There you&#8217;ll find a campsite for your night, we do not recommend to look for an another place, because everything else around is a private territory.<\/p>\n<h2>Two day route Lakaja description, day\u00a02<\/h2>\n<p>First 1 km through a lake towards area where it starts to narrow. After another 800 m on your left you&#8217;ll see ouflow of Lakaja river. On your way you&#8217;ll swim through: +3.5\u00a0km Vilkaslastis village, +1 km Alirdi\u0161k\u0117 village where you&#8217;ll swim below a wooden bridge which connects Januli\u0161kis with villages on the right side of Lakaja village. After the bridge it will take another 2.5 km to Lamanina village, +3 km and on the left you&#8217;ll see Per\u0161ok\u0161na tributary, nearby you&#8217;ll find \u0160e\u0161ku\u0161k\u0117s II village\u00a0and after another 2.54 km \u0160e\u0161ku\u0161k\u0117 I village. +3.5 km to Santaka village and finnaly another 1 km you&#8217;ll enter \u017deimena river. It will take only 1.5 km downstream to reach\u00a0reinforced concrete bridge where you can stop on you right to finish your\u00a0trip.<\/p>\n<h2>About Lakaja River<\/h2>\n<p>A very beatiful wild river flowing through\u00a0regional park of Labanoras. Due to it&#8217;s calm nature, there is a lot of campsites around. It is a perfect river for a falimy trips. 29 km in length it is the most watery tributary to \u017deimena river. The main source of Lakaja water is the lakes, so water levels here are relatively stable. Besides a few small footbridges or fallen trees, it should be a super calm and easy swim.<\/p>","protected":false},"excerpt":{"rendered":"<p>Two day route Lakaja description, day 1 Just after first 200 m in the lake, on your right you&#8217;ll see a mouth of Lakaja. After first 2.5 km in the river you&#8217;ll arrive to Lakaja village and bridge connecting Labanoras, Joni\u0161kis and Inturk\u0117. Next villages with added distance: +2.5 km &#8211; village Fedari\u0161kiai, +2 km<br \/><a class=\"moretag\" href=\"https:\/\/baidariuuostas.lt\/en\/marsrutai\/dvieju-dienu\/lakaja\/\">+ Read More<\/a><\/p>\n","protected":false},"author":1,"featured_media":660,"parent":59,"menu_order":0,"comment_status":"closed","ping_status":"closed","template":"route-single.php","meta":{"footnotes":""},"categories":[],"class_list":["post-172","page","type-page","status-publish","has-post-thumbnail","hentry"],"acf":[],"yoast_head":"<!-- This site is optimized with the Yoast SEO plugin v24.2 - https:\/\/yoast.com\/wordpress\/plugins\/seo\/ -->\n<title>Two day route Lakaja for kayak rental in Auk\u0161taitija, Lithuania<\/title>\n<meta name=\"description\" content=\"Two day route through a very beatiful wild river flowing in\u00a0regional park of Labanoras in Auk\u0161taitija, Lithuania. It is a perfect river for a falimy trips.\" \/>\n<meta name=\"robots\" content=\"index, follow, max-snippet:-1, max-image-preview:large, max-video-preview:-1\" \/>\n<link rel=\"canonical\" href=\"https:\/\/baidariuuostas.lt\/en\/marsrutai\/dvieju-dienu\/lakaja\/\" \/>\n<meta property=\"og:locale\" content=\"en_US\" \/>\n<meta property=\"og:type\" content=\"article\" \/>\n<meta property=\"og:title\" content=\"Two day route Lakaja for kayak rental in Auk\u0161taitija, Lithuania\" \/>\n<meta property=\"og:description\" content=\"Two day route through a very beatiful wild river flowing in\u00a0regional park of Labanoras in Auk\u0161taitija, Lithuania. It is a perfect river for a falimy trips.\" \/>\n<meta property=\"og:url\" content=\"https:\/\/baidariuuostas.lt\/en\/marsrutai\/dvieju-dienu\/lakaja\/\" \/>\n<meta property=\"og:site_name\" content=\"Baidariuuostas.lt\" \/>\n<meta property=\"article:modified_time\" content=\"2021-06-14T17:45:46+00:00\" \/>\n<meta property=\"og:image\" content=\"https:\/\/baidariuuostas.lt\/wp-content\/uploads\/2019\/04\/2018-05-28-09.1563.jpg\" \/>\n\t<meta property=\"og:image:width\" content=\"2048\" \/>\n\t<meta property=\"og:image:height\" content=\"1536\" \/>\n\t<meta property=\"og:image:type\" content=\"image\/jpeg\" \/>\n<meta name=\"twitter:card\" content=\"summary_large_image\" \/>\n<meta name=\"twitter:label1\" content=\"Est. reading time\" \/>\n\t<meta name=\"twitter:data1\" content=\"3 minutes\" \/>\n<script type=\"application\/ld+json\" class=\"yoast-schema-graph\">{\"@context\":\"https:\/\/schema.org\",\"@graph\":[{\"@type\":\"WebPage\",\"@id\":\"https:\/\/baidariuuostas.lt\/en\/marsrutai\/dvieju-dienu\/lakaja\/\",\"url\":\"https:\/\/baidariuuostas.lt\/en\/marsrutai\/dvieju-dienu\/lakaja\/\",\"name\":\"Two day route Lakaja for kayak rental in Auk\u0161taitija, Lithuania\",\"isPartOf\":{\"@id\":\"https:\/\/baidariuuostas.lt\/en\/#website\"},\"primaryImageOfPage\":{\"@id\":\"https:\/\/baidariuuostas.lt\/en\/marsrutai\/dvieju-dienu\/lakaja\/#primaryimage\"},\"image\":{\"@id\":\"https:\/\/baidariuuostas.lt\/en\/marsrutai\/dvieju-dienu\/lakaja\/#primaryimage\"},\"thumbnailUrl\":\"https:\/\/baidariuuostas.lt\/wp-content\/uploads\/2019\/04\/2018-05-28-09.1563.jpg\",\"datePublished\":\"2017-05-01T10:57:58+00:00\",\"dateModified\":\"2021-06-14T17:45:46+00:00\",\"description\":\"Two day route through a very beatiful wild river flowing in\u00a0regional park of Labanoras in Auk\u0161taitija, Lithuania. It is a perfect river for a falimy trips.\",\"breadcrumb\":{\"@id\":\"https:\/\/baidariuuostas.lt\/en\/marsrutai\/dvieju-dienu\/lakaja\/#breadcrumb\"},\"inLanguage\":\"en-US\",\"potentialAction\":[{\"@type\":\"ReadAction\",\"target\":[\"https:\/\/baidariuuostas.lt\/en\/marsrutai\/dvieju-dienu\/lakaja\/\"]}]},{\"@type\":\"ImageObject\",\"inLanguage\":\"en-US\",\"@id\":\"https:\/\/baidariuuostas.lt\/en\/marsrutai\/dvieju-dienu\/lakaja\/#primaryimage\",\"url\":\"https:\/\/baidariuuostas.lt\/wp-content\/uploads\/2019\/04\/2018-05-28-09.1563.jpg\",\"contentUrl\":\"https:\/\/baidariuuostas.lt\/wp-content\/uploads\/2019\/04\/2018-05-28-09.1563.jpg\",\"width\":2048,\"height\":1536,\"caption\":\"Dviej\u0173 dien\u0173 mar\u0161rutas Lakaja - baidariuuostas.lt\"},{\"@type\":\"BreadcrumbList\",\"@id\":\"https:\/\/baidariuuostas.lt\/en\/marsrutai\/dvieju-dienu\/lakaja\/#breadcrumb\",\"itemListElement\":[{\"@type\":\"ListItem\",\"position\":1,\"name\":\"Home\",\"item\":\"https:\/\/baidariuuostas.lt\/\"},{\"@type\":\"ListItem\",\"position\":2,\"name\":\"Routes\",\"item\":\"https:\/\/baidariuuostas.lt\/en\/marsrutai\/\"},{\"@type\":\"ListItem\",\"position\":3,\"name\":\"Kayaking for Two days\",\"item\":\"https:\/\/baidariuuostas.lt\/en\/marsrutai\/dvieju-dienu\/\"},{\"@type\":\"ListItem\",\"position\":4,\"name\":\"Lakaja\"}]},{\"@type\":\"WebSite\",\"@id\":\"https:\/\/baidariuuostas.lt\/en\/#website\",\"url\":\"https:\/\/baidariuuostas.lt\/en\/\",\"name\":\"Baidariuuostas.lt\",\"description\":\"Kayak rental in Auk\u0161taitija, Lithuania \u017deimena, Kiauna, B\u016bka, Lakaja and other rivers.\",\"publisher\":{\"@id\":\"https:\/\/baidariuuostas.lt\/en\/#organization\"},\"potentialAction\":[{\"@type\":\"SearchAction\",\"target\":{\"@type\":\"EntryPoint\",\"urlTemplate\":\"https:\/\/baidariuuostas.lt\/en\/?s={search_term_string}\"},\"query-input\":{\"@type\":\"PropertyValueSpecification\",\"valueRequired\":true,\"valueName\":\"search_term_string\"}}],\"inLanguage\":\"en-US\"},{\"@type\":\"Organization\",\"@id\":\"https:\/\/baidariuuostas.lt\/en\/#organization\",\"name\":\"Baidariu nuoma - baidariuuostas.lt\",\"url\":\"https:\/\/baidariuuostas.lt\/en\/\",\"logo\":{\"@type\":\"ImageObject\",\"inLanguage\":\"en-US\",\"@id\":\"https:\/\/baidariuuostas.lt\/en\/#\/schema\/logo\/image\/\",\"url\":\"https:\/\/baidariuuostas.lt\/wp-content\/uploads\/2019\/05\/BU-logo.png\",\"contentUrl\":\"https:\/\/baidariuuostas.lt\/wp-content\/uploads\/2019\/05\/BU-logo.png\",\"width\":800,\"height\":600,\"caption\":\"Baidariu nuoma - baidariuuostas.lt\"},\"image\":{\"@id\":\"https:\/\/baidariuuostas.lt\/en\/#\/schema\/logo\/image\/\"}}]}<\/script>\n<!-- \/ Yoast SEO plugin. -->","yoast_head_json":{"title":"Two day route Lakaja for kayak rental in Auk\u0161taitija, Lithuania","description":"Two day route through a very beatiful wild river flowing in\u00a0regional park of Labanoras in Auk\u0161taitija, Lithuania. It is a perfect river for a falimy trips.","robots":{"index":"index","follow":"follow","max-snippet":"max-snippet:-1","max-image-preview":"max-image-preview:large","max-video-preview":"max-video-preview:-1"},"canonical":"https:\/\/baidariuuostas.lt\/en\/marsrutai\/dvieju-dienu\/lakaja\/","og_locale":"en_US","og_type":"article","og_title":"Two day route Lakaja for kayak rental in Auk\u0161taitija, Lithuania","og_description":"Two day route through a very beatiful wild river flowing in\u00a0regional park of Labanoras in Auk\u0161taitija, Lithuania. It is a perfect river for a falimy trips.","og_url":"https:\/\/baidariuuostas.lt\/en\/marsrutai\/dvieju-dienu\/lakaja\/","og_site_name":"Baidariuuostas.lt","article_modified_time":"2021-06-14T17:45:46+00:00","og_image":[{"width":2048,"height":1536,"url":"https:\/\/baidariuuostas.lt\/wp-content\/uploads\/2019\/04\/2018-05-28-09.1563.jpg","type":"image\/jpeg"}],"twitter_card":"summary_large_image","twitter_misc":{"Est. reading time":"3 minutes"},"schema":{"@context":"https:\/\/schema.org","@graph":[{"@type":"WebPage","@id":"https:\/\/baidariuuostas.lt\/en\/marsrutai\/dvieju-dienu\/lakaja\/","url":"https:\/\/baidariuuostas.lt\/en\/marsrutai\/dvieju-dienu\/lakaja\/","name":"Two day route Lakaja for kayak rental in Auk\u0161taitija, Lithuania","isPartOf":{"@id":"https:\/\/baidariuuostas.lt\/en\/#website"},"primaryImageOfPage":{"@id":"https:\/\/baidariuuostas.lt\/en\/marsrutai\/dvieju-dienu\/lakaja\/#primaryimage"},"image":{"@id":"https:\/\/baidariuuostas.lt\/en\/marsrutai\/dvieju-dienu\/lakaja\/#primaryimage"},"thumbnailUrl":"https:\/\/baidariuuostas.lt\/wp-content\/uploads\/2019\/04\/2018-05-28-09.1563.jpg","datePublished":"2017-05-01T10:57:58+00:00","dateModified":"2021-06-14T17:45:46+00:00","description":"Two day route through a very beatiful wild river flowing in\u00a0regional park of Labanoras in Auk\u0161taitija, Lithuania. It is a perfect river for a falimy trips.","breadcrumb":{"@id":"https:\/\/baidariuuostas.lt\/en\/marsrutai\/dvieju-dienu\/lakaja\/#breadcrumb"},"inLanguage":"en-US","potentialAction":[{"@type":"ReadAction","target":["https:\/\/baidariuuostas.lt\/en\/marsrutai\/dvieju-dienu\/lakaja\/"]}]},{"@type":"ImageObject","inLanguage":"en-US","@id":"https:\/\/baidariuuostas.lt\/en\/marsrutai\/dvieju-dienu\/lakaja\/#primaryimage","url":"https:\/\/baidariuuostas.lt\/wp-content\/uploads\/2019\/04\/2018-05-28-09.1563.jpg","contentUrl":"https:\/\/baidariuuostas.lt\/wp-content\/uploads\/2019\/04\/2018-05-28-09.1563.jpg","width":2048,"height":1536,"caption":"Dviej\u0173 dien\u0173 mar\u0161rutas Lakaja - baidariuuostas.lt"},{"@type":"BreadcrumbList","@id":"https:\/\/baidariuuostas.lt\/en\/marsrutai\/dvieju-dienu\/lakaja\/#breadcrumb","itemListElement":[{"@type":"ListItem","position":1,"name":"Home","item":"https:\/\/baidariuuostas.lt\/"},{"@type":"ListItem","position":2,"name":"Routes","item":"https:\/\/baidariuuostas.lt\/en\/marsrutai\/"},{"@type":"ListItem","position":3,"name":"Kayaking for Two days","item":"https:\/\/baidariuuostas.lt\/en\/marsrutai\/dvieju-dienu\/"},{"@type":"ListItem","position":4,"name":"Lakaja"}]},{"@type":"WebSite","@id":"https:\/\/baidariuuostas.lt\/en\/#website","url":"https:\/\/baidariuuostas.lt\/en\/","name":"Baidariuuostas.lt","description":"Kayak rental in Auk\u0161taitija, Lithuania \u017deimena, Kiauna, B\u016bka, Lakaja and other rivers.","publisher":{"@id":"https:\/\/baidariuuostas.lt\/en\/#organization"},"potentialAction":[{"@type":"SearchAction","target":{"@type":"EntryPoint","urlTemplate":"https:\/\/baidariuuostas.lt\/en\/?s={search_term_string}"},"query-input":{"@type":"PropertyValueSpecification","valueRequired":true,"valueName":"search_term_string"}}],"inLanguage":"en-US"},{"@type":"Organization","@id":"https:\/\/baidariuuostas.lt\/en\/#organization","name":"Baidariu nuoma - baidariuuostas.lt","url":"https:\/\/baidariuuostas.lt\/en\/","logo":{"@type":"ImageObject","inLanguage":"en-US","@id":"https:\/\/baidariuuostas.lt\/en\/#\/schema\/logo\/image\/","url":"https:\/\/baidariuuostas.lt\/wp-content\/uploads\/2019\/05\/BU-logo.png","contentUrl":"https:\/\/baidariuuostas.lt\/wp-content\/uploads\/2019\/05\/BU-logo.png","width":800,"height":600,"caption":"Baidariu nuoma - baidariuuostas.lt"},"image":{"@id":"https:\/\/baidariuuostas.lt\/en\/#\/schema\/logo\/image\/"}}]}},"amp_enabled":true,"_links":{"self":[{"href":"https:\/\/baidariuuostas.lt\/en\/wp-json\/wp\/v2\/pages\/172","targetHints":{"allow":["GET"]}}],"collection":[{"href":"https:\/\/baidariuuostas.lt\/en\/wp-json\/wp\/v2\/pages"}],"about":[{"href":"https:\/\/baidariuuostas.lt\/en\/wp-json\/wp\/v2\/types\/page"}],"author":[{"embeddable":true,"href":"https:\/\/baidariuuostas.lt\/en\/wp-json\/wp\/v2\/users\/1"}],"replies":[{"embeddable":true,"href":"https:\/\/baidariuuostas.lt\/en\/wp-json\/wp\/v2\/comments?post=172"}],"version-history":[{"count":1,"href":"https:\/\/baidariuuostas.lt\/en\/wp-json\/wp\/v2\/pages\/172\/revisions"}],"predecessor-version":[{"id":4400,"href":"https:\/\/baidariuuostas.lt\/en\/wp-json\/wp\/v2\/pages\/172\/revisions\/4400"}],"up":[{"embeddable":true,"href":"https:\/\/baidariuuostas.lt\/en\/wp-json\/wp\/v2\/pages\/59"}],"wp:featuredmedia":[{"embeddable":true,"href":"https:\/\/baidariuuostas.lt\/en\/wp-json\/wp\/v2\/media\/660"}],"wp:attachment":[{"href":"https:\/\/baidariuuostas.lt\/en\/wp-json\/wp\/v2\/media?parent=172"}],"wp:term":[{"taxonomy":"category","embeddable":true,"href":"https:\/\/baidariuuostas.lt\/en\/wp-json\/wp\/v2\/categories?post=172"}],"curies":[{"name":"wp","href":"https:\/\/api.w.org\/{rel}","templated":true}]}}