{"id":174,"date":"2017-05-01T10:58:56","date_gmt":"2017-05-01T10:58:56","guid":{"rendered":"http:\/\/www.madigital.lt\/baidariuuostas\/?page_id=174"},"modified":"2021-06-14T17:45:32","modified_gmt":"2021-06-14T17:45:32","slug":"the-big-circle","status":"publish","type":"page","link":"https:\/\/baidariuuostas.lt\/en\/marsrutai\/dvieju-dienu\/the-big-circle\/","title":{"rendered":"The Big Circle"},"content":{"rendered":"<p><\/p>\n<h2>Two day route The Big Circle day 1 Description<\/h2>\n<p>You start at L\u016b\u0161ys lake, then you go through Meoronos stream &#8211; Dringyk\u0161tis lake &#8211; Dumblyn\u0117 stream &#8211; Dringys lake until you reach a campsite in the Juodakumpis bay nto far from Vai\u0161i\u016bnai village. Dringis is one of the largest(3rd by size) lakes in Auk\u0161taitija National Park.<\/p>\n<p>From there on agreed time we will transport you to Baluo\u0161as lake. In that lake you can visit an island with a it&#8217;s own lake or visit ethnographic village \u0160uminai where &#8220;Tadas Blinda&#8221; movie was shot. After Baluo\u0161as lake you swim through Baluo\u0161yk\u0161tis lake &#8211; Skreg\u017ed\u0105 stream &#8211; Srovinaitis lake &#8211; Srov\u0117 river until you reach Ginu\u010diai village with an old watermill.\u00a0You&#8217;ll need to carry your kayaks across the road, it is recommended to visit XIX century mill&#8217;s museum. There is a shop, cafe and a place to bathe with below a waterfall.<\/p>\n<p>After you stop you swim to Almajas lake in which when you find a campsite stay there for a night. If you still have some extra stregth left, you can visit\u00a0beekeeping museum in Stripeikiai village.<\/p>\n<h2>Two day route The Big Circle day 2\u00a0Description<\/h2>\n<p>Go to Almaja river through Almajas lake. Later enter As\u0117ka stream and row through it to Linkmenas lake. Don&#8217;t miss your opportunity to visit Likmenai mound, where in times of crusaders stood wooden castle. We recommend to visit Ladakalnis ,the sight from the hill is very beautiful, you can see 6 different lakes: As\u0117kasm Linkmenas, Alksnaitis, Alksnas, Pakasas and Ukojas.<\/p>\n<p>After that swim through Unkstis stream to reach Asalnyk\u0161tis lake where you&#8217;ll see tallest island in the Lithuania &#8211; Gim\u017ei\u0161k\u0117. before you enter Asalnas lake, visit Puzini\u0161kis Oak. After Asalnas you&#8217;ll get to L\u016b\u0161iai lake where you&#8217;ll find finish at our boat base. For those who wants more fun after that we can offer paddle baording.<\/p>","protected":false},"excerpt":{"rendered":"<p>Two day route The Big Circle day 1 Description You start at L\u016b\u0161ys lake, then you go through Meoronos stream &#8211; Dringyk\u0161tis lake &#8211; Dumblyn\u0117 stream &#8211; Dringys lake until you reach a campsite in the Juodakumpis bay nto far from Vai\u0161i\u016bnai village. Dringis is one of the largest(3rd by size) lakes in Auk\u0161taitija National<br \/><a class=\"moretag\" href=\"https:\/\/baidariuuostas.lt\/en\/marsrutai\/dvieju-dienu\/the-big-circle\/\">+ Read More<\/a><\/p>\n","protected":false},"author":1,"featured_media":657,"parent":59,"menu_order":0,"comment_status":"closed","ping_status":"closed","template":"route-single.php","meta":{"footnotes":""},"categories":[],"class_list":["post-174","page","type-page","status-publish","has-post-thumbnail","hentry"],"acf":[],"yoast_head":"<!-- This site is optimized with the Yoast SEO plugin v24.2 - https:\/\/yoast.com\/wordpress\/plugins\/seo\/ -->\n<title>Two day route The Big Circle for kayak rental in Lithuania<\/title>\n<meta name=\"description\" content=\"Two day route The Big Circle for kayak, canoe or boat rental in Lithuania\" \/>\n<meta name=\"robots\" content=\"index, follow, max-snippet:-1, max-image-preview:large, max-video-preview:-1\" \/>\n<link rel=\"canonical\" href=\"https:\/\/baidariuuostas.lt\/en\/marsrutai\/dvieju-dienu\/the-big-circle\/\" \/>\n<meta property=\"og:locale\" content=\"en_US\" \/>\n<meta property=\"og:type\" content=\"article\" \/>\n<meta property=\"og:title\" content=\"Two day route The Big Circle for kayak rental in Lithuania\" \/>\n<meta property=\"og:description\" content=\"Two day route The Big Circle for kayak, canoe or boat rental in Lithuania\" \/>\n<meta property=\"og:url\" content=\"https:\/\/baidariuuostas.lt\/en\/marsrutai\/dvieju-dienu\/the-big-circle\/\" \/>\n<meta property=\"og:site_name\" content=\"Baidariuuostas.lt\" \/>\n<meta property=\"article:modified_time\" content=\"2021-06-14T17:45:32+00:00\" \/>\n<meta property=\"og:image\" content=\"https:\/\/baidariuuostas.lt\/wp-content\/uploads\/2019\/04\/baidariuuostas-didysis-ratas.jpg\" \/>\n\t<meta property=\"og:image:width\" content=\"1920\" \/>\n\t<meta property=\"og:image:height\" content=\"1251\" \/>\n\t<meta property=\"og:image:type\" content=\"image\/jpeg\" \/>\n<meta name=\"twitter:card\" content=\"summary_large_image\" \/>\n<meta name=\"twitter:label1\" content=\"Est. reading time\" \/>\n\t<meta name=\"twitter:data1\" content=\"3 minutes\" \/>\n<script type=\"application\/ld+json\" class=\"yoast-schema-graph\">{\"@context\":\"https:\/\/schema.org\",\"@graph\":[{\"@type\":\"WebPage\",\"@id\":\"https:\/\/baidariuuostas.lt\/en\/marsrutai\/dvieju-dienu\/the-big-circle\/\",\"url\":\"https:\/\/baidariuuostas.lt\/en\/marsrutai\/dvieju-dienu\/the-big-circle\/\",\"name\":\"Two day route The Big Circle for kayak rental in Lithuania\",\"isPartOf\":{\"@id\":\"https:\/\/baidariuuostas.lt\/en\/#website\"},\"primaryImageOfPage\":{\"@id\":\"https:\/\/baidariuuostas.lt\/en\/marsrutai\/dvieju-dienu\/the-big-circle\/#primaryimage\"},\"image\":{\"@id\":\"https:\/\/baidariuuostas.lt\/en\/marsrutai\/dvieju-dienu\/the-big-circle\/#primaryimage\"},\"thumbnailUrl\":\"https:\/\/baidariuuostas.lt\/wp-content\/uploads\/2019\/04\/baidariuuostas-didysis-ratas.jpg\",\"datePublished\":\"2017-05-01T10:58:56+00:00\",\"dateModified\":\"2021-06-14T17:45:32+00:00\",\"description\":\"Two day route The Big Circle for kayak, canoe or boat rental in Lithuania\",\"breadcrumb\":{\"@id\":\"https:\/\/baidariuuostas.lt\/en\/marsrutai\/dvieju-dienu\/the-big-circle\/#breadcrumb\"},\"inLanguage\":\"en-US\",\"potentialAction\":[{\"@type\":\"ReadAction\",\"target\":[\"https:\/\/baidariuuostas.lt\/en\/marsrutai\/dvieju-dienu\/the-big-circle\/\"]}]},{\"@type\":\"ImageObject\",\"inLanguage\":\"en-US\",\"@id\":\"https:\/\/baidariuuostas.lt\/en\/marsrutai\/dvieju-dienu\/the-big-circle\/#primaryimage\",\"url\":\"https:\/\/baidariuuostas.lt\/wp-content\/uploads\/2019\/04\/baidariuuostas-didysis-ratas.jpg\",\"contentUrl\":\"https:\/\/baidariuuostas.lt\/wp-content\/uploads\/2019\/04\/baidariuuostas-didysis-ratas.jpg\",\"width\":1920,\"height\":1251,\"caption\":\"Dviej\u0173 dien\u0173 kelion\u0117 did\u017eiuoju ratu baidar\u0117mis - baidariuuostas.lt\"},{\"@type\":\"BreadcrumbList\",\"@id\":\"https:\/\/baidariuuostas.lt\/en\/marsrutai\/dvieju-dienu\/the-big-circle\/#breadcrumb\",\"itemListElement\":[{\"@type\":\"ListItem\",\"position\":1,\"name\":\"Home\",\"item\":\"https:\/\/baidariuuostas.lt\/\"},{\"@type\":\"ListItem\",\"position\":2,\"name\":\"Routes\",\"item\":\"https:\/\/baidariuuostas.lt\/en\/marsrutai\/\"},{\"@type\":\"ListItem\",\"position\":3,\"name\":\"Kayaking for Two days\",\"item\":\"https:\/\/baidariuuostas.lt\/en\/marsrutai\/dvieju-dienu\/\"},{\"@type\":\"ListItem\",\"position\":4,\"name\":\"The Big Circle\"}]},{\"@type\":\"WebSite\",\"@id\":\"https:\/\/baidariuuostas.lt\/en\/#website\",\"url\":\"https:\/\/baidariuuostas.lt\/en\/\",\"name\":\"Baidariuuostas.lt\",\"description\":\"Kayak rental in Auk\u0161taitija, Lithuania \u017deimena, Kiauna, B\u016bka, Lakaja and other rivers.\",\"publisher\":{\"@id\":\"https:\/\/baidariuuostas.lt\/en\/#organization\"},\"potentialAction\":[{\"@type\":\"SearchAction\",\"target\":{\"@type\":\"EntryPoint\",\"urlTemplate\":\"https:\/\/baidariuuostas.lt\/en\/?s={search_term_string}\"},\"query-input\":{\"@type\":\"PropertyValueSpecification\",\"valueRequired\":true,\"valueName\":\"search_term_string\"}}],\"inLanguage\":\"en-US\"},{\"@type\":\"Organization\",\"@id\":\"https:\/\/baidariuuostas.lt\/en\/#organization\",\"name\":\"Baidariu nuoma - baidariuuostas.lt\",\"url\":\"https:\/\/baidariuuostas.lt\/en\/\",\"logo\":{\"@type\":\"ImageObject\",\"inLanguage\":\"en-US\",\"@id\":\"https:\/\/baidariuuostas.lt\/en\/#\/schema\/logo\/image\/\",\"url\":\"https:\/\/baidariuuostas.lt\/wp-content\/uploads\/2019\/05\/BU-logo.png\",\"contentUrl\":\"https:\/\/baidariuuostas.lt\/wp-content\/uploads\/2019\/05\/BU-logo.png\",\"width\":800,\"height\":600,\"caption\":\"Baidariu nuoma - baidariuuostas.lt\"},\"image\":{\"@id\":\"https:\/\/baidariuuostas.lt\/en\/#\/schema\/logo\/image\/\"}}]}<\/script>\n<!-- \/ Yoast SEO plugin. -->","yoast_head_json":{"title":"Two day route The Big Circle for kayak rental in Lithuania","description":"Two day route The Big Circle for kayak, canoe or boat rental in Lithuania","robots":{"index":"index","follow":"follow","max-snippet":"max-snippet:-1","max-image-preview":"max-image-preview:large","max-video-preview":"max-video-preview:-1"},"canonical":"https:\/\/baidariuuostas.lt\/en\/marsrutai\/dvieju-dienu\/the-big-circle\/","og_locale":"en_US","og_type":"article","og_title":"Two day route The Big Circle for kayak rental in Lithuania","og_description":"Two day route The Big Circle for kayak, canoe or boat rental in Lithuania","og_url":"https:\/\/baidariuuostas.lt\/en\/marsrutai\/dvieju-dienu\/the-big-circle\/","og_site_name":"Baidariuuostas.lt","article_modified_time":"2021-06-14T17:45:32+00:00","og_image":[{"width":1920,"height":1251,"url":"https:\/\/baidariuuostas.lt\/wp-content\/uploads\/2019\/04\/baidariuuostas-didysis-ratas.jpg","type":"image\/jpeg"}],"twitter_card":"summary_large_image","twitter_misc":{"Est. reading time":"3 minutes"},"schema":{"@context":"https:\/\/schema.org","@graph":[{"@type":"WebPage","@id":"https:\/\/baidariuuostas.lt\/en\/marsrutai\/dvieju-dienu\/the-big-circle\/","url":"https:\/\/baidariuuostas.lt\/en\/marsrutai\/dvieju-dienu\/the-big-circle\/","name":"Two day route The Big Circle for kayak rental in Lithuania","isPartOf":{"@id":"https:\/\/baidariuuostas.lt\/en\/#website"},"primaryImageOfPage":{"@id":"https:\/\/baidariuuostas.lt\/en\/marsrutai\/dvieju-dienu\/the-big-circle\/#primaryimage"},"image":{"@id":"https:\/\/baidariuuostas.lt\/en\/marsrutai\/dvieju-dienu\/the-big-circle\/#primaryimage"},"thumbnailUrl":"https:\/\/baidariuuostas.lt\/wp-content\/uploads\/2019\/04\/baidariuuostas-didysis-ratas.jpg","datePublished":"2017-05-01T10:58:56+00:00","dateModified":"2021-06-14T17:45:32+00:00","description":"Two day route The Big Circle for kayak, canoe or boat rental in Lithuania","breadcrumb":{"@id":"https:\/\/baidariuuostas.lt\/en\/marsrutai\/dvieju-dienu\/the-big-circle\/#breadcrumb"},"inLanguage":"en-US","potentialAction":[{"@type":"ReadAction","target":["https:\/\/baidariuuostas.lt\/en\/marsrutai\/dvieju-dienu\/the-big-circle\/"]}]},{"@type":"ImageObject","inLanguage":"en-US","@id":"https:\/\/baidariuuostas.lt\/en\/marsrutai\/dvieju-dienu\/the-big-circle\/#primaryimage","url":"https:\/\/baidariuuostas.lt\/wp-content\/uploads\/2019\/04\/baidariuuostas-didysis-ratas.jpg","contentUrl":"https:\/\/baidariuuostas.lt\/wp-content\/uploads\/2019\/04\/baidariuuostas-didysis-ratas.jpg","width":1920,"height":1251,"caption":"Dviej\u0173 dien\u0173 kelion\u0117 did\u017eiuoju ratu baidar\u0117mis - baidariuuostas.lt"},{"@type":"BreadcrumbList","@id":"https:\/\/baidariuuostas.lt\/en\/marsrutai\/dvieju-dienu\/the-big-circle\/#breadcrumb","itemListElement":[{"@type":"ListItem","position":1,"name":"Home","item":"https:\/\/baidariuuostas.lt\/"},{"@type":"ListItem","position":2,"name":"Routes","item":"https:\/\/baidariuuostas.lt\/en\/marsrutai\/"},{"@type":"ListItem","position":3,"name":"Kayaking for Two days","item":"https:\/\/baidariuuostas.lt\/en\/marsrutai\/dvieju-dienu\/"},{"@type":"ListItem","position":4,"name":"The Big Circle"}]},{"@type":"WebSite","@id":"https:\/\/baidariuuostas.lt\/en\/#website","url":"https:\/\/baidariuuostas.lt\/en\/","name":"Baidariuuostas.lt","description":"Kayak rental in Auk\u0161taitija, Lithuania \u017deimena, Kiauna, B\u016bka, Lakaja and other rivers.","publisher":{"@id":"https:\/\/baidariuuostas.lt\/en\/#organization"},"potentialAction":[{"@type":"SearchAction","target":{"@type":"EntryPoint","urlTemplate":"https:\/\/baidariuuostas.lt\/en\/?s={search_term_string}"},"query-input":{"@type":"PropertyValueSpecification","valueRequired":true,"valueName":"search_term_string"}}],"inLanguage":"en-US"},{"@type":"Organization","@id":"https:\/\/baidariuuostas.lt\/en\/#organization","name":"Baidariu nuoma - baidariuuostas.lt","url":"https:\/\/baidariuuostas.lt\/en\/","logo":{"@type":"ImageObject","inLanguage":"en-US","@id":"https:\/\/baidariuuostas.lt\/en\/#\/schema\/logo\/image\/","url":"https:\/\/baidariuuostas.lt\/wp-content\/uploads\/2019\/05\/BU-logo.png","contentUrl":"https:\/\/baidariuuostas.lt\/wp-content\/uploads\/2019\/05\/BU-logo.png","width":800,"height":600,"caption":"Baidariu nuoma - baidariuuostas.lt"},"image":{"@id":"https:\/\/baidariuuostas.lt\/en\/#\/schema\/logo\/image\/"}}]}},"amp_enabled":true,"_links":{"self":[{"href":"https:\/\/baidariuuostas.lt\/en\/wp-json\/wp\/v2\/pages\/174","targetHints":{"allow":["GET"]}}],"collection":[{"href":"https:\/\/baidariuuostas.lt\/en\/wp-json\/wp\/v2\/pages"}],"about":[{"href":"https:\/\/baidariuuostas.lt\/en\/wp-json\/wp\/v2\/types\/page"}],"author":[{"embeddable":true,"href":"https:\/\/baidariuuostas.lt\/en\/wp-json\/wp\/v2\/users\/1"}],"replies":[{"embeddable":true,"href":"https:\/\/baidariuuostas.lt\/en\/wp-json\/wp\/v2\/comments?post=174"}],"version-history":[{"count":1,"href":"https:\/\/baidariuuostas.lt\/en\/wp-json\/wp\/v2\/pages\/174\/revisions"}],"predecessor-version":[{"id":4398,"href":"https:\/\/baidariuuostas.lt\/en\/wp-json\/wp\/v2\/pages\/174\/revisions\/4398"}],"up":[{"embeddable":true,"href":"https:\/\/baidariuuostas.lt\/en\/wp-json\/wp\/v2\/pages\/59"}],"wp:featuredmedia":[{"embeddable":true,"href":"https:\/\/baidariuuostas.lt\/en\/wp-json\/wp\/v2\/media\/657"}],"wp:attachment":[{"href":"https:\/\/baidariuuostas.lt\/en\/wp-json\/wp\/v2\/media?parent=174"}],"wp:term":[{"taxonomy":"category","embeddable":true,"href":"https:\/\/baidariuuostas.lt\/en\/wp-json\/wp\/v2\/categories?post=174"}],"curies":[{"name":"wp","href":"https:\/\/api.w.org\/{rel}","templated":true}]}}