{"id":176,"date":"2017-05-01T10:59:16","date_gmt":"2017-05-01T10:59:16","guid":{"rendered":"http:\/\/www.madigital.lt\/baidariuuostas\/?page_id=176"},"modified":"2021-06-14T17:49:44","modified_gmt":"2021-06-14T17:49:44","slug":"aiseta-kiauna-zeimena","status":"publish","type":"page","link":"https:\/\/baidariuuostas.lt\/en\/marsrutai\/dvieju-dienu\/aiseta-kiauna-zeimena\/","title":{"rendered":"Aiseta &#8211; Kiauna &#8211; \u017deimena"},"content":{"rendered":"<p><\/p>\n<h2>Two day route Aiseta &#8211; Kiauna &#8211; \u017deimena 1st day description<\/h2>\n<p>Row for around 140m until you reach outflow of Aiseta river, where you&#8217;ll pass wooden bridge and Paiseta village. After 3km you&#8217;ll reach Sidabrin\u0117 village and after another 300m &#8211; concrete bridge which connects \u0160ven\u010dion\u0117liai and Utena. This part of the route is quite calm without any serious obstacles. Just before reaching Kiaunas lake you might pass a few fallen trees. In this lake keep to it&#8217;s right shore and after 1.5km you&#8217;ll reach Kiauneli\u0161kis village, +0.5km you&#8217;ll see a small island overgrown by reeds. That will help to find outflow of Kiauna as it is 100m before the island. After entering the river you&#8217;ll have to row for another 1.5km. On the left you&#8217;ll see Pakiaunis village where a manor and it&#8217;s park of XIX century still stands to this day.<\/p>\n<p>The river flows through the Labanoras forest, swamps and fields. You definitely won&#8217;t be bored as a view of surroundes changes a lot. You might find some fallen trees as well. The route goes trhough Stirnin\u0117, Jakuti\u0161kis, Vasiuli\u0161k\u0117 and \u017dvirbli\u0161k\u0117 villages. After crossing concrete in K\u016briniai village (the bridge connects Ignalina &#8211; Moletai road), row another 2km until you reach Gil\u016btas lake. Near that lake we recommend to stay for a night, we can offer other places to sleep if needed.<\/p>\n<h2>Two day route Aiseta &#8211; Kiauna &#8211; \u017deimena 2nd day description<\/h2>\n<div>After leaving a camp keep to right side of the lake and after 600m you should see an outflow of a stream which will connect you to Sekluotis lake. This lake is not deep and you&#8217;ll allways see it&#8217;s bottom full of weeds, pikes and other fish. You&#8217;ll need to row around 800m to the end of the lake. On teh right of it you&#8217;ll see an another outflow of a stream which goes through Kukliai village. After passing a concrete bridge you&#8217;ll have to row another 2km to \u017deimena river.<\/div>\n<h2>About Kiauna\u00a0River<\/h2>\n<p>A wildly\u00a0beautiful Kiauna\u00a0river flows 16 km\u00a0through Labanoras woods. Almost whole route goes to through\u00a0uninhabited places.\u00a0Even thought Kiauna is calm and not dangerous still from time to time you can find fallen trees and you&#8217;ll need to lift your kayak through it. There is a lot of small tributaries to the river, there is a lot of swift sections. You&#8217;ll see places almost entirely surrounded by swamps, forests or simply sandy\u00a0sections.\u00a0Kiauna is a perfect river to enjoy the beauty of wilderness.<\/p>\n<h2>About \u017deimena river<\/h2>\n<p>\u017deimena is 82 km length with tall sand scarps with pinewoods growing above. You&#8217;ll not be bored, it is one of the most popular rivers for kayaking. Anyone can swim it, both young and old, experiencied and newbies. A river starts in Labanoras woods from lake \u017deimenis. All the lakes of Auk\u0161taitija national park has a connection to this river. Whole river is a calm rowing of 4 days to Neris river. It is one of the cleanest rivers in Lithuania so it is the main place for salmon spawning.<\/p>\n<h2><\/h2>\n<p><\/p>","protected":false},"excerpt":{"rendered":"<p>Two day route Aiseta &#8211; Kiauna &#8211; \u017deimena 1st day description Row for around 140m until you reach outflow of Aiseta river, where you&#8217;ll pass wooden bridge and Paiseta village. After 3km you&#8217;ll reach Sidabrin\u0117 village and after another 300m &#8211; concrete bridge which connects \u0160ven\u010dion\u0117liai and Utena. This part of the route is quite<br \/><a class=\"moretag\" href=\"https:\/\/baidariuuostas.lt\/en\/marsrutai\/dvieju-dienu\/aiseta-kiauna-zeimena\/\">+ Read More<\/a><\/p>\n","protected":false},"author":1,"featured_media":4375,"parent":59,"menu_order":0,"comment_status":"closed","ping_status":"closed","template":"route-single.php","meta":{"footnotes":""},"categories":[],"class_list":["post-176","page","type-page","status-publish","has-post-thumbnail","hentry"],"acf":[],"yoast_head":"<!-- This site is optimized with the Yoast SEO plugin v24.2 - https:\/\/yoast.com\/wordpress\/plugins\/seo\/ -->\n<title>Two day route Aiseta - Kiauna - \u017deimena for kayak rental in Lithuania<\/title>\n<meta name=\"description\" content=\"A wildly\u00a0beautiful Kiauna\u00a0river flows 16 km\u00a0through Labanoras woods. Almost whole route goes to through\u00a0uninhabited places.\" \/>\n<meta name=\"robots\" content=\"index, follow, max-snippet:-1, max-image-preview:large, max-video-preview:-1\" \/>\n<link rel=\"canonical\" href=\"https:\/\/baidariuuostas.lt\/en\/marsrutai\/dvieju-dienu\/aiseta-kiauna-zeimena\/\" \/>\n<meta property=\"og:locale\" content=\"en_US\" \/>\n<meta property=\"og:type\" content=\"article\" \/>\n<meta property=\"og:title\" content=\"Two day route Aiseta - Kiauna - \u017deimena for kayak rental in Lithuania\" \/>\n<meta property=\"og:description\" content=\"A wildly\u00a0beautiful Kiauna\u00a0river flows 16 km\u00a0through Labanoras woods. Almost whole route goes to through\u00a0uninhabited places.\" \/>\n<meta property=\"og:url\" content=\"https:\/\/baidariuuostas.lt\/en\/marsrutai\/dvieju-dienu\/aiseta-kiauna-zeimena\/\" \/>\n<meta property=\"og:site_name\" content=\"Baidariuuostas.lt\" \/>\n<meta property=\"article:modified_time\" content=\"2021-06-14T17:49:44+00:00\" \/>\n<meta property=\"og:image\" content=\"https:\/\/baidariuuostas.lt\/wp-content\/uploads\/2020\/06\/IMG_20200627_175817.jpg\" \/>\n\t<meta property=\"og:image:width\" content=\"2500\" \/>\n\t<meta property=\"og:image:height\" content=\"1875\" \/>\n\t<meta property=\"og:image:type\" content=\"image\/jpeg\" \/>\n<meta name=\"twitter:card\" content=\"summary_large_image\" \/>\n<meta name=\"twitter:label1\" content=\"Est. reading time\" \/>\n\t<meta name=\"twitter:data1\" content=\"5 minutes\" \/>\n<script type=\"application\/ld+json\" class=\"yoast-schema-graph\">{\"@context\":\"https:\/\/schema.org\",\"@graph\":[{\"@type\":\"WebPage\",\"@id\":\"https:\/\/baidariuuostas.lt\/en\/marsrutai\/dvieju-dienu\/aiseta-kiauna-zeimena\/\",\"url\":\"https:\/\/baidariuuostas.lt\/en\/marsrutai\/dvieju-dienu\/aiseta-kiauna-zeimena\/\",\"name\":\"Two day route Aiseta - Kiauna - \u017deimena for kayak rental in Lithuania\",\"isPartOf\":{\"@id\":\"https:\/\/baidariuuostas.lt\/en\/#website\"},\"primaryImageOfPage\":{\"@id\":\"https:\/\/baidariuuostas.lt\/en\/marsrutai\/dvieju-dienu\/aiseta-kiauna-zeimena\/#primaryimage\"},\"image\":{\"@id\":\"https:\/\/baidariuuostas.lt\/en\/marsrutai\/dvieju-dienu\/aiseta-kiauna-zeimena\/#primaryimage\"},\"thumbnailUrl\":\"https:\/\/baidariuuostas.lt\/wp-content\/uploads\/2020\/06\/IMG_20200627_175817.jpg\",\"datePublished\":\"2017-05-01T10:59:16+00:00\",\"dateModified\":\"2021-06-14T17:49:44+00:00\",\"description\":\"A wildly\u00a0beautiful Kiauna\u00a0river flows 16 km\u00a0through Labanoras woods. Almost whole route goes to through\u00a0uninhabited places.\",\"breadcrumb\":{\"@id\":\"https:\/\/baidariuuostas.lt\/en\/marsrutai\/dvieju-dienu\/aiseta-kiauna-zeimena\/#breadcrumb\"},\"inLanguage\":\"en-US\",\"potentialAction\":[{\"@type\":\"ReadAction\",\"target\":[\"https:\/\/baidariuuostas.lt\/en\/marsrutai\/dvieju-dienu\/aiseta-kiauna-zeimena\/\"]}]},{\"@type\":\"ImageObject\",\"inLanguage\":\"en-US\",\"@id\":\"https:\/\/baidariuuostas.lt\/en\/marsrutai\/dvieju-dienu\/aiseta-kiauna-zeimena\/#primaryimage\",\"url\":\"https:\/\/baidariuuostas.lt\/wp-content\/uploads\/2020\/06\/IMG_20200627_175817.jpg\",\"contentUrl\":\"https:\/\/baidariuuostas.lt\/wp-content\/uploads\/2020\/06\/IMG_20200627_175817.jpg\",\"width\":2500,\"height\":1875,\"caption\":\"Dviej\u0173 dien\u0173 mar\u0161rutas Aiseta \u2013 Kiauna \u2013 \u017deimena baidariuuostas.lt\"},{\"@type\":\"BreadcrumbList\",\"@id\":\"https:\/\/baidariuuostas.lt\/en\/marsrutai\/dvieju-dienu\/aiseta-kiauna-zeimena\/#breadcrumb\",\"itemListElement\":[{\"@type\":\"ListItem\",\"position\":1,\"name\":\"Home\",\"item\":\"https:\/\/baidariuuostas.lt\/\"},{\"@type\":\"ListItem\",\"position\":2,\"name\":\"Routes\",\"item\":\"https:\/\/baidariuuostas.lt\/en\/marsrutai\/\"},{\"@type\":\"ListItem\",\"position\":3,\"name\":\"Kayaking for Two days\",\"item\":\"https:\/\/baidariuuostas.lt\/en\/marsrutai\/dvieju-dienu\/\"},{\"@type\":\"ListItem\",\"position\":4,\"name\":\"Aiseta &#8211; Kiauna &#8211; \u017deimena\"}]},{\"@type\":\"WebSite\",\"@id\":\"https:\/\/baidariuuostas.lt\/en\/#website\",\"url\":\"https:\/\/baidariuuostas.lt\/en\/\",\"name\":\"Baidariuuostas.lt\",\"description\":\"Kayak rental in Auk\u0161taitija, Lithuania \u017deimena, Kiauna, B\u016bka, Lakaja and other rivers.\",\"publisher\":{\"@id\":\"https:\/\/baidariuuostas.lt\/en\/#organization\"},\"potentialAction\":[{\"@type\":\"SearchAction\",\"target\":{\"@type\":\"EntryPoint\",\"urlTemplate\":\"https:\/\/baidariuuostas.lt\/en\/?s={search_term_string}\"},\"query-input\":{\"@type\":\"PropertyValueSpecification\",\"valueRequired\":true,\"valueName\":\"search_term_string\"}}],\"inLanguage\":\"en-US\"},{\"@type\":\"Organization\",\"@id\":\"https:\/\/baidariuuostas.lt\/en\/#organization\",\"name\":\"Baidariu nuoma - baidariuuostas.lt\",\"url\":\"https:\/\/baidariuuostas.lt\/en\/\",\"logo\":{\"@type\":\"ImageObject\",\"inLanguage\":\"en-US\",\"@id\":\"https:\/\/baidariuuostas.lt\/en\/#\/schema\/logo\/image\/\",\"url\":\"https:\/\/baidariuuostas.lt\/wp-content\/uploads\/2019\/05\/BU-logo.png\",\"contentUrl\":\"https:\/\/baidariuuostas.lt\/wp-content\/uploads\/2019\/05\/BU-logo.png\",\"width\":800,\"height\":600,\"caption\":\"Baidariu nuoma - baidariuuostas.lt\"},\"image\":{\"@id\":\"https:\/\/baidariuuostas.lt\/en\/#\/schema\/logo\/image\/\"}}]}<\/script>\n<!-- \/ Yoast SEO plugin. -->","yoast_head_json":{"title":"Two day route Aiseta - Kiauna - \u017deimena for kayak rental in Lithuania","description":"A wildly\u00a0beautiful Kiauna\u00a0river flows 16 km\u00a0through Labanoras woods. Almost whole route goes to through\u00a0uninhabited places.","robots":{"index":"index","follow":"follow","max-snippet":"max-snippet:-1","max-image-preview":"max-image-preview:large","max-video-preview":"max-video-preview:-1"},"canonical":"https:\/\/baidariuuostas.lt\/en\/marsrutai\/dvieju-dienu\/aiseta-kiauna-zeimena\/","og_locale":"en_US","og_type":"article","og_title":"Two day route Aiseta - Kiauna - \u017deimena for kayak rental in Lithuania","og_description":"A wildly\u00a0beautiful Kiauna\u00a0river flows 16 km\u00a0through Labanoras woods. Almost whole route goes to through\u00a0uninhabited places.","og_url":"https:\/\/baidariuuostas.lt\/en\/marsrutai\/dvieju-dienu\/aiseta-kiauna-zeimena\/","og_site_name":"Baidariuuostas.lt","article_modified_time":"2021-06-14T17:49:44+00:00","og_image":[{"width":2500,"height":1875,"url":"https:\/\/baidariuuostas.lt\/wp-content\/uploads\/2020\/06\/IMG_20200627_175817.jpg","type":"image\/jpeg"}],"twitter_card":"summary_large_image","twitter_misc":{"Est. reading time":"5 minutes"},"schema":{"@context":"https:\/\/schema.org","@graph":[{"@type":"WebPage","@id":"https:\/\/baidariuuostas.lt\/en\/marsrutai\/dvieju-dienu\/aiseta-kiauna-zeimena\/","url":"https:\/\/baidariuuostas.lt\/en\/marsrutai\/dvieju-dienu\/aiseta-kiauna-zeimena\/","name":"Two day route Aiseta - Kiauna - \u017deimena for kayak rental in Lithuania","isPartOf":{"@id":"https:\/\/baidariuuostas.lt\/en\/#website"},"primaryImageOfPage":{"@id":"https:\/\/baidariuuostas.lt\/en\/marsrutai\/dvieju-dienu\/aiseta-kiauna-zeimena\/#primaryimage"},"image":{"@id":"https:\/\/baidariuuostas.lt\/en\/marsrutai\/dvieju-dienu\/aiseta-kiauna-zeimena\/#primaryimage"},"thumbnailUrl":"https:\/\/baidariuuostas.lt\/wp-content\/uploads\/2020\/06\/IMG_20200627_175817.jpg","datePublished":"2017-05-01T10:59:16+00:00","dateModified":"2021-06-14T17:49:44+00:00","description":"A wildly\u00a0beautiful Kiauna\u00a0river flows 16 km\u00a0through Labanoras woods. Almost whole route goes to through\u00a0uninhabited places.","breadcrumb":{"@id":"https:\/\/baidariuuostas.lt\/en\/marsrutai\/dvieju-dienu\/aiseta-kiauna-zeimena\/#breadcrumb"},"inLanguage":"en-US","potentialAction":[{"@type":"ReadAction","target":["https:\/\/baidariuuostas.lt\/en\/marsrutai\/dvieju-dienu\/aiseta-kiauna-zeimena\/"]}]},{"@type":"ImageObject","inLanguage":"en-US","@id":"https:\/\/baidariuuostas.lt\/en\/marsrutai\/dvieju-dienu\/aiseta-kiauna-zeimena\/#primaryimage","url":"https:\/\/baidariuuostas.lt\/wp-content\/uploads\/2020\/06\/IMG_20200627_175817.jpg","contentUrl":"https:\/\/baidariuuostas.lt\/wp-content\/uploads\/2020\/06\/IMG_20200627_175817.jpg","width":2500,"height":1875,"caption":"Dviej\u0173 dien\u0173 mar\u0161rutas Aiseta \u2013 Kiauna \u2013 \u017deimena baidariuuostas.lt"},{"@type":"BreadcrumbList","@id":"https:\/\/baidariuuostas.lt\/en\/marsrutai\/dvieju-dienu\/aiseta-kiauna-zeimena\/#breadcrumb","itemListElement":[{"@type":"ListItem","position":1,"name":"Home","item":"https:\/\/baidariuuostas.lt\/"},{"@type":"ListItem","position":2,"name":"Routes","item":"https:\/\/baidariuuostas.lt\/en\/marsrutai\/"},{"@type":"ListItem","position":3,"name":"Kayaking for Two days","item":"https:\/\/baidariuuostas.lt\/en\/marsrutai\/dvieju-dienu\/"},{"@type":"ListItem","position":4,"name":"Aiseta &#8211; Kiauna &#8211; \u017deimena"}]},{"@type":"WebSite","@id":"https:\/\/baidariuuostas.lt\/en\/#website","url":"https:\/\/baidariuuostas.lt\/en\/","name":"Baidariuuostas.lt","description":"Kayak rental in Auk\u0161taitija, Lithuania \u017deimena, Kiauna, B\u016bka, Lakaja and other rivers.","publisher":{"@id":"https:\/\/baidariuuostas.lt\/en\/#organization"},"potentialAction":[{"@type":"SearchAction","target":{"@type":"EntryPoint","urlTemplate":"https:\/\/baidariuuostas.lt\/en\/?s={search_term_string}"},"query-input":{"@type":"PropertyValueSpecification","valueRequired":true,"valueName":"search_term_string"}}],"inLanguage":"en-US"},{"@type":"Organization","@id":"https:\/\/baidariuuostas.lt\/en\/#organization","name":"Baidariu nuoma - baidariuuostas.lt","url":"https:\/\/baidariuuostas.lt\/en\/","logo":{"@type":"ImageObject","inLanguage":"en-US","@id":"https:\/\/baidariuuostas.lt\/en\/#\/schema\/logo\/image\/","url":"https:\/\/baidariuuostas.lt\/wp-content\/uploads\/2019\/05\/BU-logo.png","contentUrl":"https:\/\/baidariuuostas.lt\/wp-content\/uploads\/2019\/05\/BU-logo.png","width":800,"height":600,"caption":"Baidariu nuoma - baidariuuostas.lt"},"image":{"@id":"https:\/\/baidariuuostas.lt\/en\/#\/schema\/logo\/image\/"}}]}},"amp_enabled":true,"_links":{"self":[{"href":"https:\/\/baidariuuostas.lt\/en\/wp-json\/wp\/v2\/pages\/176","targetHints":{"allow":["GET"]}}],"collection":[{"href":"https:\/\/baidariuuostas.lt\/en\/wp-json\/wp\/v2\/pages"}],"about":[{"href":"https:\/\/baidariuuostas.lt\/en\/wp-json\/wp\/v2\/types\/page"}],"author":[{"embeddable":true,"href":"https:\/\/baidariuuostas.lt\/en\/wp-json\/wp\/v2\/users\/1"}],"replies":[{"embeddable":true,"href":"https:\/\/baidariuuostas.lt\/en\/wp-json\/wp\/v2\/comments?post=176"}],"version-history":[{"count":2,"href":"https:\/\/baidariuuostas.lt\/en\/wp-json\/wp\/v2\/pages\/176\/revisions"}],"predecessor-version":[{"id":4402,"href":"https:\/\/baidariuuostas.lt\/en\/wp-json\/wp\/v2\/pages\/176\/revisions\/4402"}],"up":[{"embeddable":true,"href":"https:\/\/baidariuuostas.lt\/en\/wp-json\/wp\/v2\/pages\/59"}],"wp:featuredmedia":[{"embeddable":true,"href":"https:\/\/baidariuuostas.lt\/en\/wp-json\/wp\/v2\/media\/4375"}],"wp:attachment":[{"href":"https:\/\/baidariuuostas.lt\/en\/wp-json\/wp\/v2\/media?parent=176"}],"wp:term":[{"taxonomy":"category","embeddable":true,"href":"https:\/\/baidariuuostas.lt\/en\/wp-json\/wp\/v2\/categories?post=176"}],"curies":[{"name":"wp","href":"https:\/\/api.w.org\/{rel}","templated":true}]}}