{"id":178,"date":"2017-05-01T11:01:08","date_gmt":"2017-05-01T11:01:08","guid":{"rendered":"http:\/\/www.madigital.lt\/baidariuuostas\/?page_id=178"},"modified":"2021-06-14T18:21:51","modified_gmt":"2021-06-14T18:21:51","slug":"buka-ginuciai-sakarva-kaltanenai-zeimena","status":"publish","type":"page","link":"https:\/\/baidariuuostas.lt\/en\/marsrutai\/triju-dienu\/buka-ginuciai-sakarva-kaltanenai-zeimena\/","title":{"rendered":"B\u016bka &#8211; \u0160akarva &#8211; \u017deimena"},"content":{"rendered":"<p><\/p>\n<h2>Three day route\u00a0B\u016bka \u2013 Ginu\u010diai \u2013 \u0160akarva \u2013 Kaltan\u0117nai \u2013 \u017deimena\u00a0day 1 description<\/h2>\n<p>Route goes through a forest where you can find 2-3 obstacles(fallen trees). You&#8217;ll need to lift your kayaks through it. After half of the route you&#8217;ll see Vaisnoriske village summerhouses. As you pass a wooden bridge there will be 3.5 km left to a concrete bridge, after that an extra 1.5 km will bring you to Baluosas lake. Swim through it to another side of it, you should see a white bridge and Vaizdiuske village. A swim through lake should take around 20 minutes.<\/p>\n<p>When you enter Baluosas lake on the left you&#8217;ll see ethnographic Suminai village, in which &#8220;Tadas Blinda&#8221; movie was filmed. There are 7 islands in the lake, in one of them &#8211; Ilgasale you can find a small lake with a stream. This island is nearby Trainiskis village. If you want to visit this island your route will take an extra 3 km.<\/p>\n<p>You need to swim 200 m in a short stream after crossing a white concrete bridge until you enter Baluoskystis lake. At the end of the lake on the left you&#8217;ll see Skrezda stream flowing out, it&#8217;s length only 1km before entering Srovinaitis lake. In that lake keep on the right until you see Ginuciai village with watermill. You&#8217;ll need to carry your kayaks across the road, it is recommended to visit XIX century mill&#8217;s museum. There is a shop, cafe and a place to bathe with below a\u00a0waterfall.<\/p>\n<p>You&#8217;ll continue your journey downstream a Srov\u0117 river\u00a0until on your right you&#8217;ll see Almaja river, you need to swim through it to Alamajas lake. After 400 m you&#8217;ll see a paid 1.2 km long campsite.<\/p>\n<h2>Three day route\u00a0B\u016bka \u2013 Ginu\u010diai \u2013 \u0160akarva \u2013 Kaltan\u0117nai \u2013 \u017deimena\u00a0day 2\u00a0description<\/h2>\n<p>Gr\u012f\u0161ite atgal Almajo e\u017eeru iki Almajos up\u0117s i\u0161tak\u0173. Plauksite Almajos upe iki Srov\u0117s up\u0117s ir pasuksite \u012f de\u0161in\u0119. Get back to Alamaja river through Almajas lake. After reaching Srov\u0117 river\u00a0continue your journey downstream for a 2.5 km until you get to As\u0117kas lake. There is a lot of fish in this lake. Keep \u00a0your right and after 800 m \u00a0you should see Dumblis river outflow. Careful, this river is deep, but only 800 m length. After you enter Linkmenas lake you&#8217;ll see Ladakalnis just in front of you. the sight from the hill is very beautiful, you can see 6 different lakes: As\u0117kasm Linkmenas, Alksnaitis, Alksnas, Pakasas and Ukojas.<\/p>\n<p>When you enter Linkmenas keep your left and after 700 m you&#8217;ll enter second section of Dumblis river where you&#8217;ll cross a wooden bridge. After 600 m \u00a0you&#8217;ll reach Asalnykstis lake, keep your left between a shore and Gim\u017ei\u0161k\u0117 island(one of the highest islands in Lithuania). \u00a0After a 400 m \u00a0you&#8217;ll enter a channel connecting Asalnyk\u0161tis with Asalnas lake. On the left you&#8217;ll see Puzin\u0161kis village, we recommend to visit Puzin\u0161kis Oak. After that swim through Asalnas lake on it&#8217;s right, +2.5 km and you&#8217;ll enter 1 km length strait, which connects Asalnas and L\u016b\u0161iai lakes. On the left Meironiai village, on yout right Pabir\u017e\u0117 peninsula. After entering L\u016b\u0161iai lake keep swimming froward. After you reach shore turn right and you&#8217;ll cross another channel(~60 m \u00a0width), on the left stands Pa\u0161akarvio village, on the right Ma\u010diuti\u0161kis peninsula. here starts \u0160akarva lake, one of the deepest in the AUk\u0161taitija Regional Park( 40 m depth, deepest lake is 70 m deep &#8211; Tauragnas lake). Keep rowing for an extra 2 km until you reach concrete bridge where you enter a swift 200 m length \u0160akarva stream to \u017deimena lake. On the right shore stands \u0160akarva village. Swim through lake straight about 1.5 km. On the right you will see summerhouse of Bajorai village. You should reach a place where the lake bracning to three routes. You must take middle one and after 2 km on your left you&#8217;ll see a field and a bridge, + 200 m Kretuonis stream, + 300 m paid Pakretuon\u0117 campsite. We recommend to visit Pakretuon\u0117 watermill where you can bathe below a waterfall. It is a private zone, so you need to pay to enter.<\/p>\n<h2>Three day route\u00a0B\u016bka \u2013 Ginu\u010diai \u2013 \u0160akarva \u2013 Kaltan\u0117nai \u2013 \u017deimena\u00a0day 3\u00a0description<\/h2>\n<p>Next day your journey continues on \u017deimenis lake. Turn left, lake is not wide, enjoy woods on the shores and isles in the water. AFter 3.5 km you&#8217;ll enter a narrow section of the lake with a bridge above from O\u017ekiniai village to Pakretuon\u0117 forest. For the next 1 km keep your right until you see \u017deimena river outflow. This where Kaltan\u0117nai town is.<\/p>\n<h2>About\u00a0Kaltan\u0117nai<\/h2>\n<p>Kaltan\u0117nai town was mentioned for the first time in XV century. You can visit Saint Lady church(1903-1909 m). In 1838 m \u00a0built wooden manor barn.<\/p>\n<p>After 3 km downstream on \u017deimena one the left you&#8217;ll see a small village \u0160ali\u0161k\u0117 and on the right a\u00a0tributary\u00a0Kiauna river. After 2 more kilometers you&#8217;ll swim through a village Naujoji Brasta and after 3 km more &#8211; village Lukna. After the\u00a0village you&#8217;ll see tributary Lukna. 5 km more to Jusiai village and tributary Sirg\u0117la.\u00a0It will take 6 km more to reach concrete bridge near town \u0160ven\u010dion\u0117liai, it is the finish line to this route.<\/p>\n<h2>About \u0160ven\u010dion\u0117liai<\/h2>\n<p>\u0160ven\u010dion\u0117liai was mentioned for the first time in 1686m. In 1861 a railroad between Warsaw and Saint Peterburg started running through the town. 1899 was the date for another railroad from Paneve\u017eys to Lentupiai got started, since then it is a railroad crossroads. Currently there is ~7000 residents in this town.<\/p>\n<h2>About Buka river<\/h2>\n<p>Probably the most beautiful stream in the Aukstaitija Regional Park. It starts to flow from Utenykstis lake. Only 8 km in length, a river flows calmly, untill Vaisnoriske village it is a relatively wide stream, but very shallow, after that river\u00a0narrows and swift flow even chews Buka shores. River ends after flowing in to Baluosas lake.<\/p>\n<h2>About Kiauna\u00a0River<\/h2>\n<p>A wildly\u00a0beautiful Kiauna\u00a0river flows 16 km\u00a0through Labanoras woods. Almost whole route goes to through\u00a0uninhabited places.\u00a0Even thought Kiauna is calm and not dangerous still from time to time you can find fallen trees and you&#8217;ll need to lift your kayak through it. There is a lot of small tributaries to the river, there is a lot of swift sections. You&#8217;ll see places almost entirely surrounded by swamps, forests or simply sandy\u00a0sections.\u00a0Kiauna is a perfect river to enjoy the beauty of wilderness.<\/p>\n<h2>About \u017deimena river<\/h2>\n<p>\u017deimena is 82 km length with tall sand scarps with pinewoods growing above. You&#8217;ll not be bored, it is one of the most popular rivers for kayaking. Anyone can swim it, both young and old, experiencied and newbies. A river starts in Labanoras woods from lake \u017deimenis. All the lakes of Auk\u0161taitija national park has a connection to this river. Whole river is a calm rowing of 4 days to Neris river. It is one of the cleanest rivers in Lithuania so it is the main place for salmon spawning.<\/p>","protected":false},"excerpt":{"rendered":"<p>Three day route\u00a0B\u016bka \u2013 Ginu\u010diai \u2013 \u0160akarva \u2013 Kaltan\u0117nai \u2013 \u017deimena\u00a0day 1 description Route goes through a forest where you can find 2-3 obstacles(fallen trees). You&#8217;ll need to lift your kayaks through it. After half of the route you&#8217;ll see Vaisnoriske village summerhouses. As you pass a wooden bridge there will be 3.5 km left<br \/><a class=\"moretag\" href=\"https:\/\/baidariuuostas.lt\/en\/marsrutai\/triju-dienu\/buka-ginuciai-sakarva-kaltanenai-zeimena\/\">+ Read More<\/a><\/p>\n","protected":false},"author":1,"featured_media":650,"parent":61,"menu_order":0,"comment_status":"closed","ping_status":"closed","template":"route-single.php","meta":{"footnotes":""},"categories":[],"class_list":["post-178","page","type-page","status-publish","has-post-thumbnail","hentry"],"acf":[],"yoast_head":"<!-- This site is optimized with the Yoast SEO plugin v24.2 - https:\/\/yoast.com\/wordpress\/plugins\/seo\/ -->\n<title>Three day route\u00a0B\u016bka \u2013 Ginu\u010diai \u2013 \u0160akarva \u2013 Kaltan\u0117nai \u2013 \u017deimena<\/title>\n<meta name=\"description\" content=\"Three day route yhrough Auk\u0161taitija national Park in Lithuania. Thought route is long, it is not very difficult.\" \/>\n<meta name=\"robots\" content=\"index, follow, max-snippet:-1, max-image-preview:large, max-video-preview:-1\" \/>\n<link rel=\"canonical\" href=\"https:\/\/baidariuuostas.lt\/en\/marsrutai\/triju-dienu\/buka-ginuciai-sakarva-kaltanenai-zeimena\/\" \/>\n<meta property=\"og:locale\" content=\"en_US\" \/>\n<meta property=\"og:type\" content=\"article\" \/>\n<meta property=\"og:title\" content=\"Three day route\u00a0B\u016bka \u2013 Ginu\u010diai \u2013 \u0160akarva \u2013 Kaltan\u0117nai \u2013 \u017deimena\" \/>\n<meta property=\"og:description\" content=\"Three day route yhrough Auk\u0161taitija national Park in Lithuania. Thought route is long, it is not very difficult.\" \/>\n<meta property=\"og:url\" content=\"https:\/\/baidariuuostas.lt\/en\/marsrutai\/triju-dienu\/buka-ginuciai-sakarva-kaltanenai-zeimena\/\" \/>\n<meta property=\"og:site_name\" content=\"Baidariuuostas.lt\" \/>\n<meta property=\"article:modified_time\" content=\"2021-06-14T18:21:51+00:00\" \/>\n<meta property=\"og:image\" content=\"https:\/\/baidariuuostas.lt\/wp-content\/uploads\/2019\/04\/IMG_20180526_113909.jpg\" \/>\n\t<meta property=\"og:image:width\" content=\"3648\" \/>\n\t<meta property=\"og:image:height\" content=\"2736\" \/>\n\t<meta property=\"og:image:type\" content=\"image\/jpeg\" \/>\n<meta name=\"twitter:card\" content=\"summary_large_image\" \/>\n<meta name=\"twitter:label1\" content=\"Est. reading time\" \/>\n\t<meta name=\"twitter:data1\" content=\"12 minutes\" \/>\n<script type=\"application\/ld+json\" class=\"yoast-schema-graph\">{\"@context\":\"https:\/\/schema.org\",\"@graph\":[{\"@type\":\"WebPage\",\"@id\":\"https:\/\/baidariuuostas.lt\/en\/marsrutai\/triju-dienu\/buka-ginuciai-sakarva-kaltanenai-zeimena\/\",\"url\":\"https:\/\/baidariuuostas.lt\/en\/marsrutai\/triju-dienu\/buka-ginuciai-sakarva-kaltanenai-zeimena\/\",\"name\":\"Three day route\u00a0B\u016bka \u2013 Ginu\u010diai \u2013 \u0160akarva \u2013 Kaltan\u0117nai \u2013 \u017deimena\",\"isPartOf\":{\"@id\":\"https:\/\/baidariuuostas.lt\/en\/#website\"},\"primaryImageOfPage\":{\"@id\":\"https:\/\/baidariuuostas.lt\/en\/marsrutai\/triju-dienu\/buka-ginuciai-sakarva-kaltanenai-zeimena\/#primaryimage\"},\"image\":{\"@id\":\"https:\/\/baidariuuostas.lt\/en\/marsrutai\/triju-dienu\/buka-ginuciai-sakarva-kaltanenai-zeimena\/#primaryimage\"},\"thumbnailUrl\":\"https:\/\/baidariuuostas.lt\/wp-content\/uploads\/2019\/04\/IMG_20180526_113909.jpg\",\"datePublished\":\"2017-05-01T11:01:08+00:00\",\"dateModified\":\"2021-06-14T18:21:51+00:00\",\"description\":\"Three day route yhrough Auk\u0161taitija national Park in Lithuania. Thought route is long, it is not very difficult.\",\"breadcrumb\":{\"@id\":\"https:\/\/baidariuuostas.lt\/en\/marsrutai\/triju-dienu\/buka-ginuciai-sakarva-kaltanenai-zeimena\/#breadcrumb\"},\"inLanguage\":\"en-US\",\"potentialAction\":[{\"@type\":\"ReadAction\",\"target\":[\"https:\/\/baidariuuostas.lt\/en\/marsrutai\/triju-dienu\/buka-ginuciai-sakarva-kaltanenai-zeimena\/\"]}]},{\"@type\":\"ImageObject\",\"inLanguage\":\"en-US\",\"@id\":\"https:\/\/baidariuuostas.lt\/en\/marsrutai\/triju-dienu\/buka-ginuciai-sakarva-kaltanenai-zeimena\/#primaryimage\",\"url\":\"https:\/\/baidariuuostas.lt\/wp-content\/uploads\/2019\/04\/IMG_20180526_113909.jpg\",\"contentUrl\":\"https:\/\/baidariuuostas.lt\/wp-content\/uploads\/2019\/04\/IMG_20180526_113909.jpg\",\"width\":3648,\"height\":2736,\"caption\":\"Tryj\u0173 dien\u0173 mar\u0161rutas B\u016bka - Ginu\u010diai - \u0160akarva - Kaltan\u0117nai - \u017deimena baidariuuostas.lt\"},{\"@type\":\"BreadcrumbList\",\"@id\":\"https:\/\/baidariuuostas.lt\/en\/marsrutai\/triju-dienu\/buka-ginuciai-sakarva-kaltanenai-zeimena\/#breadcrumb\",\"itemListElement\":[{\"@type\":\"ListItem\",\"position\":1,\"name\":\"Home\",\"item\":\"https:\/\/baidariuuostas.lt\/\"},{\"@type\":\"ListItem\",\"position\":2,\"name\":\"Routes\",\"item\":\"https:\/\/baidariuuostas.lt\/en\/marsrutai\/\"},{\"@type\":\"ListItem\",\"position\":3,\"name\":\"Kayaking for Three days\",\"item\":\"https:\/\/baidariuuostas.lt\/en\/marsrutai\/triju-dienu\/\"},{\"@type\":\"ListItem\",\"position\":4,\"name\":\"B\u016bka &#8211; \u0160akarva &#8211; \u017deimena\"}]},{\"@type\":\"WebSite\",\"@id\":\"https:\/\/baidariuuostas.lt\/en\/#website\",\"url\":\"https:\/\/baidariuuostas.lt\/en\/\",\"name\":\"Baidariuuostas.lt\",\"description\":\"Kayak rental in Auk\u0161taitija, Lithuania \u017deimena, Kiauna, B\u016bka, Lakaja and other rivers.\",\"publisher\":{\"@id\":\"https:\/\/baidariuuostas.lt\/en\/#organization\"},\"potentialAction\":[{\"@type\":\"SearchAction\",\"target\":{\"@type\":\"EntryPoint\",\"urlTemplate\":\"https:\/\/baidariuuostas.lt\/en\/?s={search_term_string}\"},\"query-input\":{\"@type\":\"PropertyValueSpecification\",\"valueRequired\":true,\"valueName\":\"search_term_string\"}}],\"inLanguage\":\"en-US\"},{\"@type\":\"Organization\",\"@id\":\"https:\/\/baidariuuostas.lt\/en\/#organization\",\"name\":\"Baidariu nuoma - baidariuuostas.lt\",\"url\":\"https:\/\/baidariuuostas.lt\/en\/\",\"logo\":{\"@type\":\"ImageObject\",\"inLanguage\":\"en-US\",\"@id\":\"https:\/\/baidariuuostas.lt\/en\/#\/schema\/logo\/image\/\",\"url\":\"https:\/\/baidariuuostas.lt\/wp-content\/uploads\/2019\/05\/BU-logo.png\",\"contentUrl\":\"https:\/\/baidariuuostas.lt\/wp-content\/uploads\/2019\/05\/BU-logo.png\",\"width\":800,\"height\":600,\"caption\":\"Baidariu nuoma - baidariuuostas.lt\"},\"image\":{\"@id\":\"https:\/\/baidariuuostas.lt\/en\/#\/schema\/logo\/image\/\"}}]}<\/script>\n<!-- \/ Yoast SEO plugin. -->","yoast_head_json":{"title":"Three day route\u00a0B\u016bka \u2013 Ginu\u010diai \u2013 \u0160akarva \u2013 Kaltan\u0117nai \u2013 \u017deimena","description":"Three day route yhrough Auk\u0161taitija national Park in Lithuania. Thought route is long, it is not very difficult.","robots":{"index":"index","follow":"follow","max-snippet":"max-snippet:-1","max-image-preview":"max-image-preview:large","max-video-preview":"max-video-preview:-1"},"canonical":"https:\/\/baidariuuostas.lt\/en\/marsrutai\/triju-dienu\/buka-ginuciai-sakarva-kaltanenai-zeimena\/","og_locale":"en_US","og_type":"article","og_title":"Three day route\u00a0B\u016bka \u2013 Ginu\u010diai \u2013 \u0160akarva \u2013 Kaltan\u0117nai \u2013 \u017deimena","og_description":"Three day route yhrough Auk\u0161taitija national Park in Lithuania. Thought route is long, it is not very difficult.","og_url":"https:\/\/baidariuuostas.lt\/en\/marsrutai\/triju-dienu\/buka-ginuciai-sakarva-kaltanenai-zeimena\/","og_site_name":"Baidariuuostas.lt","article_modified_time":"2021-06-14T18:21:51+00:00","og_image":[{"width":3648,"height":2736,"url":"https:\/\/baidariuuostas.lt\/wp-content\/uploads\/2019\/04\/IMG_20180526_113909.jpg","type":"image\/jpeg"}],"twitter_card":"summary_large_image","twitter_misc":{"Est. reading time":"12 minutes"},"schema":{"@context":"https:\/\/schema.org","@graph":[{"@type":"WebPage","@id":"https:\/\/baidariuuostas.lt\/en\/marsrutai\/triju-dienu\/buka-ginuciai-sakarva-kaltanenai-zeimena\/","url":"https:\/\/baidariuuostas.lt\/en\/marsrutai\/triju-dienu\/buka-ginuciai-sakarva-kaltanenai-zeimena\/","name":"Three day route\u00a0B\u016bka \u2013 Ginu\u010diai \u2013 \u0160akarva \u2013 Kaltan\u0117nai \u2013 \u017deimena","isPartOf":{"@id":"https:\/\/baidariuuostas.lt\/en\/#website"},"primaryImageOfPage":{"@id":"https:\/\/baidariuuostas.lt\/en\/marsrutai\/triju-dienu\/buka-ginuciai-sakarva-kaltanenai-zeimena\/#primaryimage"},"image":{"@id":"https:\/\/baidariuuostas.lt\/en\/marsrutai\/triju-dienu\/buka-ginuciai-sakarva-kaltanenai-zeimena\/#primaryimage"},"thumbnailUrl":"https:\/\/baidariuuostas.lt\/wp-content\/uploads\/2019\/04\/IMG_20180526_113909.jpg","datePublished":"2017-05-01T11:01:08+00:00","dateModified":"2021-06-14T18:21:51+00:00","description":"Three day route yhrough Auk\u0161taitija national Park in Lithuania. Thought route is long, it is not very difficult.","breadcrumb":{"@id":"https:\/\/baidariuuostas.lt\/en\/marsrutai\/triju-dienu\/buka-ginuciai-sakarva-kaltanenai-zeimena\/#breadcrumb"},"inLanguage":"en-US","potentialAction":[{"@type":"ReadAction","target":["https:\/\/baidariuuostas.lt\/en\/marsrutai\/triju-dienu\/buka-ginuciai-sakarva-kaltanenai-zeimena\/"]}]},{"@type":"ImageObject","inLanguage":"en-US","@id":"https:\/\/baidariuuostas.lt\/en\/marsrutai\/triju-dienu\/buka-ginuciai-sakarva-kaltanenai-zeimena\/#primaryimage","url":"https:\/\/baidariuuostas.lt\/wp-content\/uploads\/2019\/04\/IMG_20180526_113909.jpg","contentUrl":"https:\/\/baidariuuostas.lt\/wp-content\/uploads\/2019\/04\/IMG_20180526_113909.jpg","width":3648,"height":2736,"caption":"Tryj\u0173 dien\u0173 mar\u0161rutas B\u016bka - Ginu\u010diai - \u0160akarva - Kaltan\u0117nai - \u017deimena baidariuuostas.lt"},{"@type":"BreadcrumbList","@id":"https:\/\/baidariuuostas.lt\/en\/marsrutai\/triju-dienu\/buka-ginuciai-sakarva-kaltanenai-zeimena\/#breadcrumb","itemListElement":[{"@type":"ListItem","position":1,"name":"Home","item":"https:\/\/baidariuuostas.lt\/"},{"@type":"ListItem","position":2,"name":"Routes","item":"https:\/\/baidariuuostas.lt\/en\/marsrutai\/"},{"@type":"ListItem","position":3,"name":"Kayaking for Three days","item":"https:\/\/baidariuuostas.lt\/en\/marsrutai\/triju-dienu\/"},{"@type":"ListItem","position":4,"name":"B\u016bka &#8211; \u0160akarva &#8211; \u017deimena"}]},{"@type":"WebSite","@id":"https:\/\/baidariuuostas.lt\/en\/#website","url":"https:\/\/baidariuuostas.lt\/en\/","name":"Baidariuuostas.lt","description":"Kayak rental in Auk\u0161taitija, Lithuania \u017deimena, Kiauna, B\u016bka, Lakaja and other rivers.","publisher":{"@id":"https:\/\/baidariuuostas.lt\/en\/#organization"},"potentialAction":[{"@type":"SearchAction","target":{"@type":"EntryPoint","urlTemplate":"https:\/\/baidariuuostas.lt\/en\/?s={search_term_string}"},"query-input":{"@type":"PropertyValueSpecification","valueRequired":true,"valueName":"search_term_string"}}],"inLanguage":"en-US"},{"@type":"Organization","@id":"https:\/\/baidariuuostas.lt\/en\/#organization","name":"Baidariu nuoma - baidariuuostas.lt","url":"https:\/\/baidariuuostas.lt\/en\/","logo":{"@type":"ImageObject","inLanguage":"en-US","@id":"https:\/\/baidariuuostas.lt\/en\/#\/schema\/logo\/image\/","url":"https:\/\/baidariuuostas.lt\/wp-content\/uploads\/2019\/05\/BU-logo.png","contentUrl":"https:\/\/baidariuuostas.lt\/wp-content\/uploads\/2019\/05\/BU-logo.png","width":800,"height":600,"caption":"Baidariu nuoma - baidariuuostas.lt"},"image":{"@id":"https:\/\/baidariuuostas.lt\/en\/#\/schema\/logo\/image\/"}}]}},"amp_enabled":true,"_links":{"self":[{"href":"https:\/\/baidariuuostas.lt\/en\/wp-json\/wp\/v2\/pages\/178","targetHints":{"allow":["GET"]}}],"collection":[{"href":"https:\/\/baidariuuostas.lt\/en\/wp-json\/wp\/v2\/pages"}],"about":[{"href":"https:\/\/baidariuuostas.lt\/en\/wp-json\/wp\/v2\/types\/page"}],"author":[{"embeddable":true,"href":"https:\/\/baidariuuostas.lt\/en\/wp-json\/wp\/v2\/users\/1"}],"replies":[{"embeddable":true,"href":"https:\/\/baidariuuostas.lt\/en\/wp-json\/wp\/v2\/comments?post=178"}],"version-history":[{"count":1,"href":"https:\/\/baidariuuostas.lt\/en\/wp-json\/wp\/v2\/pages\/178\/revisions"}],"predecessor-version":[{"id":4404,"href":"https:\/\/baidariuuostas.lt\/en\/wp-json\/wp\/v2\/pages\/178\/revisions\/4404"}],"up":[{"embeddable":true,"href":"https:\/\/baidariuuostas.lt\/en\/wp-json\/wp\/v2\/pages\/61"}],"wp:featuredmedia":[{"embeddable":true,"href":"https:\/\/baidariuuostas.lt\/en\/wp-json\/wp\/v2\/media\/650"}],"wp:attachment":[{"href":"https:\/\/baidariuuostas.lt\/en\/wp-json\/wp\/v2\/media?parent=178"}],"wp:term":[{"taxonomy":"category","embeddable":true,"href":"https:\/\/baidariuuostas.lt\/en\/wp-json\/wp\/v2\/categories?post=178"}],"curies":[{"name":"wp","href":"https:\/\/api.w.org\/{rel}","templated":true}]}}