{"id":180,"date":"2017-05-01T11:01:27","date_gmt":"2017-05-01T11:01:27","guid":{"rendered":"http:\/\/www.madigital.lt\/baidariuuostas\/?page_id=180"},"modified":"2021-06-14T18:21:46","modified_gmt":"2021-06-14T18:21:46","slug":"aiseta-kiauna-zeimena","status":"publish","type":"page","link":"https:\/\/baidariuuostas.lt\/en\/marsrutai\/triju-dienu\/aiseta-kiauna-zeimena\/","title":{"rendered":"Aiseta &#8211; Kiauna &#8211; \u017deimena"},"content":{"rendered":"<p><\/p>\n<h2>Three\u00a0day route Aiseta &#8211; Kiauna &#8211; \u017deimena description<\/h2>\n<p>Information being prepared<\/p>\n<h2>About Kiauna\u00a0River<\/h2>\n<p>A wildly\u00a0beautiful Kiauna\u00a0river flows 16 km\u00a0through Labanoras woods. Almost whole route goes to through\u00a0uninhabited places.\u00a0Even thought Kiauna is calm and not dangerous still from time to time you can find fallen trees and you&#8217;ll need to lift your kayak through it. There is a lot of small tributaries to the river, there is a lot of swift sections. You&#8217;ll see places almost entirely surrounded by swamps, forests or simply sandy\u00a0sections.\u00a0Kiauna is a perfect river to enjoy the beauty of wilderness.<\/p>\n<h2>About \u017deimena river<\/h2>\n<p>\u017deimena is 82 km length with tall sand scarps with pinewoods growing above. You&#8217;ll not be bored, it is one of the most popular rivers for kayaking. Anyone can swim it, both young and old, experiencied and newbies. A river starts in Labanoras woods from lake \u017deimenis. All the lakes of Auk\u0161taitija national park has a connection to this river. Whole river is a calm rowing of 4 days to Neris river. It is one of the cleanest rivers in Lithuania so it is the main place for salmon spawning.<\/p>\n<h2><\/h2>\n<p><\/p>","protected":false},"excerpt":{"rendered":"<p>Three\u00a0day route Aiseta &#8211; Kiauna &#8211; \u017deimena description Information being prepared About Kiauna\u00a0River A wildly\u00a0beautiful Kiauna\u00a0river flows 16 km\u00a0through Labanoras woods. Almost whole route goes to through\u00a0uninhabited places.\u00a0Even thought Kiauna is calm and not dangerous still from time to time you can find fallen trees and you&#8217;ll need to lift your kayak through it. There<br \/><a class=\"moretag\" href=\"https:\/\/baidariuuostas.lt\/en\/marsrutai\/triju-dienu\/aiseta-kiauna-zeimena\/\">+ Read More<\/a><\/p>\n","protected":false},"author":1,"featured_media":4382,"parent":61,"menu_order":0,"comment_status":"closed","ping_status":"closed","template":"route-single.php","meta":{"footnotes":""},"categories":[],"class_list":["post-180","page","type-page","status-publish","has-post-thumbnail","hentry"],"acf":[],"yoast_head":"<!-- This site is optimized with the Yoast SEO plugin v24.2 - https:\/\/yoast.com\/wordpress\/plugins\/seo\/ -->\n<title>Three\u00a0day route Aiseta - Kiauna - \u017deimena for kayak rental in Lithuania<\/title>\n<meta name=\"description\" content=\"{en:}\u017deimena is 82 km length with tall sand scarps with pinewoods growing above. You&#039;ll not be bored, it is one of the most popular rivers for kayaking.\" \/>\n<meta name=\"robots\" content=\"index, follow, max-snippet:-1, max-image-preview:large, max-video-preview:-1\" \/>\n<link rel=\"canonical\" href=\"https:\/\/baidariuuostas.lt\/en\/marsrutai\/triju-dienu\/aiseta-kiauna-zeimena\/\" \/>\n<meta property=\"og:locale\" content=\"en_US\" \/>\n<meta property=\"og:type\" content=\"article\" \/>\n<meta property=\"og:title\" content=\"Three\u00a0day route Aiseta - Kiauna - \u017deimena for kayak rental in Lithuania\" \/>\n<meta property=\"og:description\" content=\"{en:}\u017deimena is 82 km length with tall sand scarps with pinewoods growing above. You&#039;ll not be bored, it is one of the most popular rivers for kayaking.\" \/>\n<meta property=\"og:url\" content=\"https:\/\/baidariuuostas.lt\/en\/marsrutai\/triju-dienu\/aiseta-kiauna-zeimena\/\" \/>\n<meta property=\"og:site_name\" content=\"Baidariuuostas.lt\" \/>\n<meta property=\"article:modified_time\" content=\"2021-06-14T18:21:46+00:00\" \/>\n<meta property=\"og:image\" content=\"https:\/\/baidariuuostas.lt\/wp-content\/uploads\/2020\/06\/IMG_20200627_142721.jpg\" \/>\n\t<meta property=\"og:image:width\" content=\"2500\" \/>\n\t<meta property=\"og:image:height\" content=\"1875\" \/>\n\t<meta property=\"og:image:type\" content=\"image\/jpeg\" \/>\n<meta name=\"twitter:card\" content=\"summary_large_image\" \/>\n<meta name=\"twitter:label1\" content=\"Est. reading time\" \/>\n\t<meta name=\"twitter:data1\" content=\"2 minutes\" \/>\n<script type=\"application\/ld+json\" class=\"yoast-schema-graph\">{\"@context\":\"https:\/\/schema.org\",\"@graph\":[{\"@type\":\"WebPage\",\"@id\":\"https:\/\/baidariuuostas.lt\/en\/marsrutai\/triju-dienu\/aiseta-kiauna-zeimena\/\",\"url\":\"https:\/\/baidariuuostas.lt\/en\/marsrutai\/triju-dienu\/aiseta-kiauna-zeimena\/\",\"name\":\"Three\u00a0day route Aiseta - Kiauna - \u017deimena for kayak rental in Lithuania\",\"isPartOf\":{\"@id\":\"https:\/\/baidariuuostas.lt\/en\/#website\"},\"primaryImageOfPage\":{\"@id\":\"https:\/\/baidariuuostas.lt\/en\/marsrutai\/triju-dienu\/aiseta-kiauna-zeimena\/#primaryimage\"},\"image\":{\"@id\":\"https:\/\/baidariuuostas.lt\/en\/marsrutai\/triju-dienu\/aiseta-kiauna-zeimena\/#primaryimage\"},\"thumbnailUrl\":\"https:\/\/baidariuuostas.lt\/wp-content\/uploads\/2020\/06\/IMG_20200627_142721.jpg\",\"datePublished\":\"2017-05-01T11:01:27+00:00\",\"dateModified\":\"2021-06-14T18:21:46+00:00\",\"description\":\"{en:}\u017deimena is 82 km length with tall sand scarps with pinewoods growing above. You'll not be bored, it is one of the most popular rivers for kayaking.\",\"breadcrumb\":{\"@id\":\"https:\/\/baidariuuostas.lt\/en\/marsrutai\/triju-dienu\/aiseta-kiauna-zeimena\/#breadcrumb\"},\"inLanguage\":\"en-US\",\"potentialAction\":[{\"@type\":\"ReadAction\",\"target\":[\"https:\/\/baidariuuostas.lt\/en\/marsrutai\/triju-dienu\/aiseta-kiauna-zeimena\/\"]}]},{\"@type\":\"ImageObject\",\"inLanguage\":\"en-US\",\"@id\":\"https:\/\/baidariuuostas.lt\/en\/marsrutai\/triju-dienu\/aiseta-kiauna-zeimena\/#primaryimage\",\"url\":\"https:\/\/baidariuuostas.lt\/wp-content\/uploads\/2020\/06\/IMG_20200627_142721.jpg\",\"contentUrl\":\"https:\/\/baidariuuostas.lt\/wp-content\/uploads\/2020\/06\/IMG_20200627_142721.jpg\",\"width\":2500,\"height\":1875,\"caption\":\"Trij\u0173 dien\u0173 mar\u0161rutas Aiseta \u2013 Kiauna \u2013 \u017deimena baidariuuostas.lt\"},{\"@type\":\"BreadcrumbList\",\"@id\":\"https:\/\/baidariuuostas.lt\/en\/marsrutai\/triju-dienu\/aiseta-kiauna-zeimena\/#breadcrumb\",\"itemListElement\":[{\"@type\":\"ListItem\",\"position\":1,\"name\":\"Home\",\"item\":\"https:\/\/baidariuuostas.lt\/\"},{\"@type\":\"ListItem\",\"position\":2,\"name\":\"Routes\",\"item\":\"https:\/\/baidariuuostas.lt\/en\/marsrutai\/\"},{\"@type\":\"ListItem\",\"position\":3,\"name\":\"Kayaking for Three days\",\"item\":\"https:\/\/baidariuuostas.lt\/en\/marsrutai\/triju-dienu\/\"},{\"@type\":\"ListItem\",\"position\":4,\"name\":\"Aiseta &#8211; Kiauna &#8211; \u017deimena\"}]},{\"@type\":\"WebSite\",\"@id\":\"https:\/\/baidariuuostas.lt\/en\/#website\",\"url\":\"https:\/\/baidariuuostas.lt\/en\/\",\"name\":\"Baidariuuostas.lt\",\"description\":\"Kayak rental in Auk\u0161taitija, Lithuania \u017deimena, Kiauna, B\u016bka, Lakaja and other rivers.\",\"publisher\":{\"@id\":\"https:\/\/baidariuuostas.lt\/en\/#organization\"},\"potentialAction\":[{\"@type\":\"SearchAction\",\"target\":{\"@type\":\"EntryPoint\",\"urlTemplate\":\"https:\/\/baidariuuostas.lt\/en\/?s={search_term_string}\"},\"query-input\":{\"@type\":\"PropertyValueSpecification\",\"valueRequired\":true,\"valueName\":\"search_term_string\"}}],\"inLanguage\":\"en-US\"},{\"@type\":\"Organization\",\"@id\":\"https:\/\/baidariuuostas.lt\/en\/#organization\",\"name\":\"Baidariu nuoma - baidariuuostas.lt\",\"url\":\"https:\/\/baidariuuostas.lt\/en\/\",\"logo\":{\"@type\":\"ImageObject\",\"inLanguage\":\"en-US\",\"@id\":\"https:\/\/baidariuuostas.lt\/en\/#\/schema\/logo\/image\/\",\"url\":\"https:\/\/baidariuuostas.lt\/wp-content\/uploads\/2019\/05\/BU-logo.png\",\"contentUrl\":\"https:\/\/baidariuuostas.lt\/wp-content\/uploads\/2019\/05\/BU-logo.png\",\"width\":800,\"height\":600,\"caption\":\"Baidariu nuoma - baidariuuostas.lt\"},\"image\":{\"@id\":\"https:\/\/baidariuuostas.lt\/en\/#\/schema\/logo\/image\/\"}}]}<\/script>\n<!-- \/ Yoast SEO plugin. -->","yoast_head_json":{"title":"Three\u00a0day route Aiseta - Kiauna - \u017deimena for kayak rental in Lithuania","description":"{en:}\u017deimena is 82 km length with tall sand scarps with pinewoods growing above. You'll not be bored, it is one of the most popular rivers for kayaking.","robots":{"index":"index","follow":"follow","max-snippet":"max-snippet:-1","max-image-preview":"max-image-preview:large","max-video-preview":"max-video-preview:-1"},"canonical":"https:\/\/baidariuuostas.lt\/en\/marsrutai\/triju-dienu\/aiseta-kiauna-zeimena\/","og_locale":"en_US","og_type":"article","og_title":"Three\u00a0day route Aiseta - Kiauna - \u017deimena for kayak rental in Lithuania","og_description":"{en:}\u017deimena is 82 km length with tall sand scarps with pinewoods growing above. You'll not be bored, it is one of the most popular rivers for kayaking.","og_url":"https:\/\/baidariuuostas.lt\/en\/marsrutai\/triju-dienu\/aiseta-kiauna-zeimena\/","og_site_name":"Baidariuuostas.lt","article_modified_time":"2021-06-14T18:21:46+00:00","og_image":[{"width":2500,"height":1875,"url":"https:\/\/baidariuuostas.lt\/wp-content\/uploads\/2020\/06\/IMG_20200627_142721.jpg","type":"image\/jpeg"}],"twitter_card":"summary_large_image","twitter_misc":{"Est. reading time":"2 minutes"},"schema":{"@context":"https:\/\/schema.org","@graph":[{"@type":"WebPage","@id":"https:\/\/baidariuuostas.lt\/en\/marsrutai\/triju-dienu\/aiseta-kiauna-zeimena\/","url":"https:\/\/baidariuuostas.lt\/en\/marsrutai\/triju-dienu\/aiseta-kiauna-zeimena\/","name":"Three\u00a0day route Aiseta - Kiauna - \u017deimena for kayak rental in Lithuania","isPartOf":{"@id":"https:\/\/baidariuuostas.lt\/en\/#website"},"primaryImageOfPage":{"@id":"https:\/\/baidariuuostas.lt\/en\/marsrutai\/triju-dienu\/aiseta-kiauna-zeimena\/#primaryimage"},"image":{"@id":"https:\/\/baidariuuostas.lt\/en\/marsrutai\/triju-dienu\/aiseta-kiauna-zeimena\/#primaryimage"},"thumbnailUrl":"https:\/\/baidariuuostas.lt\/wp-content\/uploads\/2020\/06\/IMG_20200627_142721.jpg","datePublished":"2017-05-01T11:01:27+00:00","dateModified":"2021-06-14T18:21:46+00:00","description":"{en:}\u017deimena is 82 km length with tall sand scarps with pinewoods growing above. You'll not be bored, it is one of the most popular rivers for kayaking.","breadcrumb":{"@id":"https:\/\/baidariuuostas.lt\/en\/marsrutai\/triju-dienu\/aiseta-kiauna-zeimena\/#breadcrumb"},"inLanguage":"en-US","potentialAction":[{"@type":"ReadAction","target":["https:\/\/baidariuuostas.lt\/en\/marsrutai\/triju-dienu\/aiseta-kiauna-zeimena\/"]}]},{"@type":"ImageObject","inLanguage":"en-US","@id":"https:\/\/baidariuuostas.lt\/en\/marsrutai\/triju-dienu\/aiseta-kiauna-zeimena\/#primaryimage","url":"https:\/\/baidariuuostas.lt\/wp-content\/uploads\/2020\/06\/IMG_20200627_142721.jpg","contentUrl":"https:\/\/baidariuuostas.lt\/wp-content\/uploads\/2020\/06\/IMG_20200627_142721.jpg","width":2500,"height":1875,"caption":"Trij\u0173 dien\u0173 mar\u0161rutas Aiseta \u2013 Kiauna \u2013 \u017deimena baidariuuostas.lt"},{"@type":"BreadcrumbList","@id":"https:\/\/baidariuuostas.lt\/en\/marsrutai\/triju-dienu\/aiseta-kiauna-zeimena\/#breadcrumb","itemListElement":[{"@type":"ListItem","position":1,"name":"Home","item":"https:\/\/baidariuuostas.lt\/"},{"@type":"ListItem","position":2,"name":"Routes","item":"https:\/\/baidariuuostas.lt\/en\/marsrutai\/"},{"@type":"ListItem","position":3,"name":"Kayaking for Three days","item":"https:\/\/baidariuuostas.lt\/en\/marsrutai\/triju-dienu\/"},{"@type":"ListItem","position":4,"name":"Aiseta &#8211; Kiauna &#8211; \u017deimena"}]},{"@type":"WebSite","@id":"https:\/\/baidariuuostas.lt\/en\/#website","url":"https:\/\/baidariuuostas.lt\/en\/","name":"Baidariuuostas.lt","description":"Kayak rental in Auk\u0161taitija, Lithuania \u017deimena, Kiauna, B\u016bka, Lakaja and other rivers.","publisher":{"@id":"https:\/\/baidariuuostas.lt\/en\/#organization"},"potentialAction":[{"@type":"SearchAction","target":{"@type":"EntryPoint","urlTemplate":"https:\/\/baidariuuostas.lt\/en\/?s={search_term_string}"},"query-input":{"@type":"PropertyValueSpecification","valueRequired":true,"valueName":"search_term_string"}}],"inLanguage":"en-US"},{"@type":"Organization","@id":"https:\/\/baidariuuostas.lt\/en\/#organization","name":"Baidariu nuoma - baidariuuostas.lt","url":"https:\/\/baidariuuostas.lt\/en\/","logo":{"@type":"ImageObject","inLanguage":"en-US","@id":"https:\/\/baidariuuostas.lt\/en\/#\/schema\/logo\/image\/","url":"https:\/\/baidariuuostas.lt\/wp-content\/uploads\/2019\/05\/BU-logo.png","contentUrl":"https:\/\/baidariuuostas.lt\/wp-content\/uploads\/2019\/05\/BU-logo.png","width":800,"height":600,"caption":"Baidariu nuoma - baidariuuostas.lt"},"image":{"@id":"https:\/\/baidariuuostas.lt\/en\/#\/schema\/logo\/image\/"}}]}},"amp_enabled":true,"_links":{"self":[{"href":"https:\/\/baidariuuostas.lt\/en\/wp-json\/wp\/v2\/pages\/180","targetHints":{"allow":["GET"]}}],"collection":[{"href":"https:\/\/baidariuuostas.lt\/en\/wp-json\/wp\/v2\/pages"}],"about":[{"href":"https:\/\/baidariuuostas.lt\/en\/wp-json\/wp\/v2\/types\/page"}],"author":[{"embeddable":true,"href":"https:\/\/baidariuuostas.lt\/en\/wp-json\/wp\/v2\/users\/1"}],"replies":[{"embeddable":true,"href":"https:\/\/baidariuuostas.lt\/en\/wp-json\/wp\/v2\/comments?post=180"}],"version-history":[{"count":2,"href":"https:\/\/baidariuuostas.lt\/en\/wp-json\/wp\/v2\/pages\/180\/revisions"}],"predecessor-version":[{"id":4403,"href":"https:\/\/baidariuuostas.lt\/en\/wp-json\/wp\/v2\/pages\/180\/revisions\/4403"}],"up":[{"embeddable":true,"href":"https:\/\/baidariuuostas.lt\/en\/wp-json\/wp\/v2\/pages\/61"}],"wp:featuredmedia":[{"embeddable":true,"href":"https:\/\/baidariuuostas.lt\/en\/wp-json\/wp\/v2\/media\/4382"}],"wp:attachment":[{"href":"https:\/\/baidariuuostas.lt\/en\/wp-json\/wp\/v2\/media?parent=180"}],"wp:term":[{"taxonomy":"category","embeddable":true,"href":"https:\/\/baidariuuostas.lt\/en\/wp-json\/wp\/v2\/categories?post=180"}],"curies":[{"name":"wp","href":"https:\/\/api.w.org\/{rel}","templated":true}]}}