{"id":4190,"date":"2020-06-07T18:04:49","date_gmt":"2020-06-07T18:04:49","guid":{"rendered":"https:\/\/baidariuuostas.lt\/?page_id=4190"},"modified":"2022-07-22T14:08:54","modified_gmt":"2022-07-22T14:08:54","slug":"baidariu-nuoma","status":"publish","type":"page","link":"https:\/\/baidariuuostas.lt\/en\/baidariu-nuoma\/","title":{"rendered":"Kayak rental"},"content":{"rendered":"<p>\n\t\t<style type=\"text\/css\">\n\t\t\t#gallery-2 {\n\t\t\t\tmargin: auto;\n\t\t\t}\n\t\t\t#gallery-2 .gallery-item {\n\t\t\t\tfloat: left;\n\t\t\t\tmargin-top: 10px;\n\t\t\t\ttext-align: center;\n\t\t\t\twidth: 33%;\n\t\t\t}\n\t\t\t#gallery-2 img {\n\t\t\t\tborder: 2px solid #cfcfcf;\n\t\t\t}\n\t\t\t#gallery-2 .gallery-caption {\n\t\t\t\tmargin-left: 0;\n\t\t\t}\n\t\t\t\/* see gallery_shortcode() in wp-includes\/media.php *\/\n\t\t<\/style>\n\t\t<div id='gallery-2' class='gallery galleryid-4190 gallery-columns-3 gallery-size-medium'><dl class='gallery-item'>\n\t\t\t<dt class='gallery-icon landscape'>\n\t\t\t\t<a href='https:\/\/baidariuuostas.lt\/wp-content\/uploads\/2020\/06\/baidariuuostas-lt-baidares-scaled.jpg'><img loading=\"lazy\" decoding=\"async\" width=\"1237\" height=\"1000\" src=\"https:\/\/baidariuuostas.lt\/wp-content\/uploads\/2020\/06\/baidariuuostas-lt-baidares-1237x1000.jpg\" class=\"attachment-medium size-medium\" alt=\"baidariuuostas.lt baidares\" srcset=\"https:\/\/baidariuuostas.lt\/wp-content\/uploads\/2020\/06\/baidariuuostas-lt-baidares-1237x1000.jpg 1237w, https:\/\/baidariuuostas.lt\/wp-content\/uploads\/2020\/06\/baidariuuostas-lt-baidares-350x283.jpg 350w, https:\/\/baidariuuostas.lt\/wp-content\/uploads\/2020\/06\/baidariuuostas-lt-baidares-1782x1440.jpg 1782w, https:\/\/baidariuuostas.lt\/wp-content\/uploads\/2020\/06\/baidariuuostas-lt-baidares-768x621.jpg 768w, https:\/\/baidariuuostas.lt\/wp-content\/uploads\/2020\/06\/baidariuuostas-lt-baidares-1536x1241.jpg 1536w, https:\/\/baidariuuostas.lt\/wp-content\/uploads\/2020\/06\/baidariuuostas-lt-baidares-2048x1655.jpg 2048w\" sizes=\"auto, (max-width: 1237px) 100vw, 1237px\" \/><\/a>\n\t\t\t<\/dt><\/dl><dl class='gallery-item'>\n\t\t\t<dt class='gallery-icon landscape'>\n\t\t\t\t<a href='https:\/\/baidariuuostas.lt\/wp-content\/uploads\/2019\/04\/IMG_20180526_131352-scaled.jpg'><img loading=\"lazy\" decoding=\"async\" width=\"1240\" height=\"930\" src=\"https:\/\/baidariuuostas.lt\/wp-content\/uploads\/2019\/04\/IMG_20180526_131352-1240x930.jpg\" class=\"attachment-medium size-medium\" alt=\"Dviej\u0173 dien\u0173 plaukimas baidar\u0117mis B\u016bka - Ginu\u010diai - Pal\u016b\u0161\u0117\" srcset=\"https:\/\/baidariuuostas.lt\/wp-content\/uploads\/2019\/04\/IMG_20180526_131352-1240x930.jpg 1240w, https:\/\/baidariuuostas.lt\/wp-content\/uploads\/2019\/04\/IMG_20180526_131352-350x263.jpg 350w, https:\/\/baidariuuostas.lt\/wp-content\/uploads\/2019\/04\/IMG_20180526_131352-1920x1440.jpg 1920w, https:\/\/baidariuuostas.lt\/wp-content\/uploads\/2019\/04\/IMG_20180526_131352-768x576.jpg 768w, https:\/\/baidariuuostas.lt\/wp-content\/uploads\/2019\/04\/IMG_20180526_131352-1536x1152.jpg 1536w, https:\/\/baidariuuostas.lt\/wp-content\/uploads\/2019\/04\/IMG_20180526_131352-2048x1536.jpg 2048w\" sizes=\"auto, (max-width: 1240px) 100vw, 1240px\" \/><\/a>\n\t\t\t<\/dt><\/dl><dl class='gallery-item'>\n\t\t\t<dt class='gallery-icon landscape'>\n\t\t\t\t<a href='https:\/\/baidariuuostas.lt\/wp-content\/uploads\/2017\/03\/viktor-jakovlev-139855.jpg'><img loading=\"lazy\" decoding=\"async\" width=\"1240\" height=\"828\" src=\"https:\/\/baidariuuostas.lt\/wp-content\/uploads\/2017\/03\/viktor-jakovlev-139855-1240x828.jpg\" class=\"attachment-medium size-medium\" alt=\"baidariu nuoma\" srcset=\"https:\/\/baidariuuostas.lt\/wp-content\/uploads\/2017\/03\/viktor-jakovlev-139855-1240x828.jpg 1240w, https:\/\/baidariuuostas.lt\/wp-content\/uploads\/2017\/03\/viktor-jakovlev-139855-350x234.jpg 350w, https:\/\/baidariuuostas.lt\/wp-content\/uploads\/2017\/03\/viktor-jakovlev-139855-768x513.jpg 768w, https:\/\/baidariuuostas.lt\/wp-content\/uploads\/2017\/03\/viktor-jakovlev-139855-1920x1282.jpg 1920w, https:\/\/baidariuuostas.lt\/wp-content\/uploads\/2017\/03\/viktor-jakovlev-139855.jpg 2048w\" sizes=\"auto, (max-width: 1240px) 100vw, 1240px\" \/><\/a>\n\t\t\t<\/dt><\/dl><br style=\"clear: both\" \/><dl class='gallery-item'>\n\t\t\t<dt class='gallery-icon landscape'>\n\t\t\t\t<a href='https:\/\/baidariuuostas.lt\/wp-content\/uploads\/2017\/05\/DirigoTandem_action4.jpg'><img loading=\"lazy\" decoding=\"async\" width=\"808\" height=\"449\" src=\"https:\/\/baidariuuostas.lt\/wp-content\/uploads\/2017\/05\/DirigoTandem_action4.jpg\" class=\"attachment-medium size-medium\" alt=\"Triviet\u0117s baidar\u0117s nuoma\" srcset=\"https:\/\/baidariuuostas.lt\/wp-content\/uploads\/2017\/05\/DirigoTandem_action4.jpg 808w, https:\/\/baidariuuostas.lt\/wp-content\/uploads\/2017\/05\/DirigoTandem_action4-350x194.jpg 350w, https:\/\/baidariuuostas.lt\/wp-content\/uploads\/2017\/05\/DirigoTandem_action4-768x427.jpg 768w\" sizes=\"auto, (max-width: 808px) 100vw, 808px\" \/><\/a>\n\t\t\t<\/dt><\/dl><dl class='gallery-item'>\n\t\t\t<dt class='gallery-icon landscape'>\n\t\t\t\t<a href='https:\/\/baidariuuostas.lt\/wp-content\/uploads\/2017\/05\/vista.jpg'><img loading=\"lazy\" decoding=\"async\" width=\"800\" height=\"533\" src=\"https:\/\/baidariuuostas.lt\/wp-content\/uploads\/2017\/05\/vista.jpg\" class=\"attachment-medium size-medium\" alt=\"baidariu vista nuoma\" srcset=\"https:\/\/baidariuuostas.lt\/wp-content\/uploads\/2017\/05\/vista.jpg 800w, https:\/\/baidariuuostas.lt\/wp-content\/uploads\/2017\/05\/vista-350x233.jpg 350w, https:\/\/baidariuuostas.lt\/wp-content\/uploads\/2017\/05\/vista-768x512.jpg 768w\" sizes=\"auto, (max-width: 800px) 100vw, 800px\" \/><\/a>\n\t\t\t<\/dt><\/dl><dl class='gallery-item'>\n\t\t\t<dt class='gallery-icon landscape'>\n\t\t\t\t<a href='https:\/\/baidariuuostas.lt\/wp-content\/uploads\/2019\/04\/2018-05-27-06.2232.jpg'><img loading=\"lazy\" decoding=\"async\" width=\"1240\" height=\"930\" src=\"https:\/\/baidariuuostas.lt\/wp-content\/uploads\/2019\/04\/2018-05-27-06.2232-1240x930.jpg\" class=\"attachment-medium size-medium\" alt=\"dviej\u0173 viet\u0173 baidar\u0117s nuoma - baidariuuostas.lt\" srcset=\"https:\/\/baidariuuostas.lt\/wp-content\/uploads\/2019\/04\/2018-05-27-06.2232-1240x930.jpg 1240w, https:\/\/baidariuuostas.lt\/wp-content\/uploads\/2019\/04\/2018-05-27-06.2232-350x263.jpg 350w, https:\/\/baidariuuostas.lt\/wp-content\/uploads\/2019\/04\/2018-05-27-06.2232-768x576.jpg 768w, https:\/\/baidariuuostas.lt\/wp-content\/uploads\/2019\/04\/2018-05-27-06.2232-1920x1440.jpg 1920w, https:\/\/baidariuuostas.lt\/wp-content\/uploads\/2019\/04\/2018-05-27-06.2232.jpg 2048w\" sizes=\"auto, (max-width: 1240px) 100vw, 1240px\" \/><\/a>\n\t\t\t<\/dt><\/dl><br style=\"clear: both\" \/>\n\t\t<\/div>\n<\/p>\n<h2>Various kayak rental<\/h2>\n<p>Our kayak rent service offers a wide range of new and high quality products.<\/p>\n<p>We offer various size kayaks, which are new and has high quality.<\/p>\n<h3 id=\"vista\">Technical data of the kayak VISTA:<\/h3>\n<p><strong>Length<\/strong>\u2013 4,85 m<br \/>\n<strong>Width<\/strong> \u2013 0,82 m<br \/>\n<strong>Freeboard depth<\/strong> \u2013 0,41 m<br \/>\n<strong>Weight<\/strong> \u2013 37 kg<br \/>\n<strong>Load-capacity<\/strong> \u2013 300 kg<\/p>\n<h3 id=\"carolina\">Technical data of the kayak CAROLINA:<\/h3>\n<p><strong>length<\/strong> \u2013 4,27 m<br \/>\n<strong>Width<\/strong>\u2013 0,62 m<br \/>\n<strong>Freeboard depth <\/strong>\u2013 0,37 m<br \/>\n<strong>Weight<\/strong> \u2013 24 kg<br \/>\n<strong>Load-capacity<\/strong> \u2013 170 kg<\/p>\n<h3 id=\"kayak\">Technical data of the kayak:<\/h3>\n<p><strong>Length <\/strong>\u2013 4,95 m<br \/>\n<strong>Width<\/strong> \u2013 0,8 m<br \/>\n<strong>Freeboard depth<\/strong> \u2013 0,35 m<br \/>\n<strong>Weight<\/strong> \u2013 32 kg<br \/>\n<strong>Load-capacity<\/strong> \u2013 200 kg<br \/>\n<strong>Max. number of passengers<\/strong> &#8211; 2 + child<\/p>\n<h3 id=\"kayak3\">Technical data of the three-seater kayaks:<\/h3>\n<p><strong>Length<\/strong> \u2013 5,80 m<br \/>\n<strong>Width<\/strong> \u2013 0,88 m<br \/>\n<strong>Freeboard depth<\/strong> \u2013 0,4 m<br \/>\n<strong>Weight<\/strong> \u2013 29 kg<br \/>\n<strong>Load-capacity<\/strong> \u2013 375 kg<\/p>","protected":false},"excerpt":{"rendered":"<p>Various kayak rental Our kayak rent service offers a wide range of new and high quality products. We offer various size kayaks, which are new and has high quality. Technical data of the kayak VISTA: Length\u2013 4,85 m Width \u2013 0,82 m Freeboard depth \u2013 0,41 m Weight \u2013 37 kg Load-capacity \u2013 300 kg<br \/><a class=\"moretag\" href=\"https:\/\/baidariuuostas.lt\/en\/baidariu-nuoma\/\">+ Read More<\/a><\/p>\n","protected":false},"author":1,"featured_media":772,"parent":0,"menu_order":0,"comment_status":"closed","ping_status":"closed","template":"","meta":{"footnotes":""},"categories":[],"class_list":["post-4190","page","type-page","status-publish","has-post-thumbnail","hentry"],"acf":[],"yoast_head":"<!-- This site is optimized with the Yoast SEO plugin v24.2 - https:\/\/yoast.com\/wordpress\/plugins\/seo\/ -->\n<title>Kayak rental in Aukstaitija, Lithuania. Zeimena, Lakaja, Buka, Kiauna and other rivers<\/title>\n<meta name=\"description\" content=\"{:en]We rent equipment needed for kayaking in Auk\u0161taitija rivers - Zeimena, Kiauna, Buka, Lakaja and others. Discount for biggers groups.\" \/>\n<meta name=\"robots\" content=\"index, follow, max-snippet:-1, max-image-preview:large, max-video-preview:-1\" \/>\n<link rel=\"canonical\" href=\"https:\/\/baidariuuostas.lt\/baidariu-nuoma\/\" \/>\n<meta property=\"og:locale\" content=\"en_US\" \/>\n<meta property=\"og:type\" content=\"article\" \/>\n<meta property=\"og:title\" content=\"[:lt]Baidairi\u0173 nuoma Auk\u0161taitijoje. \u017deimena, Kiauna, B\u016bka, Lakaja ir kt up\u0117s.[:en]Kayak rental in Aukstaitija, Lithuania. Zeimena, Lakaja, Buka, Kiauna and other rivers[:]\" \/>\n<meta property=\"og:description\" content=\"{:lt}{:en]We rent equipment needed for kayaking in Auk\u0161taitija rivers - Zeimena, Kiauna, Buka, Lakaja and others. Discount for biggers groups.Nuomajame inventori\u0173 plaukimui baidar\u0117mis Auk\u0161taitijos up\u0117mis - \u017deimena, Kiauna, B\u016bka, Lakaja. Baidari\u0173 nuoma. Didesn\u0117sms grup\u0117ms taikomos nuolaidos.{:en}{:en]We rent equipment needed for kayaking in Auk\u0161taitija rivers - Zeimena, Kiauna, Buka, Lakaja and others. Discount for biggers groups.{:}\" \/>\n<meta property=\"og:url\" content=\"https:\/\/baidariuuostas.lt\/baidariu-nuoma\/\" \/>\n<meta property=\"og:site_name\" content=\"Baidariuuostas.lt\" \/>\n<meta property=\"article:modified_time\" content=\"2022-07-22T14:08:54+00:00\" \/>\n<meta property=\"og:image\" content=\"https:\/\/baidariuuostas.lt\/wp-content\/uploads\/2017\/03\/baidariu-nuoma.jpg\" \/>\n\t<meta property=\"og:image:width\" content=\"2000\" \/>\n\t<meta property=\"og:image:height\" content=\"1500\" \/>\n\t<meta property=\"og:image:type\" content=\"image\/jpeg\" \/>\n<meta name=\"twitter:card\" content=\"summary_large_image\" \/>\n<meta name=\"twitter:label1\" content=\"Est. reading time\" \/>\n\t<meta name=\"twitter:data1\" content=\"1 minute\" \/>\n<script type=\"application\/ld+json\" class=\"yoast-schema-graph\">{\"@context\":\"https:\/\/schema.org\",\"@graph\":[{\"@type\":\"WebPage\",\"@id\":\"https:\/\/baidariuuostas.lt\/baidariu-nuoma\/\",\"url\":\"https:\/\/baidariuuostas.lt\/baidariu-nuoma\/\",\"name\":\"[:lt]Baidairi\u0173 nuoma Auk\u0161taitijoje. \u017deimena, Kiauna, B\u016bka, Lakaja ir kt up\u0117s.[:en]Kayak rental in Aukstaitija, Lithuania. Zeimena, Lakaja, Buka, Kiauna and other rivers[:]\",\"isPartOf\":{\"@id\":\"https:\/\/baidariuuostas.lt\/en\/#website\"},\"primaryImageOfPage\":{\"@id\":\"https:\/\/baidariuuostas.lt\/baidariu-nuoma\/#primaryimage\"},\"image\":{\"@id\":\"https:\/\/baidariuuostas.lt\/baidariu-nuoma\/#primaryimage\"},\"thumbnailUrl\":\"https:\/\/baidariuuostas.lt\/wp-content\/uploads\/2017\/03\/baidariu-nuoma.jpg\",\"datePublished\":\"2020-06-07T18:04:49+00:00\",\"dateModified\":\"2022-07-22T14:08:54+00:00\",\"description\":\"{:lt}{:en]We rent equipment needed for kayaking in Auk\u0161taitija rivers - Zeimena, Kiauna, Buka, Lakaja and others. Discount for biggers groups.Nuomajame inventori\u0173 plaukimui baidar\u0117mis Auk\u0161taitijos up\u0117mis - \u017deimena, Kiauna, B\u016bka, Lakaja. Baidari\u0173 nuoma. Didesn\u0117sms grup\u0117ms taikomos nuolaidos.{:en}{:en]We rent equipment needed for kayaking in Auk\u0161taitija rivers - Zeimena, Kiauna, Buka, Lakaja and others. Discount for biggers groups.{:}\",\"breadcrumb\":{\"@id\":\"https:\/\/baidariuuostas.lt\/baidariu-nuoma\/#breadcrumb\"},\"inLanguage\":\"en-US\",\"potentialAction\":[{\"@type\":\"ReadAction\",\"target\":[\"https:\/\/baidariuuostas.lt\/baidariu-nuoma\/\"]}]},{\"@type\":\"ImageObject\",\"inLanguage\":\"en-US\",\"@id\":\"https:\/\/baidariuuostas.lt\/baidariu-nuoma\/#primaryimage\",\"url\":\"https:\/\/baidariuuostas.lt\/wp-content\/uploads\/2017\/03\/baidariu-nuoma.jpg\",\"contentUrl\":\"https:\/\/baidariuuostas.lt\/wp-content\/uploads\/2017\/03\/baidariu-nuoma.jpg\",\"width\":2000,\"height\":1500,\"caption\":\"baidariu nuoma - baidariuuostas.lt\"},{\"@type\":\"BreadcrumbList\",\"@id\":\"https:\/\/baidariuuostas.lt\/baidariu-nuoma\/#breadcrumb\",\"itemListElement\":[{\"@type\":\"ListItem\",\"position\":1,\"name\":\"Home\",\"item\":\"https:\/\/baidariuuostas.lt\/\"},{\"@type\":\"ListItem\",\"position\":2,\"name\":\"Baidari\u0173 nuoma\"}]},{\"@type\":\"WebSite\",\"@id\":\"https:\/\/baidariuuostas.lt\/en\/#website\",\"url\":\"https:\/\/baidariuuostas.lt\/en\/\",\"name\":\"Baidariuuostas.lt\",\"description\":\"Kayak rental in Auk\u0161taitija, Lithuania \u017deimena, Kiauna, B\u016bka, Lakaja and other rivers.\",\"publisher\":{\"@id\":\"https:\/\/baidariuuostas.lt\/en\/#organization\"},\"potentialAction\":[{\"@type\":\"SearchAction\",\"target\":{\"@type\":\"EntryPoint\",\"urlTemplate\":\"https:\/\/baidariuuostas.lt\/en\/?s={search_term_string}\"},\"query-input\":{\"@type\":\"PropertyValueSpecification\",\"valueRequired\":true,\"valueName\":\"search_term_string\"}}],\"inLanguage\":\"en-US\"},{\"@type\":\"Organization\",\"@id\":\"https:\/\/baidariuuostas.lt\/en\/#organization\",\"name\":\"Baidariu nuoma - baidariuuostas.lt\",\"url\":\"https:\/\/baidariuuostas.lt\/en\/\",\"logo\":{\"@type\":\"ImageObject\",\"inLanguage\":\"en-US\",\"@id\":\"https:\/\/baidariuuostas.lt\/en\/#\/schema\/logo\/image\/\",\"url\":\"https:\/\/baidariuuostas.lt\/wp-content\/uploads\/2019\/05\/BU-logo.png\",\"contentUrl\":\"https:\/\/baidariuuostas.lt\/wp-content\/uploads\/2019\/05\/BU-logo.png\",\"width\":800,\"height\":600,\"caption\":\"Baidariu nuoma - baidariuuostas.lt\"},\"image\":{\"@id\":\"https:\/\/baidariuuostas.lt\/en\/#\/schema\/logo\/image\/\"}}]}<\/script>\n<!-- \/ Yoast SEO plugin. -->","yoast_head_json":{"title":"Kayak rental in Aukstaitija, Lithuania. Zeimena, Lakaja, Buka, Kiauna and other rivers","description":"{:en]We rent equipment needed for kayaking in Auk\u0161taitija rivers - Zeimena, Kiauna, Buka, Lakaja and others. Discount for biggers groups.","robots":{"index":"index","follow":"follow","max-snippet":"max-snippet:-1","max-image-preview":"max-image-preview:large","max-video-preview":"max-video-preview:-1"},"canonical":"https:\/\/baidariuuostas.lt\/baidariu-nuoma\/","og_locale":"en_US","og_type":"article","og_title":"[:lt]Baidairi\u0173 nuoma Auk\u0161taitijoje. \u017deimena, Kiauna, B\u016bka, Lakaja ir kt up\u0117s.[:en]Kayak rental in Aukstaitija, Lithuania. Zeimena, Lakaja, Buka, Kiauna and other rivers[:]","og_description":"{:lt}{:en]We rent equipment needed for kayaking in Auk\u0161taitija rivers - Zeimena, Kiauna, Buka, Lakaja and others. Discount for biggers groups.Nuomajame inventori\u0173 plaukimui baidar\u0117mis Auk\u0161taitijos up\u0117mis - \u017deimena, Kiauna, B\u016bka, Lakaja. Baidari\u0173 nuoma. Didesn\u0117sms grup\u0117ms taikomos nuolaidos.{:en}{:en]We rent equipment needed for kayaking in Auk\u0161taitija rivers - Zeimena, Kiauna, Buka, Lakaja and others. Discount for biggers groups.{:}","og_url":"https:\/\/baidariuuostas.lt\/baidariu-nuoma\/","og_site_name":"Baidariuuostas.lt","article_modified_time":"2022-07-22T14:08:54+00:00","og_image":[{"width":2000,"height":1500,"url":"https:\/\/baidariuuostas.lt\/wp-content\/uploads\/2017\/03\/baidariu-nuoma.jpg","type":"image\/jpeg"}],"twitter_card":"summary_large_image","twitter_misc":{"Est. reading time":"1 minute"},"schema":{"@context":"https:\/\/schema.org","@graph":[{"@type":"WebPage","@id":"https:\/\/baidariuuostas.lt\/baidariu-nuoma\/","url":"https:\/\/baidariuuostas.lt\/baidariu-nuoma\/","name":"[:lt]Baidairi\u0173 nuoma Auk\u0161taitijoje. \u017deimena, Kiauna, B\u016bka, Lakaja ir kt up\u0117s.[:en]Kayak rental in Aukstaitija, Lithuania. Zeimena, Lakaja, Buka, Kiauna and other rivers[:]","isPartOf":{"@id":"https:\/\/baidariuuostas.lt\/en\/#website"},"primaryImageOfPage":{"@id":"https:\/\/baidariuuostas.lt\/baidariu-nuoma\/#primaryimage"},"image":{"@id":"https:\/\/baidariuuostas.lt\/baidariu-nuoma\/#primaryimage"},"thumbnailUrl":"https:\/\/baidariuuostas.lt\/wp-content\/uploads\/2017\/03\/baidariu-nuoma.jpg","datePublished":"2020-06-07T18:04:49+00:00","dateModified":"2022-07-22T14:08:54+00:00","description":"{:lt}{:en]We rent equipment needed for kayaking in Auk\u0161taitija rivers - Zeimena, Kiauna, Buka, Lakaja and others. Discount for biggers groups.Nuomajame inventori\u0173 plaukimui baidar\u0117mis Auk\u0161taitijos up\u0117mis - \u017deimena, Kiauna, B\u016bka, Lakaja. Baidari\u0173 nuoma. Didesn\u0117sms grup\u0117ms taikomos nuolaidos.{:en}{:en]We rent equipment needed for kayaking in Auk\u0161taitija rivers - Zeimena, Kiauna, Buka, Lakaja and others. Discount for biggers groups.{:}","breadcrumb":{"@id":"https:\/\/baidariuuostas.lt\/baidariu-nuoma\/#breadcrumb"},"inLanguage":"en-US","potentialAction":[{"@type":"ReadAction","target":["https:\/\/baidariuuostas.lt\/baidariu-nuoma\/"]}]},{"@type":"ImageObject","inLanguage":"en-US","@id":"https:\/\/baidariuuostas.lt\/baidariu-nuoma\/#primaryimage","url":"https:\/\/baidariuuostas.lt\/wp-content\/uploads\/2017\/03\/baidariu-nuoma.jpg","contentUrl":"https:\/\/baidariuuostas.lt\/wp-content\/uploads\/2017\/03\/baidariu-nuoma.jpg","width":2000,"height":1500,"caption":"baidariu nuoma - baidariuuostas.lt"},{"@type":"BreadcrumbList","@id":"https:\/\/baidariuuostas.lt\/baidariu-nuoma\/#breadcrumb","itemListElement":[{"@type":"ListItem","position":1,"name":"Home","item":"https:\/\/baidariuuostas.lt\/"},{"@type":"ListItem","position":2,"name":"Baidari\u0173 nuoma"}]},{"@type":"WebSite","@id":"https:\/\/baidariuuostas.lt\/en\/#website","url":"https:\/\/baidariuuostas.lt\/en\/","name":"Baidariuuostas.lt","description":"Kayak rental in Auk\u0161taitija, Lithuania \u017deimena, Kiauna, B\u016bka, Lakaja and other rivers.","publisher":{"@id":"https:\/\/baidariuuostas.lt\/en\/#organization"},"potentialAction":[{"@type":"SearchAction","target":{"@type":"EntryPoint","urlTemplate":"https:\/\/baidariuuostas.lt\/en\/?s={search_term_string}"},"query-input":{"@type":"PropertyValueSpecification","valueRequired":true,"valueName":"search_term_string"}}],"inLanguage":"en-US"},{"@type":"Organization","@id":"https:\/\/baidariuuostas.lt\/en\/#organization","name":"Baidariu nuoma - baidariuuostas.lt","url":"https:\/\/baidariuuostas.lt\/en\/","logo":{"@type":"ImageObject","inLanguage":"en-US","@id":"https:\/\/baidariuuostas.lt\/en\/#\/schema\/logo\/image\/","url":"https:\/\/baidariuuostas.lt\/wp-content\/uploads\/2019\/05\/BU-logo.png","contentUrl":"https:\/\/baidariuuostas.lt\/wp-content\/uploads\/2019\/05\/BU-logo.png","width":800,"height":600,"caption":"Baidariu nuoma - baidariuuostas.lt"},"image":{"@id":"https:\/\/baidariuuostas.lt\/en\/#\/schema\/logo\/image\/"}}]}},"amp_enabled":true,"_links":{"self":[{"href":"https:\/\/baidariuuostas.lt\/en\/wp-json\/wp\/v2\/pages\/4190","targetHints":{"allow":["GET"]}}],"collection":[{"href":"https:\/\/baidariuuostas.lt\/en\/wp-json\/wp\/v2\/pages"}],"about":[{"href":"https:\/\/baidariuuostas.lt\/en\/wp-json\/wp\/v2\/types\/page"}],"author":[{"embeddable":true,"href":"https:\/\/baidariuuostas.lt\/en\/wp-json\/wp\/v2\/users\/1"}],"replies":[{"embeddable":true,"href":"https:\/\/baidariuuostas.lt\/en\/wp-json\/wp\/v2\/comments?post=4190"}],"version-history":[{"count":7,"href":"https:\/\/baidariuuostas.lt\/en\/wp-json\/wp\/v2\/pages\/4190\/revisions"}],"predecessor-version":[{"id":4442,"href":"https:\/\/baidariuuostas.lt\/en\/wp-json\/wp\/v2\/pages\/4190\/revisions\/4442"}],"wp:featuredmedia":[{"embeddable":true,"href":"https:\/\/baidariuuostas.lt\/en\/wp-json\/wp\/v2\/media\/772"}],"wp:attachment":[{"href":"https:\/\/baidariuuostas.lt\/en\/wp-json\/wp\/v2\/media?parent=4190"}],"wp:term":[{"taxonomy":"category","embeddable":true,"href":"https:\/\/baidariuuostas.lt\/en\/wp-json\/wp\/v2\/categories?post=4190"}],"curies":[{"name":"wp","href":"https:\/\/api.w.org\/{rel}","templated":true}]}}