{"id":4247,"date":"2020-06-09T19:24:02","date_gmt":"2020-06-09T19:24:02","guid":{"rendered":"https:\/\/baidariuuostas.lt\/?page_id=4247"},"modified":"2024-06-28T07:48:42","modified_gmt":"2024-06-28T07:48:42","slug":"kanoju-nuoma","status":"publish","type":"page","link":"https:\/\/baidariuuostas.lt\/en\/kanoju-nuoma\/","title":{"rendered":"Canoe rental"},"content":{"rendered":"<p><\/p>\n\n\t\t<style type=\"text\/css\">\n\t\t\t#gallery-2 {\n\t\t\t\tmargin: auto;\n\t\t\t}\n\t\t\t#gallery-2 .gallery-item {\n\t\t\t\tfloat: left;\n\t\t\t\tmargin-top: 10px;\n\t\t\t\ttext-align: center;\n\t\t\t\twidth: 33%;\n\t\t\t}\n\t\t\t#gallery-2 img {\n\t\t\t\tborder: 2px solid #cfcfcf;\n\t\t\t}\n\t\t\t#gallery-2 .gallery-caption {\n\t\t\t\tmargin-left: 0;\n\t\t\t}\n\t\t\t\/* see gallery_shortcode() in wp-includes\/media.php *\/\n\t\t<\/style>\n\t\t<div id='gallery-2' class='gallery galleryid-4247 gallery-columns-3 gallery-size-medium'><dl class='gallery-item'>\n\t\t\t<dt class='gallery-icon landscape'>\n\t\t\t\t<a href='https:\/\/baidariuuostas.lt\/wp-content\/uploads\/2017\/03\/kayak-429597.jpg'><img loading=\"lazy\" decoding=\"async\" width=\"1240\" height=\"801\" src=\"https:\/\/baidariuuostas.lt\/wp-content\/uploads\/2017\/03\/kayak-429597-1240x801.jpg\" class=\"attachment-medium size-medium\" alt=\"Kanoju nuoma\" srcset=\"https:\/\/baidariuuostas.lt\/wp-content\/uploads\/2017\/03\/kayak-429597-1240x801.jpg 1240w, https:\/\/baidariuuostas.lt\/wp-content\/uploads\/2017\/03\/kayak-429597-350x226.jpg 350w, https:\/\/baidariuuostas.lt\/wp-content\/uploads\/2017\/03\/kayak-429597-768x496.jpg 768w, https:\/\/baidariuuostas.lt\/wp-content\/uploads\/2017\/03\/kayak-429597-1920x1240.jpg 1920w, https:\/\/baidariuuostas.lt\/wp-content\/uploads\/2017\/03\/kayak-429597.jpg 2048w\" sizes=\"auto, (max-width: 1240px) 100vw, 1240px\" \/><\/a>\n\t\t\t<\/dt><\/dl><dl class='gallery-item'>\n\t\t\t<dt class='gallery-icon landscape'>\n\t\t\t\t<a href='https:\/\/baidariuuostas.lt\/wp-content\/uploads\/2017\/04\/DSC_0041-3.jpg'><img loading=\"lazy\" decoding=\"async\" width=\"1240\" height=\"698\" src=\"https:\/\/baidariuuostas.lt\/wp-content\/uploads\/2017\/04\/DSC_0041-3-1240x698.jpg\" class=\"attachment-medium size-medium\" alt=\"baidariuuostas.lt - Kanoj\u0173 nuoma\" srcset=\"https:\/\/baidariuuostas.lt\/wp-content\/uploads\/2017\/04\/DSC_0041-3-1240x698.jpg 1240w, https:\/\/baidariuuostas.lt\/wp-content\/uploads\/2017\/04\/DSC_0041-3-350x197.jpg 350w, https:\/\/baidariuuostas.lt\/wp-content\/uploads\/2017\/04\/DSC_0041-3-768x432.jpg 768w, https:\/\/baidariuuostas.lt\/wp-content\/uploads\/2017\/04\/DSC_0041-3-1920x1080.jpg 1920w, https:\/\/baidariuuostas.lt\/wp-content\/uploads\/2017\/04\/DSC_0041-3.jpg 2000w\" sizes=\"auto, (max-width: 1240px) 100vw, 1240px\" \/><\/a>\n\t\t\t<\/dt><\/dl><dl class='gallery-item'>\n\t\t\t<dt class='gallery-icon landscape'>\n\t\t\t\t<a href='https:\/\/baidariuuostas.lt\/wp-content\/uploads\/2017\/04\/DSC_0043-3.jpg'><img loading=\"lazy\" decoding=\"async\" width=\"1240\" height=\"698\" src=\"https:\/\/baidariuuostas.lt\/wp-content\/uploads\/2017\/04\/DSC_0043-3-1240x698.jpg\" class=\"attachment-medium size-medium\" alt=\"baidariuuostas.lt - Canoeing in Lithuania\" srcset=\"https:\/\/baidariuuostas.lt\/wp-content\/uploads\/2017\/04\/DSC_0043-3-1240x698.jpg 1240w, https:\/\/baidariuuostas.lt\/wp-content\/uploads\/2017\/04\/DSC_0043-3-350x197.jpg 350w, https:\/\/baidariuuostas.lt\/wp-content\/uploads\/2017\/04\/DSC_0043-3-768x432.jpg 768w, https:\/\/baidariuuostas.lt\/wp-content\/uploads\/2017\/04\/DSC_0043-3-1920x1080.jpg 1920w, https:\/\/baidariuuostas.lt\/wp-content\/uploads\/2017\/04\/DSC_0043-3.jpg 2000w\" sizes=\"auto, (max-width: 1240px) 100vw, 1240px\" \/><\/a>\n\t\t\t<\/dt><\/dl><br style=\"clear: both\" \/>\n\t\t<\/div>\n\n<h2>Canoeing in Lithuania<\/h2>\n<p>For those who wants other type of paddling, we offer canoes. It fits more people, perfect for families.<\/p>\n<h3>Technical data of the canoe:<\/h3>\n<p><strong>Length<\/strong> \u2013 5,10 m<br \/>\n<strong>Width<\/strong> \u2013 1,00 m<br \/>\n<strong>Freeboard depth<\/strong> \u2013 0,50 m<br \/>\n<strong>WeightSvoris<\/strong> \u2013 60 kg<br \/>\n<strong>Load-capacity<\/strong> \u2013 400 kg<\/p>","protected":false},"excerpt":{"rendered":"<p>Canoeing in Lithuania For those who wants other type of paddling, we offer canoes. It fits more people, perfect for families. Technical data of the canoe: Length \u2013 5,10 m Width \u2013 1,00 m Freeboard depth \u2013 0,50 m WeightSvoris \u2013 60 kg Load-capacity \u2013 400 kg<\/p>\n","protected":false},"author":1,"featured_media":4378,"parent":0,"menu_order":0,"comment_status":"closed","ping_status":"closed","template":"","meta":{"footnotes":""},"categories":[301],"class_list":["post-4247","page","type-page","status-publish","has-post-thumbnail","hentry","category-laivai"],"acf":[],"yoast_head":"<!-- This site is optimized with the Yoast SEO plugin v24.2 - https:\/\/yoast.com\/wordpress\/plugins\/seo\/ -->\n<title>Canoe rental in Aukstaitija, Lithuania. Zeimena, Kiauna, Lakaja, Buka and other rivers<\/title>\n<meta name=\"description\" content=\"For those who wants other type of paddling, we offer canoes. It fits more people, perfect for families.\" \/>\n<meta name=\"robots\" content=\"index, follow, max-snippet:-1, max-image-preview:large, max-video-preview:-1\" \/>\n<link rel=\"canonical\" href=\"https:\/\/baidariuuostas.lt\/kanoju-nuoma\/\" \/>\n<meta property=\"og:locale\" content=\"en_US\" \/>\n<meta property=\"og:type\" content=\"article\" \/>\n<meta property=\"og:title\" content=\"[:lt]Kanoj\u0173 nuoma Auk\u0161taitijoje. \u017deimena, Kiauna, B\u016bka, Lakaja ir kt up\u0117s.[:en]Canoe rental in Aukstaitija, Lithuania. Zeimena, Kiauna, Lakaja, Buka and other rivers[:]\" \/>\n<meta property=\"og:description\" content=\"{:lt}Nuomajame inventori\u0173 plaukimui kanojomis Auk\u0161taitijos up\u0117mis - \u017deimena, Kiauna, B\u016bka, Lakaja. Kanoj\u0173 nuoma. Didesn\u0117sms grup\u0117ms taikomos nuolaidos.{:en}For those who wants other type of paddling, we offer canoes. It fits more people, perfect for families.{:}\" \/>\n<meta property=\"og:url\" content=\"https:\/\/baidariuuostas.lt\/kanoju-nuoma\/\" \/>\n<meta property=\"og:site_name\" content=\"Baidariuuostas.lt\" \/>\n<meta property=\"article:modified_time\" content=\"2024-06-28T07:48:42+00:00\" \/>\n<meta property=\"og:image\" content=\"https:\/\/baidariuuostas.lt\/wp-content\/uploads\/2020\/06\/IMG_20200627_154018.jpg\" \/>\n\t<meta property=\"og:image:width\" content=\"2500\" \/>\n\t<meta property=\"og:image:height\" content=\"1875\" \/>\n\t<meta property=\"og:image:type\" content=\"image\/jpeg\" \/>\n<meta name=\"twitter:card\" content=\"summary_large_image\" \/>\n<meta name=\"twitter:label1\" content=\"Est. reading time\" \/>\n\t<meta name=\"twitter:data1\" content=\"1 minute\" \/>\n<script type=\"application\/ld+json\" class=\"yoast-schema-graph\">{\"@context\":\"https:\/\/schema.org\",\"@graph\":[{\"@type\":\"WebPage\",\"@id\":\"https:\/\/baidariuuostas.lt\/kanoju-nuoma\/\",\"url\":\"https:\/\/baidariuuostas.lt\/kanoju-nuoma\/\",\"name\":\"[:lt]Kanoj\u0173 nuoma Auk\u0161taitijoje. \u017deimena, Kiauna, B\u016bka, Lakaja ir kt up\u0117s.[:en]Canoe rental in Aukstaitija, Lithuania. Zeimena, Kiauna, Lakaja, Buka and other rivers[:]\",\"isPartOf\":{\"@id\":\"https:\/\/baidariuuostas.lt\/en\/#website\"},\"primaryImageOfPage\":{\"@id\":\"https:\/\/baidariuuostas.lt\/kanoju-nuoma\/#primaryimage\"},\"image\":{\"@id\":\"https:\/\/baidariuuostas.lt\/kanoju-nuoma\/#primaryimage\"},\"thumbnailUrl\":\"https:\/\/baidariuuostas.lt\/wp-content\/uploads\/2020\/06\/IMG_20200627_154018.jpg\",\"datePublished\":\"2020-06-09T19:24:02+00:00\",\"dateModified\":\"2024-06-28T07:48:42+00:00\",\"description\":\"{:lt}Nuomajame inventori\u0173 plaukimui kanojomis Auk\u0161taitijos up\u0117mis - \u017deimena, Kiauna, B\u016bka, Lakaja. Kanoj\u0173 nuoma. Didesn\u0117sms grup\u0117ms taikomos nuolaidos.{:en}For those who wants other type of paddling, we offer canoes. It fits more people, perfect for families.{:}\",\"breadcrumb\":{\"@id\":\"https:\/\/baidariuuostas.lt\/kanoju-nuoma\/#breadcrumb\"},\"inLanguage\":\"en-US\",\"potentialAction\":[{\"@type\":\"ReadAction\",\"target\":[\"https:\/\/baidariuuostas.lt\/kanoju-nuoma\/\"]}]},{\"@type\":\"ImageObject\",\"inLanguage\":\"en-US\",\"@id\":\"https:\/\/baidariuuostas.lt\/kanoju-nuoma\/#primaryimage\",\"url\":\"https:\/\/baidariuuostas.lt\/wp-content\/uploads\/2020\/06\/IMG_20200627_154018.jpg\",\"contentUrl\":\"https:\/\/baidariuuostas.lt\/wp-content\/uploads\/2020\/06\/IMG_20200627_154018.jpg\",\"width\":2500,\"height\":1875},{\"@type\":\"BreadcrumbList\",\"@id\":\"https:\/\/baidariuuostas.lt\/kanoju-nuoma\/#breadcrumb\",\"itemListElement\":[{\"@type\":\"ListItem\",\"position\":1,\"name\":\"Home\",\"item\":\"https:\/\/baidariuuostas.lt\/\"},{\"@type\":\"ListItem\",\"position\":2,\"name\":\"Kanoj\u0173 nuoma\"}]},{\"@type\":\"WebSite\",\"@id\":\"https:\/\/baidariuuostas.lt\/en\/#website\",\"url\":\"https:\/\/baidariuuostas.lt\/en\/\",\"name\":\"Baidariuuostas.lt\",\"description\":\"Kayak rental in Auk\u0161taitija, Lithuania \u017deimena, Kiauna, B\u016bka, Lakaja and other rivers.\",\"publisher\":{\"@id\":\"https:\/\/baidariuuostas.lt\/en\/#organization\"},\"potentialAction\":[{\"@type\":\"SearchAction\",\"target\":{\"@type\":\"EntryPoint\",\"urlTemplate\":\"https:\/\/baidariuuostas.lt\/en\/?s={search_term_string}\"},\"query-input\":{\"@type\":\"PropertyValueSpecification\",\"valueRequired\":true,\"valueName\":\"search_term_string\"}}],\"inLanguage\":\"en-US\"},{\"@type\":\"Organization\",\"@id\":\"https:\/\/baidariuuostas.lt\/en\/#organization\",\"name\":\"Baidariu nuoma - baidariuuostas.lt\",\"url\":\"https:\/\/baidariuuostas.lt\/en\/\",\"logo\":{\"@type\":\"ImageObject\",\"inLanguage\":\"en-US\",\"@id\":\"https:\/\/baidariuuostas.lt\/en\/#\/schema\/logo\/image\/\",\"url\":\"https:\/\/baidariuuostas.lt\/wp-content\/uploads\/2019\/05\/BU-logo.png\",\"contentUrl\":\"https:\/\/baidariuuostas.lt\/wp-content\/uploads\/2019\/05\/BU-logo.png\",\"width\":800,\"height\":600,\"caption\":\"Baidariu nuoma - baidariuuostas.lt\"},\"image\":{\"@id\":\"https:\/\/baidariuuostas.lt\/en\/#\/schema\/logo\/image\/\"}}]}<\/script>\n<!-- \/ Yoast SEO plugin. -->","yoast_head_json":{"title":"Canoe rental in Aukstaitija, Lithuania. Zeimena, Kiauna, Lakaja, Buka and other rivers","description":"For those who wants other type of paddling, we offer canoes. It fits more people, perfect for families.","robots":{"index":"index","follow":"follow","max-snippet":"max-snippet:-1","max-image-preview":"max-image-preview:large","max-video-preview":"max-video-preview:-1"},"canonical":"https:\/\/baidariuuostas.lt\/kanoju-nuoma\/","og_locale":"en_US","og_type":"article","og_title":"[:lt]Kanoj\u0173 nuoma Auk\u0161taitijoje. \u017deimena, Kiauna, B\u016bka, Lakaja ir kt up\u0117s.[:en]Canoe rental in Aukstaitija, Lithuania. Zeimena, Kiauna, Lakaja, Buka and other rivers[:]","og_description":"{:lt}Nuomajame inventori\u0173 plaukimui kanojomis Auk\u0161taitijos up\u0117mis - \u017deimena, Kiauna, B\u016bka, Lakaja. Kanoj\u0173 nuoma. Didesn\u0117sms grup\u0117ms taikomos nuolaidos.{:en}For those who wants other type of paddling, we offer canoes. It fits more people, perfect for families.{:}","og_url":"https:\/\/baidariuuostas.lt\/kanoju-nuoma\/","og_site_name":"Baidariuuostas.lt","article_modified_time":"2024-06-28T07:48:42+00:00","og_image":[{"width":2500,"height":1875,"url":"https:\/\/baidariuuostas.lt\/wp-content\/uploads\/2020\/06\/IMG_20200627_154018.jpg","type":"image\/jpeg"}],"twitter_card":"summary_large_image","twitter_misc":{"Est. reading time":"1 minute"},"schema":{"@context":"https:\/\/schema.org","@graph":[{"@type":"WebPage","@id":"https:\/\/baidariuuostas.lt\/kanoju-nuoma\/","url":"https:\/\/baidariuuostas.lt\/kanoju-nuoma\/","name":"[:lt]Kanoj\u0173 nuoma Auk\u0161taitijoje. \u017deimena, Kiauna, B\u016bka, Lakaja ir kt up\u0117s.[:en]Canoe rental in Aukstaitija, Lithuania. Zeimena, Kiauna, Lakaja, Buka and other rivers[:]","isPartOf":{"@id":"https:\/\/baidariuuostas.lt\/en\/#website"},"primaryImageOfPage":{"@id":"https:\/\/baidariuuostas.lt\/kanoju-nuoma\/#primaryimage"},"image":{"@id":"https:\/\/baidariuuostas.lt\/kanoju-nuoma\/#primaryimage"},"thumbnailUrl":"https:\/\/baidariuuostas.lt\/wp-content\/uploads\/2020\/06\/IMG_20200627_154018.jpg","datePublished":"2020-06-09T19:24:02+00:00","dateModified":"2024-06-28T07:48:42+00:00","description":"{:lt}Nuomajame inventori\u0173 plaukimui kanojomis Auk\u0161taitijos up\u0117mis - \u017deimena, Kiauna, B\u016bka, Lakaja. Kanoj\u0173 nuoma. Didesn\u0117sms grup\u0117ms taikomos nuolaidos.{:en}For those who wants other type of paddling, we offer canoes. It fits more people, perfect for families.{:}","breadcrumb":{"@id":"https:\/\/baidariuuostas.lt\/kanoju-nuoma\/#breadcrumb"},"inLanguage":"en-US","potentialAction":[{"@type":"ReadAction","target":["https:\/\/baidariuuostas.lt\/kanoju-nuoma\/"]}]},{"@type":"ImageObject","inLanguage":"en-US","@id":"https:\/\/baidariuuostas.lt\/kanoju-nuoma\/#primaryimage","url":"https:\/\/baidariuuostas.lt\/wp-content\/uploads\/2020\/06\/IMG_20200627_154018.jpg","contentUrl":"https:\/\/baidariuuostas.lt\/wp-content\/uploads\/2020\/06\/IMG_20200627_154018.jpg","width":2500,"height":1875},{"@type":"BreadcrumbList","@id":"https:\/\/baidariuuostas.lt\/kanoju-nuoma\/#breadcrumb","itemListElement":[{"@type":"ListItem","position":1,"name":"Home","item":"https:\/\/baidariuuostas.lt\/"},{"@type":"ListItem","position":2,"name":"Kanoj\u0173 nuoma"}]},{"@type":"WebSite","@id":"https:\/\/baidariuuostas.lt\/en\/#website","url":"https:\/\/baidariuuostas.lt\/en\/","name":"Baidariuuostas.lt","description":"Kayak rental in Auk\u0161taitija, Lithuania \u017deimena, Kiauna, B\u016bka, Lakaja and other rivers.","publisher":{"@id":"https:\/\/baidariuuostas.lt\/en\/#organization"},"potentialAction":[{"@type":"SearchAction","target":{"@type":"EntryPoint","urlTemplate":"https:\/\/baidariuuostas.lt\/en\/?s={search_term_string}"},"query-input":{"@type":"PropertyValueSpecification","valueRequired":true,"valueName":"search_term_string"}}],"inLanguage":"en-US"},{"@type":"Organization","@id":"https:\/\/baidariuuostas.lt\/en\/#organization","name":"Baidariu nuoma - baidariuuostas.lt","url":"https:\/\/baidariuuostas.lt\/en\/","logo":{"@type":"ImageObject","inLanguage":"en-US","@id":"https:\/\/baidariuuostas.lt\/en\/#\/schema\/logo\/image\/","url":"https:\/\/baidariuuostas.lt\/wp-content\/uploads\/2019\/05\/BU-logo.png","contentUrl":"https:\/\/baidariuuostas.lt\/wp-content\/uploads\/2019\/05\/BU-logo.png","width":800,"height":600,"caption":"Baidariu nuoma - baidariuuostas.lt"},"image":{"@id":"https:\/\/baidariuuostas.lt\/en\/#\/schema\/logo\/image\/"}}]}},"amp_enabled":true,"_links":{"self":[{"href":"https:\/\/baidariuuostas.lt\/en\/wp-json\/wp\/v2\/pages\/4247","targetHints":{"allow":["GET"]}}],"collection":[{"href":"https:\/\/baidariuuostas.lt\/en\/wp-json\/wp\/v2\/pages"}],"about":[{"href":"https:\/\/baidariuuostas.lt\/en\/wp-json\/wp\/v2\/types\/page"}],"author":[{"embeddable":true,"href":"https:\/\/baidariuuostas.lt\/en\/wp-json\/wp\/v2\/users\/1"}],"replies":[{"embeddable":true,"href":"https:\/\/baidariuuostas.lt\/en\/wp-json\/wp\/v2\/comments?post=4247"}],"version-history":[{"count":4,"href":"https:\/\/baidariuuostas.lt\/en\/wp-json\/wp\/v2\/pages\/4247\/revisions"}],"predecessor-version":[{"id":4459,"href":"https:\/\/baidariuuostas.lt\/en\/wp-json\/wp\/v2\/pages\/4247\/revisions\/4459"}],"wp:featuredmedia":[{"embeddable":true,"href":"https:\/\/baidariuuostas.lt\/en\/wp-json\/wp\/v2\/media\/4378"}],"wp:attachment":[{"href":"https:\/\/baidariuuostas.lt\/en\/wp-json\/wp\/v2\/media?parent=4247"}],"wp:term":[{"taxonomy":"category","embeddable":true,"href":"https:\/\/baidariuuostas.lt\/en\/wp-json\/wp\/v2\/categories?post=4247"}],"curies":[{"name":"wp","href":"https:\/\/api.w.org\/{rel}","templated":true}]}}