{"id":4252,"date":"2020-06-09T19:40:58","date_gmt":"2020-06-09T19:40:58","guid":{"rendered":"https:\/\/baidariuuostas.lt\/?page_id=4252"},"modified":"2024-06-28T07:46:17","modified_gmt":"2024-06-28T07:46:17","slug":"irklenciu-nuoma","status":"publish","type":"page","link":"https:\/\/baidariuuostas.lt\/en\/irklenciu-nuoma\/","title":{"rendered":"Paddle board rental"},"content":{"rendered":"<p><\/p>\n\n\t\t<style type=\"text\/css\">\n\t\t\t#gallery-2 {\n\t\t\t\tmargin: auto;\n\t\t\t}\n\t\t\t#gallery-2 .gallery-item {\n\t\t\t\tfloat: left;\n\t\t\t\tmargin-top: 10px;\n\t\t\t\ttext-align: center;\n\t\t\t\twidth: 33%;\n\t\t\t}\n\t\t\t#gallery-2 img {\n\t\t\t\tborder: 2px solid #cfcfcf;\n\t\t\t}\n\t\t\t#gallery-2 .gallery-caption {\n\t\t\t\tmargin-left: 0;\n\t\t\t}\n\t\t\t\/* see gallery_shortcode() in wp-includes\/media.php *\/\n\t\t<\/style>\n\t\t<div id='gallery-2' class='gallery galleryid-4252 gallery-columns-3 gallery-size-medium'><dl class='gallery-item'>\n\t\t\t<dt class='gallery-icon landscape'>\n\t\t\t\t<a href='https:\/\/baidariuuostas.lt\/wp-content\/uploads\/2019\/05\/vaiksciok-ant-vandens-plaukimas-irklente-ignalinos-apylinkese-2.jpg'><img loading=\"lazy\" decoding=\"async\" width=\"1240\" height=\"828\" src=\"https:\/\/baidariuuostas.lt\/wp-content\/uploads\/2019\/05\/vaiksciok-ant-vandens-plaukimas-irklente-ignalinos-apylinkese-2-1240x828.jpg\" class=\"attachment-medium size-medium\" alt=\"baidariuuostas.lt - SUP&#039;\u0173 Nuoma Auk\u0161taitijoje\" srcset=\"https:\/\/baidariuuostas.lt\/wp-content\/uploads\/2019\/05\/vaiksciok-ant-vandens-plaukimas-irklente-ignalinos-apylinkese-2-1240x828.jpg 1240w, https:\/\/baidariuuostas.lt\/wp-content\/uploads\/2019\/05\/vaiksciok-ant-vandens-plaukimas-irklente-ignalinos-apylinkese-2-350x234.jpg 350w, https:\/\/baidariuuostas.lt\/wp-content\/uploads\/2019\/05\/vaiksciok-ant-vandens-plaukimas-irklente-ignalinos-apylinkese-2-768x513.jpg 768w, https:\/\/baidariuuostas.lt\/wp-content\/uploads\/2019\/05\/vaiksciok-ant-vandens-plaukimas-irklente-ignalinos-apylinkese-2-1920x1282.jpg 1920w, https:\/\/baidariuuostas.lt\/wp-content\/uploads\/2019\/05\/vaiksciok-ant-vandens-plaukimas-irklente-ignalinos-apylinkese-2.jpg 2000w\" sizes=\"auto, (max-width: 1240px) 100vw, 1240px\" \/><\/a>\n\t\t\t<\/dt><\/dl><dl class='gallery-item'>\n\t\t\t<dt class='gallery-icon landscape'>\n\t\t\t\t<a href='https:\/\/baidariuuostas.lt\/wp-content\/uploads\/2019\/05\/vaiksciok-ant-vandens-plaukimas-irklente-ignalinos-apylinkese-1-2.jpg'><img loading=\"lazy\" decoding=\"async\" width=\"1240\" height=\"828\" src=\"https:\/\/baidariuuostas.lt\/wp-content\/uploads\/2019\/05\/vaiksciok-ant-vandens-plaukimas-irklente-ignalinos-apylinkese-1-2-1240x828.jpg\" class=\"attachment-medium size-medium\" alt=\"baidariuuostas.lt - Irklen\u010di\u0173 Nuoma Auk\u0161taitijoje\" srcset=\"https:\/\/baidariuuostas.lt\/wp-content\/uploads\/2019\/05\/vaiksciok-ant-vandens-plaukimas-irklente-ignalinos-apylinkese-1-2-1240x828.jpg 1240w, https:\/\/baidariuuostas.lt\/wp-content\/uploads\/2019\/05\/vaiksciok-ant-vandens-plaukimas-irklente-ignalinos-apylinkese-1-2-350x234.jpg 350w, https:\/\/baidariuuostas.lt\/wp-content\/uploads\/2019\/05\/vaiksciok-ant-vandens-plaukimas-irklente-ignalinos-apylinkese-1-2-768x513.jpg 768w, https:\/\/baidariuuostas.lt\/wp-content\/uploads\/2019\/05\/vaiksciok-ant-vandens-plaukimas-irklente-ignalinos-apylinkese-1-2-1920x1282.jpg 1920w, https:\/\/baidariuuostas.lt\/wp-content\/uploads\/2019\/05\/vaiksciok-ant-vandens-plaukimas-irklente-ignalinos-apylinkese-1-2.jpg 2000w\" sizes=\"auto, (max-width: 1240px) 100vw, 1240px\" \/><\/a>\n\t\t\t<\/dt><\/dl><dl class='gallery-item'>\n\t\t\t<dt class='gallery-icon landscape'>\n\t\t\t\t<a href='https:\/\/baidariuuostas.lt\/wp-content\/uploads\/2017\/04\/paddling-1393620.jpg'><img loading=\"lazy\" decoding=\"async\" width=\"1240\" height=\"698\" src=\"https:\/\/baidariuuostas.lt\/wp-content\/uploads\/2017\/04\/paddling-1393620-1240x698.jpg\" class=\"attachment-medium size-medium\" alt=\"irklenciu nuoma aukstaitijoje\" srcset=\"https:\/\/baidariuuostas.lt\/wp-content\/uploads\/2017\/04\/paddling-1393620-1240x698.jpg 1240w, https:\/\/baidariuuostas.lt\/wp-content\/uploads\/2017\/04\/paddling-1393620-350x197.jpg 350w, https:\/\/baidariuuostas.lt\/wp-content\/uploads\/2017\/04\/paddling-1393620-768x432.jpg 768w, https:\/\/baidariuuostas.lt\/wp-content\/uploads\/2017\/04\/paddling-1393620-1920x1080.jpg 1920w, https:\/\/baidariuuostas.lt\/wp-content\/uploads\/2017\/04\/paddling-1393620.jpg 2048w\" sizes=\"auto, (max-width: 1240px) 100vw, 1240px\" \/><\/a>\n\t\t\t<\/dt><\/dl><br style=\"clear: both\" \/><dl class='gallery-item'>\n\t\t\t<dt class='gallery-icon landscape'>\n\t\t\t\t<a href='https:\/\/baidariuuostas.lt\/wp-content\/uploads\/2017\/04\/ben-white-131242.jpg'><img loading=\"lazy\" decoding=\"async\" width=\"1240\" height=\"828\" src=\"https:\/\/baidariuuostas.lt\/wp-content\/uploads\/2017\/04\/ben-white-131242-1240x828.jpg\" class=\"attachment-medium size-medium\" alt=\"irklenciu nuoma\" srcset=\"https:\/\/baidariuuostas.lt\/wp-content\/uploads\/2017\/04\/ben-white-131242-1240x828.jpg 1240w, https:\/\/baidariuuostas.lt\/wp-content\/uploads\/2017\/04\/ben-white-131242-350x234.jpg 350w, https:\/\/baidariuuostas.lt\/wp-content\/uploads\/2017\/04\/ben-white-131242-768x513.jpg 768w, https:\/\/baidariuuostas.lt\/wp-content\/uploads\/2017\/04\/ben-white-131242-1920x1282.jpg 1920w, https:\/\/baidariuuostas.lt\/wp-content\/uploads\/2017\/04\/ben-white-131242.jpg 2048w\" sizes=\"auto, (max-width: 1240px) 100vw, 1240px\" \/><\/a>\n\t\t\t<\/dt><\/dl>\n\t\t\t<br style='clear: both' \/>\n\t\t<\/div>\n\n<h2>Paddle board rental<\/h2>\n<p>Paddle board rental in Lithuania near lake Lusiai. Recommended for anybody who want a new challenge. Where to do it better than in the region of lakes, Highlands of Lithuania &#8211; Aukstaitija, surrounded by the beautiful nature of Baltics States.<\/p>","protected":false},"excerpt":{"rendered":"<p>Paddle board rental Paddle board rental in Lithuania near lake Lusiai. Recommended for anybody who want a new challenge. Where to do it better than in the region of lakes, Highlands of Lithuania &#8211; Aukstaitija, surrounded by the beautiful nature of Baltics States.<\/p>\n","protected":false},"author":1,"featured_media":263,"parent":0,"menu_order":0,"comment_status":"closed","ping_status":"closed","template":"","meta":{"footnotes":""},"categories":[301],"class_list":["post-4252","page","type-page","status-publish","has-post-thumbnail","hentry","category-laivai"],"acf":[],"yoast_head":"<!-- This site is optimized with the Yoast SEO plugin v24.2 - https:\/\/yoast.com\/wordpress\/plugins\/seo\/ -->\n<title>SUP Rental. Supping in lake L\u016b\u0161ys, Auk\u0161taitija National Park, Lithuania<\/title>\n<meta name=\"description\" content=\"Paddle board rental for those who want a new challenge. Where to do it better than in the nature?\" \/>\n<meta name=\"robots\" content=\"index, follow, max-snippet:-1, max-image-preview:large, max-video-preview:-1\" \/>\n<link rel=\"canonical\" href=\"https:\/\/baidariuuostas.lt\/irklenciu-nuoma\/\" \/>\n<meta property=\"og:locale\" content=\"en_US\" \/>\n<meta property=\"og:type\" content=\"article\" \/>\n<meta property=\"og:title\" content=\"[:lt]Irklen\u010di\u0173(SUP&#039;\u0173) Nuoma Auk\u0161taitijos Nacionaliniame Parke, L\u016b\u0161io e\u017eere.[:en]SUP Rental. Supping in lake L\u016b\u0161ys, Auk\u0161taitija National Park, Lithuania[:]\" \/>\n<meta property=\"og:description\" content=\"{:lt}Nuomajame inventori\u0173 plaukiojimui irklent\u0117mis(SUP&#039;ais) Auk\u0161taitijoje. Irklen\u010di\u0173 nuoma u\u017esiimame prie L\u016b\u0161io e\u017eero Pal\u016b\u0161\u0117je. {:en}Paddle board rental for those who want a new challenge. Where to do it better than in the nature?{:}\" \/>\n<meta property=\"og:url\" content=\"https:\/\/baidariuuostas.lt\/irklenciu-nuoma\/\" \/>\n<meta property=\"og:site_name\" content=\"Baidariuuostas.lt\" \/>\n<meta property=\"article:modified_time\" content=\"2024-06-28T07:46:17+00:00\" \/>\n<meta property=\"og:image\" content=\"https:\/\/baidariuuostas.lt\/wp-content\/uploads\/2017\/04\/aditya-siva-155273.jpg\" \/>\n\t<meta property=\"og:image:width\" content=\"2048\" \/>\n\t<meta property=\"og:image:height\" content=\"1248\" \/>\n\t<meta property=\"og:image:type\" content=\"image\/jpeg\" \/>\n<meta name=\"twitter:card\" content=\"summary_large_image\" \/>\n<meta name=\"twitter:label1\" content=\"Est. reading time\" \/>\n\t<meta name=\"twitter:data1\" content=\"1 minute\" \/>\n<script type=\"application\/ld+json\" class=\"yoast-schema-graph\">{\"@context\":\"https:\/\/schema.org\",\"@graph\":[{\"@type\":\"WebPage\",\"@id\":\"https:\/\/baidariuuostas.lt\/irklenciu-nuoma\/\",\"url\":\"https:\/\/baidariuuostas.lt\/irklenciu-nuoma\/\",\"name\":\"[:lt]Irklen\u010di\u0173(SUP'\u0173) Nuoma Auk\u0161taitijos Nacionaliniame Parke, L\u016b\u0161io e\u017eere.[:en]SUP Rental. Supping in lake L\u016b\u0161ys, Auk\u0161taitija National Park, Lithuania[:]\",\"isPartOf\":{\"@id\":\"https:\/\/baidariuuostas.lt\/en\/#website\"},\"primaryImageOfPage\":{\"@id\":\"https:\/\/baidariuuostas.lt\/irklenciu-nuoma\/#primaryimage\"},\"image\":{\"@id\":\"https:\/\/baidariuuostas.lt\/irklenciu-nuoma\/#primaryimage\"},\"thumbnailUrl\":\"https:\/\/baidariuuostas.lt\/wp-content\/uploads\/2017\/04\/aditya-siva-155273.jpg\",\"datePublished\":\"2020-06-09T19:40:58+00:00\",\"dateModified\":\"2024-06-28T07:46:17+00:00\",\"description\":\"{:lt}Nuomajame inventori\u0173 plaukiojimui irklent\u0117mis(SUP'ais) Auk\u0161taitijoje. Irklen\u010di\u0173 nuoma u\u017esiimame prie L\u016b\u0161io e\u017eero Pal\u016b\u0161\u0117je. {:en}Paddle board rental for those who want a new challenge. Where to do it better than in the nature?{:}\",\"breadcrumb\":{\"@id\":\"https:\/\/baidariuuostas.lt\/irklenciu-nuoma\/#breadcrumb\"},\"inLanguage\":\"en-US\",\"potentialAction\":[{\"@type\":\"ReadAction\",\"target\":[\"https:\/\/baidariuuostas.lt\/irklenciu-nuoma\/\"]}]},{\"@type\":\"ImageObject\",\"inLanguage\":\"en-US\",\"@id\":\"https:\/\/baidariuuostas.lt\/irklenciu-nuoma\/#primaryimage\",\"url\":\"https:\/\/baidariuuostas.lt\/wp-content\/uploads\/2017\/04\/aditya-siva-155273.jpg\",\"contentUrl\":\"https:\/\/baidariuuostas.lt\/wp-content\/uploads\/2017\/04\/aditya-siva-155273.jpg\",\"width\":2048,\"height\":1248,\"caption\":\"irklenciu nuoma\"},{\"@type\":\"BreadcrumbList\",\"@id\":\"https:\/\/baidariuuostas.lt\/irklenciu-nuoma\/#breadcrumb\",\"itemListElement\":[{\"@type\":\"ListItem\",\"position\":1,\"name\":\"Home\",\"item\":\"https:\/\/baidariuuostas.lt\/\"},{\"@type\":\"ListItem\",\"position\":2,\"name\":\"Irklen\u010di\u0173 nuoma\"}]},{\"@type\":\"WebSite\",\"@id\":\"https:\/\/baidariuuostas.lt\/en\/#website\",\"url\":\"https:\/\/baidariuuostas.lt\/en\/\",\"name\":\"Baidariuuostas.lt\",\"description\":\"Kayak rental in Auk\u0161taitija, Lithuania \u017deimena, Kiauna, B\u016bka, Lakaja and other rivers.\",\"publisher\":{\"@id\":\"https:\/\/baidariuuostas.lt\/en\/#organization\"},\"potentialAction\":[{\"@type\":\"SearchAction\",\"target\":{\"@type\":\"EntryPoint\",\"urlTemplate\":\"https:\/\/baidariuuostas.lt\/en\/?s={search_term_string}\"},\"query-input\":{\"@type\":\"PropertyValueSpecification\",\"valueRequired\":true,\"valueName\":\"search_term_string\"}}],\"inLanguage\":\"en-US\"},{\"@type\":\"Organization\",\"@id\":\"https:\/\/baidariuuostas.lt\/en\/#organization\",\"name\":\"Baidariu nuoma - baidariuuostas.lt\",\"url\":\"https:\/\/baidariuuostas.lt\/en\/\",\"logo\":{\"@type\":\"ImageObject\",\"inLanguage\":\"en-US\",\"@id\":\"https:\/\/baidariuuostas.lt\/en\/#\/schema\/logo\/image\/\",\"url\":\"https:\/\/baidariuuostas.lt\/wp-content\/uploads\/2019\/05\/BU-logo.png\",\"contentUrl\":\"https:\/\/baidariuuostas.lt\/wp-content\/uploads\/2019\/05\/BU-logo.png\",\"width\":800,\"height\":600,\"caption\":\"Baidariu nuoma - baidariuuostas.lt\"},\"image\":{\"@id\":\"https:\/\/baidariuuostas.lt\/en\/#\/schema\/logo\/image\/\"}}]}<\/script>\n<!-- \/ Yoast SEO plugin. -->","yoast_head_json":{"title":"SUP Rental. Supping in lake L\u016b\u0161ys, Auk\u0161taitija National Park, Lithuania","description":"Paddle board rental for those who want a new challenge. Where to do it better than in the nature?","robots":{"index":"index","follow":"follow","max-snippet":"max-snippet:-1","max-image-preview":"max-image-preview:large","max-video-preview":"max-video-preview:-1"},"canonical":"https:\/\/baidariuuostas.lt\/irklenciu-nuoma\/","og_locale":"en_US","og_type":"article","og_title":"[:lt]Irklen\u010di\u0173(SUP'\u0173) Nuoma Auk\u0161taitijos Nacionaliniame Parke, L\u016b\u0161io e\u017eere.[:en]SUP Rental. Supping in lake L\u016b\u0161ys, Auk\u0161taitija National Park, Lithuania[:]","og_description":"{:lt}Nuomajame inventori\u0173 plaukiojimui irklent\u0117mis(SUP'ais) Auk\u0161taitijoje. Irklen\u010di\u0173 nuoma u\u017esiimame prie L\u016b\u0161io e\u017eero Pal\u016b\u0161\u0117je. {:en}Paddle board rental for those who want a new challenge. Where to do it better than in the nature?{:}","og_url":"https:\/\/baidariuuostas.lt\/irklenciu-nuoma\/","og_site_name":"Baidariuuostas.lt","article_modified_time":"2024-06-28T07:46:17+00:00","og_image":[{"width":2048,"height":1248,"url":"https:\/\/baidariuuostas.lt\/wp-content\/uploads\/2017\/04\/aditya-siva-155273.jpg","type":"image\/jpeg"}],"twitter_card":"summary_large_image","twitter_misc":{"Est. reading time":"1 minute"},"schema":{"@context":"https:\/\/schema.org","@graph":[{"@type":"WebPage","@id":"https:\/\/baidariuuostas.lt\/irklenciu-nuoma\/","url":"https:\/\/baidariuuostas.lt\/irklenciu-nuoma\/","name":"[:lt]Irklen\u010di\u0173(SUP'\u0173) Nuoma Auk\u0161taitijos Nacionaliniame Parke, L\u016b\u0161io e\u017eere.[:en]SUP Rental. Supping in lake L\u016b\u0161ys, Auk\u0161taitija National Park, Lithuania[:]","isPartOf":{"@id":"https:\/\/baidariuuostas.lt\/en\/#website"},"primaryImageOfPage":{"@id":"https:\/\/baidariuuostas.lt\/irklenciu-nuoma\/#primaryimage"},"image":{"@id":"https:\/\/baidariuuostas.lt\/irklenciu-nuoma\/#primaryimage"},"thumbnailUrl":"https:\/\/baidariuuostas.lt\/wp-content\/uploads\/2017\/04\/aditya-siva-155273.jpg","datePublished":"2020-06-09T19:40:58+00:00","dateModified":"2024-06-28T07:46:17+00:00","description":"{:lt}Nuomajame inventori\u0173 plaukiojimui irklent\u0117mis(SUP'ais) Auk\u0161taitijoje. Irklen\u010di\u0173 nuoma u\u017esiimame prie L\u016b\u0161io e\u017eero Pal\u016b\u0161\u0117je. {:en}Paddle board rental for those who want a new challenge. Where to do it better than in the nature?{:}","breadcrumb":{"@id":"https:\/\/baidariuuostas.lt\/irklenciu-nuoma\/#breadcrumb"},"inLanguage":"en-US","potentialAction":[{"@type":"ReadAction","target":["https:\/\/baidariuuostas.lt\/irklenciu-nuoma\/"]}]},{"@type":"ImageObject","inLanguage":"en-US","@id":"https:\/\/baidariuuostas.lt\/irklenciu-nuoma\/#primaryimage","url":"https:\/\/baidariuuostas.lt\/wp-content\/uploads\/2017\/04\/aditya-siva-155273.jpg","contentUrl":"https:\/\/baidariuuostas.lt\/wp-content\/uploads\/2017\/04\/aditya-siva-155273.jpg","width":2048,"height":1248,"caption":"irklenciu nuoma"},{"@type":"BreadcrumbList","@id":"https:\/\/baidariuuostas.lt\/irklenciu-nuoma\/#breadcrumb","itemListElement":[{"@type":"ListItem","position":1,"name":"Home","item":"https:\/\/baidariuuostas.lt\/"},{"@type":"ListItem","position":2,"name":"Irklen\u010di\u0173 nuoma"}]},{"@type":"WebSite","@id":"https:\/\/baidariuuostas.lt\/en\/#website","url":"https:\/\/baidariuuostas.lt\/en\/","name":"Baidariuuostas.lt","description":"Kayak rental in Auk\u0161taitija, Lithuania \u017deimena, Kiauna, B\u016bka, Lakaja and other rivers.","publisher":{"@id":"https:\/\/baidariuuostas.lt\/en\/#organization"},"potentialAction":[{"@type":"SearchAction","target":{"@type":"EntryPoint","urlTemplate":"https:\/\/baidariuuostas.lt\/en\/?s={search_term_string}"},"query-input":{"@type":"PropertyValueSpecification","valueRequired":true,"valueName":"search_term_string"}}],"inLanguage":"en-US"},{"@type":"Organization","@id":"https:\/\/baidariuuostas.lt\/en\/#organization","name":"Baidariu nuoma - baidariuuostas.lt","url":"https:\/\/baidariuuostas.lt\/en\/","logo":{"@type":"ImageObject","inLanguage":"en-US","@id":"https:\/\/baidariuuostas.lt\/en\/#\/schema\/logo\/image\/","url":"https:\/\/baidariuuostas.lt\/wp-content\/uploads\/2019\/05\/BU-logo.png","contentUrl":"https:\/\/baidariuuostas.lt\/wp-content\/uploads\/2019\/05\/BU-logo.png","width":800,"height":600,"caption":"Baidariu nuoma - baidariuuostas.lt"},"image":{"@id":"https:\/\/baidariuuostas.lt\/en\/#\/schema\/logo\/image\/"}}]}},"amp_enabled":true,"_links":{"self":[{"href":"https:\/\/baidariuuostas.lt\/en\/wp-json\/wp\/v2\/pages\/4252","targetHints":{"allow":["GET"]}}],"collection":[{"href":"https:\/\/baidariuuostas.lt\/en\/wp-json\/wp\/v2\/pages"}],"about":[{"href":"https:\/\/baidariuuostas.lt\/en\/wp-json\/wp\/v2\/types\/page"}],"author":[{"embeddable":true,"href":"https:\/\/baidariuuostas.lt\/en\/wp-json\/wp\/v2\/users\/1"}],"replies":[{"embeddable":true,"href":"https:\/\/baidariuuostas.lt\/en\/wp-json\/wp\/v2\/comments?post=4252"}],"version-history":[{"count":6,"href":"https:\/\/baidariuuostas.lt\/en\/wp-json\/wp\/v2\/pages\/4252\/revisions"}],"predecessor-version":[{"id":4458,"href":"https:\/\/baidariuuostas.lt\/en\/wp-json\/wp\/v2\/pages\/4252\/revisions\/4458"}],"wp:featuredmedia":[{"embeddable":true,"href":"https:\/\/baidariuuostas.lt\/en\/wp-json\/wp\/v2\/media\/263"}],"wp:attachment":[{"href":"https:\/\/baidariuuostas.lt\/en\/wp-json\/wp\/v2\/media?parent=4252"}],"wp:term":[{"taxonomy":"category","embeddable":true,"href":"https:\/\/baidariuuostas.lt\/en\/wp-json\/wp\/v2\/categories?post=4252"}],"curies":[{"name":"wp","href":"https:\/\/api.w.org\/{rel}","templated":true}]}}