{"id":4255,"date":"2020-06-09T19:51:28","date_gmt":"2020-06-09T19:51:28","guid":{"rendered":"https:\/\/baidariuuostas.lt\/?page_id=4255"},"modified":"2022-07-19T08:37:25","modified_gmt":"2022-07-19T08:37:25","slug":"valciu-nuoma","status":"publish","type":"page","link":"https:\/\/baidariuuostas.lt\/en\/valciu-nuoma\/","title":{"rendered":"Boat Rental"},"content":{"rendered":"<p>\n\t\t<style type=\"text\/css\">\n\t\t\t#gallery-2 {\n\t\t\t\tmargin: auto;\n\t\t\t}\n\t\t\t#gallery-2 .gallery-item {\n\t\t\t\tfloat: left;\n\t\t\t\tmargin-top: 10px;\n\t\t\t\ttext-align: center;\n\t\t\t\twidth: 33%;\n\t\t\t}\n\t\t\t#gallery-2 img {\n\t\t\t\tborder: 2px solid #cfcfcf;\n\t\t\t}\n\t\t\t#gallery-2 .gallery-caption {\n\t\t\t\tmargin-left: 0;\n\t\t\t}\n\t\t\t\/* see gallery_shortcode() in wp-includes\/media.php *\/\n\t\t<\/style>\n\t\t<div id='gallery-2' class='gallery galleryid-4255 gallery-columns-3 gallery-size-medium'><dl class='gallery-item'>\n\t\t\t<dt class='gallery-icon landscape'>\n\t\t\t\t<a href='https:\/\/baidariuuostas.lt\/wp-content\/uploads\/2017\/04\/rowing-boats-842597.jpg'><img loading=\"lazy\" decoding=\"async\" width=\"1240\" height=\"770\" src=\"https:\/\/baidariuuostas.lt\/wp-content\/uploads\/2017\/04\/rowing-boats-842597-1240x770.jpg\" class=\"attachment-medium size-medium\" alt=\"Valciu nuoma\" srcset=\"https:\/\/baidariuuostas.lt\/wp-content\/uploads\/2017\/04\/rowing-boats-842597-1240x770.jpg 1240w, https:\/\/baidariuuostas.lt\/wp-content\/uploads\/2017\/04\/rowing-boats-842597-350x217.jpg 350w, https:\/\/baidariuuostas.lt\/wp-content\/uploads\/2017\/04\/rowing-boats-842597-768x477.jpg 768w, https:\/\/baidariuuostas.lt\/wp-content\/uploads\/2017\/04\/rowing-boats-842597-1920x1192.jpg 1920w, https:\/\/baidariuuostas.lt\/wp-content\/uploads\/2017\/04\/rowing-boats-842597.jpg 2048w\" sizes=\"auto, (max-width: 1240px) 100vw, 1240px\" \/><\/a>\n\t\t\t<\/dt><\/dl><dl class='gallery-item'>\n\t\t\t<dt class='gallery-icon landscape'>\n\t\t\t\t<a href='https:\/\/baidariuuostas.lt\/wp-content\/uploads\/2017\/04\/boat-1240957.jpg'><img loading=\"lazy\" decoding=\"async\" width=\"1240\" height=\"930\" src=\"https:\/\/baidariuuostas.lt\/wp-content\/uploads\/2017\/04\/boat-1240957-1240x930.jpg\" class=\"attachment-medium size-medium\" alt=\"val\u010di\u0173 nuoma\" srcset=\"https:\/\/baidariuuostas.lt\/wp-content\/uploads\/2017\/04\/boat-1240957-1240x930.jpg 1240w, https:\/\/baidariuuostas.lt\/wp-content\/uploads\/2017\/04\/boat-1240957-350x263.jpg 350w, https:\/\/baidariuuostas.lt\/wp-content\/uploads\/2017\/04\/boat-1240957-768x576.jpg 768w, https:\/\/baidariuuostas.lt\/wp-content\/uploads\/2017\/04\/boat-1240957-1920x1440.jpg 1920w, https:\/\/baidariuuostas.lt\/wp-content\/uploads\/2017\/04\/boat-1240957.jpg 2048w\" sizes=\"auto, (max-width: 1240px) 100vw, 1240px\" \/><\/a>\n\t\t\t<\/dt><\/dl><dl class='gallery-item'>\n\t\t\t<dt class='gallery-icon landscape'>\n\t\t\t\t<a href='https:\/\/baidariuuostas.lt\/wp-content\/uploads\/2017\/04\/boat-452757.jpg'><img loading=\"lazy\" decoding=\"async\" width=\"1240\" height=\"930\" src=\"https:\/\/baidariuuostas.lt\/wp-content\/uploads\/2017\/04\/boat-452757-1240x930.jpg\" class=\"attachment-medium size-medium\" alt=\"valciu nuoma\" srcset=\"https:\/\/baidariuuostas.lt\/wp-content\/uploads\/2017\/04\/boat-452757-1240x930.jpg 1240w, https:\/\/baidariuuostas.lt\/wp-content\/uploads\/2017\/04\/boat-452757-350x263.jpg 350w, https:\/\/baidariuuostas.lt\/wp-content\/uploads\/2017\/04\/boat-452757-768x576.jpg 768w, https:\/\/baidariuuostas.lt\/wp-content\/uploads\/2017\/04\/boat-452757-1920x1440.jpg 1920w, https:\/\/baidariuuostas.lt\/wp-content\/uploads\/2017\/04\/boat-452757.jpg 2048w\" sizes=\"auto, (max-width: 1240px) 100vw, 1240px\" \/><\/a>\n\t\t\t<\/dt><\/dl><br style=\"clear: both\" \/>\n\t\t<\/div>\n<\/p>\n<h2>Boat rental with motor<\/h2>\n<p>We offer to experience the best of Aukstaitija National Park by paddling with boat, or adding a motor on it.<\/p>","protected":false},"excerpt":{"rendered":"<p>Boat rental with motor We offer to experience the best of Aukstaitija National Park by paddling with boat, or adding a motor on it.<\/p>\n","protected":false},"author":1,"featured_media":259,"parent":0,"menu_order":0,"comment_status":"closed","ping_status":"closed","template":"","meta":{"footnotes":""},"categories":[301],"class_list":["post-4255","page","type-page","status-publish","has-post-thumbnail","hentry","category-laivai"],"acf":[],"yoast_head":"<!-- This site is optimized with the Yoast SEO plugin v24.2 - https:\/\/yoast.com\/wordpress\/plugins\/seo\/ -->\n<title>Boat rental with a possibility to rent a motor for the boat - baidariuuostas.lt<\/title>\n<meta name=\"description\" content=\"Enjoy the beautiful lakes of Lithuania by paddling a boat or using a motor.\" \/>\n<meta name=\"robots\" content=\"index, follow, max-snippet:-1, max-image-preview:large, max-video-preview:-1\" \/>\n<link rel=\"canonical\" href=\"https:\/\/baidariuuostas.lt\/valciu-nuoma\/\" \/>\n<meta property=\"og:locale\" content=\"en_US\" \/>\n<meta property=\"og:type\" content=\"article\" \/>\n<meta property=\"og:title\" content=\"[:lt]Val\u010di\u0173 nuoma plaukiojimui Auk\u0161taitijoje su galimybe i\u0161sinuomuoti pakabinam\u0105 valties varikl\u012f.[:en]Boat rental with a possibility to rent a motor for the boat - baidariuuostas.lt[:]\" \/>\n<meta property=\"og:description\" content=\"{:lt}Si\u016blome pasigro\u017e\u0117ti Auk\u0161taitijos Nacionalinio parko gro\u017eyb\u0117mis ir i\u0161 e\u017eer\u0173 pus\u0117s irstantis valtimi ar prisikabinus valties varikl\u012f. {:en}Enjoy the beautiful lakes of Lithuania by paddling a boat or using a motor.{:}\" \/>\n<meta property=\"og:url\" content=\"https:\/\/baidariuuostas.lt\/valciu-nuoma\/\" \/>\n<meta property=\"og:site_name\" content=\"Baidariuuostas.lt\" \/>\n<meta property=\"article:modified_time\" content=\"2022-07-19T08:37:25+00:00\" \/>\n<meta property=\"og:image\" content=\"https:\/\/baidariuuostas.lt\/wp-content\/uploads\/2017\/04\/rowing-boat-1506341.jpg\" \/>\n\t<meta property=\"og:image:width\" content=\"2048\" \/>\n\t<meta property=\"og:image:height\" content=\"1053\" \/>\n\t<meta property=\"og:image:type\" content=\"image\/jpeg\" \/>\n<meta name=\"twitter:card\" content=\"summary_large_image\" \/>\n<meta name=\"twitter:label1\" content=\"Est. reading time\" \/>\n\t<meta name=\"twitter:data1\" content=\"1 minute\" \/>\n<script type=\"application\/ld+json\" class=\"yoast-schema-graph\">{\"@context\":\"https:\/\/schema.org\",\"@graph\":[{\"@type\":\"WebPage\",\"@id\":\"https:\/\/baidariuuostas.lt\/valciu-nuoma\/\",\"url\":\"https:\/\/baidariuuostas.lt\/valciu-nuoma\/\",\"name\":\"[:lt]Val\u010di\u0173 nuoma plaukiojimui Auk\u0161taitijoje su galimybe i\u0161sinuomuoti pakabinam\u0105 valties varikl\u012f.[:en]Boat rental with a possibility to rent a motor for the boat - baidariuuostas.lt[:]\",\"isPartOf\":{\"@id\":\"https:\/\/baidariuuostas.lt\/en\/#website\"},\"primaryImageOfPage\":{\"@id\":\"https:\/\/baidariuuostas.lt\/valciu-nuoma\/#primaryimage\"},\"image\":{\"@id\":\"https:\/\/baidariuuostas.lt\/valciu-nuoma\/#primaryimage\"},\"thumbnailUrl\":\"https:\/\/baidariuuostas.lt\/wp-content\/uploads\/2017\/04\/rowing-boat-1506341.jpg\",\"datePublished\":\"2020-06-09T19:51:28+00:00\",\"dateModified\":\"2022-07-19T08:37:25+00:00\",\"description\":\"{:lt}Si\u016blome pasigro\u017e\u0117ti Auk\u0161taitijos Nacionalinio parko gro\u017eyb\u0117mis ir i\u0161 e\u017eer\u0173 pus\u0117s irstantis valtimi ar prisikabinus valties varikl\u012f. {:en}Enjoy the beautiful lakes of Lithuania by paddling a boat or using a motor.{:}\",\"breadcrumb\":{\"@id\":\"https:\/\/baidariuuostas.lt\/valciu-nuoma\/#breadcrumb\"},\"inLanguage\":\"en-US\",\"potentialAction\":[{\"@type\":\"ReadAction\",\"target\":[\"https:\/\/baidariuuostas.lt\/valciu-nuoma\/\"]}]},{\"@type\":\"ImageObject\",\"inLanguage\":\"en-US\",\"@id\":\"https:\/\/baidariuuostas.lt\/valciu-nuoma\/#primaryimage\",\"url\":\"https:\/\/baidariuuostas.lt\/wp-content\/uploads\/2017\/04\/rowing-boat-1506341.jpg\",\"contentUrl\":\"https:\/\/baidariuuostas.lt\/wp-content\/uploads\/2017\/04\/rowing-boat-1506341.jpg\",\"width\":2048,\"height\":1053,\"caption\":\"Valciu nuoma\"},{\"@type\":\"BreadcrumbList\",\"@id\":\"https:\/\/baidariuuostas.lt\/valciu-nuoma\/#breadcrumb\",\"itemListElement\":[{\"@type\":\"ListItem\",\"position\":1,\"name\":\"Home\",\"item\":\"https:\/\/baidariuuostas.lt\/\"},{\"@type\":\"ListItem\",\"position\":2,\"name\":\"Val\u010di\u0173 nuoma\"}]},{\"@type\":\"WebSite\",\"@id\":\"https:\/\/baidariuuostas.lt\/en\/#website\",\"url\":\"https:\/\/baidariuuostas.lt\/en\/\",\"name\":\"Baidariuuostas.lt\",\"description\":\"Kayak rental in Auk\u0161taitija, Lithuania \u017deimena, Kiauna, B\u016bka, Lakaja and other rivers.\",\"publisher\":{\"@id\":\"https:\/\/baidariuuostas.lt\/en\/#organization\"},\"potentialAction\":[{\"@type\":\"SearchAction\",\"target\":{\"@type\":\"EntryPoint\",\"urlTemplate\":\"https:\/\/baidariuuostas.lt\/en\/?s={search_term_string}\"},\"query-input\":{\"@type\":\"PropertyValueSpecification\",\"valueRequired\":true,\"valueName\":\"search_term_string\"}}],\"inLanguage\":\"en-US\"},{\"@type\":\"Organization\",\"@id\":\"https:\/\/baidariuuostas.lt\/en\/#organization\",\"name\":\"Baidariu nuoma - baidariuuostas.lt\",\"url\":\"https:\/\/baidariuuostas.lt\/en\/\",\"logo\":{\"@type\":\"ImageObject\",\"inLanguage\":\"en-US\",\"@id\":\"https:\/\/baidariuuostas.lt\/en\/#\/schema\/logo\/image\/\",\"url\":\"https:\/\/baidariuuostas.lt\/wp-content\/uploads\/2019\/05\/BU-logo.png\",\"contentUrl\":\"https:\/\/baidariuuostas.lt\/wp-content\/uploads\/2019\/05\/BU-logo.png\",\"width\":800,\"height\":600,\"caption\":\"Baidariu nuoma - baidariuuostas.lt\"},\"image\":{\"@id\":\"https:\/\/baidariuuostas.lt\/en\/#\/schema\/logo\/image\/\"}}]}<\/script>\n<!-- \/ Yoast SEO plugin. -->","yoast_head_json":{"title":"Boat rental with a possibility to rent a motor for the boat - baidariuuostas.lt","description":"Enjoy the beautiful lakes of Lithuania by paddling a boat or using a motor.","robots":{"index":"index","follow":"follow","max-snippet":"max-snippet:-1","max-image-preview":"max-image-preview:large","max-video-preview":"max-video-preview:-1"},"canonical":"https:\/\/baidariuuostas.lt\/valciu-nuoma\/","og_locale":"en_US","og_type":"article","og_title":"[:lt]Val\u010di\u0173 nuoma plaukiojimui Auk\u0161taitijoje su galimybe i\u0161sinuomuoti pakabinam\u0105 valties varikl\u012f.[:en]Boat rental with a possibility to rent a motor for the boat - baidariuuostas.lt[:]","og_description":"{:lt}Si\u016blome pasigro\u017e\u0117ti Auk\u0161taitijos Nacionalinio parko gro\u017eyb\u0117mis ir i\u0161 e\u017eer\u0173 pus\u0117s irstantis valtimi ar prisikabinus valties varikl\u012f. {:en}Enjoy the beautiful lakes of Lithuania by paddling a boat or using a motor.{:}","og_url":"https:\/\/baidariuuostas.lt\/valciu-nuoma\/","og_site_name":"Baidariuuostas.lt","article_modified_time":"2022-07-19T08:37:25+00:00","og_image":[{"width":2048,"height":1053,"url":"https:\/\/baidariuuostas.lt\/wp-content\/uploads\/2017\/04\/rowing-boat-1506341.jpg","type":"image\/jpeg"}],"twitter_card":"summary_large_image","twitter_misc":{"Est. reading time":"1 minute"},"schema":{"@context":"https:\/\/schema.org","@graph":[{"@type":"WebPage","@id":"https:\/\/baidariuuostas.lt\/valciu-nuoma\/","url":"https:\/\/baidariuuostas.lt\/valciu-nuoma\/","name":"[:lt]Val\u010di\u0173 nuoma plaukiojimui Auk\u0161taitijoje su galimybe i\u0161sinuomuoti pakabinam\u0105 valties varikl\u012f.[:en]Boat rental with a possibility to rent a motor for the boat - baidariuuostas.lt[:]","isPartOf":{"@id":"https:\/\/baidariuuostas.lt\/en\/#website"},"primaryImageOfPage":{"@id":"https:\/\/baidariuuostas.lt\/valciu-nuoma\/#primaryimage"},"image":{"@id":"https:\/\/baidariuuostas.lt\/valciu-nuoma\/#primaryimage"},"thumbnailUrl":"https:\/\/baidariuuostas.lt\/wp-content\/uploads\/2017\/04\/rowing-boat-1506341.jpg","datePublished":"2020-06-09T19:51:28+00:00","dateModified":"2022-07-19T08:37:25+00:00","description":"{:lt}Si\u016blome pasigro\u017e\u0117ti Auk\u0161taitijos Nacionalinio parko gro\u017eyb\u0117mis ir i\u0161 e\u017eer\u0173 pus\u0117s irstantis valtimi ar prisikabinus valties varikl\u012f. {:en}Enjoy the beautiful lakes of Lithuania by paddling a boat or using a motor.{:}","breadcrumb":{"@id":"https:\/\/baidariuuostas.lt\/valciu-nuoma\/#breadcrumb"},"inLanguage":"en-US","potentialAction":[{"@type":"ReadAction","target":["https:\/\/baidariuuostas.lt\/valciu-nuoma\/"]}]},{"@type":"ImageObject","inLanguage":"en-US","@id":"https:\/\/baidariuuostas.lt\/valciu-nuoma\/#primaryimage","url":"https:\/\/baidariuuostas.lt\/wp-content\/uploads\/2017\/04\/rowing-boat-1506341.jpg","contentUrl":"https:\/\/baidariuuostas.lt\/wp-content\/uploads\/2017\/04\/rowing-boat-1506341.jpg","width":2048,"height":1053,"caption":"Valciu nuoma"},{"@type":"BreadcrumbList","@id":"https:\/\/baidariuuostas.lt\/valciu-nuoma\/#breadcrumb","itemListElement":[{"@type":"ListItem","position":1,"name":"Home","item":"https:\/\/baidariuuostas.lt\/"},{"@type":"ListItem","position":2,"name":"Val\u010di\u0173 nuoma"}]},{"@type":"WebSite","@id":"https:\/\/baidariuuostas.lt\/en\/#website","url":"https:\/\/baidariuuostas.lt\/en\/","name":"Baidariuuostas.lt","description":"Kayak rental in Auk\u0161taitija, Lithuania \u017deimena, Kiauna, B\u016bka, Lakaja and other rivers.","publisher":{"@id":"https:\/\/baidariuuostas.lt\/en\/#organization"},"potentialAction":[{"@type":"SearchAction","target":{"@type":"EntryPoint","urlTemplate":"https:\/\/baidariuuostas.lt\/en\/?s={search_term_string}"},"query-input":{"@type":"PropertyValueSpecification","valueRequired":true,"valueName":"search_term_string"}}],"inLanguage":"en-US"},{"@type":"Organization","@id":"https:\/\/baidariuuostas.lt\/en\/#organization","name":"Baidariu nuoma - baidariuuostas.lt","url":"https:\/\/baidariuuostas.lt\/en\/","logo":{"@type":"ImageObject","inLanguage":"en-US","@id":"https:\/\/baidariuuostas.lt\/en\/#\/schema\/logo\/image\/","url":"https:\/\/baidariuuostas.lt\/wp-content\/uploads\/2019\/05\/BU-logo.png","contentUrl":"https:\/\/baidariuuostas.lt\/wp-content\/uploads\/2019\/05\/BU-logo.png","width":800,"height":600,"caption":"Baidariu nuoma - baidariuuostas.lt"},"image":{"@id":"https:\/\/baidariuuostas.lt\/en\/#\/schema\/logo\/image\/"}}]}},"amp_enabled":true,"_links":{"self":[{"href":"https:\/\/baidariuuostas.lt\/en\/wp-json\/wp\/v2\/pages\/4255","targetHints":{"allow":["GET"]}}],"collection":[{"href":"https:\/\/baidariuuostas.lt\/en\/wp-json\/wp\/v2\/pages"}],"about":[{"href":"https:\/\/baidariuuostas.lt\/en\/wp-json\/wp\/v2\/types\/page"}],"author":[{"embeddable":true,"href":"https:\/\/baidariuuostas.lt\/en\/wp-json\/wp\/v2\/users\/1"}],"replies":[{"embeddable":true,"href":"https:\/\/baidariuuostas.lt\/en\/wp-json\/wp\/v2\/comments?post=4255"}],"version-history":[{"count":2,"href":"https:\/\/baidariuuostas.lt\/en\/wp-json\/wp\/v2\/pages\/4255\/revisions"}],"predecessor-version":[{"id":4426,"href":"https:\/\/baidariuuostas.lt\/en\/wp-json\/wp\/v2\/pages\/4255\/revisions\/4426"}],"wp:featuredmedia":[{"embeddable":true,"href":"https:\/\/baidariuuostas.lt\/en\/wp-json\/wp\/v2\/media\/259"}],"wp:attachment":[{"href":"https:\/\/baidariuuostas.lt\/en\/wp-json\/wp\/v2\/media?parent=4255"}],"wp:term":[{"taxonomy":"category","embeddable":true,"href":"https:\/\/baidariuuostas.lt\/en\/wp-json\/wp\/v2\/categories?post=4255"}],"curies":[{"name":"wp","href":"https:\/\/api.w.org\/{rel}","templated":true}]}}