{"id":4274,"date":"2020-06-10T14:34:31","date_gmt":"2020-06-10T14:34:31","guid":{"rendered":"https:\/\/baidariuuostas.lt\/?page_id=4274"},"modified":"2022-08-04T13:27:59","modified_gmt":"2022-08-04T13:27:59","slug":"stovyklavietes-nuoma","status":"publish","type":"page","link":"https:\/\/baidariuuostas.lt\/en\/stovyklavietes-nuoma\/","title":{"rendered":"Campsite rental"},"content":{"rendered":"<p>\n\t\t<style type=\"text\/css\">\n\t\t\t#gallery-2 {\n\t\t\t\tmargin: auto;\n\t\t\t}\n\t\t\t#gallery-2 .gallery-item {\n\t\t\t\tfloat: left;\n\t\t\t\tmargin-top: 10px;\n\t\t\t\ttext-align: center;\n\t\t\t\twidth: 33%;\n\t\t\t}\n\t\t\t#gallery-2 img {\n\t\t\t\tborder: 2px solid #cfcfcf;\n\t\t\t}\n\t\t\t#gallery-2 .gallery-caption {\n\t\t\t\tmargin-left: 0;\n\t\t\t}\n\t\t\t\/* see gallery_shortcode() in wp-includes\/media.php *\/\n\t\t<\/style>\n\t\t<div id='gallery-2' class='gallery galleryid-4274 gallery-columns-3 gallery-size-medium'><dl class='gallery-item'>\n\t\t\t<dt class='gallery-icon landscape'>\n\t\t\t\t<a href='https:\/\/baidariuuostas.lt\/wp-content\/uploads\/2017\/04\/IMG_20180526_211235.jpg'><img loading=\"lazy\" decoding=\"async\" width=\"1240\" height=\"930\" src=\"https:\/\/baidariuuostas.lt\/wp-content\/uploads\/2017\/04\/IMG_20180526_211235-1240x930.jpg\" class=\"attachment-medium size-medium\" alt=\"Stovyklavietes nuoma Aukstaitijoje Galerija - baidariuuostas.lt 6\" srcset=\"https:\/\/baidariuuostas.lt\/wp-content\/uploads\/2017\/04\/IMG_20180526_211235-1240x930.jpg 1240w, https:\/\/baidariuuostas.lt\/wp-content\/uploads\/2017\/04\/IMG_20180526_211235-350x263.jpg 350w, https:\/\/baidariuuostas.lt\/wp-content\/uploads\/2017\/04\/IMG_20180526_211235-768x576.jpg 768w, https:\/\/baidariuuostas.lt\/wp-content\/uploads\/2017\/04\/IMG_20180526_211235-1920x1440.jpg 1920w\" sizes=\"auto, (max-width: 1240px) 100vw, 1240px\" \/><\/a>\n\t\t\t<\/dt><\/dl><dl class='gallery-item'>\n\t\t\t<dt class='gallery-icon landscape'>\n\t\t\t\t<a href='https:\/\/baidariuuostas.lt\/wp-content\/uploads\/2017\/04\/IMG_20180527_100422.jpg'><img loading=\"lazy\" decoding=\"async\" width=\"1240\" height=\"930\" src=\"https:\/\/baidariuuostas.lt\/wp-content\/uploads\/2017\/04\/IMG_20180527_100422-1240x930.jpg\" class=\"attachment-medium size-medium\" alt=\"Stovyklavietes nuoma Aukstaitijoje Galerija - baidariuuostas.lt 8\" srcset=\"https:\/\/baidariuuostas.lt\/wp-content\/uploads\/2017\/04\/IMG_20180527_100422-1240x930.jpg 1240w, https:\/\/baidariuuostas.lt\/wp-content\/uploads\/2017\/04\/IMG_20180527_100422-350x263.jpg 350w, https:\/\/baidariuuostas.lt\/wp-content\/uploads\/2017\/04\/IMG_20180527_100422-768x576.jpg 768w, https:\/\/baidariuuostas.lt\/wp-content\/uploads\/2017\/04\/IMG_20180527_100422-1920x1440.jpg 1920w\" sizes=\"auto, (max-width: 1240px) 100vw, 1240px\" \/><\/a>\n\t\t\t<\/dt><\/dl><dl class='gallery-item'>\n\t\t\t<dt class='gallery-icon landscape'>\n\t\t\t\t<a href='https:\/\/baidariuuostas.lt\/wp-content\/uploads\/2017\/04\/IMG_20180526_173255-scaled.jpg'><img loading=\"lazy\" decoding=\"async\" width=\"1240\" height=\"930\" src=\"https:\/\/baidariuuostas.lt\/wp-content\/uploads\/2017\/04\/IMG_20180526_173255-1240x930.jpg\" class=\"attachment-medium size-medium\" alt=\"Stovyklavietes nuoma Aukstaitijoje Galerija - baidariuuostas.lt 9\" srcset=\"https:\/\/baidariuuostas.lt\/wp-content\/uploads\/2017\/04\/IMG_20180526_173255-1240x930.jpg 1240w, https:\/\/baidariuuostas.lt\/wp-content\/uploads\/2017\/04\/IMG_20180526_173255-350x263.jpg 350w, https:\/\/baidariuuostas.lt\/wp-content\/uploads\/2017\/04\/IMG_20180526_173255-1920x1440.jpg 1920w, https:\/\/baidariuuostas.lt\/wp-content\/uploads\/2017\/04\/IMG_20180526_173255-768x576.jpg 768w, https:\/\/baidariuuostas.lt\/wp-content\/uploads\/2017\/04\/IMG_20180526_173255-1536x1152.jpg 1536w, https:\/\/baidariuuostas.lt\/wp-content\/uploads\/2017\/04\/IMG_20180526_173255-2048x1536.jpg 2048w\" sizes=\"auto, (max-width: 1240px) 100vw, 1240px\" \/><\/a>\n\t\t\t<\/dt><\/dl><br style=\"clear: both\" \/><dl class='gallery-item'>\n\t\t\t<dt class='gallery-icon landscape'>\n\t\t\t\t<a href='https:\/\/baidariuuostas.lt\/wp-content\/uploads\/2017\/04\/IMG_20180526_173238-scaled.jpg'><img loading=\"lazy\" decoding=\"async\" width=\"1240\" height=\"930\" src=\"https:\/\/baidariuuostas.lt\/wp-content\/uploads\/2017\/04\/IMG_20180526_173238-1240x930.jpg\" class=\"attachment-medium size-medium\" alt=\"Stovyklavietes nuoma Aukstaitijoje Galerija - baidariuuostas.lt\" srcset=\"https:\/\/baidariuuostas.lt\/wp-content\/uploads\/2017\/04\/IMG_20180526_173238-1240x930.jpg 1240w, https:\/\/baidariuuostas.lt\/wp-content\/uploads\/2017\/04\/IMG_20180526_173238-350x263.jpg 350w, https:\/\/baidariuuostas.lt\/wp-content\/uploads\/2017\/04\/IMG_20180526_173238-1920x1440.jpg 1920w, https:\/\/baidariuuostas.lt\/wp-content\/uploads\/2017\/04\/IMG_20180526_173238-768x576.jpg 768w, https:\/\/baidariuuostas.lt\/wp-content\/uploads\/2017\/04\/IMG_20180526_173238-1536x1152.jpg 1536w, https:\/\/baidariuuostas.lt\/wp-content\/uploads\/2017\/04\/IMG_20180526_173238-2048x1536.jpg 2048w\" sizes=\"auto, (max-width: 1240px) 100vw, 1240px\" \/><\/a>\n\t\t\t<\/dt><\/dl><dl class='gallery-item'>\n\t\t\t<dt class='gallery-icon landscape'>\n\t\t\t\t<a href='https:\/\/baidariuuostas.lt\/wp-content\/uploads\/2017\/04\/IMG_20180526_173002.jpg'><img loading=\"lazy\" decoding=\"async\" width=\"1240\" height=\"930\" src=\"https:\/\/baidariuuostas.lt\/wp-content\/uploads\/2017\/04\/IMG_20180526_173002-1240x930.jpg\" class=\"attachment-medium size-medium\" alt=\"Stovyklavietes nuoma Aukstaitijoje Galerija - baidariuuostas.lt 2\" srcset=\"https:\/\/baidariuuostas.lt\/wp-content\/uploads\/2017\/04\/IMG_20180526_173002-1240x930.jpg 1240w, https:\/\/baidariuuostas.lt\/wp-content\/uploads\/2017\/04\/IMG_20180526_173002-350x263.jpg 350w, https:\/\/baidariuuostas.lt\/wp-content\/uploads\/2017\/04\/IMG_20180526_173002-768x576.jpg 768w, https:\/\/baidariuuostas.lt\/wp-content\/uploads\/2017\/04\/IMG_20180526_173002-1920x1440.jpg 1920w\" sizes=\"auto, (max-width: 1240px) 100vw, 1240px\" \/><\/a>\n\t\t\t<\/dt><\/dl><dl class='gallery-item'>\n\t\t\t<dt class='gallery-icon landscape'>\n\t\t\t\t<a href='https:\/\/baidariuuostas.lt\/wp-content\/uploads\/2017\/04\/IMG_20180526_171945.jpg'><img loading=\"lazy\" decoding=\"async\" width=\"1240\" height=\"930\" src=\"https:\/\/baidariuuostas.lt\/wp-content\/uploads\/2017\/04\/IMG_20180526_171945-1240x930.jpg\" class=\"attachment-medium size-medium\" alt=\"Stovyklavietes nuoma Aukstaitijoje Galerija - baidariuuostas.lt 7\" srcset=\"https:\/\/baidariuuostas.lt\/wp-content\/uploads\/2017\/04\/IMG_20180526_171945-1240x930.jpg 1240w, https:\/\/baidariuuostas.lt\/wp-content\/uploads\/2017\/04\/IMG_20180526_171945-350x263.jpg 350w, https:\/\/baidariuuostas.lt\/wp-content\/uploads\/2017\/04\/IMG_20180526_171945-768x576.jpg 768w, https:\/\/baidariuuostas.lt\/wp-content\/uploads\/2017\/04\/IMG_20180526_171945-1920x1440.jpg 1920w\" sizes=\"auto, (max-width: 1240px) 100vw, 1240px\" \/><\/a>\n\t\t\t<\/dt><\/dl><br style=\"clear: both\" \/><dl class='gallery-item'>\n\t\t\t<dt class='gallery-icon landscape'>\n\t\t\t\t<a href='https:\/\/baidariuuostas.lt\/wp-content\/uploads\/2017\/04\/IMG_20180526_214822.jpg'><img loading=\"lazy\" decoding=\"async\" width=\"1240\" height=\"930\" src=\"https:\/\/baidariuuostas.lt\/wp-content\/uploads\/2017\/04\/IMG_20180526_214822-1240x930.jpg\" class=\"attachment-medium size-medium\" alt=\"Stovyklavietes nuoma Aukstaitijoje Galerija - baidariuuostas.lt 4\" srcset=\"https:\/\/baidariuuostas.lt\/wp-content\/uploads\/2017\/04\/IMG_20180526_214822-1240x930.jpg 1240w, https:\/\/baidariuuostas.lt\/wp-content\/uploads\/2017\/04\/IMG_20180526_214822-350x263.jpg 350w, https:\/\/baidariuuostas.lt\/wp-content\/uploads\/2017\/04\/IMG_20180526_214822-768x576.jpg 768w, https:\/\/baidariuuostas.lt\/wp-content\/uploads\/2017\/04\/IMG_20180526_214822-1920x1440.jpg 1920w\" sizes=\"auto, (max-width: 1240px) 100vw, 1240px\" \/><\/a>\n\t\t\t<\/dt><\/dl><dl class='gallery-item'>\n\t\t\t<dt class='gallery-icon landscape'>\n\t\t\t\t<a href='https:\/\/baidariuuostas.lt\/wp-content\/uploads\/2017\/04\/IMG_20180526_205209.jpg'><img loading=\"lazy\" decoding=\"async\" width=\"1240\" height=\"930\" src=\"https:\/\/baidariuuostas.lt\/wp-content\/uploads\/2017\/04\/IMG_20180526_205209-1240x930.jpg\" class=\"attachment-medium size-medium\" alt=\"Stovyklavietes nuoma Aukstaitijoje Galerija - baidariuuostas.lt 5\" srcset=\"https:\/\/baidariuuostas.lt\/wp-content\/uploads\/2017\/04\/IMG_20180526_205209-1240x930.jpg 1240w, https:\/\/baidariuuostas.lt\/wp-content\/uploads\/2017\/04\/IMG_20180526_205209-350x263.jpg 350w, https:\/\/baidariuuostas.lt\/wp-content\/uploads\/2017\/04\/IMG_20180526_205209-768x576.jpg 768w, https:\/\/baidariuuostas.lt\/wp-content\/uploads\/2017\/04\/IMG_20180526_205209-1920x1440.jpg 1920w\" sizes=\"auto, (max-width: 1240px) 100vw, 1240px\" \/><\/a>\n\t\t\t<\/dt><\/dl><dl class='gallery-item'>\n\t\t\t<dt class='gallery-icon landscape'>\n\t\t\t\t<a href='https:\/\/baidariuuostas.lt\/wp-content\/uploads\/2017\/04\/2018-05-28-09.1584.jpg'><img loading=\"lazy\" decoding=\"async\" width=\"1240\" height=\"930\" src=\"https:\/\/baidariuuostas.lt\/wp-content\/uploads\/2017\/04\/2018-05-28-09.1584-1240x930.jpg\" class=\"attachment-medium size-medium\" alt=\"Stovyklavietes nuoma Aukstaitijoje Galerija - baidariuuostas.lt 3\" srcset=\"https:\/\/baidariuuostas.lt\/wp-content\/uploads\/2017\/04\/2018-05-28-09.1584-1240x930.jpg 1240w, https:\/\/baidariuuostas.lt\/wp-content\/uploads\/2017\/04\/2018-05-28-09.1584-350x263.jpg 350w, https:\/\/baidariuuostas.lt\/wp-content\/uploads\/2017\/04\/2018-05-28-09.1584-768x576.jpg 768w, https:\/\/baidariuuostas.lt\/wp-content\/uploads\/2017\/04\/2018-05-28-09.1584-1920x1440.jpg 1920w, https:\/\/baidariuuostas.lt\/wp-content\/uploads\/2017\/04\/2018-05-28-09.1584.jpg 2048w\" sizes=\"auto, (max-width: 1240px) 100vw, 1240px\" \/><\/a>\n\t\t\t<\/dt><\/dl><br style=\"clear: both\" \/><dl class='gallery-item'>\n\t\t\t<dt class='gallery-icon landscape'>\n\t\t\t\t<a href='https:\/\/baidariuuostas.lt\/wp-content\/uploads\/2017\/04\/2018-05-28-08.3343.jpg'><img loading=\"lazy\" decoding=\"async\" width=\"1240\" height=\"930\" src=\"https:\/\/baidariuuostas.lt\/wp-content\/uploads\/2017\/04\/2018-05-28-08.3343-1240x930.jpg\" class=\"attachment-medium size-medium\" alt=\"Stovyklavietes nuoma Aukstaitijoje - baidariuuostas.lt\" srcset=\"https:\/\/baidariuuostas.lt\/wp-content\/uploads\/2017\/04\/2018-05-28-08.3343-1240x930.jpg 1240w, https:\/\/baidariuuostas.lt\/wp-content\/uploads\/2017\/04\/2018-05-28-08.3343-350x263.jpg 350w, https:\/\/baidariuuostas.lt\/wp-content\/uploads\/2017\/04\/2018-05-28-08.3343-768x576.jpg 768w, https:\/\/baidariuuostas.lt\/wp-content\/uploads\/2017\/04\/2018-05-28-08.3343-1920x1440.jpg 1920w, https:\/\/baidariuuostas.lt\/wp-content\/uploads\/2017\/04\/2018-05-28-08.3343.jpg 2048w\" sizes=\"auto, (max-width: 1240px) 100vw, 1240px\" \/><\/a>\n\t\t\t<\/dt><\/dl><dl class='gallery-item'>\n\t\t\t<dt class='gallery-icon landscape'>\n\t\t\t\t<a href='https:\/\/baidariuuostas.lt\/wp-content\/uploads\/2017\/04\/stovyklaviete-2.jpg'><img loading=\"lazy\" decoding=\"async\" width=\"1240\" height=\"698\" src=\"https:\/\/baidariuuostas.lt\/wp-content\/uploads\/2017\/04\/stovyklaviete-2-1240x698.jpg\" class=\"attachment-medium size-medium\" alt=\"stovyklavietes nuoma aukstaitijoje\" srcset=\"https:\/\/baidariuuostas.lt\/wp-content\/uploads\/2017\/04\/stovyklaviete-2-1240x698.jpg 1240w, https:\/\/baidariuuostas.lt\/wp-content\/uploads\/2017\/04\/stovyklaviete-2-350x197.jpg 350w, https:\/\/baidariuuostas.lt\/wp-content\/uploads\/2017\/04\/stovyklaviete-2-768x432.jpg 768w, https:\/\/baidariuuostas.lt\/wp-content\/uploads\/2017\/04\/stovyklaviete-2.jpg 1470w\" sizes=\"auto, (max-width: 1240px) 100vw, 1240px\" \/><\/a>\n\t\t\t<\/dt><\/dl><dl class='gallery-item'>\n\t\t\t<dt class='gallery-icon landscape'>\n\t\t\t\t<a href='https:\/\/baidariuuostas.lt\/wp-content\/uploads\/2017\/04\/lieptelis-2.jpg'><img loading=\"lazy\" decoding=\"async\" width=\"1240\" height=\"698\" src=\"https:\/\/baidariuuostas.lt\/wp-content\/uploads\/2017\/04\/lieptelis-2-1240x698.jpg\" class=\"attachment-medium size-medium\" alt=\"stovyklaviet\u0117s nuoma prie e\u017eero\" srcset=\"https:\/\/baidariuuostas.lt\/wp-content\/uploads\/2017\/04\/lieptelis-2-1240x698.jpg 1240w, https:\/\/baidariuuostas.lt\/wp-content\/uploads\/2017\/04\/lieptelis-2-350x197.jpg 350w, https:\/\/baidariuuostas.lt\/wp-content\/uploads\/2017\/04\/lieptelis-2-768x432.jpg 768w, https:\/\/baidariuuostas.lt\/wp-content\/uploads\/2017\/04\/lieptelis-2.jpg 1470w\" sizes=\"auto, (max-width: 1240px) 100vw, 1240px\" \/><\/a>\n\t\t\t<\/dt><\/dl><br style=\"clear: both\" \/>\n\t\t<\/div>\n<\/p>\n<h2>Campsite by Lake Almajas<\/h2>\n<p>Our campsite is located by lake Almajas (perfect for kayaking route Buka &#8211; Ginuciai, the route of the first day ends here).<\/p>\n<p><strong>Price for a single person for a day:<\/strong> 7 \u20ac<\/p>\n<h3>Privalumai<\/h3>\n<ul>\n<li>Two pergolas, one with twenty people capacity and another with fifty;<\/li>\n<li>Five fireplaces;<\/li>\n<li>Seating and tables;<\/li>\n<li>Two step bridges to the lake;<\/li>\n<li>Table for perfect sunsets;<\/li>\n<li>WC;<\/li>\n<li>Trash cans;<\/li>\n<li>Fire logs;<\/li>\n<li>Good access;<\/li>\n<li>Birch firewood can be purchased separately &#8211; bag (30-35 kg) &#8211; 15 EUR<\/li>\n<\/ul>\n<h3>Enterntainment<\/h3>\n<p>In case you want more than just the leisure our campsite can provide but some challenging fun as well &#8211; we offer kayaking, canoeing or paddle boarding! If needed, we can offer a simple boat for fishing or top-quality romantic time.<\/p>\n<h3>Campsite coordinates<\/h3>\n<p>625897, 6141123 (LKS)<br \/>\n55.389152, 25.987126 (WGS)<br \/>\n55\u00b0 23&#8242; 20.95&#8243;, 25\u00b0 59&#8242; 13.65&#8243; (WGS)<\/p>","protected":false},"excerpt":{"rendered":"<p>Campsite by Lake Almajas Our campsite is located by lake Almajas (perfect for kayaking route Buka &#8211; Ginuciai, the route of the first day ends here). Price for a single person for a day: 7 \u20ac Privalumai Two pergolas, one with twenty people capacity and another with fifty; Five fireplaces; Seating and tables; Two step<br \/><a class=\"moretag\" href=\"https:\/\/baidariuuostas.lt\/en\/stovyklavietes-nuoma\/\">+ Read More<\/a><\/p>\n","protected":false},"author":1,"featured_media":668,"parent":0,"menu_order":0,"comment_status":"closed","ping_status":"closed","template":"","meta":{"footnotes":""},"categories":[302],"class_list":["post-4274","page","type-page","status-publish","has-post-thumbnail","hentry","category-nuoma"],"acf":[],"yoast_head":"<!-- This site is optimized with the Yoast SEO plugin v24.2 - https:\/\/yoast.com\/wordpress\/plugins\/seo\/ -->\n<title>Canoe &amp; Summerhouse rental in Beautiful Lithuania, Baltic States<\/title>\n<meta name=\"description\" content=\"Summerhouse rental for kayaking &amp; canoeing, located on a shore of a beautiful lake in Lithuania.\" \/>\n<meta name=\"robots\" content=\"index, follow, max-snippet:-1, max-image-preview:large, max-video-preview:-1\" \/>\n<link rel=\"canonical\" href=\"https:\/\/baidariuuostas.lt\/stovyklavietes-nuoma\/\" \/>\n<meta property=\"og:locale\" content=\"en_US\" \/>\n<meta property=\"og:type\" content=\"article\" \/>\n<meta property=\"og:title\" content=\"[:lt]Baidari\u0173 Nuoma su Nakvyne Sodyboje Auk\u0161taitijoje ant e\u017eero kranto[:en]Canoe &amp; Summerhouse rental in Beautiful Lithuania, Baltic States[:]\" \/>\n<meta property=\"og:description\" content=\"[:lt]Nuomojame sodyb\u0105,plaukimui baidar\u0117mis ir ne tik, Auk\u0161taitijoje ant Asalnyk\u0161\u010dio e\u017eero kranto, vienkiemyje, nutolusi nuo Ignalinos 10km.[:en]Summerhouse rental for kayaking &amp; canoeing, located on a shore of a beautiful lake in Lithuania.[:]\" \/>\n<meta property=\"og:url\" content=\"https:\/\/baidariuuostas.lt\/stovyklavietes-nuoma\/\" \/>\n<meta property=\"og:site_name\" content=\"Baidariuuostas.lt\" \/>\n<meta property=\"article:modified_time\" content=\"2022-08-04T13:27:59+00:00\" \/>\n<meta property=\"og:image\" content=\"https:\/\/baidariuuostas.lt\/wp-content\/uploads\/2017\/04\/IMG_20180526_173002-1920x1440.jpg\" \/>\n\t<meta property=\"og:image:width\" content=\"1920\" \/>\n\t<meta property=\"og:image:height\" content=\"1440\" \/>\n\t<meta property=\"og:image:type\" content=\"image\/jpeg\" \/>\n<meta name=\"twitter:card\" content=\"summary_large_image\" \/>\n<meta name=\"twitter:label1\" content=\"Est. reading time\" \/>\n\t<meta name=\"twitter:data1\" content=\"1 minute\" \/>\n<script type=\"application\/ld+json\" class=\"yoast-schema-graph\">{\"@context\":\"https:\/\/schema.org\",\"@graph\":[{\"@type\":\"WebPage\",\"@id\":\"https:\/\/baidariuuostas.lt\/stovyklavietes-nuoma\/\",\"url\":\"https:\/\/baidariuuostas.lt\/stovyklavietes-nuoma\/\",\"name\":\"[:lt]Baidari\u0173 Nuoma su Nakvyne Sodyboje Auk\u0161taitijoje ant e\u017eero kranto[:en]Canoe & Summerhouse rental in Beautiful Lithuania, Baltic States[:]\",\"isPartOf\":{\"@id\":\"https:\/\/baidariuuostas.lt\/en\/#website\"},\"primaryImageOfPage\":{\"@id\":\"https:\/\/baidariuuostas.lt\/stovyklavietes-nuoma\/#primaryimage\"},\"image\":{\"@id\":\"https:\/\/baidariuuostas.lt\/stovyklavietes-nuoma\/#primaryimage\"},\"thumbnailUrl\":\"https:\/\/baidariuuostas.lt\/wp-content\/uploads\/2017\/04\/IMG_20180526_173002.jpg\",\"datePublished\":\"2020-06-10T14:34:31+00:00\",\"dateModified\":\"2022-08-04T13:27:59+00:00\",\"description\":\"[:lt]Nuomojame sodyb\u0105,plaukimui baidar\u0117mis ir ne tik, Auk\u0161taitijoje ant Asalnyk\u0161\u010dio e\u017eero kranto, vienkiemyje, nutolusi nuo Ignalinos 10km.[:en]Summerhouse rental for kayaking & canoeing, located on a shore of a beautiful lake in Lithuania.[:]\",\"breadcrumb\":{\"@id\":\"https:\/\/baidariuuostas.lt\/stovyklavietes-nuoma\/#breadcrumb\"},\"inLanguage\":\"en-US\",\"potentialAction\":[{\"@type\":\"ReadAction\",\"target\":[\"https:\/\/baidariuuostas.lt\/stovyklavietes-nuoma\/\"]}]},{\"@type\":\"ImageObject\",\"inLanguage\":\"en-US\",\"@id\":\"https:\/\/baidariuuostas.lt\/stovyklavietes-nuoma\/#primaryimage\",\"url\":\"https:\/\/baidariuuostas.lt\/wp-content\/uploads\/2017\/04\/IMG_20180526_173002.jpg\",\"contentUrl\":\"https:\/\/baidariuuostas.lt\/wp-content\/uploads\/2017\/04\/IMG_20180526_173002.jpg\",\"width\":3648,\"height\":2736,\"caption\":\"Stovyklavietes nuoma Aukstaitijoje Galerija - baidariuuostas.lt 2\"},{\"@type\":\"BreadcrumbList\",\"@id\":\"https:\/\/baidariuuostas.lt\/stovyklavietes-nuoma\/#breadcrumb\",\"itemListElement\":[{\"@type\":\"ListItem\",\"position\":1,\"name\":\"Home\",\"item\":\"https:\/\/baidariuuostas.lt\/\"},{\"@type\":\"ListItem\",\"position\":2,\"name\":\"Stovyklaviet\u0117s nuoma\"}]},{\"@type\":\"WebSite\",\"@id\":\"https:\/\/baidariuuostas.lt\/en\/#website\",\"url\":\"https:\/\/baidariuuostas.lt\/en\/\",\"name\":\"Baidariuuostas.lt\",\"description\":\"Kayak rental in Auk\u0161taitija, Lithuania \u017deimena, Kiauna, B\u016bka, Lakaja and other rivers.\",\"publisher\":{\"@id\":\"https:\/\/baidariuuostas.lt\/en\/#organization\"},\"potentialAction\":[{\"@type\":\"SearchAction\",\"target\":{\"@type\":\"EntryPoint\",\"urlTemplate\":\"https:\/\/baidariuuostas.lt\/en\/?s={search_term_string}\"},\"query-input\":{\"@type\":\"PropertyValueSpecification\",\"valueRequired\":true,\"valueName\":\"search_term_string\"}}],\"inLanguage\":\"en-US\"},{\"@type\":\"Organization\",\"@id\":\"https:\/\/baidariuuostas.lt\/en\/#organization\",\"name\":\"Baidariu nuoma - baidariuuostas.lt\",\"url\":\"https:\/\/baidariuuostas.lt\/en\/\",\"logo\":{\"@type\":\"ImageObject\",\"inLanguage\":\"en-US\",\"@id\":\"https:\/\/baidariuuostas.lt\/en\/#\/schema\/logo\/image\/\",\"url\":\"https:\/\/baidariuuostas.lt\/wp-content\/uploads\/2019\/05\/BU-logo.png\",\"contentUrl\":\"https:\/\/baidariuuostas.lt\/wp-content\/uploads\/2019\/05\/BU-logo.png\",\"width\":800,\"height\":600,\"caption\":\"Baidariu nuoma - baidariuuostas.lt\"},\"image\":{\"@id\":\"https:\/\/baidariuuostas.lt\/en\/#\/schema\/logo\/image\/\"}}]}<\/script>\n<!-- \/ Yoast SEO plugin. -->","yoast_head_json":{"title":"Canoe & Summerhouse rental in Beautiful Lithuania, Baltic States","description":"Summerhouse rental for kayaking & canoeing, located on a shore of a beautiful lake in Lithuania.","robots":{"index":"index","follow":"follow","max-snippet":"max-snippet:-1","max-image-preview":"max-image-preview:large","max-video-preview":"max-video-preview:-1"},"canonical":"https:\/\/baidariuuostas.lt\/stovyklavietes-nuoma\/","og_locale":"en_US","og_type":"article","og_title":"[:lt]Baidari\u0173 Nuoma su Nakvyne Sodyboje Auk\u0161taitijoje ant e\u017eero kranto[:en]Canoe & Summerhouse rental in Beautiful Lithuania, Baltic States[:]","og_description":"[:lt]Nuomojame sodyb\u0105,plaukimui baidar\u0117mis ir ne tik, Auk\u0161taitijoje ant Asalnyk\u0161\u010dio e\u017eero kranto, vienkiemyje, nutolusi nuo Ignalinos 10km.[:en]Summerhouse rental for kayaking & canoeing, located on a shore of a beautiful lake in Lithuania.[:]","og_url":"https:\/\/baidariuuostas.lt\/stovyklavietes-nuoma\/","og_site_name":"Baidariuuostas.lt","article_modified_time":"2022-08-04T13:27:59+00:00","og_image":[{"width":1920,"height":1440,"url":"https:\/\/baidariuuostas.lt\/wp-content\/uploads\/2017\/04\/IMG_20180526_173002-1920x1440.jpg","type":"image\/jpeg"}],"twitter_card":"summary_large_image","twitter_misc":{"Est. reading time":"1 minute"},"schema":{"@context":"https:\/\/schema.org","@graph":[{"@type":"WebPage","@id":"https:\/\/baidariuuostas.lt\/stovyklavietes-nuoma\/","url":"https:\/\/baidariuuostas.lt\/stovyklavietes-nuoma\/","name":"[:lt]Baidari\u0173 Nuoma su Nakvyne Sodyboje Auk\u0161taitijoje ant e\u017eero kranto[:en]Canoe & Summerhouse rental in Beautiful Lithuania, Baltic States[:]","isPartOf":{"@id":"https:\/\/baidariuuostas.lt\/en\/#website"},"primaryImageOfPage":{"@id":"https:\/\/baidariuuostas.lt\/stovyklavietes-nuoma\/#primaryimage"},"image":{"@id":"https:\/\/baidariuuostas.lt\/stovyklavietes-nuoma\/#primaryimage"},"thumbnailUrl":"https:\/\/baidariuuostas.lt\/wp-content\/uploads\/2017\/04\/IMG_20180526_173002.jpg","datePublished":"2020-06-10T14:34:31+00:00","dateModified":"2022-08-04T13:27:59+00:00","description":"[:lt]Nuomojame sodyb\u0105,plaukimui baidar\u0117mis ir ne tik, Auk\u0161taitijoje ant Asalnyk\u0161\u010dio e\u017eero kranto, vienkiemyje, nutolusi nuo Ignalinos 10km.[:en]Summerhouse rental for kayaking & canoeing, located on a shore of a beautiful lake in Lithuania.[:]","breadcrumb":{"@id":"https:\/\/baidariuuostas.lt\/stovyklavietes-nuoma\/#breadcrumb"},"inLanguage":"en-US","potentialAction":[{"@type":"ReadAction","target":["https:\/\/baidariuuostas.lt\/stovyklavietes-nuoma\/"]}]},{"@type":"ImageObject","inLanguage":"en-US","@id":"https:\/\/baidariuuostas.lt\/stovyklavietes-nuoma\/#primaryimage","url":"https:\/\/baidariuuostas.lt\/wp-content\/uploads\/2017\/04\/IMG_20180526_173002.jpg","contentUrl":"https:\/\/baidariuuostas.lt\/wp-content\/uploads\/2017\/04\/IMG_20180526_173002.jpg","width":3648,"height":2736,"caption":"Stovyklavietes nuoma Aukstaitijoje Galerija - baidariuuostas.lt 2"},{"@type":"BreadcrumbList","@id":"https:\/\/baidariuuostas.lt\/stovyklavietes-nuoma\/#breadcrumb","itemListElement":[{"@type":"ListItem","position":1,"name":"Home","item":"https:\/\/baidariuuostas.lt\/"},{"@type":"ListItem","position":2,"name":"Stovyklaviet\u0117s nuoma"}]},{"@type":"WebSite","@id":"https:\/\/baidariuuostas.lt\/en\/#website","url":"https:\/\/baidariuuostas.lt\/en\/","name":"Baidariuuostas.lt","description":"Kayak rental in Auk\u0161taitija, Lithuania \u017deimena, Kiauna, B\u016bka, Lakaja and other rivers.","publisher":{"@id":"https:\/\/baidariuuostas.lt\/en\/#organization"},"potentialAction":[{"@type":"SearchAction","target":{"@type":"EntryPoint","urlTemplate":"https:\/\/baidariuuostas.lt\/en\/?s={search_term_string}"},"query-input":{"@type":"PropertyValueSpecification","valueRequired":true,"valueName":"search_term_string"}}],"inLanguage":"en-US"},{"@type":"Organization","@id":"https:\/\/baidariuuostas.lt\/en\/#organization","name":"Baidariu nuoma - baidariuuostas.lt","url":"https:\/\/baidariuuostas.lt\/en\/","logo":{"@type":"ImageObject","inLanguage":"en-US","@id":"https:\/\/baidariuuostas.lt\/en\/#\/schema\/logo\/image\/","url":"https:\/\/baidariuuostas.lt\/wp-content\/uploads\/2019\/05\/BU-logo.png","contentUrl":"https:\/\/baidariuuostas.lt\/wp-content\/uploads\/2019\/05\/BU-logo.png","width":800,"height":600,"caption":"Baidariu nuoma - baidariuuostas.lt"},"image":{"@id":"https:\/\/baidariuuostas.lt\/en\/#\/schema\/logo\/image\/"}}]}},"amp_enabled":true,"_links":{"self":[{"href":"https:\/\/baidariuuostas.lt\/en\/wp-json\/wp\/v2\/pages\/4274","targetHints":{"allow":["GET"]}}],"collection":[{"href":"https:\/\/baidariuuostas.lt\/en\/wp-json\/wp\/v2\/pages"}],"about":[{"href":"https:\/\/baidariuuostas.lt\/en\/wp-json\/wp\/v2\/types\/page"}],"author":[{"embeddable":true,"href":"https:\/\/baidariuuostas.lt\/en\/wp-json\/wp\/v2\/users\/1"}],"replies":[{"embeddable":true,"href":"https:\/\/baidariuuostas.lt\/en\/wp-json\/wp\/v2\/comments?post=4274"}],"version-history":[{"count":7,"href":"https:\/\/baidariuuostas.lt\/en\/wp-json\/wp\/v2\/pages\/4274\/revisions"}],"predecessor-version":[{"id":4448,"href":"https:\/\/baidariuuostas.lt\/en\/wp-json\/wp\/v2\/pages\/4274\/revisions\/4448"}],"wp:featuredmedia":[{"embeddable":true,"href":"https:\/\/baidariuuostas.lt\/en\/wp-json\/wp\/v2\/media\/668"}],"wp:attachment":[{"href":"https:\/\/baidariuuostas.lt\/en\/wp-json\/wp\/v2\/media?parent=4274"}],"wp:term":[{"taxonomy":"category","embeddable":true,"href":"https:\/\/baidariuuostas.lt\/en\/wp-json\/wp\/v2\/categories?post=4274"}],"curies":[{"name":"wp","href":"https:\/\/api.w.org\/{rel}","templated":true}]}}