{"id":4287,"date":"2020-06-10T15:59:09","date_gmt":"2020-06-10T15:59:09","guid":{"rendered":"https:\/\/baidariuuostas.lt\/?page_id=4287"},"modified":"2024-12-05T18:11:29","modified_gmt":"2024-12-05T18:11:29","slug":"pirtis-ant-ratu-nuoma","status":"publish","type":"page","link":"https:\/\/baidariuuostas.lt\/en\/pirtis-ant-ratu-nuoma\/","title":{"rendered":"Sauna on wheels rental"},"content":{"rendered":"<p>\n\t\t<style type=\"text\/css\">\n\t\t\t#gallery-2 {\n\t\t\t\tmargin: auto;\n\t\t\t}\n\t\t\t#gallery-2 .gallery-item {\n\t\t\t\tfloat: left;\n\t\t\t\tmargin-top: 10px;\n\t\t\t\ttext-align: center;\n\t\t\t\twidth: 33%;\n\t\t\t}\n\t\t\t#gallery-2 img {\n\t\t\t\tborder: 2px solid #cfcfcf;\n\t\t\t}\n\t\t\t#gallery-2 .gallery-caption {\n\t\t\t\tmargin-left: 0;\n\t\t\t}\n\t\t\t\/* see gallery_shortcode() in wp-includes\/media.php *\/\n\t\t<\/style>\n\t\t<div id='gallery-2' class='gallery galleryid-4287 gallery-columns-3 gallery-size-medium'><dl class='gallery-item'>\n\t\t\t<dt class='gallery-icon landscape'>\n\t\t\t\t<a href='https:\/\/baidariuuostas.lt\/wp-content\/uploads\/2017\/04\/pirties-nuoma.png'><img loading=\"lazy\" decoding=\"async\" width=\"867\" height=\"650\" src=\"https:\/\/baidariuuostas.lt\/wp-content\/uploads\/2017\/04\/pirties-nuoma.png\" class=\"attachment-medium size-medium\" alt=\"pirties ant ratu nuoma\" srcset=\"https:\/\/baidariuuostas.lt\/wp-content\/uploads\/2017\/04\/pirties-nuoma.png 867w, https:\/\/baidariuuostas.lt\/wp-content\/uploads\/2017\/04\/pirties-nuoma-350x262.png 350w, https:\/\/baidariuuostas.lt\/wp-content\/uploads\/2017\/04\/pirties-nuoma-768x576.png 768w\" sizes=\"auto, (max-width: 867px) 100vw, 867px\" \/><\/a>\n\t\t\t<\/dt><\/dl><dl class='gallery-item'>\n\t\t\t<dt class='gallery-icon portrait'>\n\t\t\t\t<a href='https:\/\/baidariuuostas.lt\/wp-content\/uploads\/2017\/04\/pirtis.png'><img loading=\"lazy\" decoding=\"async\" width=\"488\" height=\"650\" src=\"https:\/\/baidariuuostas.lt\/wp-content\/uploads\/2017\/04\/pirtis.png\" class=\"attachment-medium size-medium\" alt=\"pirties ant rat\u0173 nuoma\" srcset=\"https:\/\/baidariuuostas.lt\/wp-content\/uploads\/2017\/04\/pirtis.png 488w, https:\/\/baidariuuostas.lt\/wp-content\/uploads\/2017\/04\/pirtis-263x350.png 263w\" sizes=\"auto, (max-width: 488px) 100vw, 488px\" \/><\/a>\n\t\t\t<\/dt><\/dl><dl class='gallery-item'>\n\t\t\t<dt class='gallery-icon portrait'>\n\t\t\t\t<a href='https:\/\/baidariuuostas.lt\/wp-content\/uploads\/2017\/04\/pirtis2.png'><img loading=\"lazy\" decoding=\"async\" width=\"488\" height=\"650\" src=\"https:\/\/baidariuuostas.lt\/wp-content\/uploads\/2017\/04\/pirtis2.png\" class=\"attachment-medium size-medium\" alt=\"pirties nuoma\" srcset=\"https:\/\/baidariuuostas.lt\/wp-content\/uploads\/2017\/04\/pirtis2.png 488w, https:\/\/baidariuuostas.lt\/wp-content\/uploads\/2017\/04\/pirtis2-263x350.png 263w\" sizes=\"auto, (max-width: 488px) 100vw, 488px\" \/><\/a>\n\t\t\t<\/dt><\/dl><br style=\"clear: both\" \/><dl class='gallery-item'>\n\t\t\t<dt class='gallery-icon landscape'>\n\t\t\t\t<a href='https:\/\/baidariuuostas.lt\/wp-content\/uploads\/2017\/04\/pirtis-ant-ratu.jpg'><img loading=\"lazy\" decoding=\"async\" width=\"801\" height=\"650\" src=\"https:\/\/baidariuuostas.lt\/wp-content\/uploads\/2017\/04\/pirtis-ant-ratu.jpg\" class=\"attachment-medium size-medium\" alt=\"mobilios pirties nuoma\" srcset=\"https:\/\/baidariuuostas.lt\/wp-content\/uploads\/2017\/04\/pirtis-ant-ratu.jpg 801w, https:\/\/baidariuuostas.lt\/wp-content\/uploads\/2017\/04\/pirtis-ant-ratu-350x284.jpg 350w, https:\/\/baidariuuostas.lt\/wp-content\/uploads\/2017\/04\/pirtis-ant-ratu-768x623.jpg 768w\" sizes=\"auto, (max-width: 801px) 100vw, 801px\" \/><\/a>\n\t\t\t<\/dt><\/dl><dl class='gallery-item'>\n\t\t\t<dt class='gallery-icon portrait'>\n\t\t\t\t<a href='https:\/\/baidariuuostas.lt\/wp-content\/uploads\/2017\/04\/mobili-pirtis.png'><img loading=\"lazy\" decoding=\"async\" width=\"488\" height=\"650\" src=\"https:\/\/baidariuuostas.lt\/wp-content\/uploads\/2017\/04\/mobili-pirtis.png\" class=\"attachment-medium size-medium\" alt=\"mobili pirtis\" srcset=\"https:\/\/baidariuuostas.lt\/wp-content\/uploads\/2017\/04\/mobili-pirtis.png 488w, https:\/\/baidariuuostas.lt\/wp-content\/uploads\/2017\/04\/mobili-pirtis-263x350.png 263w\" sizes=\"auto, (max-width: 488px) 100vw, 488px\" \/><\/a>\n\t\t\t<\/dt><\/dl><dl class='gallery-item'>\n\t\t\t<dt class='gallery-icon portrait'>\n\t\t\t\t<a href='https:\/\/baidariuuostas.lt\/wp-content\/uploads\/2017\/03\/pirtele.jpg'><img loading=\"lazy\" decoding=\"async\" width=\"660\" height=\"1000\" src=\"https:\/\/baidariuuostas.lt\/wp-content\/uploads\/2017\/03\/pirtele-660x1000.jpg\" class=\"attachment-medium size-medium\" alt=\"Sodybos nuoma auk\u0161taitijoje\" srcset=\"https:\/\/baidariuuostas.lt\/wp-content\/uploads\/2017\/03\/pirtele-660x1000.jpg 660w, https:\/\/baidariuuostas.lt\/wp-content\/uploads\/2017\/03\/pirtele-231x350.jpg 231w, https:\/\/baidariuuostas.lt\/wp-content\/uploads\/2017\/03\/pirtele.jpg 676w\" sizes=\"auto, (max-width: 660px) 100vw, 660px\" \/><\/a>\n\t\t\t<\/dt><\/dl><br style=\"clear: both\" \/>\n\t\t<\/div>\n<\/p>\n<h2>Mobile Sauna<\/h2>\n<p>For all-included camping outdoors experience &#8211; we offer a mobile sauna on wheels. What could be better than relaxing in a hot sauna after a tough day, canoeing throughout the beautiful lakes and rivers of Lithuania.<\/p>\n<h3>Enterntainment<\/h3>\n<p>We offer kayaking, canoeing or paddle boarding! If needed, we can offer a simple boat for fishing or top-quality romantic time.<\/p>","protected":false},"excerpt":{"rendered":"<p>Mobile Sauna For all-included camping outdoors experience &#8211; we offer a mobile sauna on wheels. What could be better than relaxing in a hot sauna after a tough day, canoeing throughout the beautiful lakes and rivers of Lithuania. Enterntainment We offer kayaking, canoeing or paddle boarding! If needed, we can offer a simple boat for<br \/><a class=\"moretag\" href=\"https:\/\/baidariuuostas.lt\/en\/pirtis-ant-ratu-nuoma\/\">+ Read More<\/a><\/p>\n","protected":false},"author":1,"featured_media":133,"parent":0,"menu_order":0,"comment_status":"closed","ping_status":"closed","template":"","meta":{"footnotes":""},"categories":[302],"class_list":["post-4287","page","type-page","status-publish","has-post-thumbnail","hentry","category-nuoma"],"acf":[],"yoast_head":"<!-- This site is optimized with the Yoast SEO plugin v24.2 - https:\/\/yoast.com\/wordpress\/plugins\/seo\/ -->\n<title>A hot mobile sauna on wheels rental in Lithuania - baidariuuostas.lt<\/title>\n<meta name=\"description\" content=\"For all-included camping outdoors experience - we offer a hot mobile sauna on wheels for you &amp; your friends.\" \/>\n<meta name=\"robots\" content=\"index, follow, max-snippet:-1, max-image-preview:large, max-video-preview:-1\" \/>\n<link rel=\"canonical\" href=\"https:\/\/baidariuuostas.lt\/pirtis-ant-ratu-nuoma\/\" \/>\n<meta property=\"og:locale\" content=\"en_US\" \/>\n<meta property=\"og:type\" content=\"article\" \/>\n<meta property=\"og:title\" content=\"[:lt]Mobilios pirties ant rat\u0173 nuoma, plaukimui baidar\u0117mis Auk\u0161taitijoje[:en]A hot mobile sauna on wheels rental in Lithuania - baidariuuostas.lt[:]\" \/>\n<meta property=\"og:description\" content=\"[:lt]Mobili pirtis ant rat\u0173 tikrai pagyvins susib\u016brim\u0105 ar stovyklaviet\u0119 po plaukimo baidar\u0117mis. Nustebikite savo draugus![:en]For all-included camping outdoors experience - we offer a hot mobile sauna on wheels for you &amp; your friends.[:]\" \/>\n<meta property=\"og:url\" content=\"https:\/\/baidariuuostas.lt\/pirtis-ant-ratu-nuoma\/\" \/>\n<meta property=\"og:site_name\" content=\"Baidariuuostas.lt\" \/>\n<meta property=\"article:modified_time\" content=\"2024-12-05T18:11:29+00:00\" \/>\n<meta property=\"og:image\" content=\"https:\/\/baidariuuostas.lt\/wp-content\/uploads\/2017\/04\/pirtis-ant-ratu.jpg\" \/>\n\t<meta property=\"og:image:width\" content=\"801\" \/>\n\t<meta property=\"og:image:height\" content=\"650\" \/>\n\t<meta property=\"og:image:type\" content=\"image\/jpeg\" \/>\n<meta name=\"twitter:card\" content=\"summary_large_image\" \/>\n<meta name=\"twitter:label1\" content=\"Est. reading time\" \/>\n\t<meta name=\"twitter:data1\" content=\"1 minute\" \/>\n<script type=\"application\/ld+json\" class=\"yoast-schema-graph\">{\"@context\":\"https:\/\/schema.org\",\"@graph\":[{\"@type\":\"WebPage\",\"@id\":\"https:\/\/baidariuuostas.lt\/pirtis-ant-ratu-nuoma\/\",\"url\":\"https:\/\/baidariuuostas.lt\/pirtis-ant-ratu-nuoma\/\",\"name\":\"[:lt]Mobilios pirties ant rat\u0173 nuoma, plaukimui baidar\u0117mis Auk\u0161taitijoje[:en]A hot mobile sauna on wheels rental in Lithuania - baidariuuostas.lt[:]\",\"isPartOf\":{\"@id\":\"https:\/\/baidariuuostas.lt\/en\/#website\"},\"primaryImageOfPage\":{\"@id\":\"https:\/\/baidariuuostas.lt\/pirtis-ant-ratu-nuoma\/#primaryimage\"},\"image\":{\"@id\":\"https:\/\/baidariuuostas.lt\/pirtis-ant-ratu-nuoma\/#primaryimage\"},\"thumbnailUrl\":\"https:\/\/baidariuuostas.lt\/wp-content\/uploads\/2017\/04\/pirtis-ant-ratu.jpg\",\"datePublished\":\"2020-06-10T15:59:09+00:00\",\"dateModified\":\"2024-12-05T18:11:29+00:00\",\"description\":\"[:lt]Mobili pirtis ant rat\u0173 tikrai pagyvins susib\u016brim\u0105 ar stovyklaviet\u0119 po plaukimo baidar\u0117mis. Nustebikite savo draugus![:en]For all-included camping outdoors experience - we offer a hot mobile sauna on wheels for you & your friends.[:]\",\"breadcrumb\":{\"@id\":\"https:\/\/baidariuuostas.lt\/pirtis-ant-ratu-nuoma\/#breadcrumb\"},\"inLanguage\":\"en-US\",\"potentialAction\":[{\"@type\":\"ReadAction\",\"target\":[\"https:\/\/baidariuuostas.lt\/pirtis-ant-ratu-nuoma\/\"]}]},{\"@type\":\"ImageObject\",\"inLanguage\":\"en-US\",\"@id\":\"https:\/\/baidariuuostas.lt\/pirtis-ant-ratu-nuoma\/#primaryimage\",\"url\":\"https:\/\/baidariuuostas.lt\/wp-content\/uploads\/2017\/04\/pirtis-ant-ratu.jpg\",\"contentUrl\":\"https:\/\/baidariuuostas.lt\/wp-content\/uploads\/2017\/04\/pirtis-ant-ratu.jpg\",\"width\":801,\"height\":650,\"caption\":\"mobilios pirties nuoma\"},{\"@type\":\"BreadcrumbList\",\"@id\":\"https:\/\/baidariuuostas.lt\/pirtis-ant-ratu-nuoma\/#breadcrumb\",\"itemListElement\":[{\"@type\":\"ListItem\",\"position\":1,\"name\":\"Home\",\"item\":\"https:\/\/baidariuuostas.lt\/\"},{\"@type\":\"ListItem\",\"position\":2,\"name\":\"Mobilios pirties ant rat\u0173 nuoma\"}]},{\"@type\":\"WebSite\",\"@id\":\"https:\/\/baidariuuostas.lt\/en\/#website\",\"url\":\"https:\/\/baidariuuostas.lt\/en\/\",\"name\":\"Baidariuuostas.lt\",\"description\":\"Kayak rental in Auk\u0161taitija, Lithuania \u017deimena, Kiauna, B\u016bka, Lakaja and other rivers.\",\"publisher\":{\"@id\":\"https:\/\/baidariuuostas.lt\/en\/#organization\"},\"potentialAction\":[{\"@type\":\"SearchAction\",\"target\":{\"@type\":\"EntryPoint\",\"urlTemplate\":\"https:\/\/baidariuuostas.lt\/en\/?s={search_term_string}\"},\"query-input\":{\"@type\":\"PropertyValueSpecification\",\"valueRequired\":true,\"valueName\":\"search_term_string\"}}],\"inLanguage\":\"en-US\"},{\"@type\":\"Organization\",\"@id\":\"https:\/\/baidariuuostas.lt\/en\/#organization\",\"name\":\"Baidariu nuoma - baidariuuostas.lt\",\"url\":\"https:\/\/baidariuuostas.lt\/en\/\",\"logo\":{\"@type\":\"ImageObject\",\"inLanguage\":\"en-US\",\"@id\":\"https:\/\/baidariuuostas.lt\/en\/#\/schema\/logo\/image\/\",\"url\":\"https:\/\/baidariuuostas.lt\/wp-content\/uploads\/2019\/05\/BU-logo.png\",\"contentUrl\":\"https:\/\/baidariuuostas.lt\/wp-content\/uploads\/2019\/05\/BU-logo.png\",\"width\":800,\"height\":600,\"caption\":\"Baidariu nuoma - baidariuuostas.lt\"},\"image\":{\"@id\":\"https:\/\/baidariuuostas.lt\/en\/#\/schema\/logo\/image\/\"}}]}<\/script>\n<!-- \/ Yoast SEO plugin. -->","yoast_head_json":{"title":"A hot mobile sauna on wheels rental in Lithuania - baidariuuostas.lt","description":"For all-included camping outdoors experience - we offer a hot mobile sauna on wheels for you & your friends.","robots":{"index":"index","follow":"follow","max-snippet":"max-snippet:-1","max-image-preview":"max-image-preview:large","max-video-preview":"max-video-preview:-1"},"canonical":"https:\/\/baidariuuostas.lt\/pirtis-ant-ratu-nuoma\/","og_locale":"en_US","og_type":"article","og_title":"[:lt]Mobilios pirties ant rat\u0173 nuoma, plaukimui baidar\u0117mis Auk\u0161taitijoje[:en]A hot mobile sauna on wheels rental in Lithuania - baidariuuostas.lt[:]","og_description":"[:lt]Mobili pirtis ant rat\u0173 tikrai pagyvins susib\u016brim\u0105 ar stovyklaviet\u0119 po plaukimo baidar\u0117mis. Nustebikite savo draugus![:en]For all-included camping outdoors experience - we offer a hot mobile sauna on wheels for you & your friends.[:]","og_url":"https:\/\/baidariuuostas.lt\/pirtis-ant-ratu-nuoma\/","og_site_name":"Baidariuuostas.lt","article_modified_time":"2024-12-05T18:11:29+00:00","og_image":[{"width":801,"height":650,"url":"https:\/\/baidariuuostas.lt\/wp-content\/uploads\/2017\/04\/pirtis-ant-ratu.jpg","type":"image\/jpeg"}],"twitter_card":"summary_large_image","twitter_misc":{"Est. reading time":"1 minute"},"schema":{"@context":"https:\/\/schema.org","@graph":[{"@type":"WebPage","@id":"https:\/\/baidariuuostas.lt\/pirtis-ant-ratu-nuoma\/","url":"https:\/\/baidariuuostas.lt\/pirtis-ant-ratu-nuoma\/","name":"[:lt]Mobilios pirties ant rat\u0173 nuoma, plaukimui baidar\u0117mis Auk\u0161taitijoje[:en]A hot mobile sauna on wheels rental in Lithuania - baidariuuostas.lt[:]","isPartOf":{"@id":"https:\/\/baidariuuostas.lt\/en\/#website"},"primaryImageOfPage":{"@id":"https:\/\/baidariuuostas.lt\/pirtis-ant-ratu-nuoma\/#primaryimage"},"image":{"@id":"https:\/\/baidariuuostas.lt\/pirtis-ant-ratu-nuoma\/#primaryimage"},"thumbnailUrl":"https:\/\/baidariuuostas.lt\/wp-content\/uploads\/2017\/04\/pirtis-ant-ratu.jpg","datePublished":"2020-06-10T15:59:09+00:00","dateModified":"2024-12-05T18:11:29+00:00","description":"[:lt]Mobili pirtis ant rat\u0173 tikrai pagyvins susib\u016brim\u0105 ar stovyklaviet\u0119 po plaukimo baidar\u0117mis. Nustebikite savo draugus![:en]For all-included camping outdoors experience - we offer a hot mobile sauna on wheels for you & your friends.[:]","breadcrumb":{"@id":"https:\/\/baidariuuostas.lt\/pirtis-ant-ratu-nuoma\/#breadcrumb"},"inLanguage":"en-US","potentialAction":[{"@type":"ReadAction","target":["https:\/\/baidariuuostas.lt\/pirtis-ant-ratu-nuoma\/"]}]},{"@type":"ImageObject","inLanguage":"en-US","@id":"https:\/\/baidariuuostas.lt\/pirtis-ant-ratu-nuoma\/#primaryimage","url":"https:\/\/baidariuuostas.lt\/wp-content\/uploads\/2017\/04\/pirtis-ant-ratu.jpg","contentUrl":"https:\/\/baidariuuostas.lt\/wp-content\/uploads\/2017\/04\/pirtis-ant-ratu.jpg","width":801,"height":650,"caption":"mobilios pirties nuoma"},{"@type":"BreadcrumbList","@id":"https:\/\/baidariuuostas.lt\/pirtis-ant-ratu-nuoma\/#breadcrumb","itemListElement":[{"@type":"ListItem","position":1,"name":"Home","item":"https:\/\/baidariuuostas.lt\/"},{"@type":"ListItem","position":2,"name":"Mobilios pirties ant rat\u0173 nuoma"}]},{"@type":"WebSite","@id":"https:\/\/baidariuuostas.lt\/en\/#website","url":"https:\/\/baidariuuostas.lt\/en\/","name":"Baidariuuostas.lt","description":"Kayak rental in Auk\u0161taitija, Lithuania \u017deimena, Kiauna, B\u016bka, Lakaja and other rivers.","publisher":{"@id":"https:\/\/baidariuuostas.lt\/en\/#organization"},"potentialAction":[{"@type":"SearchAction","target":{"@type":"EntryPoint","urlTemplate":"https:\/\/baidariuuostas.lt\/en\/?s={search_term_string}"},"query-input":{"@type":"PropertyValueSpecification","valueRequired":true,"valueName":"search_term_string"}}],"inLanguage":"en-US"},{"@type":"Organization","@id":"https:\/\/baidariuuostas.lt\/en\/#organization","name":"Baidariu nuoma - baidariuuostas.lt","url":"https:\/\/baidariuuostas.lt\/en\/","logo":{"@type":"ImageObject","inLanguage":"en-US","@id":"https:\/\/baidariuuostas.lt\/en\/#\/schema\/logo\/image\/","url":"https:\/\/baidariuuostas.lt\/wp-content\/uploads\/2019\/05\/BU-logo.png","contentUrl":"https:\/\/baidariuuostas.lt\/wp-content\/uploads\/2019\/05\/BU-logo.png","width":800,"height":600,"caption":"Baidariu nuoma - baidariuuostas.lt"},"image":{"@id":"https:\/\/baidariuuostas.lt\/en\/#\/schema\/logo\/image\/"}}]}},"amp_enabled":true,"_links":{"self":[{"href":"https:\/\/baidariuuostas.lt\/en\/wp-json\/wp\/v2\/pages\/4287","targetHints":{"allow":["GET"]}}],"collection":[{"href":"https:\/\/baidariuuostas.lt\/en\/wp-json\/wp\/v2\/pages"}],"about":[{"href":"https:\/\/baidariuuostas.lt\/en\/wp-json\/wp\/v2\/types\/page"}],"author":[{"embeddable":true,"href":"https:\/\/baidariuuostas.lt\/en\/wp-json\/wp\/v2\/users\/1"}],"replies":[{"embeddable":true,"href":"https:\/\/baidariuuostas.lt\/en\/wp-json\/wp\/v2\/comments?post=4287"}],"version-history":[{"count":2,"href":"https:\/\/baidariuuostas.lt\/en\/wp-json\/wp\/v2\/pages\/4287\/revisions"}],"predecessor-version":[{"id":4470,"href":"https:\/\/baidariuuostas.lt\/en\/wp-json\/wp\/v2\/pages\/4287\/revisions\/4470"}],"wp:featuredmedia":[{"embeddable":true,"href":"https:\/\/baidariuuostas.lt\/en\/wp-json\/wp\/v2\/media\/133"}],"wp:attachment":[{"href":"https:\/\/baidariuuostas.lt\/en\/wp-json\/wp\/v2\/media?parent=4287"}],"wp:term":[{"taxonomy":"category","embeddable":true,"href":"https:\/\/baidariuuostas.lt\/en\/wp-json\/wp\/v2\/categories?post=4287"}],"curies":[{"name":"wp","href":"https:\/\/api.w.org\/{rel}","templated":true}]}}