{"id":4295,"date":"2020-06-10T16:21:33","date_gmt":"2020-06-10T16:21:33","guid":{"rendered":"https:\/\/baidariuuostas.lt\/?page_id=4295"},"modified":"2025-01-16T10:27:11","modified_gmt":"2025-01-16T10:27:11","slug":"laivas","status":"publish","type":"page","link":"https:\/\/baidariuuostas.lt\/en\/laivas\/","title":{"rendered":"Motor boats"},"content":{"rendered":"<p>\n\t\t<style type=\"text\/css\">\n\t\t\t#gallery-2 {\n\t\t\t\tmargin: auto;\n\t\t\t}\n\t\t\t#gallery-2 .gallery-item {\n\t\t\t\tfloat: left;\n\t\t\t\tmargin-top: 10px;\n\t\t\t\ttext-align: center;\n\t\t\t\twidth: 33%;\n\t\t\t}\n\t\t\t#gallery-2 img {\n\t\t\t\tborder: 2px solid #cfcfcf;\n\t\t\t}\n\t\t\t#gallery-2 .gallery-caption {\n\t\t\t\tmargin-left: 0;\n\t\t\t}\n\t\t\t\/* see gallery_shortcode() in wp-includes\/media.php *\/\n\t\t<\/style>\n\t\t<div id='gallery-2' class='gallery galleryid-4295 gallery-columns-3 gallery-size-medium'><dl class='gallery-item'>\n\t\t\t<dt class='gallery-icon landscape'>\n\t\t\t\t<a href='https:\/\/baidariuuostas.lt\/wp-content\/uploads\/2017\/04\/laivo-nuoma.jpg'><img loading=\"lazy\" decoding=\"async\" width=\"1240\" height=\"820\" src=\"https:\/\/baidariuuostas.lt\/wp-content\/uploads\/2017\/04\/laivo-nuoma-1240x820.jpg\" class=\"attachment-medium size-medium\" alt=\"pramoginio laivo nuoma aukstaitijoje\" srcset=\"https:\/\/baidariuuostas.lt\/wp-content\/uploads\/2017\/04\/laivo-nuoma-1240x820.jpg 1240w, https:\/\/baidariuuostas.lt\/wp-content\/uploads\/2017\/04\/laivo-nuoma-350x231.jpg 350w, https:\/\/baidariuuostas.lt\/wp-content\/uploads\/2017\/04\/laivo-nuoma-768x508.jpg 768w, https:\/\/baidariuuostas.lt\/wp-content\/uploads\/2017\/04\/laivo-nuoma-1920x1270.jpg 1920w, https:\/\/baidariuuostas.lt\/wp-content\/uploads\/2017\/04\/laivo-nuoma.jpg 1964w\" sizes=\"auto, (max-width: 1240px) 100vw, 1240px\" \/><\/a>\n\t\t\t<\/dt><\/dl><dl class='gallery-item'>\n\t\t\t<dt class='gallery-icon landscape'>\n\t\t\t\t<a href='https:\/\/baidariuuostas.lt\/wp-content\/uploads\/2017\/04\/ssf.jpg'><img loading=\"lazy\" decoding=\"async\" width=\"1240\" height=\"691\" src=\"https:\/\/baidariuuostas.lt\/wp-content\/uploads\/2017\/04\/ssf-1240x691.jpg\" class=\"attachment-medium size-medium\" alt=\"pramoginis laivas\" srcset=\"https:\/\/baidariuuostas.lt\/wp-content\/uploads\/2017\/04\/ssf-1240x691.jpg 1240w, https:\/\/baidariuuostas.lt\/wp-content\/uploads\/2017\/04\/ssf-350x195.jpg 350w, https:\/\/baidariuuostas.lt\/wp-content\/uploads\/2017\/04\/ssf-768x428.jpg 768w, https:\/\/baidariuuostas.lt\/wp-content\/uploads\/2017\/04\/ssf-1920x1070.jpg 1920w, https:\/\/baidariuuostas.lt\/wp-content\/uploads\/2017\/04\/ssf.jpg 2048w\" sizes=\"auto, (max-width: 1240px) 100vw, 1240px\" \/><\/a>\n\t\t\t<\/dt><\/dl><dl class='gallery-item'>\n\t\t\t<dt class='gallery-icon landscape'>\n\t\t\t\t<a href='https:\/\/baidariuuostas.lt\/wp-content\/uploads\/2017\/04\/IMG_3948.jpg'><img loading=\"lazy\" decoding=\"async\" width=\"1240\" height=\"930\" src=\"https:\/\/baidariuuostas.lt\/wp-content\/uploads\/2017\/04\/IMG_3948-1240x930.jpg\" class=\"attachment-medium size-medium\" alt=\"pramoginio laivo nuoma aukstaitijoje\" srcset=\"https:\/\/baidariuuostas.lt\/wp-content\/uploads\/2017\/04\/IMG_3948-1240x930.jpg 1240w, https:\/\/baidariuuostas.lt\/wp-content\/uploads\/2017\/04\/IMG_3948-350x263.jpg 350w, https:\/\/baidariuuostas.lt\/wp-content\/uploads\/2017\/04\/IMG_3948-768x576.jpg 768w, https:\/\/baidariuuostas.lt\/wp-content\/uploads\/2017\/04\/IMG_3948-1920x1440.jpg 1920w, https:\/\/baidariuuostas.lt\/wp-content\/uploads\/2017\/04\/IMG_3948.jpg 2048w\" sizes=\"auto, (max-width: 1240px) 100vw, 1240px\" \/><\/a>\n\t\t\t<\/dt><\/dl><br style=\"clear: both\" \/><dl class='gallery-item'>\n\t\t\t<dt class='gallery-icon portrait'>\n\t\t\t\t<a href='https:\/\/baidariuuostas.lt\/wp-content\/uploads\/2017\/04\/image-0-02-01-358375401dc46536b771ec35333e96acb9ba701e244375a8c623aaf7860b2e5b-V.jpg'><img loading=\"lazy\" decoding=\"async\" width=\"750\" height=\"1000\" src=\"https:\/\/baidariuuostas.lt\/wp-content\/uploads\/2017\/04\/image-0-02-01-358375401dc46536b771ec35333e96acb9ba701e244375a8c623aaf7860b2e5b-V-750x1000.jpg\" class=\"attachment-medium size-medium\" alt=\"pramoginio laivo nuoma\" srcset=\"https:\/\/baidariuuostas.lt\/wp-content\/uploads\/2017\/04\/image-0-02-01-358375401dc46536b771ec35333e96acb9ba701e244375a8c623aaf7860b2e5b-V-750x1000.jpg 750w, https:\/\/baidariuuostas.lt\/wp-content\/uploads\/2017\/04\/image-0-02-01-358375401dc46536b771ec35333e96acb9ba701e244375a8c623aaf7860b2e5b-V-263x350.jpg 263w, https:\/\/baidariuuostas.lt\/wp-content\/uploads\/2017\/04\/image-0-02-01-358375401dc46536b771ec35333e96acb9ba701e244375a8c623aaf7860b2e5b-V-768x1024.jpg 768w, https:\/\/baidariuuostas.lt\/wp-content\/uploads\/2017\/04\/image-0-02-01-358375401dc46536b771ec35333e96acb9ba701e244375a8c623aaf7860b2e5b-V.jpg 960w\" sizes=\"auto, (max-width: 750px) 100vw, 750px\" \/><\/a>\n\t\t\t<\/dt><\/dl><dl class='gallery-item'>\n\t\t\t<dt class='gallery-icon landscape'>\n\t\t\t\t<a href='https:\/\/baidariuuostas.lt\/wp-content\/uploads\/2017\/04\/IMG_20180527_153308.jpg'><img loading=\"lazy\" decoding=\"async\" width=\"1240\" height=\"930\" src=\"https:\/\/baidariuuostas.lt\/wp-content\/uploads\/2017\/04\/IMG_20180527_153308-1240x930.jpg\" class=\"attachment-medium size-medium\" alt=\"Pramoginio laivo nuoma Auk\u0161taitijoje - baidariuuostas.lt\" srcset=\"https:\/\/baidariuuostas.lt\/wp-content\/uploads\/2017\/04\/IMG_20180527_153308-1240x930.jpg 1240w, https:\/\/baidariuuostas.lt\/wp-content\/uploads\/2017\/04\/IMG_20180527_153308-350x263.jpg 350w, https:\/\/baidariuuostas.lt\/wp-content\/uploads\/2017\/04\/IMG_20180527_153308-768x576.jpg 768w, https:\/\/baidariuuostas.lt\/wp-content\/uploads\/2017\/04\/IMG_20180527_153308-1920x1440.jpg 1920w\" sizes=\"auto, (max-width: 1240px) 100vw, 1240px\" \/><\/a>\n\t\t\t<\/dt><\/dl><dl class='gallery-item'>\n\t\t\t<dt class='gallery-icon landscape'>\n\t\t\t\t<a href='https:\/\/baidariuuostas.lt\/wp-content\/uploads\/2017\/04\/DSC_0870.jpg'><img loading=\"lazy\" decoding=\"async\" width=\"1240\" height=\"698\" src=\"https:\/\/baidariuuostas.lt\/wp-content\/uploads\/2017\/04\/DSC_0870-1240x698.jpg\" class=\"attachment-medium size-medium\" alt=\"laivo nuoma\" srcset=\"https:\/\/baidariuuostas.lt\/wp-content\/uploads\/2017\/04\/DSC_0870-1240x698.jpg 1240w, https:\/\/baidariuuostas.lt\/wp-content\/uploads\/2017\/04\/DSC_0870-350x197.jpg 350w, https:\/\/baidariuuostas.lt\/wp-content\/uploads\/2017\/04\/DSC_0870-768x432.jpg 768w, https:\/\/baidariuuostas.lt\/wp-content\/uploads\/2017\/04\/DSC_0870-1920x1080.jpg 1920w, https:\/\/baidariuuostas.lt\/wp-content\/uploads\/2017\/04\/DSC_0870.jpg 2048w\" sizes=\"auto, (max-width: 1240px) 100vw, 1240px\" \/><\/a>\n\t\t\t<\/dt><\/dl><br style=\"clear: both\" \/><dl class='gallery-item'>\n\t\t\t<dt class='gallery-icon landscape'>\n\t\t\t\t<a href='https:\/\/baidariuuostas.lt\/wp-content\/uploads\/2017\/04\/DSC_0869.jpg'><img loading=\"lazy\" decoding=\"async\" width=\"1240\" height=\"698\" src=\"https:\/\/baidariuuostas.lt\/wp-content\/uploads\/2017\/04\/DSC_0869-1240x698.jpg\" class=\"attachment-medium size-medium\" alt=\"laivo nuoma aukstaitijos nacionaliniame parke\" srcset=\"https:\/\/baidariuuostas.lt\/wp-content\/uploads\/2017\/04\/DSC_0869-1240x698.jpg 1240w, https:\/\/baidariuuostas.lt\/wp-content\/uploads\/2017\/04\/DSC_0869-350x197.jpg 350w, https:\/\/baidariuuostas.lt\/wp-content\/uploads\/2017\/04\/DSC_0869-768x432.jpg 768w, https:\/\/baidariuuostas.lt\/wp-content\/uploads\/2017\/04\/DSC_0869-1920x1080.jpg 1920w, https:\/\/baidariuuostas.lt\/wp-content\/uploads\/2017\/04\/DSC_0869.jpg 2048w\" sizes=\"auto, (max-width: 1240px) 100vw, 1240px\" \/><\/a>\n\t\t\t<\/dt><\/dl><dl class='gallery-item'>\n\t\t\t<dt class='gallery-icon landscape'>\n\t\t\t\t<a href='https:\/\/baidariuuostas.lt\/wp-content\/uploads\/2017\/04\/DSC_0039.jpg'><img loading=\"lazy\" decoding=\"async\" width=\"1240\" height=\"698\" src=\"https:\/\/baidariuuostas.lt\/wp-content\/uploads\/2017\/04\/DSC_0039-1240x698.jpg\" class=\"attachment-medium size-medium\" alt=\"laivo nuoma aukstaitijoje\" srcset=\"https:\/\/baidariuuostas.lt\/wp-content\/uploads\/2017\/04\/DSC_0039-1240x698.jpg 1240w, https:\/\/baidariuuostas.lt\/wp-content\/uploads\/2017\/04\/DSC_0039-350x197.jpg 350w, https:\/\/baidariuuostas.lt\/wp-content\/uploads\/2017\/04\/DSC_0039-768x432.jpg 768w, https:\/\/baidariuuostas.lt\/wp-content\/uploads\/2017\/04\/DSC_0039-1920x1080.jpg 1920w, https:\/\/baidariuuostas.lt\/wp-content\/uploads\/2017\/04\/DSC_0039.jpg 2048w\" sizes=\"auto, (max-width: 1240px) 100vw, 1240px\" \/><\/a>\n\t\t\t<\/dt><\/dl><dl class='gallery-item'>\n\t\t\t<dt class='gallery-icon landscape'>\n\t\t\t\t<a href='https:\/\/baidariuuostas.lt\/wp-content\/uploads\/2017\/04\/DSC_0024.jpg'><img loading=\"lazy\" decoding=\"async\" width=\"1240\" height=\"698\" src=\"https:\/\/baidariuuostas.lt\/wp-content\/uploads\/2017\/04\/DSC_0024-1240x698.jpg\" class=\"attachment-medium size-medium\" alt=\"laivo aukstatijoje nuoma\" srcset=\"https:\/\/baidariuuostas.lt\/wp-content\/uploads\/2017\/04\/DSC_0024-1240x698.jpg 1240w, https:\/\/baidariuuostas.lt\/wp-content\/uploads\/2017\/04\/DSC_0024-350x197.jpg 350w, https:\/\/baidariuuostas.lt\/wp-content\/uploads\/2017\/04\/DSC_0024-768x432.jpg 768w, https:\/\/baidariuuostas.lt\/wp-content\/uploads\/2017\/04\/DSC_0024-1920x1080.jpg 1920w, https:\/\/baidariuuostas.lt\/wp-content\/uploads\/2017\/04\/DSC_0024.jpg 2048w\" sizes=\"auto, (max-width: 1240px) 100vw, 1240px\" \/><\/a>\n\t\t\t<\/dt><\/dl><br style=\"clear: both\" \/>\n\t\t<\/div>\n<\/p>\n<h2>A boat tour on beautiful Lithuanian lake<\/h2>\n<p>We offer a unique experience of enjoying the beautiful Lithuanian nature on a private bout tour around the gorgeous Lake Lu\u0161iai.<\/p>\n<p><strong>Price negotiable<\/strong><\/p>","protected":false},"excerpt":{"rendered":"<p>A boat tour on beautiful Lithuanian lake We offer a unique experience of enjoying the beautiful Lithuanian nature on a private bout tour around the gorgeous Lake Lu\u0161iai. Price negotiable<\/p>\n","protected":false},"author":1,"featured_media":662,"parent":0,"menu_order":0,"comment_status":"closed","ping_status":"closed","template":"","meta":{"footnotes":""},"categories":[302],"class_list":["post-4295","page","type-page","status-publish","has-post-thumbnail","hentry","category-nuoma"],"acf":[],"yoast_head":"<!-- This site is optimized with the Yoast SEO plugin v24.2 - https:\/\/yoast.com\/wordpress\/plugins\/seo\/ -->\n<title>A private boat tour on a beautiful Lithuanian Lake Lu\u0161iai - baidariuuostas.lt<\/title>\n<meta name=\"description\" content=\"We offer a unique experience of enjoying the beautiful Lithuanian nature on a bout tour around the gorgeous Lake Lu\u0161iai.\" \/>\n<meta name=\"robots\" content=\"index, follow, max-snippet:-1, max-image-preview:large, max-video-preview:-1\" \/>\n<link rel=\"canonical\" href=\"https:\/\/baidariuuostas.lt\/laivas\/\" \/>\n<meta property=\"og:locale\" content=\"en_US\" \/>\n<meta property=\"og:type\" content=\"article\" \/>\n<meta property=\"og:title\" content=\"[:lt]Pramoginio laivo nuoma Auk\u0161taitijoje, L\u016b\u0161io e\u017eeru ir aplinkiniais labirintais.[:en]A private boat tour on a beautiful Lithuanian Lake Lu\u0161iai - baidariuuostas.lt[:]\" \/>\n<meta property=\"og:description\" content=\"[:lt]Pramoginio laivo nuoma gra\u017eiausiu L\u016b\u0161io e\u017eeru ir kitais Auk\u0161taitijoje esan\u010diais e\u017eer\u0173 labirintais. Pramoginis laivas \u201eVytis\u201c - baidariuuostas.lt[:en]We offer a unique experience of enjoying the beautiful Lithuanian nature on a bout tour around the gorgeous Lake Lu\u0161iai.[:]\" \/>\n<meta property=\"og:url\" content=\"https:\/\/baidariuuostas.lt\/laivas\/\" \/>\n<meta property=\"og:site_name\" content=\"Baidariuuostas.lt\" \/>\n<meta property=\"article:modified_time\" content=\"2025-01-16T10:27:11+00:00\" \/>\n<meta property=\"og:image\" content=\"https:\/\/baidariuuostas.lt\/wp-content\/uploads\/2017\/04\/IMG_20180527_153308.jpg\" \/>\n\t<meta property=\"og:image:width\" content=\"3648\" \/>\n\t<meta property=\"og:image:height\" content=\"2736\" \/>\n\t<meta property=\"og:image:type\" content=\"image\/jpeg\" \/>\n<meta name=\"twitter:card\" content=\"summary_large_image\" \/>\n<meta name=\"twitter:label1\" content=\"Est. reading time\" \/>\n\t<meta name=\"twitter:data1\" content=\"1 minute\" \/>\n<script type=\"application\/ld+json\" class=\"yoast-schema-graph\">{\"@context\":\"https:\/\/schema.org\",\"@graph\":[{\"@type\":\"WebPage\",\"@id\":\"https:\/\/baidariuuostas.lt\/laivas\/\",\"url\":\"https:\/\/baidariuuostas.lt\/laivas\/\",\"name\":\"[:lt]Pramoginio laivo nuoma Auk\u0161taitijoje, L\u016b\u0161io e\u017eeru ir aplinkiniais labirintais.[:en]A private boat tour on a beautiful Lithuanian Lake Lu\u0161iai - baidariuuostas.lt[:]\",\"isPartOf\":{\"@id\":\"https:\/\/baidariuuostas.lt\/en\/#website\"},\"primaryImageOfPage\":{\"@id\":\"https:\/\/baidariuuostas.lt\/laivas\/#primaryimage\"},\"image\":{\"@id\":\"https:\/\/baidariuuostas.lt\/laivas\/#primaryimage\"},\"thumbnailUrl\":\"https:\/\/baidariuuostas.lt\/wp-content\/uploads\/2017\/04\/IMG_20180527_153308.jpg\",\"datePublished\":\"2020-06-10T16:21:33+00:00\",\"dateModified\":\"2025-01-16T10:27:11+00:00\",\"description\":\"[:lt]Pramoginio laivo nuoma gra\u017eiausiu L\u016b\u0161io e\u017eeru ir kitais Auk\u0161taitijoje esan\u010diais e\u017eer\u0173 labirintais. Pramoginis laivas \u201eVytis\u201c - baidariuuostas.lt[:en]We offer a unique experience of enjoying the beautiful Lithuanian nature on a bout tour around the gorgeous Lake Lu\u0161iai.[:]\",\"breadcrumb\":{\"@id\":\"https:\/\/baidariuuostas.lt\/laivas\/#breadcrumb\"},\"inLanguage\":\"en-US\",\"potentialAction\":[{\"@type\":\"ReadAction\",\"target\":[\"https:\/\/baidariuuostas.lt\/laivas\/\"]}]},{\"@type\":\"ImageObject\",\"inLanguage\":\"en-US\",\"@id\":\"https:\/\/baidariuuostas.lt\/laivas\/#primaryimage\",\"url\":\"https:\/\/baidariuuostas.lt\/wp-content\/uploads\/2017\/04\/IMG_20180527_153308.jpg\",\"contentUrl\":\"https:\/\/baidariuuostas.lt\/wp-content\/uploads\/2017\/04\/IMG_20180527_153308.jpg\",\"width\":3648,\"height\":2736,\"caption\":\"Pramoginio laivo nuoma Auk\u0161taitijoje - baidariuuostas.lt\"},{\"@type\":\"BreadcrumbList\",\"@id\":\"https:\/\/baidariuuostas.lt\/laivas\/#breadcrumb\",\"itemListElement\":[{\"@type\":\"ListItem\",\"position\":1,\"name\":\"Home\",\"item\":\"https:\/\/baidariuuostas.lt\/\"},{\"@type\":\"ListItem\",\"position\":2,\"name\":\"Pramogini\u0173 laiv\u0173 nuoma\"}]},{\"@type\":\"WebSite\",\"@id\":\"https:\/\/baidariuuostas.lt\/en\/#website\",\"url\":\"https:\/\/baidariuuostas.lt\/en\/\",\"name\":\"Baidariuuostas.lt\",\"description\":\"Kayak rental in Auk\u0161taitija, Lithuania \u017deimena, Kiauna, B\u016bka, Lakaja and other rivers.\",\"publisher\":{\"@id\":\"https:\/\/baidariuuostas.lt\/en\/#organization\"},\"potentialAction\":[{\"@type\":\"SearchAction\",\"target\":{\"@type\":\"EntryPoint\",\"urlTemplate\":\"https:\/\/baidariuuostas.lt\/en\/?s={search_term_string}\"},\"query-input\":{\"@type\":\"PropertyValueSpecification\",\"valueRequired\":true,\"valueName\":\"search_term_string\"}}],\"inLanguage\":\"en-US\"},{\"@type\":\"Organization\",\"@id\":\"https:\/\/baidariuuostas.lt\/en\/#organization\",\"name\":\"Baidariu nuoma - baidariuuostas.lt\",\"url\":\"https:\/\/baidariuuostas.lt\/en\/\",\"logo\":{\"@type\":\"ImageObject\",\"inLanguage\":\"en-US\",\"@id\":\"https:\/\/baidariuuostas.lt\/en\/#\/schema\/logo\/image\/\",\"url\":\"https:\/\/baidariuuostas.lt\/wp-content\/uploads\/2019\/05\/BU-logo.png\",\"contentUrl\":\"https:\/\/baidariuuostas.lt\/wp-content\/uploads\/2019\/05\/BU-logo.png\",\"width\":800,\"height\":600,\"caption\":\"Baidariu nuoma - baidariuuostas.lt\"},\"image\":{\"@id\":\"https:\/\/baidariuuostas.lt\/en\/#\/schema\/logo\/image\/\"}}]}<\/script>\n<!-- \/ Yoast SEO plugin. -->","yoast_head_json":{"title":"A private boat tour on a beautiful Lithuanian Lake Lu\u0161iai - baidariuuostas.lt","description":"We offer a unique experience of enjoying the beautiful Lithuanian nature on a bout tour around the gorgeous Lake Lu\u0161iai.","robots":{"index":"index","follow":"follow","max-snippet":"max-snippet:-1","max-image-preview":"max-image-preview:large","max-video-preview":"max-video-preview:-1"},"canonical":"https:\/\/baidariuuostas.lt\/laivas\/","og_locale":"en_US","og_type":"article","og_title":"[:lt]Pramoginio laivo nuoma Auk\u0161taitijoje, L\u016b\u0161io e\u017eeru ir aplinkiniais labirintais.[:en]A private boat tour on a beautiful Lithuanian Lake Lu\u0161iai - baidariuuostas.lt[:]","og_description":"[:lt]Pramoginio laivo nuoma gra\u017eiausiu L\u016b\u0161io e\u017eeru ir kitais Auk\u0161taitijoje esan\u010diais e\u017eer\u0173 labirintais. Pramoginis laivas \u201eVytis\u201c - baidariuuostas.lt[:en]We offer a unique experience of enjoying the beautiful Lithuanian nature on a bout tour around the gorgeous Lake Lu\u0161iai.[:]","og_url":"https:\/\/baidariuuostas.lt\/laivas\/","og_site_name":"Baidariuuostas.lt","article_modified_time":"2025-01-16T10:27:11+00:00","og_image":[{"width":3648,"height":2736,"url":"https:\/\/baidariuuostas.lt\/wp-content\/uploads\/2017\/04\/IMG_20180527_153308.jpg","type":"image\/jpeg"}],"twitter_card":"summary_large_image","twitter_misc":{"Est. reading time":"1 minute"},"schema":{"@context":"https:\/\/schema.org","@graph":[{"@type":"WebPage","@id":"https:\/\/baidariuuostas.lt\/laivas\/","url":"https:\/\/baidariuuostas.lt\/laivas\/","name":"[:lt]Pramoginio laivo nuoma Auk\u0161taitijoje, L\u016b\u0161io e\u017eeru ir aplinkiniais labirintais.[:en]A private boat tour on a beautiful Lithuanian Lake Lu\u0161iai - baidariuuostas.lt[:]","isPartOf":{"@id":"https:\/\/baidariuuostas.lt\/en\/#website"},"primaryImageOfPage":{"@id":"https:\/\/baidariuuostas.lt\/laivas\/#primaryimage"},"image":{"@id":"https:\/\/baidariuuostas.lt\/laivas\/#primaryimage"},"thumbnailUrl":"https:\/\/baidariuuostas.lt\/wp-content\/uploads\/2017\/04\/IMG_20180527_153308.jpg","datePublished":"2020-06-10T16:21:33+00:00","dateModified":"2025-01-16T10:27:11+00:00","description":"[:lt]Pramoginio laivo nuoma gra\u017eiausiu L\u016b\u0161io e\u017eeru ir kitais Auk\u0161taitijoje esan\u010diais e\u017eer\u0173 labirintais. Pramoginis laivas \u201eVytis\u201c - baidariuuostas.lt[:en]We offer a unique experience of enjoying the beautiful Lithuanian nature on a bout tour around the gorgeous Lake Lu\u0161iai.[:]","breadcrumb":{"@id":"https:\/\/baidariuuostas.lt\/laivas\/#breadcrumb"},"inLanguage":"en-US","potentialAction":[{"@type":"ReadAction","target":["https:\/\/baidariuuostas.lt\/laivas\/"]}]},{"@type":"ImageObject","inLanguage":"en-US","@id":"https:\/\/baidariuuostas.lt\/laivas\/#primaryimage","url":"https:\/\/baidariuuostas.lt\/wp-content\/uploads\/2017\/04\/IMG_20180527_153308.jpg","contentUrl":"https:\/\/baidariuuostas.lt\/wp-content\/uploads\/2017\/04\/IMG_20180527_153308.jpg","width":3648,"height":2736,"caption":"Pramoginio laivo nuoma Auk\u0161taitijoje - baidariuuostas.lt"},{"@type":"BreadcrumbList","@id":"https:\/\/baidariuuostas.lt\/laivas\/#breadcrumb","itemListElement":[{"@type":"ListItem","position":1,"name":"Home","item":"https:\/\/baidariuuostas.lt\/"},{"@type":"ListItem","position":2,"name":"Pramogini\u0173 laiv\u0173 nuoma"}]},{"@type":"WebSite","@id":"https:\/\/baidariuuostas.lt\/en\/#website","url":"https:\/\/baidariuuostas.lt\/en\/","name":"Baidariuuostas.lt","description":"Kayak rental in Auk\u0161taitija, Lithuania \u017deimena, Kiauna, B\u016bka, Lakaja and other rivers.","publisher":{"@id":"https:\/\/baidariuuostas.lt\/en\/#organization"},"potentialAction":[{"@type":"SearchAction","target":{"@type":"EntryPoint","urlTemplate":"https:\/\/baidariuuostas.lt\/en\/?s={search_term_string}"},"query-input":{"@type":"PropertyValueSpecification","valueRequired":true,"valueName":"search_term_string"}}],"inLanguage":"en-US"},{"@type":"Organization","@id":"https:\/\/baidariuuostas.lt\/en\/#organization","name":"Baidariu nuoma - baidariuuostas.lt","url":"https:\/\/baidariuuostas.lt\/en\/","logo":{"@type":"ImageObject","inLanguage":"en-US","@id":"https:\/\/baidariuuostas.lt\/en\/#\/schema\/logo\/image\/","url":"https:\/\/baidariuuostas.lt\/wp-content\/uploads\/2019\/05\/BU-logo.png","contentUrl":"https:\/\/baidariuuostas.lt\/wp-content\/uploads\/2019\/05\/BU-logo.png","width":800,"height":600,"caption":"Baidariu nuoma - baidariuuostas.lt"},"image":{"@id":"https:\/\/baidariuuostas.lt\/en\/#\/schema\/logo\/image\/"}}]}},"amp_enabled":true,"_links":{"self":[{"href":"https:\/\/baidariuuostas.lt\/en\/wp-json\/wp\/v2\/pages\/4295","targetHints":{"allow":["GET"]}}],"collection":[{"href":"https:\/\/baidariuuostas.lt\/en\/wp-json\/wp\/v2\/pages"}],"about":[{"href":"https:\/\/baidariuuostas.lt\/en\/wp-json\/wp\/v2\/types\/page"}],"author":[{"embeddable":true,"href":"https:\/\/baidariuuostas.lt\/en\/wp-json\/wp\/v2\/users\/1"}],"replies":[{"embeddable":true,"href":"https:\/\/baidariuuostas.lt\/en\/wp-json\/wp\/v2\/comments?post=4295"}],"version-history":[{"count":2,"href":"https:\/\/baidariuuostas.lt\/en\/wp-json\/wp\/v2\/pages\/4295\/revisions"}],"predecessor-version":[{"id":4481,"href":"https:\/\/baidariuuostas.lt\/en\/wp-json\/wp\/v2\/pages\/4295\/revisions\/4481"}],"wp:featuredmedia":[{"embeddable":true,"href":"https:\/\/baidariuuostas.lt\/en\/wp-json\/wp\/v2\/media\/662"}],"wp:attachment":[{"href":"https:\/\/baidariuuostas.lt\/en\/wp-json\/wp\/v2\/media?parent=4295"}],"wp:term":[{"taxonomy":"category","embeddable":true,"href":"https:\/\/baidariuuostas.lt\/en\/wp-json\/wp\/v2\/categories?post=4295"}],"curies":[{"name":"wp","href":"https:\/\/api.w.org\/{rel}","templated":true}]}}