{"id":63,"date":"2017-03-22T16:55:10","date_gmt":"2017-03-22T16:55:10","guid":{"rendered":"http:\/\/www.madigital.lt\/baidariuuostas\/?page_id=63"},"modified":"2021-06-14T18:22:29","modified_gmt":"2021-06-14T18:22:29","slug":"buka-ginuciai","status":"publish","type":"page","link":"https:\/\/baidariuuostas.lt\/en\/marsrutai\/vienos-dienos\/buka-ginuciai\/","title":{"rendered":"B\u016bka &#8211; Ginu\u010diai"},"content":{"rendered":"<h2>Vienos dienos mar\u0161ruto B\u016bka &#8211; Ginu\u010diai apra\u0161ymas<\/h2>\n<p>B\u016bkos ilgis yra 8km. Ji teka mi\u0161ku. Plaukdami rasite 2-3 kli\u016btis (nuvirtusius med\u017eius). Per juos baidares reik\u0117s persine\u0161ti. Nuplauk\u0119 B\u016bka apie 4km, pamatysite Vai\u0161nori\u0161k\u0117s kaimo sodybas. Praplauksite po mediniu tiltu. Iki kito tilto, betoninio, bus 3,5km. Nuo \u0161io tilto iki Baluo\u0161o e\u017eero \u2013 1,5km. Pasiek\u0119 e\u017eer\u0105, plaukite tiesiai \u012f prie\u0161ing\u0105 krant\u0105, kur pamatysite baltus tilto kont\u016brus ir Vaizdiu\u0161k\u0117s kaimo namus. E\u017eer\u0105 kirsite per 20min.<\/p>\n<p>\u012eplauk\u0119 \u012f Baluo\u0161\u0105, kairiajame krante pamatysite sen\u0105 etnografin\u012f \u0160umin\u0173 kaim\u0105, kuriame buvo filmuotas kino filmas \u201eTadas Blinda\u201c. E\u017eere yra 7 salos. Vienoje i\u0161 j\u0173 \u2013 Ilgasal\u0117je, yra e\u017eer\u0117lis su upeliu. \u0160i sala yra netoli Traini\u0161kio kaimo. Jei nor\u0117site aplankyti \u0161it\u0105 sal\u0105, j\u016bs\u0173 mar\u0161rutas pailg\u0117s 3 km. Praplauk\u0119 po baltu betoniniu tiltu apie 200m. upeliu, pakli\u016bsite \u012f Baluo\u0161yk\u0161\u010dio e\u017eer\u0105. E\u017eero gale, kair\u0117je pus\u0117je, tarp \u0161vendri\u0173, pasteb\u0117site Skre\u017edos upelio i\u0161takas. Skred\u017eios ilgis \u2013 1km, \u012fteka \u012f Srovinai\u010dio e\u017eer\u0105. Laikykit\u0117s de\u0161in\u0117s pus\u0117s. Paplauk\u0119 apie 1 km, pamatysite Ginu\u010di\u0173 kaim\u0105 ir vandens mal\u016bn\u0105. Plaukim\u0105 baigsite prie mal\u016bno (XIXa.). Aplankykite mal\u016bne \u012fkurt\u0105 muziej\u0173.<\/p>\n<h2>Apie B\u016bkos upe<\/h2>\n<p>Trumpai apie B\u016bk\u0105: bene gra\u017eiausias upelis, tekantis Auk\u0161taitijos nacionaliniame parke. Jo \u0161alt\u0173 versmi\u0173 prad\u017eia \u2013 Utenyk\u0161\u010dio e\u017eere. 8 km ilgio B\u016bkos vandenys teka neskub\u0117dami. Iki Vai\u0161nori\u0161k\u0117s kaimo ji labai plati, ta\u010diau sekli, ir tik prie dugno banguojan\u010dios dumbli\u0173 kasos byloja, kad up\u0117 gyva \u2013 teka. V\u0117liau vaga susiaur\u0117ja, o sustipr\u0117jusi srov\u0117 kai kur net pagrau\u017eia krantus, \u012fsuka sietuvas ir baigia savo kelion\u0119 Baluo\u0161o e\u017eere.<\/p>\n","protected":false},"excerpt":{"rendered":"<p>Vienos dienos mar\u0161ruto B\u016bka &#8211; Ginu\u010diai apra\u0161ymas B\u016bkos ilgis yra 8km. Ji teka mi\u0161ku. Plaukdami rasite 2-3 kli\u016btis (nuvirtusius med\u017eius). Per juos baidares reik\u0117s persine\u0161ti. Nuplauk\u0119 B\u016bka apie 4km, pamatysite Vai\u0161nori\u0161k\u0117s kaimo sodybas. Praplauksite po mediniu tiltu. Iki kito tilto, betoninio, bus 3,5km. Nuo \u0161io tilto iki Baluo\u0161o e\u017eero \u2013 1,5km. Pasiek\u0119 e\u017eer\u0105, plaukite tiesiai<br \/><a class=\"moretag\" href=\"https:\/\/baidariuuostas.lt\/en\/marsrutai\/vienos-dienos\/buka-ginuciai\/\">+ Read More<\/a><\/p>\n","protected":false},"author":1,"featured_media":652,"parent":57,"menu_order":0,"comment_status":"closed","ping_status":"closed","template":"route-single.php","meta":{"footnotes":""},"categories":[],"class_list":["post-63","page","type-page","status-publish","has-post-thumbnail","hentry"],"acf":[],"yoast_head":"<!-- This site is optimized with the Yoast SEO plugin v24.2 - https:\/\/yoast.com\/wordpress\/plugins\/seo\/ -->\n<title>Plaukimas baidar\u0117mis vienos dienos mar\u0161rutu: B\u016bka - Ginu\u010diai Auk\u0161taitijoje<\/title>\n<meta name=\"description\" content=\"B\u016bka - bene gra\u017eiausias upelis, tekantis Auk\u0161taitijos nacionaliniame parke. B\u016bkos prad\u017eia \u2013 Utenyk\u0161\u010dio e\u017eere. 8 km ilgio B\u016bkos vandenys teka neskub\u0117dami.\" \/>\n<meta name=\"robots\" content=\"index, follow, max-snippet:-1, max-image-preview:large, max-video-preview:-1\" \/>\n<link rel=\"canonical\" href=\"https:\/\/baidariuuostas.lt\/en\/marsrutai\/vienos-dienos\/buka-ginuciai\/\" \/>\n<meta property=\"og:locale\" content=\"en_US\" \/>\n<meta property=\"og:type\" content=\"article\" \/>\n<meta property=\"og:title\" content=\"Plaukimas baidar\u0117mis vienos dienos mar\u0161rutu: B\u016bka - Ginu\u010diai Auk\u0161taitijoje\" \/>\n<meta property=\"og:description\" content=\"B\u016bka - bene gra\u017eiausias upelis, tekantis Auk\u0161taitijos nacionaliniame parke. B\u016bkos prad\u017eia \u2013 Utenyk\u0161\u010dio e\u017eere. 8 km ilgio B\u016bkos vandenys teka neskub\u0117dami.\" \/>\n<meta property=\"og:url\" content=\"https:\/\/baidariuuostas.lt\/en\/marsrutai\/vienos-dienos\/buka-ginuciai\/\" \/>\n<meta property=\"og:site_name\" content=\"Baidariuuostas.lt\" \/>\n<meta property=\"article:modified_time\" content=\"2021-06-14T18:22:29+00:00\" \/>\n<meta property=\"og:image\" content=\"https:\/\/baidariuuostas.lt\/wp-content\/uploads\/2019\/04\/IMG_20180526_120646.jpg\" \/>\n\t<meta property=\"og:image:width\" content=\"3648\" \/>\n\t<meta property=\"og:image:height\" content=\"2736\" \/>\n\t<meta property=\"og:image:type\" content=\"image\/jpeg\" \/>\n<meta name=\"twitter:card\" content=\"summary_large_image\" \/>\n<meta name=\"twitter:label1\" content=\"Est. reading time\" \/>\n\t<meta name=\"twitter:data1\" content=\"1 minute\" \/>\n<script type=\"application\/ld+json\" class=\"yoast-schema-graph\">{\"@context\":\"https:\/\/schema.org\",\"@graph\":[{\"@type\":\"WebPage\",\"@id\":\"https:\/\/baidariuuostas.lt\/en\/marsrutai\/vienos-dienos\/buka-ginuciai\/\",\"url\":\"https:\/\/baidariuuostas.lt\/en\/marsrutai\/vienos-dienos\/buka-ginuciai\/\",\"name\":\"Plaukimas baidar\u0117mis vienos dienos mar\u0161rutu: B\u016bka - Ginu\u010diai Auk\u0161taitijoje\",\"isPartOf\":{\"@id\":\"https:\/\/baidariuuostas.lt\/en\/#website\"},\"primaryImageOfPage\":{\"@id\":\"https:\/\/baidariuuostas.lt\/en\/marsrutai\/vienos-dienos\/buka-ginuciai\/#primaryimage\"},\"image\":{\"@id\":\"https:\/\/baidariuuostas.lt\/en\/marsrutai\/vienos-dienos\/buka-ginuciai\/#primaryimage\"},\"thumbnailUrl\":\"https:\/\/baidariuuostas.lt\/wp-content\/uploads\/2019\/04\/IMG_20180526_120646.jpg\",\"datePublished\":\"2017-03-22T16:55:10+00:00\",\"dateModified\":\"2021-06-14T18:22:29+00:00\",\"description\":\"B\u016bka - bene gra\u017eiausias upelis, tekantis Auk\u0161taitijos nacionaliniame parke. B\u016bkos prad\u017eia \u2013 Utenyk\u0161\u010dio e\u017eere. 8 km ilgio B\u016bkos vandenys teka neskub\u0117dami.\",\"breadcrumb\":{\"@id\":\"https:\/\/baidariuuostas.lt\/en\/marsrutai\/vienos-dienos\/buka-ginuciai\/#breadcrumb\"},\"inLanguage\":\"en-US\",\"potentialAction\":[{\"@type\":\"ReadAction\",\"target\":[\"https:\/\/baidariuuostas.lt\/en\/marsrutai\/vienos-dienos\/buka-ginuciai\/\"]}]},{\"@type\":\"ImageObject\",\"inLanguage\":\"en-US\",\"@id\":\"https:\/\/baidariuuostas.lt\/en\/marsrutai\/vienos-dienos\/buka-ginuciai\/#primaryimage\",\"url\":\"https:\/\/baidariuuostas.lt\/wp-content\/uploads\/2019\/04\/IMG_20180526_120646.jpg\",\"contentUrl\":\"https:\/\/baidariuuostas.lt\/wp-content\/uploads\/2019\/04\/IMG_20180526_120646.jpg\",\"width\":3648,\"height\":2736,\"caption\":\"Vienos dienos mar\u0161rutas B\u016bka - Ginu\u010diai baidariuuostas.lt\"},{\"@type\":\"BreadcrumbList\",\"@id\":\"https:\/\/baidariuuostas.lt\/en\/marsrutai\/vienos-dienos\/buka-ginuciai\/#breadcrumb\",\"itemListElement\":[{\"@type\":\"ListItem\",\"position\":1,\"name\":\"Home\",\"item\":\"https:\/\/baidariuuostas.lt\/\"},{\"@type\":\"ListItem\",\"position\":2,\"name\":\"Routes\",\"item\":\"https:\/\/baidariuuostas.lt\/en\/marsrutai\/\"},{\"@type\":\"ListItem\",\"position\":3,\"name\":\"Kayaking for One day\",\"item\":\"https:\/\/baidariuuostas.lt\/en\/marsrutai\/vienos-dienos\/\"},{\"@type\":\"ListItem\",\"position\":4,\"name\":\"B\u016bka &#8211; Ginu\u010diai\"}]},{\"@type\":\"WebSite\",\"@id\":\"https:\/\/baidariuuostas.lt\/en\/#website\",\"url\":\"https:\/\/baidariuuostas.lt\/en\/\",\"name\":\"Baidariuuostas.lt\",\"description\":\"Kayak rental in Auk\u0161taitija, Lithuania \u017deimena, Kiauna, B\u016bka, Lakaja and other rivers.\",\"publisher\":{\"@id\":\"https:\/\/baidariuuostas.lt\/en\/#organization\"},\"potentialAction\":[{\"@type\":\"SearchAction\",\"target\":{\"@type\":\"EntryPoint\",\"urlTemplate\":\"https:\/\/baidariuuostas.lt\/en\/?s={search_term_string}\"},\"query-input\":{\"@type\":\"PropertyValueSpecification\",\"valueRequired\":true,\"valueName\":\"search_term_string\"}}],\"inLanguage\":\"en-US\"},{\"@type\":\"Organization\",\"@id\":\"https:\/\/baidariuuostas.lt\/en\/#organization\",\"name\":\"Baidariu nuoma - baidariuuostas.lt\",\"url\":\"https:\/\/baidariuuostas.lt\/en\/\",\"logo\":{\"@type\":\"ImageObject\",\"inLanguage\":\"en-US\",\"@id\":\"https:\/\/baidariuuostas.lt\/en\/#\/schema\/logo\/image\/\",\"url\":\"https:\/\/baidariuuostas.lt\/wp-content\/uploads\/2019\/05\/BU-logo.png\",\"contentUrl\":\"https:\/\/baidariuuostas.lt\/wp-content\/uploads\/2019\/05\/BU-logo.png\",\"width\":800,\"height\":600,\"caption\":\"Baidariu nuoma - baidariuuostas.lt\"},\"image\":{\"@id\":\"https:\/\/baidariuuostas.lt\/en\/#\/schema\/logo\/image\/\"}}]}<\/script>\n<!-- \/ Yoast SEO plugin. -->","yoast_head_json":{"title":"Plaukimas baidar\u0117mis vienos dienos mar\u0161rutu: B\u016bka - Ginu\u010diai Auk\u0161taitijoje","description":"B\u016bka - bene gra\u017eiausias upelis, tekantis Auk\u0161taitijos nacionaliniame parke. B\u016bkos prad\u017eia \u2013 Utenyk\u0161\u010dio e\u017eere. 8 km ilgio B\u016bkos vandenys teka neskub\u0117dami.","robots":{"index":"index","follow":"follow","max-snippet":"max-snippet:-1","max-image-preview":"max-image-preview:large","max-video-preview":"max-video-preview:-1"},"canonical":"https:\/\/baidariuuostas.lt\/en\/marsrutai\/vienos-dienos\/buka-ginuciai\/","og_locale":"en_US","og_type":"article","og_title":"Plaukimas baidar\u0117mis vienos dienos mar\u0161rutu: B\u016bka - Ginu\u010diai Auk\u0161taitijoje","og_description":"B\u016bka - bene gra\u017eiausias upelis, tekantis Auk\u0161taitijos nacionaliniame parke. B\u016bkos prad\u017eia \u2013 Utenyk\u0161\u010dio e\u017eere. 8 km ilgio B\u016bkos vandenys teka neskub\u0117dami.","og_url":"https:\/\/baidariuuostas.lt\/en\/marsrutai\/vienos-dienos\/buka-ginuciai\/","og_site_name":"Baidariuuostas.lt","article_modified_time":"2021-06-14T18:22:29+00:00","og_image":[{"width":3648,"height":2736,"url":"https:\/\/baidariuuostas.lt\/wp-content\/uploads\/2019\/04\/IMG_20180526_120646.jpg","type":"image\/jpeg"}],"twitter_card":"summary_large_image","twitter_misc":{"Est. reading time":"1 minute"},"schema":{"@context":"https:\/\/schema.org","@graph":[{"@type":"WebPage","@id":"https:\/\/baidariuuostas.lt\/en\/marsrutai\/vienos-dienos\/buka-ginuciai\/","url":"https:\/\/baidariuuostas.lt\/en\/marsrutai\/vienos-dienos\/buka-ginuciai\/","name":"Plaukimas baidar\u0117mis vienos dienos mar\u0161rutu: B\u016bka - Ginu\u010diai Auk\u0161taitijoje","isPartOf":{"@id":"https:\/\/baidariuuostas.lt\/en\/#website"},"primaryImageOfPage":{"@id":"https:\/\/baidariuuostas.lt\/en\/marsrutai\/vienos-dienos\/buka-ginuciai\/#primaryimage"},"image":{"@id":"https:\/\/baidariuuostas.lt\/en\/marsrutai\/vienos-dienos\/buka-ginuciai\/#primaryimage"},"thumbnailUrl":"https:\/\/baidariuuostas.lt\/wp-content\/uploads\/2019\/04\/IMG_20180526_120646.jpg","datePublished":"2017-03-22T16:55:10+00:00","dateModified":"2021-06-14T18:22:29+00:00","description":"B\u016bka - bene gra\u017eiausias upelis, tekantis Auk\u0161taitijos nacionaliniame parke. B\u016bkos prad\u017eia \u2013 Utenyk\u0161\u010dio e\u017eere. 8 km ilgio B\u016bkos vandenys teka neskub\u0117dami.","breadcrumb":{"@id":"https:\/\/baidariuuostas.lt\/en\/marsrutai\/vienos-dienos\/buka-ginuciai\/#breadcrumb"},"inLanguage":"en-US","potentialAction":[{"@type":"ReadAction","target":["https:\/\/baidariuuostas.lt\/en\/marsrutai\/vienos-dienos\/buka-ginuciai\/"]}]},{"@type":"ImageObject","inLanguage":"en-US","@id":"https:\/\/baidariuuostas.lt\/en\/marsrutai\/vienos-dienos\/buka-ginuciai\/#primaryimage","url":"https:\/\/baidariuuostas.lt\/wp-content\/uploads\/2019\/04\/IMG_20180526_120646.jpg","contentUrl":"https:\/\/baidariuuostas.lt\/wp-content\/uploads\/2019\/04\/IMG_20180526_120646.jpg","width":3648,"height":2736,"caption":"Vienos dienos mar\u0161rutas B\u016bka - Ginu\u010diai baidariuuostas.lt"},{"@type":"BreadcrumbList","@id":"https:\/\/baidariuuostas.lt\/en\/marsrutai\/vienos-dienos\/buka-ginuciai\/#breadcrumb","itemListElement":[{"@type":"ListItem","position":1,"name":"Home","item":"https:\/\/baidariuuostas.lt\/"},{"@type":"ListItem","position":2,"name":"Routes","item":"https:\/\/baidariuuostas.lt\/en\/marsrutai\/"},{"@type":"ListItem","position":3,"name":"Kayaking for One day","item":"https:\/\/baidariuuostas.lt\/en\/marsrutai\/vienos-dienos\/"},{"@type":"ListItem","position":4,"name":"B\u016bka &#8211; Ginu\u010diai"}]},{"@type":"WebSite","@id":"https:\/\/baidariuuostas.lt\/en\/#website","url":"https:\/\/baidariuuostas.lt\/en\/","name":"Baidariuuostas.lt","description":"Kayak rental in Auk\u0161taitija, Lithuania \u017deimena, Kiauna, B\u016bka, Lakaja and other rivers.","publisher":{"@id":"https:\/\/baidariuuostas.lt\/en\/#organization"},"potentialAction":[{"@type":"SearchAction","target":{"@type":"EntryPoint","urlTemplate":"https:\/\/baidariuuostas.lt\/en\/?s={search_term_string}"},"query-input":{"@type":"PropertyValueSpecification","valueRequired":true,"valueName":"search_term_string"}}],"inLanguage":"en-US"},{"@type":"Organization","@id":"https:\/\/baidariuuostas.lt\/en\/#organization","name":"Baidariu nuoma - baidariuuostas.lt","url":"https:\/\/baidariuuostas.lt\/en\/","logo":{"@type":"ImageObject","inLanguage":"en-US","@id":"https:\/\/baidariuuostas.lt\/en\/#\/schema\/logo\/image\/","url":"https:\/\/baidariuuostas.lt\/wp-content\/uploads\/2019\/05\/BU-logo.png","contentUrl":"https:\/\/baidariuuostas.lt\/wp-content\/uploads\/2019\/05\/BU-logo.png","width":800,"height":600,"caption":"Baidariu nuoma - baidariuuostas.lt"},"image":{"@id":"https:\/\/baidariuuostas.lt\/en\/#\/schema\/logo\/image\/"}}]}},"amp_enabled":true,"_links":{"self":[{"href":"https:\/\/baidariuuostas.lt\/en\/wp-json\/wp\/v2\/pages\/63","targetHints":{"allow":["GET"]}}],"collection":[{"href":"https:\/\/baidariuuostas.lt\/en\/wp-json\/wp\/v2\/pages"}],"about":[{"href":"https:\/\/baidariuuostas.lt\/en\/wp-json\/wp\/v2\/types\/page"}],"author":[{"embeddable":true,"href":"https:\/\/baidariuuostas.lt\/en\/wp-json\/wp\/v2\/users\/1"}],"replies":[{"embeddable":true,"href":"https:\/\/baidariuuostas.lt\/en\/wp-json\/wp\/v2\/comments?post=63"}],"version-history":[{"count":1,"href":"https:\/\/baidariuuostas.lt\/en\/wp-json\/wp\/v2\/pages\/63\/revisions"}],"predecessor-version":[{"id":4406,"href":"https:\/\/baidariuuostas.lt\/en\/wp-json\/wp\/v2\/pages\/63\/revisions\/4406"}],"up":[{"embeddable":true,"href":"https:\/\/baidariuuostas.lt\/en\/wp-json\/wp\/v2\/pages\/57"}],"wp:featuredmedia":[{"embeddable":true,"href":"https:\/\/baidariuuostas.lt\/en\/wp-json\/wp\/v2\/media\/652"}],"wp:attachment":[{"href":"https:\/\/baidariuuostas.lt\/en\/wp-json\/wp\/v2\/media?parent=63"}],"wp:term":[{"taxonomy":"category","embeddable":true,"href":"https:\/\/baidariuuostas.lt\/en\/wp-json\/wp\/v2\/categories?post=63"}],"curies":[{"name":"wp","href":"https:\/\/api.w.org\/{rel}","templated":true}]}}