{"id":65,"date":"2017-03-22T16:55:25","date_gmt":"2017-03-22T16:55:25","guid":{"rendered":"http:\/\/www.madigital.lt\/baidariuuostas\/?page_id=65"},"modified":"2021-06-14T18:22:37","modified_gmt":"2021-06-14T18:22:37","slug":"zeimena","status":"publish","type":"page","link":"https:\/\/baidariuuostas.lt\/en\/marsrutai\/vienos-dienos\/zeimena\/","title":{"rendered":"\u017deimena"},"content":{"rendered":"<p><\/p>\n<h2>One day route \u017deimena description<\/h2>\n<p>After 3 km downstream on \u017deimena one the left you&#8217;ll see a small village \u0160ali\u0161k\u0117 and on the right a\u00a0tributary\u00a0Kiauna river. After 2 more kilometers you&#8217;ll swim through a village Naujoji Brasta and after 3 km more &#8211; village Lukna. After the\u00a0village you&#8217;ll see tributary Lukna. 5 km more to Jusiai village and tributary Sirg\u0117la.\u00a0It will take 6 km more to reach concrete bridge near town \u0160ven\u010dion\u0117liai, it is the finish line to this route.<\/p>\n<h2>About \u0160ven\u010dion\u0117liai<\/h2>\n<p>\u0160ven\u010dion\u0117liai was mentioned for the first time in 1686m. In 1861 a railroad between Warsaw and Saint Peterburg started running through the town. 1899 was the date for another railroad from Paneve\u017eys to Lentupiai got started, since then it is a railroad crossroads. Currently there is ~7000 residents in this town.<\/p>\n<h2>About \u017deimena river<\/h2>\n<p>\u017deimena is 82 km length with tall sand scarps with pinewoods growing above. You&#8217;ll not be bored, it is one of the most popular rivers for kayaking. Anyone can swim it, both young and old, experiencied and newbies. A river starts in Labanoras woods from lake \u017deimenis. All the lakes of Auk\u0161taitija national park has a connection to this river. Whole river is a calm rowing of 4 days to Neris river. It is one of the cleanest rivers in Lithuania so it is the main place for salmon spawning.<\/p>","protected":false},"excerpt":{"rendered":"<p>One day route \u017deimena description After 3 km downstream on \u017deimena one the left you&#8217;ll see a small village \u0160ali\u0161k\u0117 and on the right a\u00a0tributary\u00a0Kiauna river. After 2 more kilometers you&#8217;ll swim through a village Naujoji Brasta and after 3 km more &#8211; village Lukna. After the\u00a0village you&#8217;ll see tributary Lukna. 5 km more to<br \/><a class=\"moretag\" href=\"https:\/\/baidariuuostas.lt\/en\/marsrutai\/vienos-dienos\/zeimena\/\">+ Read More<\/a><\/p>\n","protected":false},"author":1,"featured_media":661,"parent":57,"menu_order":0,"comment_status":"closed","ping_status":"closed","template":"route-single.php","meta":{"footnotes":""},"categories":[],"class_list":["post-65","page","type-page","status-publish","has-post-thumbnail","hentry"],"acf":[],"yoast_head":"<!-- This site is optimized with the Yoast SEO plugin v24.2 - https:\/\/yoast.com\/wordpress\/plugins\/seo\/ -->\n<title>One day route \u017deimena for kayak rental in Lithuania<\/title>\n<meta name=\"description\" content=\"\u017deimena is 82 km length with tall sand scarps with pinewoods growing above. You&#039;ll not be bored, it is one of the most popular rivers for kayaking.\" \/>\n<meta name=\"robots\" content=\"index, follow, max-snippet:-1, max-image-preview:large, max-video-preview:-1\" \/>\n<link rel=\"canonical\" href=\"https:\/\/baidariuuostas.lt\/en\/marsrutai\/vienos-dienos\/zeimena\/\" \/>\n<meta property=\"og:locale\" content=\"en_US\" \/>\n<meta property=\"og:type\" content=\"article\" \/>\n<meta property=\"og:title\" content=\"One day route \u017deimena for kayak rental in Lithuania\" \/>\n<meta property=\"og:description\" content=\"\u017deimena is 82 km length with tall sand scarps with pinewoods growing above. You&#039;ll not be bored, it is one of the most popular rivers for kayaking.\" \/>\n<meta property=\"og:url\" content=\"https:\/\/baidariuuostas.lt\/en\/marsrutai\/vienos-dienos\/zeimena\/\" \/>\n<meta property=\"og:site_name\" content=\"Baidariuuostas.lt\" \/>\n<meta property=\"article:modified_time\" content=\"2021-06-14T18:22:37+00:00\" \/>\n<meta property=\"og:image\" content=\"https:\/\/baidariuuostas.lt\/wp-content\/uploads\/2019\/04\/IMG_20180526_132100.jpg\" \/>\n\t<meta property=\"og:image:width\" content=\"3648\" \/>\n\t<meta property=\"og:image:height\" content=\"2736\" \/>\n\t<meta property=\"og:image:type\" content=\"image\/jpeg\" \/>\n<meta name=\"twitter:card\" content=\"summary_large_image\" \/>\n<meta name=\"twitter:label1\" content=\"Est. reading time\" \/>\n\t<meta name=\"twitter:data1\" content=\"2 minutes\" \/>\n<script type=\"application\/ld+json\" class=\"yoast-schema-graph\">{\"@context\":\"https:\/\/schema.org\",\"@graph\":[{\"@type\":\"WebPage\",\"@id\":\"https:\/\/baidariuuostas.lt\/en\/marsrutai\/vienos-dienos\/zeimena\/\",\"url\":\"https:\/\/baidariuuostas.lt\/en\/marsrutai\/vienos-dienos\/zeimena\/\",\"name\":\"One day route \u017deimena for kayak rental in Lithuania\",\"isPartOf\":{\"@id\":\"https:\/\/baidariuuostas.lt\/en\/#website\"},\"primaryImageOfPage\":{\"@id\":\"https:\/\/baidariuuostas.lt\/en\/marsrutai\/vienos-dienos\/zeimena\/#primaryimage\"},\"image\":{\"@id\":\"https:\/\/baidariuuostas.lt\/en\/marsrutai\/vienos-dienos\/zeimena\/#primaryimage\"},\"thumbnailUrl\":\"https:\/\/baidariuuostas.lt\/wp-content\/uploads\/2019\/04\/IMG_20180526_132100.jpg\",\"datePublished\":\"2017-03-22T16:55:25+00:00\",\"dateModified\":\"2021-06-14T18:22:37+00:00\",\"description\":\"\u017deimena is 82 km length with tall sand scarps with pinewoods growing above. You'll not be bored, it is one of the most popular rivers for kayaking.\",\"breadcrumb\":{\"@id\":\"https:\/\/baidariuuostas.lt\/en\/marsrutai\/vienos-dienos\/zeimena\/#breadcrumb\"},\"inLanguage\":\"en-US\",\"potentialAction\":[{\"@type\":\"ReadAction\",\"target\":[\"https:\/\/baidariuuostas.lt\/en\/marsrutai\/vienos-dienos\/zeimena\/\"]}]},{\"@type\":\"ImageObject\",\"inLanguage\":\"en-US\",\"@id\":\"https:\/\/baidariuuostas.lt\/en\/marsrutai\/vienos-dienos\/zeimena\/#primaryimage\",\"url\":\"https:\/\/baidariuuostas.lt\/wp-content\/uploads\/2019\/04\/IMG_20180526_132100.jpg\",\"contentUrl\":\"https:\/\/baidariuuostas.lt\/wp-content\/uploads\/2019\/04\/IMG_20180526_132100.jpg\",\"width\":3648,\"height\":2736,\"caption\":\"Vienos dienos mar\u0161rutas \u017deimena - baidariuuostas.lt\"},{\"@type\":\"BreadcrumbList\",\"@id\":\"https:\/\/baidariuuostas.lt\/en\/marsrutai\/vienos-dienos\/zeimena\/#breadcrumb\",\"itemListElement\":[{\"@type\":\"ListItem\",\"position\":1,\"name\":\"Home\",\"item\":\"https:\/\/baidariuuostas.lt\/\"},{\"@type\":\"ListItem\",\"position\":2,\"name\":\"Routes\",\"item\":\"https:\/\/baidariuuostas.lt\/en\/marsrutai\/\"},{\"@type\":\"ListItem\",\"position\":3,\"name\":\"Kayaking for One day\",\"item\":\"https:\/\/baidariuuostas.lt\/en\/marsrutai\/vienos-dienos\/\"},{\"@type\":\"ListItem\",\"position\":4,\"name\":\"\u017deimena\"}]},{\"@type\":\"WebSite\",\"@id\":\"https:\/\/baidariuuostas.lt\/en\/#website\",\"url\":\"https:\/\/baidariuuostas.lt\/en\/\",\"name\":\"Baidariuuostas.lt\",\"description\":\"Kayak rental in Auk\u0161taitija, Lithuania \u017deimena, Kiauna, B\u016bka, Lakaja and other rivers.\",\"publisher\":{\"@id\":\"https:\/\/baidariuuostas.lt\/en\/#organization\"},\"potentialAction\":[{\"@type\":\"SearchAction\",\"target\":{\"@type\":\"EntryPoint\",\"urlTemplate\":\"https:\/\/baidariuuostas.lt\/en\/?s={search_term_string}\"},\"query-input\":{\"@type\":\"PropertyValueSpecification\",\"valueRequired\":true,\"valueName\":\"search_term_string\"}}],\"inLanguage\":\"en-US\"},{\"@type\":\"Organization\",\"@id\":\"https:\/\/baidariuuostas.lt\/en\/#organization\",\"name\":\"Baidariu nuoma - baidariuuostas.lt\",\"url\":\"https:\/\/baidariuuostas.lt\/en\/\",\"logo\":{\"@type\":\"ImageObject\",\"inLanguage\":\"en-US\",\"@id\":\"https:\/\/baidariuuostas.lt\/en\/#\/schema\/logo\/image\/\",\"url\":\"https:\/\/baidariuuostas.lt\/wp-content\/uploads\/2019\/05\/BU-logo.png\",\"contentUrl\":\"https:\/\/baidariuuostas.lt\/wp-content\/uploads\/2019\/05\/BU-logo.png\",\"width\":800,\"height\":600,\"caption\":\"Baidariu nuoma - baidariuuostas.lt\"},\"image\":{\"@id\":\"https:\/\/baidariuuostas.lt\/en\/#\/schema\/logo\/image\/\"}}]}<\/script>\n<!-- \/ Yoast SEO plugin. -->","yoast_head_json":{"title":"One day route \u017deimena for kayak rental in Lithuania","description":"\u017deimena is 82 km length with tall sand scarps with pinewoods growing above. You'll not be bored, it is one of the most popular rivers for kayaking.","robots":{"index":"index","follow":"follow","max-snippet":"max-snippet:-1","max-image-preview":"max-image-preview:large","max-video-preview":"max-video-preview:-1"},"canonical":"https:\/\/baidariuuostas.lt\/en\/marsrutai\/vienos-dienos\/zeimena\/","og_locale":"en_US","og_type":"article","og_title":"One day route \u017deimena for kayak rental in Lithuania","og_description":"\u017deimena is 82 km length with tall sand scarps with pinewoods growing above. You'll not be bored, it is one of the most popular rivers for kayaking.","og_url":"https:\/\/baidariuuostas.lt\/en\/marsrutai\/vienos-dienos\/zeimena\/","og_site_name":"Baidariuuostas.lt","article_modified_time":"2021-06-14T18:22:37+00:00","og_image":[{"width":3648,"height":2736,"url":"https:\/\/baidariuuostas.lt\/wp-content\/uploads\/2019\/04\/IMG_20180526_132100.jpg","type":"image\/jpeg"}],"twitter_card":"summary_large_image","twitter_misc":{"Est. reading time":"2 minutes"},"schema":{"@context":"https:\/\/schema.org","@graph":[{"@type":"WebPage","@id":"https:\/\/baidariuuostas.lt\/en\/marsrutai\/vienos-dienos\/zeimena\/","url":"https:\/\/baidariuuostas.lt\/en\/marsrutai\/vienos-dienos\/zeimena\/","name":"One day route \u017deimena for kayak rental in Lithuania","isPartOf":{"@id":"https:\/\/baidariuuostas.lt\/en\/#website"},"primaryImageOfPage":{"@id":"https:\/\/baidariuuostas.lt\/en\/marsrutai\/vienos-dienos\/zeimena\/#primaryimage"},"image":{"@id":"https:\/\/baidariuuostas.lt\/en\/marsrutai\/vienos-dienos\/zeimena\/#primaryimage"},"thumbnailUrl":"https:\/\/baidariuuostas.lt\/wp-content\/uploads\/2019\/04\/IMG_20180526_132100.jpg","datePublished":"2017-03-22T16:55:25+00:00","dateModified":"2021-06-14T18:22:37+00:00","description":"\u017deimena is 82 km length with tall sand scarps with pinewoods growing above. You'll not be bored, it is one of the most popular rivers for kayaking.","breadcrumb":{"@id":"https:\/\/baidariuuostas.lt\/en\/marsrutai\/vienos-dienos\/zeimena\/#breadcrumb"},"inLanguage":"en-US","potentialAction":[{"@type":"ReadAction","target":["https:\/\/baidariuuostas.lt\/en\/marsrutai\/vienos-dienos\/zeimena\/"]}]},{"@type":"ImageObject","inLanguage":"en-US","@id":"https:\/\/baidariuuostas.lt\/en\/marsrutai\/vienos-dienos\/zeimena\/#primaryimage","url":"https:\/\/baidariuuostas.lt\/wp-content\/uploads\/2019\/04\/IMG_20180526_132100.jpg","contentUrl":"https:\/\/baidariuuostas.lt\/wp-content\/uploads\/2019\/04\/IMG_20180526_132100.jpg","width":3648,"height":2736,"caption":"Vienos dienos mar\u0161rutas \u017deimena - baidariuuostas.lt"},{"@type":"BreadcrumbList","@id":"https:\/\/baidariuuostas.lt\/en\/marsrutai\/vienos-dienos\/zeimena\/#breadcrumb","itemListElement":[{"@type":"ListItem","position":1,"name":"Home","item":"https:\/\/baidariuuostas.lt\/"},{"@type":"ListItem","position":2,"name":"Routes","item":"https:\/\/baidariuuostas.lt\/en\/marsrutai\/"},{"@type":"ListItem","position":3,"name":"Kayaking for One day","item":"https:\/\/baidariuuostas.lt\/en\/marsrutai\/vienos-dienos\/"},{"@type":"ListItem","position":4,"name":"\u017deimena"}]},{"@type":"WebSite","@id":"https:\/\/baidariuuostas.lt\/en\/#website","url":"https:\/\/baidariuuostas.lt\/en\/","name":"Baidariuuostas.lt","description":"Kayak rental in Auk\u0161taitija, Lithuania \u017deimena, Kiauna, B\u016bka, Lakaja and other rivers.","publisher":{"@id":"https:\/\/baidariuuostas.lt\/en\/#organization"},"potentialAction":[{"@type":"SearchAction","target":{"@type":"EntryPoint","urlTemplate":"https:\/\/baidariuuostas.lt\/en\/?s={search_term_string}"},"query-input":{"@type":"PropertyValueSpecification","valueRequired":true,"valueName":"search_term_string"}}],"inLanguage":"en-US"},{"@type":"Organization","@id":"https:\/\/baidariuuostas.lt\/en\/#organization","name":"Baidariu nuoma - baidariuuostas.lt","url":"https:\/\/baidariuuostas.lt\/en\/","logo":{"@type":"ImageObject","inLanguage":"en-US","@id":"https:\/\/baidariuuostas.lt\/en\/#\/schema\/logo\/image\/","url":"https:\/\/baidariuuostas.lt\/wp-content\/uploads\/2019\/05\/BU-logo.png","contentUrl":"https:\/\/baidariuuostas.lt\/wp-content\/uploads\/2019\/05\/BU-logo.png","width":800,"height":600,"caption":"Baidariu nuoma - baidariuuostas.lt"},"image":{"@id":"https:\/\/baidariuuostas.lt\/en\/#\/schema\/logo\/image\/"}}]}},"amp_enabled":true,"_links":{"self":[{"href":"https:\/\/baidariuuostas.lt\/en\/wp-json\/wp\/v2\/pages\/65","targetHints":{"allow":["GET"]}}],"collection":[{"href":"https:\/\/baidariuuostas.lt\/en\/wp-json\/wp\/v2\/pages"}],"about":[{"href":"https:\/\/baidariuuostas.lt\/en\/wp-json\/wp\/v2\/types\/page"}],"author":[{"embeddable":true,"href":"https:\/\/baidariuuostas.lt\/en\/wp-json\/wp\/v2\/users\/1"}],"replies":[{"embeddable":true,"href":"https:\/\/baidariuuostas.lt\/en\/wp-json\/wp\/v2\/comments?post=65"}],"version-history":[{"count":1,"href":"https:\/\/baidariuuostas.lt\/en\/wp-json\/wp\/v2\/pages\/65\/revisions"}],"predecessor-version":[{"id":4409,"href":"https:\/\/baidariuuostas.lt\/en\/wp-json\/wp\/v2\/pages\/65\/revisions\/4409"}],"up":[{"embeddable":true,"href":"https:\/\/baidariuuostas.lt\/en\/wp-json\/wp\/v2\/pages\/57"}],"wp:featuredmedia":[{"embeddable":true,"href":"https:\/\/baidariuuostas.lt\/en\/wp-json\/wp\/v2\/media\/661"}],"wp:attachment":[{"href":"https:\/\/baidariuuostas.lt\/en\/wp-json\/wp\/v2\/media?parent=65"}],"wp:term":[{"taxonomy":"category","embeddable":true,"href":"https:\/\/baidariuuostas.lt\/en\/wp-json\/wp\/v2\/categories?post=65"}],"curies":[{"name":"wp","href":"https:\/\/api.w.org\/{rel}","templated":true}]}}