{"id":67,"date":"2017-03-22T16:55:41","date_gmt":"2017-03-22T16:55:41","guid":{"rendered":"http:\/\/www.madigital.lt\/baidariuuostas\/?page_id=67"},"modified":"2021-06-14T18:22:35","modified_gmt":"2021-06-14T18:22:35","slug":"lakaja","status":"publish","type":"page","link":"https:\/\/baidariuuostas.lt\/en\/marsrutai\/vienos-dienos\/lakaja\/","title":{"rendered":"Lakaja"},"content":{"rendered":"<p><\/p>\n<h2>One\u00a0day route Lakaja description<\/h2>\n<div>You&#8217;ll start at Alirdi\u0161k\u0117 village where you&#8217;ll swim below a wooden bridge which connects Januli\u0161kis with villages on the right side of Lakaja village. After the bridge it will take another 2.5 km to Lamanina village, +3 km and on the left you&#8217;ll see Per\u0161ok\u0161na tributary, nearby you&#8217;ll find \u0160e\u0161ku\u0161k\u0117s II village\u00a0and after another 2.54 km \u0160e\u0161ku\u0161k\u0117 I village. +3.5 km to Santaka village and finnaly another 1 km you&#8217;ll enter \u017deimena river. It will take only 1.5 km downstream to reach\u00a0reinforced concrete bridge where you can stop on you right to finish your\u00a0trip.<\/div>\n<h2>About Lakaja River<\/h2>\n<p>A very beatiful wild river flowing through\u00a0regional park of Labanoras. Due to it&#8217;s calm nature, there is a lot of campsites around. It is a perfect river for a falimy trips. 29 km in length it is the most watery tributary to \u017deimena river. The main source of Lakaja water is the lakes, so water levels here are relatively stable. Besides a few small footbridges or fallen trees, it should be a super calm and easy swim.<\/p>","protected":false},"excerpt":{"rendered":"<p>One\u00a0day route Lakaja description You&#8217;ll start at Alirdi\u0161k\u0117 village where you&#8217;ll swim below a wooden bridge which connects Januli\u0161kis with villages on the right side of Lakaja village. After the bridge it will take another 2.5 km to Lamanina village, +3 km and on the left you&#8217;ll see Per\u0161ok\u0161na tributary, nearby you&#8217;ll find \u0160e\u0161ku\u0161k\u0117s II<br \/><a class=\"moretag\" href=\"https:\/\/baidariuuostas.lt\/en\/marsrutai\/vienos-dienos\/lakaja\/\">+ Read More<\/a><\/p>\n","protected":false},"author":1,"featured_media":637,"parent":57,"menu_order":0,"comment_status":"closed","ping_status":"closed","template":"route-single.php","meta":{"footnotes":""},"categories":[],"class_list":["post-67","page","type-page","status-publish","has-post-thumbnail","hentry"],"acf":[],"yoast_head":"<!-- This site is optimized with the Yoast SEO plugin v24.2 - https:\/\/yoast.com\/wordpress\/plugins\/seo\/ -->\n<title>One\u00a0day route Lakaja for kayak rental in Aukstaitija, Lithuania<\/title>\n<meta name=\"description\" content=\"One day route through a very beatiful wild river flowing in regional park of Labanoras in Auk\u0161taitija, Lithuania. It is a perfect river for a falimy trips.\" \/>\n<meta name=\"robots\" content=\"index, follow, max-snippet:-1, max-image-preview:large, max-video-preview:-1\" \/>\n<link rel=\"canonical\" href=\"https:\/\/baidariuuostas.lt\/en\/marsrutai\/vienos-dienos\/lakaja\/\" \/>\n<meta property=\"og:locale\" content=\"en_US\" \/>\n<meta property=\"og:type\" content=\"article\" \/>\n<meta property=\"og:title\" content=\"One\u00a0day route Lakaja for kayak rental in Aukstaitija, Lithuania\" \/>\n<meta property=\"og:description\" content=\"One day route through a very beatiful wild river flowing in regional park of Labanoras in Auk\u0161taitija, Lithuania. It is a perfect river for a falimy trips.\" \/>\n<meta property=\"og:url\" content=\"https:\/\/baidariuuostas.lt\/en\/marsrutai\/vienos-dienos\/lakaja\/\" \/>\n<meta property=\"og:site_name\" content=\"Baidariuuostas.lt\" \/>\n<meta property=\"article:modified_time\" content=\"2021-06-14T18:22:35+00:00\" \/>\n<meta property=\"og:image\" content=\"https:\/\/baidariuuostas.lt\/wp-content\/uploads\/2019\/04\/IMG_20180526_133445.jpg\" \/>\n\t<meta property=\"og:image:width\" content=\"3648\" \/>\n\t<meta property=\"og:image:height\" content=\"2736\" \/>\n\t<meta property=\"og:image:type\" content=\"image\/jpeg\" \/>\n<meta name=\"twitter:card\" content=\"summary_large_image\" \/>\n<meta name=\"twitter:label1\" content=\"Est. reading time\" \/>\n\t<meta name=\"twitter:data1\" content=\"2 minutes\" \/>\n<script type=\"application\/ld+json\" class=\"yoast-schema-graph\">{\"@context\":\"https:\/\/schema.org\",\"@graph\":[{\"@type\":\"WebPage\",\"@id\":\"https:\/\/baidariuuostas.lt\/en\/marsrutai\/vienos-dienos\/lakaja\/\",\"url\":\"https:\/\/baidariuuostas.lt\/en\/marsrutai\/vienos-dienos\/lakaja\/\",\"name\":\"One\u00a0day route Lakaja for kayak rental in Aukstaitija, Lithuania\",\"isPartOf\":{\"@id\":\"https:\/\/baidariuuostas.lt\/en\/#website\"},\"primaryImageOfPage\":{\"@id\":\"https:\/\/baidariuuostas.lt\/en\/marsrutai\/vienos-dienos\/lakaja\/#primaryimage\"},\"image\":{\"@id\":\"https:\/\/baidariuuostas.lt\/en\/marsrutai\/vienos-dienos\/lakaja\/#primaryimage\"},\"thumbnailUrl\":\"https:\/\/baidariuuostas.lt\/wp-content\/uploads\/2019\/04\/IMG_20180526_133445.jpg\",\"datePublished\":\"2017-03-22T16:55:41+00:00\",\"dateModified\":\"2021-06-14T18:22:35+00:00\",\"description\":\"One day route through a very beatiful wild river flowing in regional park of Labanoras in Auk\u0161taitija, Lithuania. It is a perfect river for a falimy trips.\",\"breadcrumb\":{\"@id\":\"https:\/\/baidariuuostas.lt\/en\/marsrutai\/vienos-dienos\/lakaja\/#breadcrumb\"},\"inLanguage\":\"en-US\",\"potentialAction\":[{\"@type\":\"ReadAction\",\"target\":[\"https:\/\/baidariuuostas.lt\/en\/marsrutai\/vienos-dienos\/lakaja\/\"]}]},{\"@type\":\"ImageObject\",\"inLanguage\":\"en-US\",\"@id\":\"https:\/\/baidariuuostas.lt\/en\/marsrutai\/vienos-dienos\/lakaja\/#primaryimage\",\"url\":\"https:\/\/baidariuuostas.lt\/wp-content\/uploads\/2019\/04\/IMG_20180526_133445.jpg\",\"contentUrl\":\"https:\/\/baidariuuostas.lt\/wp-content\/uploads\/2019\/04\/IMG_20180526_133445.jpg\",\"width\":3648,\"height\":2736,\"caption\":\"Vienos dienos mar\u0161rutas Lakaja - baidariuuostas.lt\"},{\"@type\":\"BreadcrumbList\",\"@id\":\"https:\/\/baidariuuostas.lt\/en\/marsrutai\/vienos-dienos\/lakaja\/#breadcrumb\",\"itemListElement\":[{\"@type\":\"ListItem\",\"position\":1,\"name\":\"Home\",\"item\":\"https:\/\/baidariuuostas.lt\/\"},{\"@type\":\"ListItem\",\"position\":2,\"name\":\"Routes\",\"item\":\"https:\/\/baidariuuostas.lt\/en\/marsrutai\/\"},{\"@type\":\"ListItem\",\"position\":3,\"name\":\"Kayaking for One day\",\"item\":\"https:\/\/baidariuuostas.lt\/en\/marsrutai\/vienos-dienos\/\"},{\"@type\":\"ListItem\",\"position\":4,\"name\":\"Lakaja\"}]},{\"@type\":\"WebSite\",\"@id\":\"https:\/\/baidariuuostas.lt\/en\/#website\",\"url\":\"https:\/\/baidariuuostas.lt\/en\/\",\"name\":\"Baidariuuostas.lt\",\"description\":\"Kayak rental in Auk\u0161taitija, Lithuania \u017deimena, Kiauna, B\u016bka, Lakaja and other rivers.\",\"publisher\":{\"@id\":\"https:\/\/baidariuuostas.lt\/en\/#organization\"},\"potentialAction\":[{\"@type\":\"SearchAction\",\"target\":{\"@type\":\"EntryPoint\",\"urlTemplate\":\"https:\/\/baidariuuostas.lt\/en\/?s={search_term_string}\"},\"query-input\":{\"@type\":\"PropertyValueSpecification\",\"valueRequired\":true,\"valueName\":\"search_term_string\"}}],\"inLanguage\":\"en-US\"},{\"@type\":\"Organization\",\"@id\":\"https:\/\/baidariuuostas.lt\/en\/#organization\",\"name\":\"Baidariu nuoma - baidariuuostas.lt\",\"url\":\"https:\/\/baidariuuostas.lt\/en\/\",\"logo\":{\"@type\":\"ImageObject\",\"inLanguage\":\"en-US\",\"@id\":\"https:\/\/baidariuuostas.lt\/en\/#\/schema\/logo\/image\/\",\"url\":\"https:\/\/baidariuuostas.lt\/wp-content\/uploads\/2019\/05\/BU-logo.png\",\"contentUrl\":\"https:\/\/baidariuuostas.lt\/wp-content\/uploads\/2019\/05\/BU-logo.png\",\"width\":800,\"height\":600,\"caption\":\"Baidariu nuoma - baidariuuostas.lt\"},\"image\":{\"@id\":\"https:\/\/baidariuuostas.lt\/en\/#\/schema\/logo\/image\/\"}}]}<\/script>\n<!-- \/ Yoast SEO plugin. -->","yoast_head_json":{"title":"One\u00a0day route Lakaja for kayak rental in Aukstaitija, Lithuania","description":"One day route through a very beatiful wild river flowing in regional park of Labanoras in Auk\u0161taitija, Lithuania. It is a perfect river for a falimy trips.","robots":{"index":"index","follow":"follow","max-snippet":"max-snippet:-1","max-image-preview":"max-image-preview:large","max-video-preview":"max-video-preview:-1"},"canonical":"https:\/\/baidariuuostas.lt\/en\/marsrutai\/vienos-dienos\/lakaja\/","og_locale":"en_US","og_type":"article","og_title":"One\u00a0day route Lakaja for kayak rental in Aukstaitija, Lithuania","og_description":"One day route through a very beatiful wild river flowing in regional park of Labanoras in Auk\u0161taitija, Lithuania. It is a perfect river for a falimy trips.","og_url":"https:\/\/baidariuuostas.lt\/en\/marsrutai\/vienos-dienos\/lakaja\/","og_site_name":"Baidariuuostas.lt","article_modified_time":"2021-06-14T18:22:35+00:00","og_image":[{"width":3648,"height":2736,"url":"https:\/\/baidariuuostas.lt\/wp-content\/uploads\/2019\/04\/IMG_20180526_133445.jpg","type":"image\/jpeg"}],"twitter_card":"summary_large_image","twitter_misc":{"Est. reading time":"2 minutes"},"schema":{"@context":"https:\/\/schema.org","@graph":[{"@type":"WebPage","@id":"https:\/\/baidariuuostas.lt\/en\/marsrutai\/vienos-dienos\/lakaja\/","url":"https:\/\/baidariuuostas.lt\/en\/marsrutai\/vienos-dienos\/lakaja\/","name":"One\u00a0day route Lakaja for kayak rental in Aukstaitija, Lithuania","isPartOf":{"@id":"https:\/\/baidariuuostas.lt\/en\/#website"},"primaryImageOfPage":{"@id":"https:\/\/baidariuuostas.lt\/en\/marsrutai\/vienos-dienos\/lakaja\/#primaryimage"},"image":{"@id":"https:\/\/baidariuuostas.lt\/en\/marsrutai\/vienos-dienos\/lakaja\/#primaryimage"},"thumbnailUrl":"https:\/\/baidariuuostas.lt\/wp-content\/uploads\/2019\/04\/IMG_20180526_133445.jpg","datePublished":"2017-03-22T16:55:41+00:00","dateModified":"2021-06-14T18:22:35+00:00","description":"One day route through a very beatiful wild river flowing in regional park of Labanoras in Auk\u0161taitija, Lithuania. It is a perfect river for a falimy trips.","breadcrumb":{"@id":"https:\/\/baidariuuostas.lt\/en\/marsrutai\/vienos-dienos\/lakaja\/#breadcrumb"},"inLanguage":"en-US","potentialAction":[{"@type":"ReadAction","target":["https:\/\/baidariuuostas.lt\/en\/marsrutai\/vienos-dienos\/lakaja\/"]}]},{"@type":"ImageObject","inLanguage":"en-US","@id":"https:\/\/baidariuuostas.lt\/en\/marsrutai\/vienos-dienos\/lakaja\/#primaryimage","url":"https:\/\/baidariuuostas.lt\/wp-content\/uploads\/2019\/04\/IMG_20180526_133445.jpg","contentUrl":"https:\/\/baidariuuostas.lt\/wp-content\/uploads\/2019\/04\/IMG_20180526_133445.jpg","width":3648,"height":2736,"caption":"Vienos dienos mar\u0161rutas Lakaja - baidariuuostas.lt"},{"@type":"BreadcrumbList","@id":"https:\/\/baidariuuostas.lt\/en\/marsrutai\/vienos-dienos\/lakaja\/#breadcrumb","itemListElement":[{"@type":"ListItem","position":1,"name":"Home","item":"https:\/\/baidariuuostas.lt\/"},{"@type":"ListItem","position":2,"name":"Routes","item":"https:\/\/baidariuuostas.lt\/en\/marsrutai\/"},{"@type":"ListItem","position":3,"name":"Kayaking for One day","item":"https:\/\/baidariuuostas.lt\/en\/marsrutai\/vienos-dienos\/"},{"@type":"ListItem","position":4,"name":"Lakaja"}]},{"@type":"WebSite","@id":"https:\/\/baidariuuostas.lt\/en\/#website","url":"https:\/\/baidariuuostas.lt\/en\/","name":"Baidariuuostas.lt","description":"Kayak rental in Auk\u0161taitija, Lithuania \u017deimena, Kiauna, B\u016bka, Lakaja and other rivers.","publisher":{"@id":"https:\/\/baidariuuostas.lt\/en\/#organization"},"potentialAction":[{"@type":"SearchAction","target":{"@type":"EntryPoint","urlTemplate":"https:\/\/baidariuuostas.lt\/en\/?s={search_term_string}"},"query-input":{"@type":"PropertyValueSpecification","valueRequired":true,"valueName":"search_term_string"}}],"inLanguage":"en-US"},{"@type":"Organization","@id":"https:\/\/baidariuuostas.lt\/en\/#organization","name":"Baidariu nuoma - baidariuuostas.lt","url":"https:\/\/baidariuuostas.lt\/en\/","logo":{"@type":"ImageObject","inLanguage":"en-US","@id":"https:\/\/baidariuuostas.lt\/en\/#\/schema\/logo\/image\/","url":"https:\/\/baidariuuostas.lt\/wp-content\/uploads\/2019\/05\/BU-logo.png","contentUrl":"https:\/\/baidariuuostas.lt\/wp-content\/uploads\/2019\/05\/BU-logo.png","width":800,"height":600,"caption":"Baidariu nuoma - baidariuuostas.lt"},"image":{"@id":"https:\/\/baidariuuostas.lt\/en\/#\/schema\/logo\/image\/"}}]}},"amp_enabled":true,"_links":{"self":[{"href":"https:\/\/baidariuuostas.lt\/en\/wp-json\/wp\/v2\/pages\/67","targetHints":{"allow":["GET"]}}],"collection":[{"href":"https:\/\/baidariuuostas.lt\/en\/wp-json\/wp\/v2\/pages"}],"about":[{"href":"https:\/\/baidariuuostas.lt\/en\/wp-json\/wp\/v2\/types\/page"}],"author":[{"embeddable":true,"href":"https:\/\/baidariuuostas.lt\/en\/wp-json\/wp\/v2\/users\/1"}],"replies":[{"embeddable":true,"href":"https:\/\/baidariuuostas.lt\/en\/wp-json\/wp\/v2\/comments?post=67"}],"version-history":[{"count":1,"href":"https:\/\/baidariuuostas.lt\/en\/wp-json\/wp\/v2\/pages\/67\/revisions"}],"predecessor-version":[{"id":4408,"href":"https:\/\/baidariuuostas.lt\/en\/wp-json\/wp\/v2\/pages\/67\/revisions\/4408"}],"up":[{"embeddable":true,"href":"https:\/\/baidariuuostas.lt\/en\/wp-json\/wp\/v2\/pages\/57"}],"wp:featuredmedia":[{"embeddable":true,"href":"https:\/\/baidariuuostas.lt\/en\/wp-json\/wp\/v2\/media\/637"}],"wp:attachment":[{"href":"https:\/\/baidariuuostas.lt\/en\/wp-json\/wp\/v2\/media?parent=67"}],"wp:term":[{"taxonomy":"category","embeddable":true,"href":"https:\/\/baidariuuostas.lt\/en\/wp-json\/wp\/v2\/categories?post=67"}],"curies":[{"name":"wp","href":"https:\/\/api.w.org\/{rel}","templated":true}]}}