{"id":70,"date":"2017-03-22T16:56:54","date_gmt":"2017-03-22T16:56:54","guid":{"rendered":"http:\/\/www.madigital.lt\/baidariuuostas\/?page_id=70"},"modified":"2021-06-14T18:22:34","modified_gmt":"2021-06-14T18:22:34","slug":"kiauna","status":"publish","type":"page","link":"https:\/\/baidariuuostas.lt\/en\/marsrutai\/vienos-dienos\/kiauna\/","title":{"rendered":"Kiauna"},"content":{"rendered":"<p><\/p>\n<h2>One day route Kiauna description<\/h2>\n<div>River Kiauna goes through Labanoras woods, swamps and fields. You won&#8217;t be bored, from time to time you can find some fallen trees. You&#8217;ll pass Stirnin\u0117, Jakuti\u0161kis, Vasiuli\u0161k\u0117, \u017dvirbli\u0161k\u0117 villages. When you pass a concrete bridge, which connects Ignalina and Mol\u0117tai roads, you&#8217;ll need to swim 2 km more to enter Gil\u016btas lake. Keep on the left shore for 500 m until you see outflow of the river to another lake Sekluotis. It is a shallow lake and just after 300 m on your right you&#8217;ll see another outflow of the river. After passing Kuliai village and concrete bridge there will be only 2 km left to \u017deimena river. When you\u00a0enter the river turn left upstream and after 1 km of rowing you&#8217;ll find a concrete bridge, after it on your left you can stop and finish your trip.<\/div>\n<h2>About Kiauna\u00a0River<\/h2>\n<p>A wildly\u00a0beautiful Kiauna\u00a0river flows 16 km\u00a0through Labanoras woods. Almost whole route goes to through\u00a0uninhabited places.\u00a0Even thought Kiauna is calm and not dangerous still from time to time you can find fallen trees and you&#8217;ll need to lift your kayak through it. There is a lot of small tributaries to the river, there is a lot of swift sections. You&#8217;ll see places almost entirely surrounded by swamps, forests or simply sandy\u00a0sections.\u00a0Kiauna is a perfect river to enjoy the beauty of wilderness.<\/p>","protected":false},"excerpt":{"rendered":"<p>One day route Kiauna description River Kiauna goes through Labanoras woods, swamps and fields. You won&#8217;t be bored, from time to time you can find some fallen trees. You&#8217;ll pass Stirnin\u0117, Jakuti\u0161kis, Vasiuli\u0161k\u0117, \u017dvirbli\u0161k\u0117 villages. When you pass a concrete bridge, which connects Ignalina and Mol\u0117tai roads, you&#8217;ll need to swim 2 km more to<br \/><a class=\"moretag\" href=\"https:\/\/baidariuuostas.lt\/en\/marsrutai\/vienos-dienos\/kiauna\/\">+ Read More<\/a><\/p>\n","protected":false},"author":1,"featured_media":4381,"parent":57,"menu_order":0,"comment_status":"closed","ping_status":"closed","template":"route-single.php","meta":{"footnotes":""},"categories":[],"class_list":["post-70","page","type-page","status-publish","has-post-thumbnail","hentry"],"acf":[],"yoast_head":"<!-- This site is optimized with the Yoast SEO plugin v24.2 - https:\/\/yoast.com\/wordpress\/plugins\/seo\/ -->\n<title>Kiauna River - one day route for kayaking in Aukstaitija, Lithuania<\/title>\n<meta name=\"description\" content=\"A wildly\u00a0beautiful Kiauna\u00a0river flows 16 km\u00a0through Labanoras woods. Almost whole route goes to through\u00a0uninhabited places.\" \/>\n<meta name=\"robots\" content=\"index, follow, max-snippet:-1, max-image-preview:large, max-video-preview:-1\" \/>\n<link rel=\"canonical\" href=\"https:\/\/baidariuuostas.lt\/en\/marsrutai\/vienos-dienos\/kiauna\/\" \/>\n<meta property=\"og:locale\" content=\"en_US\" \/>\n<meta property=\"og:type\" content=\"article\" \/>\n<meta property=\"og:title\" content=\"Kiauna River - one day route for kayaking in Aukstaitija, Lithuania\" \/>\n<meta property=\"og:description\" content=\"A wildly\u00a0beautiful Kiauna\u00a0river flows 16 km\u00a0through Labanoras woods. Almost whole route goes to through\u00a0uninhabited places.\" \/>\n<meta property=\"og:url\" content=\"https:\/\/baidariuuostas.lt\/en\/marsrutai\/vienos-dienos\/kiauna\/\" \/>\n<meta property=\"og:site_name\" content=\"Baidariuuostas.lt\" \/>\n<meta property=\"article:modified_time\" content=\"2021-06-14T18:22:34+00:00\" \/>\n<meta property=\"og:image\" content=\"https:\/\/baidariuuostas.lt\/wp-content\/uploads\/2020\/06\/IMG_20200627_142935.jpg\" \/>\n\t<meta property=\"og:image:width\" content=\"2500\" \/>\n\t<meta property=\"og:image:height\" content=\"1875\" \/>\n\t<meta property=\"og:image:type\" content=\"image\/jpeg\" \/>\n<meta name=\"twitter:card\" content=\"summary_large_image\" \/>\n<meta name=\"twitter:label1\" content=\"Est. reading time\" \/>\n\t<meta name=\"twitter:data1\" content=\"2 minutes\" \/>\n<script type=\"application\/ld+json\" class=\"yoast-schema-graph\">{\"@context\":\"https:\/\/schema.org\",\"@graph\":[{\"@type\":\"WebPage\",\"@id\":\"https:\/\/baidariuuostas.lt\/en\/marsrutai\/vienos-dienos\/kiauna\/\",\"url\":\"https:\/\/baidariuuostas.lt\/en\/marsrutai\/vienos-dienos\/kiauna\/\",\"name\":\"Kiauna River - one day route for kayaking in Aukstaitija, Lithuania\",\"isPartOf\":{\"@id\":\"https:\/\/baidariuuostas.lt\/en\/#website\"},\"primaryImageOfPage\":{\"@id\":\"https:\/\/baidariuuostas.lt\/en\/marsrutai\/vienos-dienos\/kiauna\/#primaryimage\"},\"image\":{\"@id\":\"https:\/\/baidariuuostas.lt\/en\/marsrutai\/vienos-dienos\/kiauna\/#primaryimage\"},\"thumbnailUrl\":\"https:\/\/baidariuuostas.lt\/wp-content\/uploads\/2020\/06\/IMG_20200627_142935.jpg\",\"datePublished\":\"2017-03-22T16:56:54+00:00\",\"dateModified\":\"2021-06-14T18:22:34+00:00\",\"description\":\"A wildly\u00a0beautiful Kiauna\u00a0river flows 16 km\u00a0through Labanoras woods. Almost whole route goes to through\u00a0uninhabited places.\",\"breadcrumb\":{\"@id\":\"https:\/\/baidariuuostas.lt\/en\/marsrutai\/vienos-dienos\/kiauna\/#breadcrumb\"},\"inLanguage\":\"en-US\",\"potentialAction\":[{\"@type\":\"ReadAction\",\"target\":[\"https:\/\/baidariuuostas.lt\/en\/marsrutai\/vienos-dienos\/kiauna\/\"]}]},{\"@type\":\"ImageObject\",\"inLanguage\":\"en-US\",\"@id\":\"https:\/\/baidariuuostas.lt\/en\/marsrutai\/vienos-dienos\/kiauna\/#primaryimage\",\"url\":\"https:\/\/baidariuuostas.lt\/wp-content\/uploads\/2020\/06\/IMG_20200627_142935.jpg\",\"contentUrl\":\"https:\/\/baidariuuostas.lt\/wp-content\/uploads\/2020\/06\/IMG_20200627_142935.jpg\",\"width\":2500,\"height\":1875,\"caption\":\"Vienos dienos mar\u0161rutas Kiauna baidariuuostas.lt\"},{\"@type\":\"BreadcrumbList\",\"@id\":\"https:\/\/baidariuuostas.lt\/en\/marsrutai\/vienos-dienos\/kiauna\/#breadcrumb\",\"itemListElement\":[{\"@type\":\"ListItem\",\"position\":1,\"name\":\"Home\",\"item\":\"https:\/\/baidariuuostas.lt\/\"},{\"@type\":\"ListItem\",\"position\":2,\"name\":\"Routes\",\"item\":\"https:\/\/baidariuuostas.lt\/en\/marsrutai\/\"},{\"@type\":\"ListItem\",\"position\":3,\"name\":\"Kayaking for One day\",\"item\":\"https:\/\/baidariuuostas.lt\/en\/marsrutai\/vienos-dienos\/\"},{\"@type\":\"ListItem\",\"position\":4,\"name\":\"Kiauna\"}]},{\"@type\":\"WebSite\",\"@id\":\"https:\/\/baidariuuostas.lt\/en\/#website\",\"url\":\"https:\/\/baidariuuostas.lt\/en\/\",\"name\":\"Baidariuuostas.lt\",\"description\":\"Kayak rental in Auk\u0161taitija, Lithuania \u017deimena, Kiauna, B\u016bka, Lakaja and other rivers.\",\"publisher\":{\"@id\":\"https:\/\/baidariuuostas.lt\/en\/#organization\"},\"potentialAction\":[{\"@type\":\"SearchAction\",\"target\":{\"@type\":\"EntryPoint\",\"urlTemplate\":\"https:\/\/baidariuuostas.lt\/en\/?s={search_term_string}\"},\"query-input\":{\"@type\":\"PropertyValueSpecification\",\"valueRequired\":true,\"valueName\":\"search_term_string\"}}],\"inLanguage\":\"en-US\"},{\"@type\":\"Organization\",\"@id\":\"https:\/\/baidariuuostas.lt\/en\/#organization\",\"name\":\"Baidariu nuoma - baidariuuostas.lt\",\"url\":\"https:\/\/baidariuuostas.lt\/en\/\",\"logo\":{\"@type\":\"ImageObject\",\"inLanguage\":\"en-US\",\"@id\":\"https:\/\/baidariuuostas.lt\/en\/#\/schema\/logo\/image\/\",\"url\":\"https:\/\/baidariuuostas.lt\/wp-content\/uploads\/2019\/05\/BU-logo.png\",\"contentUrl\":\"https:\/\/baidariuuostas.lt\/wp-content\/uploads\/2019\/05\/BU-logo.png\",\"width\":800,\"height\":600,\"caption\":\"Baidariu nuoma - baidariuuostas.lt\"},\"image\":{\"@id\":\"https:\/\/baidariuuostas.lt\/en\/#\/schema\/logo\/image\/\"}}]}<\/script>\n<!-- \/ Yoast SEO plugin. -->","yoast_head_json":{"title":"Kiauna River - one day route for kayaking in Aukstaitija, Lithuania","description":"A wildly\u00a0beautiful Kiauna\u00a0river flows 16 km\u00a0through Labanoras woods. Almost whole route goes to through\u00a0uninhabited places.","robots":{"index":"index","follow":"follow","max-snippet":"max-snippet:-1","max-image-preview":"max-image-preview:large","max-video-preview":"max-video-preview:-1"},"canonical":"https:\/\/baidariuuostas.lt\/en\/marsrutai\/vienos-dienos\/kiauna\/","og_locale":"en_US","og_type":"article","og_title":"Kiauna River - one day route for kayaking in Aukstaitija, Lithuania","og_description":"A wildly\u00a0beautiful Kiauna\u00a0river flows 16 km\u00a0through Labanoras woods. Almost whole route goes to through\u00a0uninhabited places.","og_url":"https:\/\/baidariuuostas.lt\/en\/marsrutai\/vienos-dienos\/kiauna\/","og_site_name":"Baidariuuostas.lt","article_modified_time":"2021-06-14T18:22:34+00:00","og_image":[{"width":2500,"height":1875,"url":"https:\/\/baidariuuostas.lt\/wp-content\/uploads\/2020\/06\/IMG_20200627_142935.jpg","type":"image\/jpeg"}],"twitter_card":"summary_large_image","twitter_misc":{"Est. reading time":"2 minutes"},"schema":{"@context":"https:\/\/schema.org","@graph":[{"@type":"WebPage","@id":"https:\/\/baidariuuostas.lt\/en\/marsrutai\/vienos-dienos\/kiauna\/","url":"https:\/\/baidariuuostas.lt\/en\/marsrutai\/vienos-dienos\/kiauna\/","name":"Kiauna River - one day route for kayaking in Aukstaitija, Lithuania","isPartOf":{"@id":"https:\/\/baidariuuostas.lt\/en\/#website"},"primaryImageOfPage":{"@id":"https:\/\/baidariuuostas.lt\/en\/marsrutai\/vienos-dienos\/kiauna\/#primaryimage"},"image":{"@id":"https:\/\/baidariuuostas.lt\/en\/marsrutai\/vienos-dienos\/kiauna\/#primaryimage"},"thumbnailUrl":"https:\/\/baidariuuostas.lt\/wp-content\/uploads\/2020\/06\/IMG_20200627_142935.jpg","datePublished":"2017-03-22T16:56:54+00:00","dateModified":"2021-06-14T18:22:34+00:00","description":"A wildly\u00a0beautiful Kiauna\u00a0river flows 16 km\u00a0through Labanoras woods. Almost whole route goes to through\u00a0uninhabited places.","breadcrumb":{"@id":"https:\/\/baidariuuostas.lt\/en\/marsrutai\/vienos-dienos\/kiauna\/#breadcrumb"},"inLanguage":"en-US","potentialAction":[{"@type":"ReadAction","target":["https:\/\/baidariuuostas.lt\/en\/marsrutai\/vienos-dienos\/kiauna\/"]}]},{"@type":"ImageObject","inLanguage":"en-US","@id":"https:\/\/baidariuuostas.lt\/en\/marsrutai\/vienos-dienos\/kiauna\/#primaryimage","url":"https:\/\/baidariuuostas.lt\/wp-content\/uploads\/2020\/06\/IMG_20200627_142935.jpg","contentUrl":"https:\/\/baidariuuostas.lt\/wp-content\/uploads\/2020\/06\/IMG_20200627_142935.jpg","width":2500,"height":1875,"caption":"Vienos dienos mar\u0161rutas Kiauna baidariuuostas.lt"},{"@type":"BreadcrumbList","@id":"https:\/\/baidariuuostas.lt\/en\/marsrutai\/vienos-dienos\/kiauna\/#breadcrumb","itemListElement":[{"@type":"ListItem","position":1,"name":"Home","item":"https:\/\/baidariuuostas.lt\/"},{"@type":"ListItem","position":2,"name":"Routes","item":"https:\/\/baidariuuostas.lt\/en\/marsrutai\/"},{"@type":"ListItem","position":3,"name":"Kayaking for One day","item":"https:\/\/baidariuuostas.lt\/en\/marsrutai\/vienos-dienos\/"},{"@type":"ListItem","position":4,"name":"Kiauna"}]},{"@type":"WebSite","@id":"https:\/\/baidariuuostas.lt\/en\/#website","url":"https:\/\/baidariuuostas.lt\/en\/","name":"Baidariuuostas.lt","description":"Kayak rental in Auk\u0161taitija, Lithuania \u017deimena, Kiauna, B\u016bka, Lakaja and other rivers.","publisher":{"@id":"https:\/\/baidariuuostas.lt\/en\/#organization"},"potentialAction":[{"@type":"SearchAction","target":{"@type":"EntryPoint","urlTemplate":"https:\/\/baidariuuostas.lt\/en\/?s={search_term_string}"},"query-input":{"@type":"PropertyValueSpecification","valueRequired":true,"valueName":"search_term_string"}}],"inLanguage":"en-US"},{"@type":"Organization","@id":"https:\/\/baidariuuostas.lt\/en\/#organization","name":"Baidariu nuoma - baidariuuostas.lt","url":"https:\/\/baidariuuostas.lt\/en\/","logo":{"@type":"ImageObject","inLanguage":"en-US","@id":"https:\/\/baidariuuostas.lt\/en\/#\/schema\/logo\/image\/","url":"https:\/\/baidariuuostas.lt\/wp-content\/uploads\/2019\/05\/BU-logo.png","contentUrl":"https:\/\/baidariuuostas.lt\/wp-content\/uploads\/2019\/05\/BU-logo.png","width":800,"height":600,"caption":"Baidariu nuoma - baidariuuostas.lt"},"image":{"@id":"https:\/\/baidariuuostas.lt\/en\/#\/schema\/logo\/image\/"}}]}},"amp_enabled":true,"_links":{"self":[{"href":"https:\/\/baidariuuostas.lt\/en\/wp-json\/wp\/v2\/pages\/70","targetHints":{"allow":["GET"]}}],"collection":[{"href":"https:\/\/baidariuuostas.lt\/en\/wp-json\/wp\/v2\/pages"}],"about":[{"href":"https:\/\/baidariuuostas.lt\/en\/wp-json\/wp\/v2\/types\/page"}],"author":[{"embeddable":true,"href":"https:\/\/baidariuuostas.lt\/en\/wp-json\/wp\/v2\/users\/1"}],"replies":[{"embeddable":true,"href":"https:\/\/baidariuuostas.lt\/en\/wp-json\/wp\/v2\/comments?post=70"}],"version-history":[{"count":2,"href":"https:\/\/baidariuuostas.lt\/en\/wp-json\/wp\/v2\/pages\/70\/revisions"}],"predecessor-version":[{"id":4407,"href":"https:\/\/baidariuuostas.lt\/en\/wp-json\/wp\/v2\/pages\/70\/revisions\/4407"}],"up":[{"embeddable":true,"href":"https:\/\/baidariuuostas.lt\/en\/wp-json\/wp\/v2\/pages\/57"}],"wp:featuredmedia":[{"embeddable":true,"href":"https:\/\/baidariuuostas.lt\/en\/wp-json\/wp\/v2\/media\/4381"}],"wp:attachment":[{"href":"https:\/\/baidariuuostas.lt\/en\/wp-json\/wp\/v2\/media?parent=70"}],"wp:term":[{"taxonomy":"category","embeddable":true,"href":"https:\/\/baidariuuostas.lt\/en\/wp-json\/wp\/v2\/categories?post=70"}],"curies":[{"name":"wp","href":"https:\/\/api.w.org\/{rel}","templated":true}]}}