{"id":72,"date":"2017-03-22T16:57:16","date_gmt":"2017-03-22T16:57:16","guid":{"rendered":"http:\/\/www.madigital.lt\/baidariuuostas\/?page_id=72"},"modified":"2025-07-11T13:29:41","modified_gmt":"2025-07-11T13:29:41","slug":"baluosas-ginuciai-paluse","status":"publish","type":"page","link":"https:\/\/baidariuuostas.lt\/en\/marsrutai\/vienos-dienos\/baluosas-ginuciai-paluse\/","title":{"rendered":"Baluo\u0161as &#8211; Ginu\u010diai &#8211; Pal\u016b\u0161\u0117"},"content":{"rendered":"<p><\/p>\n<h2>One day route\u00a0Baluo\u0161as &#8211; Ginu\u010diai &#8211; Pal\u016b\u0161\u0117 description<\/h2>\n<p>You need to swim 200 m in a short stream after crossing a white concrete bridge until you enter Baluoskystis lake. At the end of the lake on the left you&#8217;ll see Skrezda stream flowing out, it&#8217;s length only 1 km before entering Srovinaitis lake. In that lake keep on the right until you see Ginuciai village with watermill. You&#8217;ll need to carry your kayaks across the road, it is recommended to visit XIX century mill&#8217;s museum. There is a shop, cafe and a place to bathe with below a\u00a0waterfall.<\/p>\n<p>You&#8217;ll continue your journey downstream a Srov\u0117 river for a 2.5 km until you get to As\u0117kas lake. There is a lot of fish in this lake. Keep \u00a0your right and after 800 m \u00a0you should see Dumblis river outflow. Careful, this river is deep, but only 800 m length. After you enter Linkmenas lake you&#8217;ll see Ladakalnis just in front of you. the sight from the hill is very beautiful, you can see 6 different lakes: As\u0117kasm Linkmenas, Alksnaitis, Alksnas, Pakasas and Ukojas.<\/p>\n<p>When you enter Linkmenas keep your left and after 700 m you&#8217;ll enter second section of Dumblis river where you&#8217;ll cross a wooden bridge. After 600 m \u00a0you&#8217;ll reach Asalnykstis lake, keep your left between a shore and Gim\u017ei\u0161k\u0117 island(one of the highest islands in Lithuania). \u00a0After a 400 m \u00a0you&#8217;ll enter a channel connecting Asalnyk\u0161tis with Asalnas lake. On the left you&#8217;ll see Puzin\u0161kis village, we recommend to visit Puzin\u0161kis Oak. After that swim through Asalnas lake on it&#8217;s right, +2.5 km and you&#8217;ll enter 1 km length strait, which connects Asalnas and L\u016b\u0161iai lakes. On the left Meironiai village, on yout right Pabir\u017e\u0117 peninsula. After entering L\u016b\u0161iai lake on the left you&#8217;ll see Pal\u016b\u0161\u0117 village, row for a 1.5 km until you reach our boat base, where you finish your journey. If you want some extra fun we can rent paddle baords or boats to swim in Lu\u0161iai lake.<\/p>","protected":false},"excerpt":{"rendered":"<p>One day route\u00a0Baluo\u0161as &#8211; Ginu\u010diai &#8211; Pal\u016b\u0161\u0117 description You need to swim 200 m in a short stream after crossing a white concrete bridge until you enter Baluoskystis lake. At the end of the lake on the left you&#8217;ll see Skrezda stream flowing out, it&#8217;s length only 1 km before entering Srovinaitis lake. In that<br \/><a class=\"moretag\" href=\"https:\/\/baidariuuostas.lt\/en\/marsrutai\/vienos-dienos\/baluosas-ginuciai-paluse\/\">+ Read More<\/a><\/p>\n","protected":false},"author":1,"featured_media":654,"parent":57,"menu_order":0,"comment_status":"closed","ping_status":"closed","template":"route-single.php","meta":{"footnotes":""},"categories":[],"class_list":["post-72","page","type-page","status-publish","has-post-thumbnail","hentry"],"acf":[],"yoast_head":"<!-- This site is optimized with the Yoast SEO plugin v24.2 - https:\/\/yoast.com\/wordpress\/plugins\/seo\/ -->\n<title>One day route Baluo\u0161as - Ginu\u010diai - Pal\u016b\u0161\u0117 for kayak rental in Lithuania<\/title>\n<meta name=\"description\" content=\"An easy kayak route for beginners and tourists who wants to see the Auk\u0161taitija National Park\" \/>\n<meta name=\"robots\" content=\"index, follow, max-snippet:-1, max-image-preview:large, max-video-preview:-1\" \/>\n<link rel=\"canonical\" href=\"https:\/\/baidariuuostas.lt\/marsrutai\/vienos-dienos\/baluosas-ginuciai-paluse\/\" \/>\n<meta property=\"og:locale\" content=\"en_US\" \/>\n<meta property=\"og:type\" content=\"article\" \/>\n<meta property=\"og:title\" content=\"[:lt]Plaukimas baidar\u0117mis vienos dienos mar\u0161rutu: Baluo\u0161as - Ginu\u010diai - Pal\u016b\u0161\u0117[:en]One day route Baluo\u0161as - Ginu\u010diai - Pal\u016b\u0161\u0117 for kayak rental in Lithuania[:]\" \/>\n<meta property=\"og:description\" content=\"{:lt}Lengvas baidari\u0173 mar\u0161rutas pradedantiesiems ir turistams norintiems pasigro\u017e\u0117ti Auk\u0161taitijos Nacionaliniu Parku.{:en}An easy kayak route for beginners and tourists who wants to see the Auk\u0161taitija National Park{:}\" \/>\n<meta property=\"og:url\" content=\"https:\/\/baidariuuostas.lt\/marsrutai\/vienos-dienos\/baluosas-ginuciai-paluse\/\" \/>\n<meta property=\"og:site_name\" content=\"Baidariuuostas.lt\" \/>\n<meta property=\"article:modified_time\" content=\"2025-07-11T13:29:41+00:00\" \/>\n<meta property=\"og:image\" content=\"https:\/\/baidariuuostas.lt\/wp-content\/uploads\/2019\/04\/IMG_20180526_134846.jpg\" \/>\n\t<meta property=\"og:image:width\" content=\"3648\" \/>\n\t<meta property=\"og:image:height\" content=\"2736\" \/>\n\t<meta property=\"og:image:type\" content=\"image\/jpeg\" \/>\n<meta name=\"twitter:card\" content=\"summary_large_image\" \/>\n<meta name=\"twitter:label1\" content=\"Est. reading time\" \/>\n\t<meta name=\"twitter:data1\" content=\"2 minutes\" \/>\n<script type=\"application\/ld+json\" class=\"yoast-schema-graph\">{\"@context\":\"https:\/\/schema.org\",\"@graph\":[{\"@type\":\"WebPage\",\"@id\":\"https:\/\/baidariuuostas.lt\/marsrutai\/vienos-dienos\/baluosas-ginuciai-paluse\/\",\"url\":\"https:\/\/baidariuuostas.lt\/marsrutai\/vienos-dienos\/baluosas-ginuciai-paluse\/\",\"name\":\"[:lt]Plaukimas baidar\u0117mis vienos dienos mar\u0161rutu: Baluo\u0161as - Ginu\u010diai - Pal\u016b\u0161\u0117[:en]One day route Baluo\u0161as - Ginu\u010diai - Pal\u016b\u0161\u0117 for kayak rental in Lithuania[:]\",\"isPartOf\":{\"@id\":\"https:\/\/baidariuuostas.lt\/en\/#website\"},\"primaryImageOfPage\":{\"@id\":\"https:\/\/baidariuuostas.lt\/marsrutai\/vienos-dienos\/baluosas-ginuciai-paluse\/#primaryimage\"},\"image\":{\"@id\":\"https:\/\/baidariuuostas.lt\/marsrutai\/vienos-dienos\/baluosas-ginuciai-paluse\/#primaryimage\"},\"thumbnailUrl\":\"https:\/\/baidariuuostas.lt\/wp-content\/uploads\/2019\/04\/IMG_20180526_134846.jpg\",\"datePublished\":\"2017-03-22T16:57:16+00:00\",\"dateModified\":\"2025-07-11T13:29:41+00:00\",\"description\":\"{:lt}Lengvas baidari\u0173 mar\u0161rutas pradedantiesiems ir turistams norintiems pasigro\u017e\u0117ti Auk\u0161taitijos Nacionaliniu Parku.{:en}An easy kayak route for beginners and tourists who wants to see the Auk\u0161taitija National Park{:}\",\"breadcrumb\":{\"@id\":\"https:\/\/baidariuuostas.lt\/marsrutai\/vienos-dienos\/baluosas-ginuciai-paluse\/#breadcrumb\"},\"inLanguage\":\"en-US\",\"potentialAction\":[{\"@type\":\"ReadAction\",\"target\":[\"https:\/\/baidariuuostas.lt\/marsrutai\/vienos-dienos\/baluosas-ginuciai-paluse\/\"]}]},{\"@type\":\"ImageObject\",\"inLanguage\":\"en-US\",\"@id\":\"https:\/\/baidariuuostas.lt\/marsrutai\/vienos-dienos\/baluosas-ginuciai-paluse\/#primaryimage\",\"url\":\"https:\/\/baidariuuostas.lt\/wp-content\/uploads\/2019\/04\/IMG_20180526_134846.jpg\",\"contentUrl\":\"https:\/\/baidariuuostas.lt\/wp-content\/uploads\/2019\/04\/IMG_20180526_134846.jpg\",\"width\":3648,\"height\":2736,\"caption\":\"Vienos dienos mar\u0161rutas Baluo\u0161as - Ginu\u010diai - Pal\u016b\u0161\u0117 baidariuuostas.lt\"},{\"@type\":\"BreadcrumbList\",\"@id\":\"https:\/\/baidariuuostas.lt\/marsrutai\/vienos-dienos\/baluosas-ginuciai-paluse\/#breadcrumb\",\"itemListElement\":[{\"@type\":\"ListItem\",\"position\":1,\"name\":\"Home\",\"item\":\"https:\/\/baidariuuostas.lt\/\"},{\"@type\":\"ListItem\",\"position\":2,\"name\":\"Routes\",\"item\":\"https:\/\/baidariuuostas.lt\/en\/marsrutai\/\"},{\"@type\":\"ListItem\",\"position\":3,\"name\":\"Kayaking for One day\",\"item\":\"https:\/\/baidariuuostas.lt\/en\/marsrutai\/vienos-dienos\/\"},{\"@type\":\"ListItem\",\"position\":4,\"name\":\"Baidariu Nuoma Baluo\u0161as &#8211; Ginu\u010diai &#8211; Pal\u016b\u0161\u0117\"}]},{\"@type\":\"WebSite\",\"@id\":\"https:\/\/baidariuuostas.lt\/en\/#website\",\"url\":\"https:\/\/baidariuuostas.lt\/en\/\",\"name\":\"Baidariuuostas.lt\",\"description\":\"Kayak rental in Auk\u0161taitija, Lithuania \u017deimena, Kiauna, B\u016bka, Lakaja and other rivers.\",\"publisher\":{\"@id\":\"https:\/\/baidariuuostas.lt\/en\/#organization\"},\"potentialAction\":[{\"@type\":\"SearchAction\",\"target\":{\"@type\":\"EntryPoint\",\"urlTemplate\":\"https:\/\/baidariuuostas.lt\/en\/?s={search_term_string}\"},\"query-input\":{\"@type\":\"PropertyValueSpecification\",\"valueRequired\":true,\"valueName\":\"search_term_string\"}}],\"inLanguage\":\"en-US\"},{\"@type\":\"Organization\",\"@id\":\"https:\/\/baidariuuostas.lt\/en\/#organization\",\"name\":\"Baidariu nuoma - baidariuuostas.lt\",\"url\":\"https:\/\/baidariuuostas.lt\/en\/\",\"logo\":{\"@type\":\"ImageObject\",\"inLanguage\":\"en-US\",\"@id\":\"https:\/\/baidariuuostas.lt\/en\/#\/schema\/logo\/image\/\",\"url\":\"https:\/\/baidariuuostas.lt\/wp-content\/uploads\/2019\/05\/BU-logo.png\",\"contentUrl\":\"https:\/\/baidariuuostas.lt\/wp-content\/uploads\/2019\/05\/BU-logo.png\",\"width\":800,\"height\":600,\"caption\":\"Baidariu nuoma - baidariuuostas.lt\"},\"image\":{\"@id\":\"https:\/\/baidariuuostas.lt\/en\/#\/schema\/logo\/image\/\"}}]}<\/script>\n<!-- \/ Yoast SEO plugin. -->","yoast_head_json":{"title":"One day route Baluo\u0161as - Ginu\u010diai - Pal\u016b\u0161\u0117 for kayak rental in Lithuania","description":"An easy kayak route for beginners and tourists who wants to see the Auk\u0161taitija National Park","robots":{"index":"index","follow":"follow","max-snippet":"max-snippet:-1","max-image-preview":"max-image-preview:large","max-video-preview":"max-video-preview:-1"},"canonical":"https:\/\/baidariuuostas.lt\/marsrutai\/vienos-dienos\/baluosas-ginuciai-paluse\/","og_locale":"en_US","og_type":"article","og_title":"[:lt]Plaukimas baidar\u0117mis vienos dienos mar\u0161rutu: Baluo\u0161as - Ginu\u010diai - Pal\u016b\u0161\u0117[:en]One day route Baluo\u0161as - Ginu\u010diai - Pal\u016b\u0161\u0117 for kayak rental in Lithuania[:]","og_description":"{:lt}Lengvas baidari\u0173 mar\u0161rutas pradedantiesiems ir turistams norintiems pasigro\u017e\u0117ti Auk\u0161taitijos Nacionaliniu Parku.{:en}An easy kayak route for beginners and tourists who wants to see the Auk\u0161taitija National Park{:}","og_url":"https:\/\/baidariuuostas.lt\/marsrutai\/vienos-dienos\/baluosas-ginuciai-paluse\/","og_site_name":"Baidariuuostas.lt","article_modified_time":"2025-07-11T13:29:41+00:00","og_image":[{"width":3648,"height":2736,"url":"https:\/\/baidariuuostas.lt\/wp-content\/uploads\/2019\/04\/IMG_20180526_134846.jpg","type":"image\/jpeg"}],"twitter_card":"summary_large_image","twitter_misc":{"Est. reading time":"2 minutes"},"schema":{"@context":"https:\/\/schema.org","@graph":[{"@type":"WebPage","@id":"https:\/\/baidariuuostas.lt\/marsrutai\/vienos-dienos\/baluosas-ginuciai-paluse\/","url":"https:\/\/baidariuuostas.lt\/marsrutai\/vienos-dienos\/baluosas-ginuciai-paluse\/","name":"[:lt]Plaukimas baidar\u0117mis vienos dienos mar\u0161rutu: Baluo\u0161as - Ginu\u010diai - Pal\u016b\u0161\u0117[:en]One day route Baluo\u0161as - Ginu\u010diai - Pal\u016b\u0161\u0117 for kayak rental in Lithuania[:]","isPartOf":{"@id":"https:\/\/baidariuuostas.lt\/en\/#website"},"primaryImageOfPage":{"@id":"https:\/\/baidariuuostas.lt\/marsrutai\/vienos-dienos\/baluosas-ginuciai-paluse\/#primaryimage"},"image":{"@id":"https:\/\/baidariuuostas.lt\/marsrutai\/vienos-dienos\/baluosas-ginuciai-paluse\/#primaryimage"},"thumbnailUrl":"https:\/\/baidariuuostas.lt\/wp-content\/uploads\/2019\/04\/IMG_20180526_134846.jpg","datePublished":"2017-03-22T16:57:16+00:00","dateModified":"2025-07-11T13:29:41+00:00","description":"{:lt}Lengvas baidari\u0173 mar\u0161rutas pradedantiesiems ir turistams norintiems pasigro\u017e\u0117ti Auk\u0161taitijos Nacionaliniu Parku.{:en}An easy kayak route for beginners and tourists who wants to see the Auk\u0161taitija National Park{:}","breadcrumb":{"@id":"https:\/\/baidariuuostas.lt\/marsrutai\/vienos-dienos\/baluosas-ginuciai-paluse\/#breadcrumb"},"inLanguage":"en-US","potentialAction":[{"@type":"ReadAction","target":["https:\/\/baidariuuostas.lt\/marsrutai\/vienos-dienos\/baluosas-ginuciai-paluse\/"]}]},{"@type":"ImageObject","inLanguage":"en-US","@id":"https:\/\/baidariuuostas.lt\/marsrutai\/vienos-dienos\/baluosas-ginuciai-paluse\/#primaryimage","url":"https:\/\/baidariuuostas.lt\/wp-content\/uploads\/2019\/04\/IMG_20180526_134846.jpg","contentUrl":"https:\/\/baidariuuostas.lt\/wp-content\/uploads\/2019\/04\/IMG_20180526_134846.jpg","width":3648,"height":2736,"caption":"Vienos dienos mar\u0161rutas Baluo\u0161as - Ginu\u010diai - Pal\u016b\u0161\u0117 baidariuuostas.lt"},{"@type":"BreadcrumbList","@id":"https:\/\/baidariuuostas.lt\/marsrutai\/vienos-dienos\/baluosas-ginuciai-paluse\/#breadcrumb","itemListElement":[{"@type":"ListItem","position":1,"name":"Home","item":"https:\/\/baidariuuostas.lt\/"},{"@type":"ListItem","position":2,"name":"Routes","item":"https:\/\/baidariuuostas.lt\/en\/marsrutai\/"},{"@type":"ListItem","position":3,"name":"Kayaking for One day","item":"https:\/\/baidariuuostas.lt\/en\/marsrutai\/vienos-dienos\/"},{"@type":"ListItem","position":4,"name":"Baidariu Nuoma Baluo\u0161as &#8211; Ginu\u010diai &#8211; Pal\u016b\u0161\u0117"}]},{"@type":"WebSite","@id":"https:\/\/baidariuuostas.lt\/en\/#website","url":"https:\/\/baidariuuostas.lt\/en\/","name":"Baidariuuostas.lt","description":"Kayak rental in Auk\u0161taitija, Lithuania \u017deimena, Kiauna, B\u016bka, Lakaja and other rivers.","publisher":{"@id":"https:\/\/baidariuuostas.lt\/en\/#organization"},"potentialAction":[{"@type":"SearchAction","target":{"@type":"EntryPoint","urlTemplate":"https:\/\/baidariuuostas.lt\/en\/?s={search_term_string}"},"query-input":{"@type":"PropertyValueSpecification","valueRequired":true,"valueName":"search_term_string"}}],"inLanguage":"en-US"},{"@type":"Organization","@id":"https:\/\/baidariuuostas.lt\/en\/#organization","name":"Baidariu nuoma - baidariuuostas.lt","url":"https:\/\/baidariuuostas.lt\/en\/","logo":{"@type":"ImageObject","inLanguage":"en-US","@id":"https:\/\/baidariuuostas.lt\/en\/#\/schema\/logo\/image\/","url":"https:\/\/baidariuuostas.lt\/wp-content\/uploads\/2019\/05\/BU-logo.png","contentUrl":"https:\/\/baidariuuostas.lt\/wp-content\/uploads\/2019\/05\/BU-logo.png","width":800,"height":600,"caption":"Baidariu nuoma - baidariuuostas.lt"},"image":{"@id":"https:\/\/baidariuuostas.lt\/en\/#\/schema\/logo\/image\/"}}]}},"amp_enabled":true,"_links":{"self":[{"href":"https:\/\/baidariuuostas.lt\/en\/wp-json\/wp\/v2\/pages\/72","targetHints":{"allow":["GET"]}}],"collection":[{"href":"https:\/\/baidariuuostas.lt\/en\/wp-json\/wp\/v2\/pages"}],"about":[{"href":"https:\/\/baidariuuostas.lt\/en\/wp-json\/wp\/v2\/types\/page"}],"author":[{"embeddable":true,"href":"https:\/\/baidariuuostas.lt\/en\/wp-json\/wp\/v2\/users\/1"}],"replies":[{"embeddable":true,"href":"https:\/\/baidariuuostas.lt\/en\/wp-json\/wp\/v2\/comments?post=72"}],"version-history":[{"count":3,"href":"https:\/\/baidariuuostas.lt\/en\/wp-json\/wp\/v2\/pages\/72\/revisions"}],"predecessor-version":[{"id":4499,"href":"https:\/\/baidariuuostas.lt\/en\/wp-json\/wp\/v2\/pages\/72\/revisions\/4499"}],"up":[{"embeddable":true,"href":"https:\/\/baidariuuostas.lt\/en\/wp-json\/wp\/v2\/pages\/57"}],"wp:featuredmedia":[{"embeddable":true,"href":"https:\/\/baidariuuostas.lt\/en\/wp-json\/wp\/v2\/media\/654"}],"wp:attachment":[{"href":"https:\/\/baidariuuostas.lt\/en\/wp-json\/wp\/v2\/media?parent=72"}],"wp:term":[{"taxonomy":"category","embeddable":true,"href":"https:\/\/baidariuuostas.lt\/en\/wp-json\/wp\/v2\/categories?post=72"}],"curies":[{"name":"wp","href":"https:\/\/api.w.org\/{rel}","templated":true}]}}